{"id":10409,"date":"2025-05-18T02:44:13","date_gmt":"2025-05-17T22:44:13","guid":{"rendered":"https:\/\/axtarstore.com\/?post_type=product&#038;p=10409"},"modified":"2026-01-25T21:00:47","modified_gmt":"2026-01-25T17:00:47","slug":"hemani-natural-deodorant-stick","status":"publish","type":"product","link":"https:\/\/axtarstore.com\/ru\/product\/hemani-natural-deodorant-stick\/","title":{"rendered":"Hemani Natural Deodorant Stick with Turmeric &#8211; T\u0259bii Dezodorant z\u0259yda\u015f\u0131"},"content":{"rendered":"<p>G\u00fcn boyu t\u0259rav\u0259tli qalmaq \u00fc\u00e7\u00fcn d\u0259riniz\u0259 uy\u011fun, t\u0259bii se\u00e7im vacibdir.<br \/>\nHemani Natural Deodorant Stick zerde\u00e7al t\u0259rkibi il\u0259 t\u0259r qoxusuna qar\u015f\u0131 effektiv v\u0259 yum\u015faq qoruma t\u0259qdim edir.<\/p>\n<p>\ud83c\udf3f \u018fsas \u00fcst\u00fcnl\u00fckl\u0259r:<\/p>\n<p>Zerde\u00e7al t\u0259rkibli t\u0259bii formul<\/p>\n<p>T\u0259r qoxusuna qar\u015f\u0131 uzunm\u00fcdd\u0259tli qoruma<\/p>\n<p>Al\u00fcminium v\u0259 paraben t\u0259rkibli deyil<\/p>\n<p>D\u0259rini q\u0131c\u0131qland\u0131rm\u0131r<\/p>\n<p>G\u00fcnd\u0259lik istifad\u0259 \u00fc\u00e7\u00fcn uy\u011fundur<\/p>\n<p>Y\u00fcng\u00fcl v\u0259 rahat t\u0259tbiqi say\u0259sind\u0259 Hemani Natural Deodorant Stick g\u00fcn boyu \u00f6z\u00fcn\u00fcz\u00fc g\u00fcv\u0259nli v\u0259 t\u0259rav\u0259tli hiss etm\u0259yiniz\u0259 k\u00f6m\u0259k edir.<\/p>","protected":false},"excerpt":{"rendered":"<p>Hemani Natural Deodorant Stick \u2013 zerde\u00e7all\u0131 t\u0259bii dezodorant. T\u0259r qoxusuna qar\u015f\u0131 qoruyur, d\u0259rini q\u0131c\u0131qland\u0131rmadan g\u00fcn boyu t\u0259rav\u0259t verir.<\/p>","protected":false},"featured_media":10410,"comment_status":"open","ping_status":"closed","template":"","meta":[],"pwb-brand":[165],"product_cat":[129,472],"product_tag":[300],"class_list":{"0":"post-10409","1":"product","2":"type-product","3":"status-publish","4":"has-post-thumbnail","6":"pwb-brand-hemani","7":"product_cat-beden-baximi","8":"product_cat-tbii-dezodorant","9":"product_tag-bodycare","10":"pa_size-70gr","13":"instock","14":"sale","15":"shipping-taxable","16":"purchasable","17":"product-type-simple"},"brands":[{"id":165,"name":"Hemani","slug":"hemani"}],"_links":{"self":[{"href":"https:\/\/axtarstore.com\/ru\/wp-json\/wp\/v2\/product\/10409"}],"collection":[{"href":"https:\/\/axtarstore.com\/ru\/wp-json\/wp\/v2\/product"}],"about":[{"href":"https:\/\/axtarstore.com\/ru\/wp-json\/wp\/v2\/types\/product"}],"replies":[{"embeddable":true,"href":"https:\/\/axtarstore.com\/ru\/wp-json\/wp\/v2\/comments?post=10409"}],"version-history":[{"count":3,"href":"https:\/\/axtarstore.com\/ru\/wp-json\/wp\/v2\/product\/10409\/revisions"}],"predecessor-version":[{"id":10867,"href":"https:\/\/axtarstore.com\/ru\/wp-json\/wp\/v2\/product\/10409\/revisions\/10867"}],"wp:featuredmedia":[{"embeddable":true,"href":"https:\/\/axtarstore.com\/ru\/wp-json\/wp\/v2\/media\/10410"}],"wp:attachment":[{"href":"https:\/\/axtarstore.com\/ru\/wp-json\/wp\/v2\/media?parent=10409"}],"wp:term":[{"taxonomy":"pwb-brand","embeddable":true,"href":"https:\/\/axtarstore.com\/ru\/wp-json\/wp\/v2\/pwb-brand?post=10409"},{"taxonomy":"product_cat","embeddable":true,"href":"https:\/\/axtarstore.com\/ru\/wp-json\/wp\/v2\/product_cat?post=10409"},{"taxonomy":"product_tag","embeddable":true,"href":"https:\/\/axtarstore.com\/ru\/wp-json\/wp\/v2\/product_tag?post=10409"}],"curies":[{"name":"wp","href":"https:\/\/api.w.org\/{rel}","templated":true}]}}