{"id":10406,"date":"2025-05-18T02:37:27","date_gmt":"2025-05-17T22:37:27","guid":{"rendered":"https:\/\/axtarstore.com\/?post_type=product&#038;p=10406"},"modified":"2026-01-25T21:03:49","modified_gmt":"2026-01-25T17:03:49","slug":"eros-spray-lidocaine","status":"publish","type":"product","link":"https:\/\/axtarstore.com\/ru\/product\/eros-spray-lidocaine\/","title":{"rendered":"Eros Spray Lidocaine gecikdiricik &#8211; H\u0259ssasl\u0131\u011f\u0131 Azaldan Sprey"},"content":{"rendered":"<p>Eros Spray Lidocaine, ki\u015fil\u0259r \u00fc\u00e7\u00fcn x\u00fcsusi olaraq haz\u0131rlanm\u0131\u015f v\u0259 h\u0259ssasl\u0131\u011f\u0131 azaldan bir spreydir. Bu m\u0259hsul, cinsi \u0259laq\u0259 zaman\u0131 h\u0259ssasl\u0131\u011f\u0131 azald\u0131r, daha uzun m\u00fcdd\u0259t davaml\u0131l\u0131q t\u0259min edir v\u0259 rahatl\u0131q yarad\u0131r. Lidocaine il\u0259 z\u0259nginl\u0259\u015fdirilmi\u015f bu sprey, d\u0259rhal t\u0259sirini g\u00f6st\u0259rir v\u0259 t\u0259cr\u00fcb\u0259ni rahatla\u015fd\u0131r\u0131r.<\/p>\n<p>Eros Spray, yaln\u0131z bir ne\u00e7\u0259 d\u0259qiq\u0259 \u0259rzind\u0259 t\u0259sirini g\u00f6st\u0259r\u0259r\u0259k cinsi f\u0259aliyy\u0259t zaman\u0131 daha yax\u015f\u0131 idar\u0259etm\u0259 t\u0259min edir. 14 ml-lik praktiki \u00f6l\u00e7\u00fcs\u00fc il\u0259, h\u0259r zaman yan\u0131n\u0131zda saxlaya bil\u0259c\u0259yiniz bir m\u0259hsuldur.<\/p>\n<p>\u041a\u043b\u044e\u0447\u0435\u0432\u044b\u0435 \u043f\u0440\u0435\u0438\u043c\u0443\u0449\u0435\u0441\u0442\u0432\u0430:<br \/>\n\u2022 Cinsi \u0259laq\u0259 zaman\u0131 h\u0259ssasl\u0131\u011f\u0131 azald\u0131r<br \/>\n\u2022 Daha uzun davaml\u0131l\u0131q t\u0259min edir<br \/>\n\u2022 Asan istifad\u0259 \u00fc\u00e7\u00fcn sprey format\u0131nda<br \/>\n\u2022 H\u0259ssas b\u00f6lg\u0259l\u0259rd\u0259 rahatl\u0131q v\u0259 n\u0259zar\u0259t t\u0259min edir<\/p>\n<p>Eros Spray Lidocaine il\u0259 daha rahat v\u0259 uzunm\u00fcdd\u0259tli bir t\u0259cr\u00fcb\u0259 ya\u015fay\u0131n!<\/p>","protected":false},"excerpt":{"rendered":"<p>Eros Spray Lidocaine \u2013 gecikdirici sprey. H\u0259ssasl\u0131\u011f\u0131 balanslay\u0131r, daha kontrollu v\u0259 rahat istifad\u0259 \u00fc\u00e7\u00fcn haz\u0131rlan\u0131b. \u0130ndi sifari\u015f et!<\/p>","protected":false},"featured_media":10407,"comment_status":"open","ping_status":"closed","template":"","meta":[],"pwb-brand":[],"product_cat":[218,217],"product_tag":[468],"class_list":{"0":"post-10406","1":"product","2":"type-product","3":"status-publish","4":"has-post-thumbnail","6":"product_cat-gecikdirici-sprey","7":"product_cat-kisi-mhsullari","8":"product_tag-gecikdirici-sprey","9":"pa_size-14ml","12":"instock","13":"sale","14":"shipping-taxable","15":"purchasable","16":"product-type-simple"},"brands":[],"_links":{"self":[{"href":"https:\/\/axtarstore.com\/ru\/wp-json\/wp\/v2\/product\/10406"}],"collection":[{"href":"https:\/\/axtarstore.com\/ru\/wp-json\/wp\/v2\/product"}],"about":[{"href":"https:\/\/axtarstore.com\/ru\/wp-json\/wp\/v2\/types\/product"}],"replies":[{"embeddable":true,"href":"https:\/\/axtarstore.com\/ru\/wp-json\/wp\/v2\/comments?post=10406"}],"version-history":[{"count":3,"href":"https:\/\/axtarstore.com\/ru\/wp-json\/wp\/v2\/product\/10406\/revisions"}],"predecessor-version":[{"id":10869,"href":"https:\/\/axtarstore.com\/ru\/wp-json\/wp\/v2\/product\/10406\/revisions\/10869"}],"wp:featuredmedia":[{"embeddable":true,"href":"https:\/\/axtarstore.com\/ru\/wp-json\/wp\/v2\/media\/10407"}],"wp:attachment":[{"href":"https:\/\/axtarstore.com\/ru\/wp-json\/wp\/v2\/media?parent=10406"}],"wp:term":[{"taxonomy":"pwb-brand","embeddable":true,"href":"https:\/\/axtarstore.com\/ru\/wp-json\/wp\/v2\/pwb-brand?post=10406"},{"taxonomy":"product_cat","embeddable":true,"href":"https:\/\/axtarstore.com\/ru\/wp-json\/wp\/v2\/product_cat?post=10406"},{"taxonomy":"product_tag","embeddable":true,"href":"https:\/\/axtarstore.com\/ru\/wp-json\/wp\/v2\/product_tag?post=10406"}],"curies":[{"name":"wp","href":"https:\/\/api.w.org\/{rel}","templated":true}]}}