{"id":10403,"date":"2025-05-18T02:32:51","date_gmt":"2025-05-17T22:32:51","guid":{"rendered":"https:\/\/axtarstore.com\/?post_type=product&#038;p=10403"},"modified":"2026-01-25T21:43:34","modified_gmt":"2026-01-25T17:43:34","slug":"bioderma-photoderm-max-spf-100","status":"publish","type":"product","link":"https:\/\/axtarstore.com\/ru\/product\/bioderma-photoderm-max-spf-100\/","title":{"rendered":"Bioderma Photoderm Max SPF 100 &#8211; Y\u00fcks\u0259k Qoruma T\u0259qdim Ed\u0259n G\u00fcn\u0259\u015f Kremi"},"content":{"rendered":"<p>G\u00fcn\u0259\u015fin z\u0259r\u0259rli t\u0259sirl\u0259rin\u0259 qar\u015f\u0131 maksimum qoruma vacibdir.<br \/>\nBioderma Photoderm Max SPF 100 \u00e7ox y\u00fcks\u0259k SPF qoruma s\u0259viyy\u0259si il\u0259 d\u0259rini UVA v\u0259 UVB \u015f\u00fcalar\u0131ndan m\u00fcdafi\u0259 etm\u0259y\u0259 k\u00f6m\u0259k edir.<\/p>\n<p>\ud83c\udf1e \u018fsas \u00fcst\u00fcnl\u00fckl\u0259r:<\/p>\n<p>SPF 100 il\u0259 \u00e7ox y\u00fcks\u0259k g\u00fcn\u0259\u015f qorumas\u0131<\/p>\n<p>G\u00fcn\u0259\u015f \u015f\u00fcalar\u0131n\u0131n z\u0259r\u0259rli t\u0259sirin\u0259 qar\u015f\u0131 m\u00fcdafi\u0259<\/p>\n<p>D\u0259ri \u00fc\u00e7\u00fcn rahat v\u0259 balansl\u0131 formul<\/p>\n<p>G\u00fcnl\u00fck istifad\u0259 \u00fc\u00e7\u00fcn uy\u011fundur<\/p>\n<p>H\u0259ssas d\u0259ri tipl\u0259ri \u00fc\u00e7\u00fcn d\u0259 \u0259lveri\u015flidir<\/p>\n<p>Y\u00fcng\u00fcl teksturas\u0131 say\u0259sind\u0259 Bioderma Photoderm Max SPF 100 d\u0259rid\u0259 a\u011f\u0131rl\u0131q yaratmadan effektiv qoruma t\u0259min edir.<\/p>\n<p>\ud83d\udc49 D\u0259riniz \u00fc\u00e7\u00fcn maksimum g\u00fcn\u0259\u015f m\u00fcdafi\u0259si.<\/p>","protected":false},"excerpt":{"rendered":"<p>Bioderma Photoderm Max SPF 100 \u2013 \u00e7ox y\u00fcks\u0259k qoruma t\u0259min ed\u0259n g\u00fcn\u0259\u015f kremi. D\u0259rini UV \u015f\u00fcalar\u0131ndan qoruyur v\u0259 rahat istifad\u0259 t\u0259qdim edir.<\/p>","protected":false},"featured_media":10404,"comment_status":"open","ping_status":"closed","template":"","meta":[],"pwb-brand":[184],"product_cat":[361,151,127],"product_tag":[293,365,364,418],"class_list":{"0":"post-10403","1":"product","2":"type-product","3":"status-publish","4":"has-post-thumbnail","6":"pwb-brand-bioderma","7":"product_cat-bb-krem","8":"product_cat-sun-block-cream","9":"product_cat-face-care","10":"product_tag-facecare","11":"product_tag-spf","12":"product_tag-sun-block","13":"product_tag-uzbaximi","16":"instock","17":"sale","18":"shipping-taxable","19":"purchasable","20":"product-type-simple"},"brands":[{"id":184,"name":"Bioderma","slug":"bioderma"}],"_links":{"self":[{"href":"https:\/\/axtarstore.com\/ru\/wp-json\/wp\/v2\/product\/10403"}],"collection":[{"href":"https:\/\/axtarstore.com\/ru\/wp-json\/wp\/v2\/product"}],"about":[{"href":"https:\/\/axtarstore.com\/ru\/wp-json\/wp\/v2\/types\/product"}],"replies":[{"embeddable":true,"href":"https:\/\/axtarstore.com\/ru\/wp-json\/wp\/v2\/comments?post=10403"}],"version-history":[{"count":3,"href":"https:\/\/axtarstore.com\/ru\/wp-json\/wp\/v2\/product\/10403\/revisions"}],"predecessor-version":[{"id":10871,"href":"https:\/\/axtarstore.com\/ru\/wp-json\/wp\/v2\/product\/10403\/revisions\/10871"}],"wp:featuredmedia":[{"embeddable":true,"href":"https:\/\/axtarstore.com\/ru\/wp-json\/wp\/v2\/media\/10404"}],"wp:attachment":[{"href":"https:\/\/axtarstore.com\/ru\/wp-json\/wp\/v2\/media?parent=10403"}],"wp:term":[{"taxonomy":"pwb-brand","embeddable":true,"href":"https:\/\/axtarstore.com\/ru\/wp-json\/wp\/v2\/pwb-brand?post=10403"},{"taxonomy":"product_cat","embeddable":true,"href":"https:\/\/axtarstore.com\/ru\/wp-json\/wp\/v2\/product_cat?post=10403"},{"taxonomy":"product_tag","embeddable":true,"href":"https:\/\/axtarstore.com\/ru\/wp-json\/wp\/v2\/product_tag?post=10403"}],"curies":[{"name":"wp","href":"https:\/\/api.w.org\/{rel}","templated":true}]}}