{"id":10372,"date":"2025-05-18T01:16:31","date_gmt":"2025-05-17T21:16:31","guid":{"rendered":"https:\/\/axtarstore.com\/?post_type=product&#038;p=10372"},"modified":"2026-01-25T21:51:34","modified_gmt":"2026-01-25T17:51:34","slug":"arena-gold-skin-lightening-cream","status":"publish","type":"product","link":"https:\/\/axtarstore.com\/ru\/product\/arena-gold-skin-lightening-cream\/","title":{"rendered":"Arena Gold Skin Lightening Cream &#8211; Parlaq v\u0259 B\u0259rab\u0259r D\u0259ri Tonu"},"content":{"rendered":"<p>Bax\u0131ml\u0131 v\u0259 ayd\u0131n d\u0259ri \u00fc\u00e7\u00fcn d\u00fczg\u00fcn qulluq vacibdir.<br \/>\nArena Gold Skin Lightening Cream Q10 Q10 t\u0259rkibi il\u0259 d\u0259rinin tonunun daha balansl\u0131 v\u0259 parlaq g\u00f6r\u00fcnm\u0259sin\u0259 k\u00f6m\u0259k edir.<\/p>\n<p>\u2728 \u018fsas \u00fcst\u00fcnl\u00fckl\u0259r:<\/p>\n<p>D\u0259ri tonunu b\u0259rab\u0259rl\u0259\u015fdirm\u0259y\u0259 k\u00f6m\u0259k edir<\/p>\n<p>Q10 il\u0259 d\u0259rini qidaland\u0131r\u0131r<\/p>\n<p>D\u0259rini n\u0259ml\u0259ndirir v\u0259 yum\u015fald\u0131r<\/p>\n<p>Daha bax\u0131ml\u0131 v\u0259 canl\u0131 g\u00f6r\u00fcn\u00fc\u015f yarad\u0131r<\/p>\n<p>B\u00fct\u00fcn d\u0259ri tipl\u0259ri \u00fc\u00e7\u00fcn uy\u011fundur<\/p>\n<p>Y\u00fcng\u00fcl teksturas\u0131 say\u0259sind\u0259 Arena Gold Skin Lightening Cream d\u0259rid\u0259 tez hopur v\u0259 g\u00fcnd\u0259lik \u00fcz bax\u0131m\u0131 \u00fc\u00e7\u00fcn ideal se\u00e7imdir.<\/p>\n<p>\ud83d\udc49 Daha ayd\u0131n, daha bax\u0131ml\u0131 d\u0259ri.<\/p>","protected":false},"excerpt":{"rendered":"<p>Arena Gold Skin Lightening Cream Q10 \u2013 d\u0259ri tonunu b\u0259rab\u0259rl\u0259\u015fdir\u0259n \u00fcz kremi. N\u0259ml\u0259ndirir v\u0259 daha ayd\u0131n g\u00f6r\u00fcn\u00fc\u015f yarad\u0131r.<\/p>","protected":false},"featured_media":10373,"comment_status":"open","ping_status":"closed","template":"","meta":[],"pwb-brand":[163],"product_cat":[127,142],"product_tag":[294,333,293,428,332,418],"class_list":{"0":"post-10372","1":"product","2":"type-product","3":"status-publish","4":"has-post-thumbnail","6":"pwb-brand-arena-gold","7":"product_cat-face-care","8":"product_cat-face-creams","9":"product_tag-face","10":"product_tag-face-moisturiser","11":"product_tag-facecare","12":"product_tag-uz-kremi","13":"product_tag-uz-nmlndiricisi","14":"product_tag-uzbaximi","15":"pa_size-30ml","18":"instock","19":"sale","20":"shipping-taxable","21":"purchasable","22":"product-type-simple"},"brands":[{"id":163,"name":"Arena Gold","slug":"arena-gold"}],"_links":{"self":[{"href":"https:\/\/axtarstore.com\/ru\/wp-json\/wp\/v2\/product\/10372"}],"collection":[{"href":"https:\/\/axtarstore.com\/ru\/wp-json\/wp\/v2\/product"}],"about":[{"href":"https:\/\/axtarstore.com\/ru\/wp-json\/wp\/v2\/types\/product"}],"replies":[{"embeddable":true,"href":"https:\/\/axtarstore.com\/ru\/wp-json\/wp\/v2\/comments?post=10372"}],"version-history":[{"count":3,"href":"https:\/\/axtarstore.com\/ru\/wp-json\/wp\/v2\/product\/10372\/revisions"}],"predecessor-version":[{"id":10877,"href":"https:\/\/axtarstore.com\/ru\/wp-json\/wp\/v2\/product\/10372\/revisions\/10877"}],"wp:featuredmedia":[{"embeddable":true,"href":"https:\/\/axtarstore.com\/ru\/wp-json\/wp\/v2\/media\/10373"}],"wp:attachment":[{"href":"https:\/\/axtarstore.com\/ru\/wp-json\/wp\/v2\/media?parent=10372"}],"wp:term":[{"taxonomy":"pwb-brand","embeddable":true,"href":"https:\/\/axtarstore.com\/ru\/wp-json\/wp\/v2\/pwb-brand?post=10372"},{"taxonomy":"product_cat","embeddable":true,"href":"https:\/\/axtarstore.com\/ru\/wp-json\/wp\/v2\/product_cat?post=10372"},{"taxonomy":"product_tag","embeddable":true,"href":"https:\/\/axtarstore.com\/ru\/wp-json\/wp\/v2\/product_tag?post=10372"}],"curies":[{"name":"wp","href":"https:\/\/api.w.org\/{rel}","templated":true}]}}