{"id":10364,"date":"2025-05-18T01:04:31","date_gmt":"2025-05-17T21:04:31","guid":{"rendered":"https:\/\/axtarstore.com\/?post_type=product&#038;p=10364"},"modified":"2026-01-25T21:57:08","modified_gmt":"2026-01-25T17:57:08","slug":"bisma-amla-hair-oil","status":"publish","type":"product","link":"https:\/\/axtarstore.com\/ru\/product\/bisma-amla-hair-oil\/","title":{"rendered":"Bisma Amla Sa\u00e7 Ya\u011f\u0131 &#8211; G\u00fccl\u00fc, Uzun v\u0259 H\u0259cmli Sa\u00e7lar"},"content":{"rendered":"<p>Sa\u00e7lar\u0131n g\u00fccl\u00fc v\u0259 sa\u011flam g\u00f6r\u00fcnm\u0259si d\u00fczg\u00fcn qulluqdan ba\u015flay\u0131r.<br \/>\nBisma Amla Hair Oil amla meyv\u0259si ekstrakt\u0131 il\u0259 z\u0259nginl\u0259\u015fdirilmi\u015f sa\u00e7 ya\u011f\u0131 olub sa\u00e7 bax\u0131m\u0131nda geni\u015f istifad\u0259 olunur.<\/p>\n<p>\ud83c\udf3f \u018fsas \u00fcst\u00fcnl\u00fckl\u0259r:<\/p>\n<p>Sa\u00e7 k\u00f6kl\u0259rini g\u00fccl\u0259ndirm\u0259y\u0259 k\u00f6m\u0259k edir<\/p>\n<p>Sa\u00e7 t\u00f6k\u00fclm\u0259sinin azalmas\u0131na d\u0259st\u0259k olur<\/p>\n<p>Sa\u00e7lara t\u0259bii parlaql\u0131q v\u0259 canl\u0131l\u0131q verir<\/p>\n<p>Sa\u00e7 d\u0259risini qidaland\u0131r\u0131r<\/p>\n<p>G\u00fcnd\u0259lik v\u0259 masaj istifad\u0259si \u00fc\u00e7\u00fcn uy\u011fundur<\/p>\n<p>M\u00fcnt\u0259z\u0259m istifad\u0259 zaman\u0131 Bisma Amla Hair Oil sa\u00e7lar\u0131n daha qal\u0131n, g\u00fccl\u00fc v\u0259 bax\u0131ml\u0131 g\u00f6r\u00fcnm\u0259sin\u0259 k\u00f6m\u0259k edir.<\/p>","protected":false},"excerpt":{"rendered":"<p>Bisma Amla Hair Oil \u2013 amla t\u0259rkibli sa\u00e7 ya\u011f\u0131. Sa\u00e7 k\u00f6kl\u0259rini g\u00fccl\u0259ndirir, t\u00f6k\u00fclm\u0259ni azaltma\u011fa k\u00f6m\u0259k edir v\u0259 sa\u011flam g\u00f6r\u00fcn\u00fc\u015f yarad\u0131r.<\/p>","protected":false},"featured_media":10365,"comment_status":"open","ping_status":"closed","template":"","meta":[],"pwb-brand":[],"product_cat":[126,138,135],"product_tag":[306,308,301,425,307,417,421],"class_list":{"0":"post-10364","1":"product","2":"type-product","3":"status-publish","4":"has-post-thumbnail","6":"product_cat-haircare","7":"product_cat-vitamins","8":"product_cat-oil","9":"product_tag-antihairloss","10":"product_tag-haircare","11":"product_tag-hairfallsolution","12":"product_tag-healthyhair","13":"product_tag-longstronghair","14":"product_tag-sacbaximi","15":"product_tag-sacqullugu","16":"pa_size-200ml","19":"instock","20":"sale","21":"shipping-taxable","22":"purchasable","23":"product-type-simple"},"brands":[],"_links":{"self":[{"href":"https:\/\/axtarstore.com\/ru\/wp-json\/wp\/v2\/product\/10364"}],"collection":[{"href":"https:\/\/axtarstore.com\/ru\/wp-json\/wp\/v2\/product"}],"about":[{"href":"https:\/\/axtarstore.com\/ru\/wp-json\/wp\/v2\/types\/product"}],"replies":[{"embeddable":true,"href":"https:\/\/axtarstore.com\/ru\/wp-json\/wp\/v2\/comments?post=10364"}],"version-history":[{"count":3,"href":"https:\/\/axtarstore.com\/ru\/wp-json\/wp\/v2\/product\/10364\/revisions"}],"predecessor-version":[{"id":10881,"href":"https:\/\/axtarstore.com\/ru\/wp-json\/wp\/v2\/product\/10364\/revisions\/10881"}],"wp:featuredmedia":[{"embeddable":true,"href":"https:\/\/axtarstore.com\/ru\/wp-json\/wp\/v2\/media\/10365"}],"wp:attachment":[{"href":"https:\/\/axtarstore.com\/ru\/wp-json\/wp\/v2\/media?parent=10364"}],"wp:term":[{"taxonomy":"pwb-brand","embeddable":true,"href":"https:\/\/axtarstore.com\/ru\/wp-json\/wp\/v2\/pwb-brand?post=10364"},{"taxonomy":"product_cat","embeddable":true,"href":"https:\/\/axtarstore.com\/ru\/wp-json\/wp\/v2\/product_cat?post=10364"},{"taxonomy":"product_tag","embeddable":true,"href":"https:\/\/axtarstore.com\/ru\/wp-json\/wp\/v2\/product_tag?post=10364"}],"curies":[{"name":"wp","href":"https:\/\/api.w.org\/{rel}","templated":true}]}}