{"id":10357,"date":"2025-05-18T00:54:03","date_gmt":"2025-05-17T20:54:03","guid":{"rendered":"https:\/\/axtarstore.com\/?post_type=product&#038;p=10357"},"modified":"2026-01-25T22:02:33","modified_gmt":"2026-01-25T18:02:33","slug":"arena-gold-taramira-oil","status":"publish","type":"product","link":"https:\/\/axtarstore.com\/ru\/product\/arena-gold-taramira-oil\/","title":{"rendered":"Arena Gold TaraMira Ya\u011f\u0131 &#8211; T\u0259bii Sa\u00e7 Bax\u0131m\u0131"},"content":{"rendered":"<p>Sa\u00e7lara g\u00fcc v\u0259 canl\u0131l\u0131q qazand\u0131rmaq \u00fc\u00e7\u00fcn t\u0259bii ya\u011flar \u0259n yax\u015f\u0131 se\u00e7imdir.<br \/>\nArena Gold Taramira Oil taramira bitkisind\u0259n \u0259ld\u0259 olunan t\u0259bii ya\u011f olub sa\u00e7 bax\u0131m\u0131nda geni\u015f istifad\u0259 olunur.<\/p>\n<p>\ud83c\udf3f \u018fsas \u00fcst\u00fcnl\u00fckl\u0259r:<\/p>\n<p>Sa\u00e7 k\u00f6kl\u0259rini qidaland\u0131rma\u011fa k\u00f6m\u0259k edir<\/p>\n<p>Sa\u00e7lar\u0131n daha g\u00fccl\u00fc g\u00f6r\u00fcnm\u0259sini d\u0259st\u0259kl\u0259yir<\/p>\n<p>Sa\u00e7 d\u0259risini yum\u015fald\u0131r v\u0259 bax\u0131ml\u0131 saxlay\u0131r<\/p>\n<p>T\u0259bii v\u0259 saf t\u0259rkiblidir<\/p>\n<p>G\u00fcnd\u0259lik v\u0259 masaj istifad\u0259si \u00fc\u00e7\u00fcn uy\u011fundur<\/p>\n<p>M\u00fcnt\u0259z\u0259m istifad\u0259 zaman\u0131 Arena Gold Taramira Oil sa\u00e7lar\u0131n daha sa\u011flam v\u0259 canl\u0131 g\u00f6r\u00fcnm\u0259sin\u0259 k\u00f6m\u0259k edir.<\/p>","protected":false},"excerpt":{"rendered":"<p>Arena Gold Taramira Oil \u2013 t\u0259bii taramira ya\u011f\u0131. Sa\u00e7 bax\u0131m\u0131 \u00fc\u00e7\u00fcn ideald\u0131r, sa\u00e7 k\u00f6kl\u0259rini qidaland\u0131r\u0131r v\u0259 sa\u011flam g\u00f6r\u00fcn\u00fc\u015f yarad\u0131r.<\/p>","protected":false},"featured_media":10358,"comment_status":"open","ping_status":"closed","template":"","meta":[],"pwb-brand":[163],"product_cat":[126,138,135,427],"product_tag":[306,301,310,425,307,437,417,421,431],"class_list":{"0":"post-10357","1":"product","2":"type-product","3":"status-publish","4":"has-post-thumbnail","6":"pwb-brand-arena-gold","7":"product_cat-haircare","8":"product_cat-vitamins","9":"product_cat-oil","10":"product_cat-tbii-yaglar","11":"product_tag-antihairloss","12":"product_tag-hairfallsolution","13":"product_tag-hairregrowth","14":"product_tag-healthyhair","15":"product_tag-longstronghair","16":"product_tag-natural-oils","17":"product_tag-sacbaximi","18":"product_tag-sacqullugu","19":"product_tag-tbii-yaglar","20":"pa_size-30ml","23":"instock","24":"sale","25":"shipping-taxable","26":"purchasable","27":"product-type-simple"},"brands":[{"id":163,"name":"Arena Gold","slug":"arena-gold"}],"_links":{"self":[{"href":"https:\/\/axtarstore.com\/ru\/wp-json\/wp\/v2\/product\/10357"}],"collection":[{"href":"https:\/\/axtarstore.com\/ru\/wp-json\/wp\/v2\/product"}],"about":[{"href":"https:\/\/axtarstore.com\/ru\/wp-json\/wp\/v2\/types\/product"}],"replies":[{"embeddable":true,"href":"https:\/\/axtarstore.com\/ru\/wp-json\/wp\/v2\/comments?post=10357"}],"version-history":[{"count":3,"href":"https:\/\/axtarstore.com\/ru\/wp-json\/wp\/v2\/product\/10357\/revisions"}],"predecessor-version":[{"id":10885,"href":"https:\/\/axtarstore.com\/ru\/wp-json\/wp\/v2\/product\/10357\/revisions\/10885"}],"wp:featuredmedia":[{"embeddable":true,"href":"https:\/\/axtarstore.com\/ru\/wp-json\/wp\/v2\/media\/10358"}],"wp:attachment":[{"href":"https:\/\/axtarstore.com\/ru\/wp-json\/wp\/v2\/media?parent=10357"}],"wp:term":[{"taxonomy":"pwb-brand","embeddable":true,"href":"https:\/\/axtarstore.com\/ru\/wp-json\/wp\/v2\/pwb-brand?post=10357"},{"taxonomy":"product_cat","embeddable":true,"href":"https:\/\/axtarstore.com\/ru\/wp-json\/wp\/v2\/product_cat?post=10357"},{"taxonomy":"product_tag","embeddable":true,"href":"https:\/\/axtarstore.com\/ru\/wp-json\/wp\/v2\/product_tag?post=10357"}],"curies":[{"name":"wp","href":"https:\/\/api.w.org\/{rel}","templated":true}]}}