{"id":10353,"date":"2025-05-18T00:44:16","date_gmt":"2025-05-17T20:44:16","guid":{"rendered":"https:\/\/axtarstore.com\/?post_type=product&#038;p=10353"},"modified":"2026-01-25T22:04:46","modified_gmt":"2026-01-25T18:04:46","slug":"arena-gold-henna-oil","status":"publish","type":"product","link":"https:\/\/axtarstore.com\/ru\/product\/arena-gold-henna-oil\/","title":{"rendered":"Arena Gold Henna Ya\u011f\u0131 &#8211; T\u0259bii Sa\u00e7 Bax\u0131m\u0131"},"content":{"rendered":"<p>Sa\u00e7lara t\u0259bii g\u00fcc v\u0259 canl\u0131l\u0131q qazand\u0131rmaq \u00fc\u00e7\u00fcn x\u0131na \u0259srl\u0259rdir istifad\u0259 olunur.<br \/>\nArena Gold Henna Oil x\u0131na bitkisind\u0259n \u0259ld\u0259 edil\u0259n t\u0259bii ya\u011f olub sa\u00e7 bax\u0131m\u0131nda geni\u015f istifad\u0259 olunur.<\/p>\n<p>\ud83c\udf3f \u018fsas \u00fcst\u00fcnl\u00fckl\u0259r:<\/p>\n<p>Sa\u00e7 k\u00f6kl\u0259rini g\u00fccl\u0259ndirm\u0259y\u0259 k\u00f6m\u0259k edir<\/p>\n<p>Sa\u00e7lara canl\u0131l\u0131q v\u0259 t\u0259bii parlaql\u0131q verir<\/p>\n<p>Sa\u00e7 d\u0259risini qidaland\u0131r\u0131r<\/p>\n<p>T\u0259bii v\u0259 saf t\u0259rkiblidir<\/p>\n<p>Masaj v\u0259 g\u00fcnd\u0259lik istifad\u0259 \u00fc\u00e7\u00fcn uy\u011fundur<\/p>\n<p>M\u00fcnt\u0259z\u0259m istifad\u0259 zaman\u0131 Arena Gold Henna Oil sa\u00e7lar\u0131n daha sa\u011flam, g\u00fccl\u00fc v\u0259 bax\u0131ml\u0131 g\u00f6r\u00fcnm\u0259sin\u0259 k\u00f6m\u0259k edir.<\/p>","protected":false},"excerpt":{"rendered":"<p>Arena Gold Henna Oil \u2013 t\u0259bii x\u0131na ya\u011f\u0131. Sa\u00e7 bax\u0131m\u0131 \u00fc\u00e7\u00fcn ideald\u0131r, sa\u00e7 k\u00f6kl\u0259rini g\u00fccl\u0259ndirir v\u0259 sa\u011flam g\u00f6r\u00fcn\u00fc\u015f yarad\u0131r.<\/p>","protected":false},"featured_media":10354,"comment_status":"open","ping_status":"closed","template":"","meta":[],"pwb-brand":[163],"product_cat":[126,138,135,427],"product_tag":[308,437,417,421,431],"class_list":{"0":"post-10353","1":"product","2":"type-product","3":"status-publish","4":"has-post-thumbnail","6":"pwb-brand-arena-gold","7":"product_cat-haircare","8":"product_cat-vitamins","9":"product_cat-oil","10":"product_cat-tbii-yaglar","11":"product_tag-haircare","12":"product_tag-natural-oils","13":"product_tag-sacbaximi","14":"product_tag-sacqullugu","15":"product_tag-tbii-yaglar","16":"pa_size-30ml","19":"instock","20":"sale","21":"shipping-taxable","22":"purchasable","23":"product-type-simple"},"brands":[{"id":163,"name":"Arena Gold","slug":"arena-gold"}],"_links":{"self":[{"href":"https:\/\/axtarstore.com\/ru\/wp-json\/wp\/v2\/product\/10353"}],"collection":[{"href":"https:\/\/axtarstore.com\/ru\/wp-json\/wp\/v2\/product"}],"about":[{"href":"https:\/\/axtarstore.com\/ru\/wp-json\/wp\/v2\/types\/product"}],"replies":[{"embeddable":true,"href":"https:\/\/axtarstore.com\/ru\/wp-json\/wp\/v2\/comments?post=10353"}],"version-history":[{"count":3,"href":"https:\/\/axtarstore.com\/ru\/wp-json\/wp\/v2\/product\/10353\/revisions"}],"predecessor-version":[{"id":10887,"href":"https:\/\/axtarstore.com\/ru\/wp-json\/wp\/v2\/product\/10353\/revisions\/10887"}],"wp:featuredmedia":[{"embeddable":true,"href":"https:\/\/axtarstore.com\/ru\/wp-json\/wp\/v2\/media\/10354"}],"wp:attachment":[{"href":"https:\/\/axtarstore.com\/ru\/wp-json\/wp\/v2\/media?parent=10353"}],"wp:term":[{"taxonomy":"pwb-brand","embeddable":true,"href":"https:\/\/axtarstore.com\/ru\/wp-json\/wp\/v2\/pwb-brand?post=10353"},{"taxonomy":"product_cat","embeddable":true,"href":"https:\/\/axtarstore.com\/ru\/wp-json\/wp\/v2\/product_cat?post=10353"},{"taxonomy":"product_tag","embeddable":true,"href":"https:\/\/axtarstore.com\/ru\/wp-json\/wp\/v2\/product_tag?post=10353"}],"curies":[{"name":"wp","href":"https:\/\/api.w.org\/{rel}","templated":true}]}}