{"id":10346,"date":"2025-05-18T00:34:12","date_gmt":"2025-05-17T20:34:12","guid":{"rendered":"https:\/\/axtarstore.com\/?post_type=product&#038;p=10346"},"modified":"2026-01-25T22:14:36","modified_gmt":"2026-01-25T18:14:36","slug":"arena-gold-rose-oil","status":"publish","type":"product","link":"https:\/\/axtarstore.com\/ru\/product\/arena-gold-rose-oil\/","title":{"rendered":"Arena Gold Rose Oil q\u0131z\u0131lg\u00fcl ya\u011f\u0131 &#8211; T\u0259bii D\u0259ri v\u0259 Sa\u00e7 Bax\u0131m\u0131"},"content":{"rendered":"<p>Z\u0259rif v\u0259 t\u0259bii qulluq axtaranlar \u00fc\u00e7\u00fcn q\u0131z\u0131lg\u00fcl ya\u011f\u0131 ideal se\u00e7imdir.<br \/>\nArena Gold Rose Oil q\u0131z\u0131lg\u00fcl \u00e7i\u00e7\u0259kl\u0259rind\u0259n \u0259ld\u0259 edil\u0259n t\u0259bii ya\u011f olub d\u0259ri bax\u0131m\u0131 v\u0259 aromaterapiyada geni\u015f istifad\u0259 olunur.<\/p>\n<p>\ud83c\udf3f \u018fsas \u00fcst\u00fcnl\u00fckl\u0259r:<\/p>\n<p>D\u0259rini yum\u015fald\u0131r v\u0259 n\u0259ml\u0259ndirm\u0259y\u0259 k\u00f6m\u0259k edir<\/p>\n<p>Rahatlad\u0131c\u0131 v\u0259 sakitl\u0259\u015fdirici t\u0259sir g\u00f6st\u0259rir<\/p>\n<p>Aromaterapiya \u00fc\u00e7\u00fcn uy\u011fundur<\/p>\n<p>T\u0259bii v\u0259 saf t\u0259rkiblidir<\/p>\n<p>Masaj v\u0259 g\u00fcnd\u0259lik qulluqda istifad\u0259 oluna bil\u0259r<\/p>\n<p>M\u00fcnt\u0259z\u0259m istifad\u0259 zaman\u0131 Arena Gold Rose Oil d\u0259rinin daha bax\u0131ml\u0131 v\u0259 t\u0259rav\u0259tli g\u00f6r\u00fcnm\u0259sin\u0259 k\u00f6m\u0259k edir.<\/p>","protected":false},"excerpt":{"rendered":"<p>Arena Gold Rose Oil \u2013 t\u0259bii q\u0131z\u0131lg\u00fcl ya\u011f\u0131. D\u0259ri bax\u0131m\u0131 v\u0259 aromaterapiya \u00fc\u00e7\u00fcn ideald\u0131r, rahatlad\u0131c\u0131 v\u0259 xo\u015f \u0259tir t\u0259qdim edir.<\/p>","protected":false},"featured_media":10347,"comment_status":"open","ping_status":"closed","template":"","meta":[],"pwb-brand":[163],"product_cat":[129,399,126,138,135,427,127,144],"product_tag":[300,293,308,437,417,421,431,418],"class_list":{"0":"post-10346","1":"product","2":"type-product","3":"status-publish","4":"has-post-thumbnail","6":"pwb-brand-arena-gold","7":"product_cat-beden-baximi","8":"product_cat-bdn-nmlndiricisi","9":"product_cat-haircare","10":"product_cat-vitamins","11":"product_cat-oil","12":"product_cat-tbii-yaglar","13":"product_cat-face-care","14":"product_cat-face-vitamins","15":"product_tag-bodycare","16":"product_tag-facecare","17":"product_tag-haircare","18":"product_tag-natural-oils","19":"product_tag-sacbaximi","20":"product_tag-sacqullugu","21":"product_tag-tbii-yaglar","22":"product_tag-uzbaximi","23":"pa_size-30ml","26":"instock","27":"sale","28":"shipping-taxable","29":"purchasable","30":"product-type-simple"},"brands":[{"id":163,"name":"Arena Gold","slug":"arena-gold"}],"_links":{"self":[{"href":"https:\/\/axtarstore.com\/ru\/wp-json\/wp\/v2\/product\/10346"}],"collection":[{"href":"https:\/\/axtarstore.com\/ru\/wp-json\/wp\/v2\/product"}],"about":[{"href":"https:\/\/axtarstore.com\/ru\/wp-json\/wp\/v2\/types\/product"}],"replies":[{"embeddable":true,"href":"https:\/\/axtarstore.com\/ru\/wp-json\/wp\/v2\/comments?post=10346"}],"version-history":[{"count":3,"href":"https:\/\/axtarstore.com\/ru\/wp-json\/wp\/v2\/product\/10346\/revisions"}],"predecessor-version":[{"id":10891,"href":"https:\/\/axtarstore.com\/ru\/wp-json\/wp\/v2\/product\/10346\/revisions\/10891"}],"wp:featuredmedia":[{"embeddable":true,"href":"https:\/\/axtarstore.com\/ru\/wp-json\/wp\/v2\/media\/10347"}],"wp:attachment":[{"href":"https:\/\/axtarstore.com\/ru\/wp-json\/wp\/v2\/media?parent=10346"}],"wp:term":[{"taxonomy":"pwb-brand","embeddable":true,"href":"https:\/\/axtarstore.com\/ru\/wp-json\/wp\/v2\/pwb-brand?post=10346"},{"taxonomy":"product_cat","embeddable":true,"href":"https:\/\/axtarstore.com\/ru\/wp-json\/wp\/v2\/product_cat?post=10346"},{"taxonomy":"product_tag","embeddable":true,"href":"https:\/\/axtarstore.com\/ru\/wp-json\/wp\/v2\/product_tag?post=10346"}],"curies":[{"name":"wp","href":"https:\/\/api.w.org\/{rel}","templated":true}]}}