{"id":10338,"date":"2025-05-16T01:45:10","date_gmt":"2025-05-15T21:45:10","guid":{"rendered":"https:\/\/axtarstore.com\/?post_type=product&#038;p=10338"},"modified":"2026-01-26T22:45:18","modified_gmt":"2026-01-26T18:45:18","slug":"mark-30-aloe-vera-peel-off-uz-maskasi","status":"publish","type":"product","link":"https:\/\/axtarstore.com\/ru\/product\/mark-30-aloe-vera-peel-off-uz-maskasi\/","title":{"rendered":"Mark 30 Aloe Vera Sparkling Peel-Off Mask"},"content":{"rendered":"<p>Mark 30 Aloe Vera Sparkling Peel-Off Mask d\u0259riniz \u00fc\u00e7\u00fcn ev \u015f\u0259raitind\u0259 professional bax\u0131m t\u0259qdim edir. Aloe Vera ekstrakt\u0131 say\u0259sind\u0259 d\u0259riy\u0259 sakitl\u0259\u015fdirici t\u0259sir g\u00f6st\u0259rir, q\u0131zart\u0131n\u0131 azald\u0131r v\u0259 d\u0259rini canland\u0131r\u0131r.<\/p>\n<p>Sparkling (k\u00f6p\u00fckl\u00fc) formulu m\u0259sam\u0259l\u0259rin i\u00e7in\u0259 n\u00fcfuz ed\u0259r\u0259k \u00e7irki, art\u0131q ya\u011f\u0131 v\u0259 \u00f6l\u00fc d\u0259ri h\u00fcceyr\u0259l\u0259rini effektiv \u015f\u0259kild\u0259 t\u0259mizl\u0259yir. Maskan\u0131 \u00e7\u0131xard\u0131qdan sonra d\u0259ri daha hamar, parlaq v\u0259 t\u0259rav\u0259tli g\u00f6r\u00fcn\u00fcr.<\/p>\n<p>M\u00fcnt\u0259z\u0259m istifad\u0259 d\u0259rinin teksturas\u0131n\u0131 yax\u015f\u0131la\u015fd\u0131r\u0131r, yor\u011fun g\u00f6r\u00fcn\u00fc\u015f\u00fc aradan qald\u0131r\u0131r v\u0259 d\u0259riniz\u0259 sa\u011flam par\u0131lt\u0131 b\u0259x\u015f edir. B\u00fct\u00fcn d\u0259ri tipl\u0259ri, x\u00fcsusil\u0259 h\u0259ssas v\u0259 sol\u011fun d\u0259ri \u00fc\u00e7\u00fcn ideald\u0131r.<\/p>","protected":false},"excerpt":{"rendered":"<p>Aloe Vera t\u0259rkibli peel-off maska d\u0259rini d\u0259rind\u0259n t\u0259mizl\u0259yir, m\u0259sam\u0259l\u0259ri a\u00e7\u0131r v\u0259 d\u0259riy\u0259 t\u0259bii parlaql\u0131q verir. H\u0259ssas d\u0259ril\u0259r \u00fc\u00e7\u00fcn uy\u011fundur.<\/p>","protected":false},"featured_media":10339,"comment_status":"open","ping_status":"closed","template":"","meta":[],"pwb-brand":[434],"product_cat":[127,145],"product_tag":[299,343,333,293,423,418],"class_list":{"0":"post-10338","1":"product","2":"type-product","3":"status-publish","4":"has-post-thumbnail","6":"pwb-brand-mark-30","7":"product_cat-face-care","8":"product_cat-face-masks","9":"product_tag-acnetreatment","10":"product_tag-face-mask","11":"product_tag-face-moisturiser","12":"product_tag-facecare","13":"product_tag-skincareroutine","14":"product_tag-uzbaximi","15":"pa_size-100ml","18":"instock","19":"sale","20":"shipping-taxable","21":"purchasable","22":"product-type-simple"},"brands":[{"id":434,"name":"mark 30","slug":"mark-30"}],"_links":{"self":[{"href":"https:\/\/axtarstore.com\/ru\/wp-json\/wp\/v2\/product\/10338"}],"collection":[{"href":"https:\/\/axtarstore.com\/ru\/wp-json\/wp\/v2\/product"}],"about":[{"href":"https:\/\/axtarstore.com\/ru\/wp-json\/wp\/v2\/types\/product"}],"replies":[{"embeddable":true,"href":"https:\/\/axtarstore.com\/ru\/wp-json\/wp\/v2\/comments?post=10338"}],"version-history":[{"count":3,"href":"https:\/\/axtarstore.com\/ru\/wp-json\/wp\/v2\/product\/10338\/revisions"}],"predecessor-version":[{"id":10895,"href":"https:\/\/axtarstore.com\/ru\/wp-json\/wp\/v2\/product\/10338\/revisions\/10895"}],"wp:featuredmedia":[{"embeddable":true,"href":"https:\/\/axtarstore.com\/ru\/wp-json\/wp\/v2\/media\/10339"}],"wp:attachment":[{"href":"https:\/\/axtarstore.com\/ru\/wp-json\/wp\/v2\/media?parent=10338"}],"wp:term":[{"taxonomy":"pwb-brand","embeddable":true,"href":"https:\/\/axtarstore.com\/ru\/wp-json\/wp\/v2\/pwb-brand?post=10338"},{"taxonomy":"product_cat","embeddable":true,"href":"https:\/\/axtarstore.com\/ru\/wp-json\/wp\/v2\/product_cat?post=10338"},{"taxonomy":"product_tag","embeddable":true,"href":"https:\/\/axtarstore.com\/ru\/wp-json\/wp\/v2\/product_tag?post=10338"}],"curies":[{"name":"wp","href":"https:\/\/api.w.org\/{rel}","templated":true}]}}