{"id":10326,"date":"2025-05-16T01:25:48","date_gmt":"2025-05-15T21:25:48","guid":{"rendered":"https:\/\/axtarstore.com\/?post_type=product&#038;p=10326"},"modified":"2026-01-26T23:04:57","modified_gmt":"2026-01-26T19:04:57","slug":"arena-gold-organics-rosehip-oil","status":"publish","type":"product","link":"https:\/\/axtarstore.com\/ru\/product\/arena-gold-organics-rosehip-oil\/","title":{"rendered":"Arena Gold Rosehip Oil itburnu ya\u011f &#8211; T\u0259bii Bax\u0131m v\u0259 Canlanma"},"content":{"rendered":"<p>Arena Gold Organics Rosehip Oil y\u00fcks\u0259k keyfiyy\u0259tli itburnu toxumu ya\u011f\u0131ndan haz\u0131rlanm\u0131\u015f t\u0259bii bax\u0131m m\u0259hsuludur. Vitamin v\u0259 antioksidantlarla z\u0259ngin t\u0259rkibi say\u0259sind\u0259 d\u0259rinin v\u0259 sa\u00e7\u0131n ehtiyac duydu\u011fu qidalanman\u0131 t\u0259min edir.<\/p>\n<p>D\u0259riy\u0259 t\u0259tbiq edildikd\u0259 onu d\u0259rin qatlara q\u0259d\u0259r n\u0259ml\u0259ndirir, daha yum\u015faq v\u0259 canl\u0131 g\u00f6r\u00fcn\u00fc\u015f qazand\u0131rma\u011fa k\u00f6m\u0259k edir. Sa\u00e7 \u00fc\u00e7\u00fcn istifad\u0259 zaman\u0131 sa\u00e7 tell\u0259rini qidaland\u0131r\u0131r, qurulu\u011fu azald\u0131r v\u0259 sa\u00e7\u0131n daha parlaq g\u00f6r\u00fcnm\u0259sin\u0259 d\u0259st\u0259k olur.<\/p>\n<p>G\u00fcnd\u0259lik bax\u0131m rutinin\u0259 rahatl\u0131qla daxil edil\u0259 bil\u0259n bu ya\u011f t\u0259bii g\u00f6z\u0259lliyin\u0259 \u00f6n\u0259m ver\u0259nl\u0259r \u00fc\u00e7\u00fcn ideal se\u00e7imdir. \u00dcz, b\u0259d\u0259n v\u0259 sa\u00e7 bax\u0131m\u0131nda istifad\u0259 oluna bil\u0259r.<\/p>\n<p>\ud83d\udd38 \u0130stifad\u0259 Qaydas\u0131<\/p>\n<p>T\u0259miz d\u0259ri v\u0259 ya sa\u00e7 \u00fcz\u0259rin\u0259 bir ne\u00e7\u0259 damc\u0131 Rosehip Oil t\u0259tbiq edin. Dair\u0259vi h\u0259r\u0259k\u0259tl\u0259rl\u0259 masaj ed\u0259r\u0259k hopmas\u0131n\u0131 g\u00f6zl\u0259yin. \u00dcz v\u0259 b\u0259d\u0259n \u00fc\u00e7\u00fcn g\u00fcnd\u0259 1\u20132 d\u0259f\u0259, sa\u00e7 \u00fc\u00e7\u00fcn is\u0259 yuyulmadan \u0259vv\u0259l v\u0259 ya sonra istifad\u0259 oluna bil\u0259r. G\u00f6zl\u0259 t\u0259masdan qa\u00e7\u0131n\u0131n.<\/p>","protected":false},"excerpt":{"rendered":"<p>Rosehip Oil d\u0259rini v\u0259 sa\u00e7\u0131 d\u0259rind\u0259n qidaland\u0131r\u0131r, n\u0259ml\u0259ndirir v\u0259 elastikliyi art\u0131rma\u011fa k\u00f6m\u0259k edir. T\u0259bii v\u0259 effektiv bax\u0131m ya\u011f\u0131d\u0131r.<\/p>","protected":false},"featured_media":10328,"comment_status":"open","ping_status":"closed","template":"","meta":[],"pwb-brand":[163],"product_cat":[129,399,126,135,427,127,144],"product_tag":[300,293,308,437,417,421,423,431,319,418],"class_list":{"0":"post-10326","1":"product","2":"type-product","3":"status-publish","4":"has-post-thumbnail","6":"pwb-brand-arena-gold","7":"product_cat-beden-baximi","8":"product_cat-bdn-nmlndiricisi","9":"product_cat-haircare","10":"product_cat-oil","11":"product_cat-tbii-yaglar","12":"product_cat-face-care","13":"product_cat-face-vitamins","14":"product_tag-bodycare","15":"product_tag-facecare","16":"product_tag-haircare","17":"product_tag-natural-oils","18":"product_tag-sacbaximi","19":"product_tag-sacqullugu","20":"product_tag-skincareroutine","21":"product_tag-tbii-yaglar","22":"product_tag-uz-lklri","23":"product_tag-uzbaximi","24":"pa_size-30ml","27":"instock","28":"sale","29":"shipping-taxable","30":"purchasable","31":"product-type-simple"},"brands":[{"id":163,"name":"Arena Gold","slug":"arena-gold"}],"_links":{"self":[{"href":"https:\/\/axtarstore.com\/ru\/wp-json\/wp\/v2\/product\/10326"}],"collection":[{"href":"https:\/\/axtarstore.com\/ru\/wp-json\/wp\/v2\/product"}],"about":[{"href":"https:\/\/axtarstore.com\/ru\/wp-json\/wp\/v2\/types\/product"}],"replies":[{"embeddable":true,"href":"https:\/\/axtarstore.com\/ru\/wp-json\/wp\/v2\/comments?post=10326"}],"version-history":[{"count":3,"href":"https:\/\/axtarstore.com\/ru\/wp-json\/wp\/v2\/product\/10326\/revisions"}],"predecessor-version":[{"id":10901,"href":"https:\/\/axtarstore.com\/ru\/wp-json\/wp\/v2\/product\/10326\/revisions\/10901"}],"wp:featuredmedia":[{"embeddable":true,"href":"https:\/\/axtarstore.com\/ru\/wp-json\/wp\/v2\/media\/10328"}],"wp:attachment":[{"href":"https:\/\/axtarstore.com\/ru\/wp-json\/wp\/v2\/media?parent=10326"}],"wp:term":[{"taxonomy":"pwb-brand","embeddable":true,"href":"https:\/\/axtarstore.com\/ru\/wp-json\/wp\/v2\/pwb-brand?post=10326"},{"taxonomy":"product_cat","embeddable":true,"href":"https:\/\/axtarstore.com\/ru\/wp-json\/wp\/v2\/product_cat?post=10326"},{"taxonomy":"product_tag","embeddable":true,"href":"https:\/\/axtarstore.com\/ru\/wp-json\/wp\/v2\/product_tag?post=10326"}],"curies":[{"name":"wp","href":"https:\/\/api.w.org\/{rel}","templated":true}]}}