{"id":10317,"date":"2025-05-16T00:59:45","date_gmt":"2025-05-15T20:59:45","guid":{"rendered":"https:\/\/axtarstore.com\/?post_type=product&#038;p=10317"},"modified":"2026-01-26T23:08:53","modified_gmt":"2026-01-26T19:08:53","slug":"arena-gold-organics-apricot-oil","status":"publish","type":"product","link":"https:\/\/axtarstore.com\/ru\/product\/arena-gold-organics-apricot-oil\/","title":{"rendered":"Arena Gold Apricot Oil \u018frik ya\u011f\u0131 &#8211; T\u0259bii Bax\u0131m v\u0259 G\u0259nclik"},"content":{"rendered":"<p>Arena Gold Organics Apricot Oil y\u00fcks\u0259k keyfiyy\u0259tli \u0259rik tumu ya\u011f\u0131ndan \u0259ld\u0259 edil\u0259n t\u0259bii bax\u0131m m\u0259hsuludur. Z\u0259ngin t\u0259rkibi say\u0259sind\u0259 d\u0259rinin v\u0259 sa\u00e7\u0131n ehtiyac duydu\u011fu n\u0259ml\u0259ndirm\u0259ni v\u0259 qidalanman\u0131 t\u0259min etm\u0259y\u0259 k\u00f6m\u0259k edir.<\/p>\n<p>D\u0259riy\u0259 t\u0259tbiq edildikd\u0259 onu yum\u015fald\u0131r, qurulu\u011fun qar\u015f\u0131s\u0131n\u0131 alma\u011fa k\u00f6m\u0259k edir v\u0259 daha sa\u011flam g\u00f6r\u00fcn\u00fc\u015f qazand\u0131r\u0131r. Sa\u00e7 \u00fc\u00e7\u00fcn istifad\u0259 zaman\u0131 sa\u00e7 tell\u0259rini qidaland\u0131r\u0131r, sa\u00e7\u0131n daha parlaq v\u0259 bax\u0131ml\u0131 g\u00f6r\u00fcnm\u0259sin\u0259 d\u0259st\u0259k olur.<\/p>\n<p>Y\u00fcng\u00fcl teksturas\u0131 say\u0259sind\u0259 tez hopur v\u0259 g\u00fcnd\u0259lik bax\u0131m \u00fc\u00e7\u00fcn ideal se\u00e7imdir. \u00dcz, b\u0259d\u0259n v\u0259 sa\u00e7 \u00fc\u00e7\u00fcn uy\u011fundur.<\/p>\n<p>\ud83d\udd38 \u0130stifad\u0259 Qaydas\u0131<\/p>\n<p>T\u0259miz d\u0259ri v\u0259 ya sa\u00e7a bir ne\u00e7\u0259 damc\u0131 Apricot Oil t\u0259tbiq edin. Yum\u015faq masaj h\u0259r\u0259k\u0259tl\u0259ri il\u0259 hopmas\u0131n\u0131 t\u0259min edin. \u00dcz v\u0259 b\u0259d\u0259n \u00fc\u00e7\u00fcn g\u00fcnd\u0259 1\u20132 d\u0259f\u0259, sa\u00e7 \u00fc\u00e7\u00fcn is\u0259 yuyulmadan \u0259vv\u0259l v\u0259 ya sonra istifad\u0259 oluna bil\u0259r.<\/p>","protected":false},"excerpt":{"rendered":"<p>Apricot Oil d\u0259rini v\u0259 sa\u00e7\u0131 qidaland\u0131r\u0131r, n\u0259ml\u0259ndirir v\u0259 yum\u015faq, canl\u0131 g\u00f6r\u00fcn\u00fc\u015f \u0259ld\u0259 etm\u0259y\u0259 k\u00f6m\u0259k edir. T\u0259bii bax\u0131m \u00fc\u00e7\u00fcn uy\u011fundur.<\/p>","protected":false},"featured_media":10318,"comment_status":"open","ping_status":"closed","template":"","meta":[],"pwb-brand":[163],"product_cat":[129,399,126,135,427,127,144],"product_tag":[300,333,293,308,437,431,332,418],"class_list":{"0":"post-10317","1":"product","2":"type-product","3":"status-publish","4":"has-post-thumbnail","6":"pwb-brand-arena-gold","7":"product_cat-beden-baximi","8":"product_cat-bdn-nmlndiricisi","9":"product_cat-haircare","10":"product_cat-oil","11":"product_cat-tbii-yaglar","12":"product_cat-face-care","13":"product_cat-face-vitamins","14":"product_tag-bodycare","15":"product_tag-face-moisturiser","16":"product_tag-facecare","17":"product_tag-haircare","18":"product_tag-natural-oils","19":"product_tag-tbii-yaglar","20":"product_tag-uz-nmlndiricisi","21":"product_tag-uzbaximi","22":"pa_size-30ml","25":"instock","26":"sale","27":"shipping-taxable","28":"purchasable","29":"product-type-simple"},"brands":[{"id":163,"name":"Arena Gold","slug":"arena-gold"}],"_links":{"self":[{"href":"https:\/\/axtarstore.com\/ru\/wp-json\/wp\/v2\/product\/10317"}],"collection":[{"href":"https:\/\/axtarstore.com\/ru\/wp-json\/wp\/v2\/product"}],"about":[{"href":"https:\/\/axtarstore.com\/ru\/wp-json\/wp\/v2\/types\/product"}],"replies":[{"embeddable":true,"href":"https:\/\/axtarstore.com\/ru\/wp-json\/wp\/v2\/comments?post=10317"}],"version-history":[{"count":3,"href":"https:\/\/axtarstore.com\/ru\/wp-json\/wp\/v2\/product\/10317\/revisions"}],"predecessor-version":[{"id":10905,"href":"https:\/\/axtarstore.com\/ru\/wp-json\/wp\/v2\/product\/10317\/revisions\/10905"}],"wp:featuredmedia":[{"embeddable":true,"href":"https:\/\/axtarstore.com\/ru\/wp-json\/wp\/v2\/media\/10318"}],"wp:attachment":[{"href":"https:\/\/axtarstore.com\/ru\/wp-json\/wp\/v2\/media?parent=10317"}],"wp:term":[{"taxonomy":"pwb-brand","embeddable":true,"href":"https:\/\/axtarstore.com\/ru\/wp-json\/wp\/v2\/pwb-brand?post=10317"},{"taxonomy":"product_cat","embeddable":true,"href":"https:\/\/axtarstore.com\/ru\/wp-json\/wp\/v2\/product_cat?post=10317"},{"taxonomy":"product_tag","embeddable":true,"href":"https:\/\/axtarstore.com\/ru\/wp-json\/wp\/v2\/product_tag?post=10317"}],"curies":[{"name":"wp","href":"https:\/\/api.w.org\/{rel}","templated":true}]}}