{"id":10291,"date":"2025-05-15T23:51:20","date_gmt":"2025-05-15T19:51:20","guid":{"rendered":"https:\/\/axtarstore.com\/?post_type=product&#038;p=10291"},"modified":"2026-01-26T23:19:44","modified_gmt":"2026-01-26T19:19:44","slug":"arena-gold-organics-orange-oil","status":"publish","type":"product","link":"https:\/\/axtarstore.com\/ru\/product\/arena-gold-organics-orange-oil\/","title":{"rendered":"Arena Gold Orange portagal Oil &#8211; T\u0259bii N\u0259ml\u0259ndirm\u0259 v\u0259 T\u0259z\u0259l\u0259m\u0259"},"content":{"rendered":"<p>Arena Gold Organics Orange Oil y\u00fcks\u0259k keyfiyy\u0259tli porta\u011fal qab\u0131qlar\u0131ndan \u0259ld\u0259 edil\u0259n t\u0259bii bax\u0131m ya\u011f\u0131d\u0131r. T\u0259rav\u0259tl\u0259ndirici v\u0259 canland\u0131r\u0131c\u0131 x\u00fcsusiyy\u0259tl\u0259ri say\u0259sind\u0259 d\u0259rinin v\u0259 sa\u00e7\u0131n ehtiyac duydu\u011fu enerjini v\u0259 bax\u0131m\u0131 t\u0259min etm\u0259y\u0259 k\u00f6m\u0259k edir.<\/p>\n<p>D\u0259riy\u0259 t\u0259tbiq edildikd\u0259 d\u0259rini canland\u0131r\u0131r, yor\u011fun g\u00f6r\u00fcn\u00fc\u015f\u00fc azaltma\u011fa v\u0259 daha parlaq d\u0259ri tonu \u0259ld\u0259 etm\u0259y\u0259 d\u0259st\u0259k olur. Sa\u00e7 \u00fc\u00e7\u00fcn istifad\u0259 zaman\u0131 sa\u00e7 tell\u0259rini qidaland\u0131r\u0131r, sa\u00e7\u0131n daha parlaq, yum\u015faq v\u0259 bax\u0131ml\u0131 g\u00f6r\u00fcnm\u0259sin\u0259 k\u00f6m\u0259k edir.<\/p>\n<p>T\u0259bii aromas\u0131 il\u0259 istifad\u0259 zaman\u0131 rahatlad\u0131c\u0131 hiss yarad\u0131r. \u00dcz, b\u0259d\u0259n v\u0259 sa\u00e7 bax\u0131m\u0131nda istifad\u0259 \u00fc\u00e7\u00fcn uy\u011fundur. T\u0259bii v\u0259 enerjili bax\u0131m\u0131 sev\u0259nl\u0259r \u00fc\u00e7\u00fcn ideal se\u00e7imdir.<\/p>\n<p>\ud83d\udd38 \u0130stifad\u0259 Qaydas\u0131<\/p>\n<p>T\u0259miz d\u0259ri v\u0259 ya sa\u00e7a bir ne\u00e7\u0259 damc\u0131 Orange Oil t\u0259tbiq edin. Yum\u015faq masaj h\u0259r\u0259k\u0259tl\u0259ri il\u0259 hopmas\u0131n\u0131 t\u0259min edin. \u00dcz v\u0259 b\u0259d\u0259n \u00fc\u00e7\u00fcn g\u00fcnd\u0259 1 d\u0259f\u0259, sa\u00e7 \u00fc\u00e7\u00fcn is\u0259 yuyulmadan \u0259vv\u0259l maska kimi v\u0259 ya yuyulduqdan sonra bax\u0131m m\u0259qs\u0259dil\u0259 istifad\u0259 oluna bil\u0259r. G\u00fcn\u0259\u015f\u0259 \u00e7\u0131xmazdan \u0259vv\u0259l istifad\u0259 etm\u0259yin.<\/p>","protected":false},"excerpt":{"rendered":"<p>Orange Oil d\u0259rini v\u0259 sa\u00e7\u0131 qidaland\u0131r\u0131r, t\u0259rav\u0259tl\u0259ndirir v\u0259 daha canl\u0131, parlaq g\u00f6r\u00fcn\u00fc\u015f \u0259ld\u0259 etm\u0259y\u0259 k\u00f6m\u0259k edir. T\u0259bii bax\u0131m \u00fc\u00e7\u00fcn uy\u011fundur.<\/p>","protected":false},"featured_media":10292,"comment_status":"open","ping_status":"closed","template":"","meta":[],"pwb-brand":[163],"product_cat":[430,129,126,138,135,127,144],"product_tag":[300,308,425,307,437,431,442,332,418],"class_list":{"0":"post-10291","1":"product","2":"type-product","3":"status-publish","4":"has-post-thumbnail","6":"pwb-brand-arena-gold","7":"product_cat-bdn-agri-ksici-mhsullar","8":"product_cat-beden-baximi","9":"product_cat-haircare","10":"product_cat-vitamins","11":"product_cat-oil","12":"product_cat-face-care","13":"product_cat-face-vitamins","14":"product_tag-bodycare","15":"product_tag-haircare","16":"product_tag-healthyhair","17":"product_tag-longstronghair","18":"product_tag-natural-oils","19":"product_tag-tbii-yaglar","20":"product_tag-uz","21":"product_tag-uz-nmlndiricisi","22":"product_tag-uzbaximi","23":"pa_size-30ml","26":"instock","27":"sale","28":"shipping-taxable","29":"purchasable","30":"product-type-simple"},"brands":[{"id":163,"name":"Arena Gold","slug":"arena-gold"}],"_links":{"self":[{"href":"https:\/\/axtarstore.com\/ru\/wp-json\/wp\/v2\/product\/10291"}],"collection":[{"href":"https:\/\/axtarstore.com\/ru\/wp-json\/wp\/v2\/product"}],"about":[{"href":"https:\/\/axtarstore.com\/ru\/wp-json\/wp\/v2\/types\/product"}],"replies":[{"embeddable":true,"href":"https:\/\/axtarstore.com\/ru\/wp-json\/wp\/v2\/comments?post=10291"}],"version-history":[{"count":3,"href":"https:\/\/axtarstore.com\/ru\/wp-json\/wp\/v2\/product\/10291\/revisions"}],"predecessor-version":[{"id":10917,"href":"https:\/\/axtarstore.com\/ru\/wp-json\/wp\/v2\/product\/10291\/revisions\/10917"}],"wp:featuredmedia":[{"embeddable":true,"href":"https:\/\/axtarstore.com\/ru\/wp-json\/wp\/v2\/media\/10292"}],"wp:attachment":[{"href":"https:\/\/axtarstore.com\/ru\/wp-json\/wp\/v2\/media?parent=10291"}],"wp:term":[{"taxonomy":"pwb-brand","embeddable":true,"href":"https:\/\/axtarstore.com\/ru\/wp-json\/wp\/v2\/pwb-brand?post=10291"},{"taxonomy":"product_cat","embeddable":true,"href":"https:\/\/axtarstore.com\/ru\/wp-json\/wp\/v2\/product_cat?post=10291"},{"taxonomy":"product_tag","embeddable":true,"href":"https:\/\/axtarstore.com\/ru\/wp-json\/wp\/v2\/product_tag?post=10291"}],"curies":[{"name":"wp","href":"https:\/\/api.w.org\/{rel}","templated":true}]}}