{"id":10277,"date":"2025-05-15T23:32:43","date_gmt":"2025-05-15T19:32:43","guid":{"rendered":"https:\/\/axtarstore.com\/?post_type=product&#038;p=10277"},"modified":"2026-01-26T23:23:56","modified_gmt":"2026-01-26T19:23:56","slug":"ksseye-blackspot-gray-kontakt-linza","status":"publish","type":"product","link":"https:\/\/axtarstore.com\/ru\/product\/ksseye-blackspot-gray-kontakt-linza\/","title":{"rendered":"KssEye BlackSpot Gray Lens &#8211; T\u0259bii v\u0259 Cazib\u0259dar Bax\u0131\u015flar"},"content":{"rendered":"<p>KSSEYE Blackspot Gray t\u0259bii g\u00f6r\u00fcn\u00fc\u015fl\u00fc boz tonlar\u0131 il\u0259 g\u00f6zl\u0259r\u0259 d\u0259rinlik v\u0259 cazib\u0259 qatmaq \u00fc\u00e7\u00fcn haz\u0131rlanm\u0131\u015f keyfiyy\u0259tli kontakt linzad\u0131r. Blackspot dizayn\u0131 say\u0259sind\u0259 g\u00f6z r\u0259ngi daha ifad\u0259li g\u00f6r\u00fcn\u00fcr, eyni zamanda s\u00fcni effekt yaratm\u0131r.<\/p>\n<p>Linza g\u00f6zl\u0259 rahat uy\u011funla\u015f\u0131r, g\u00fcn boyu komfortlu istifad\u0259 t\u0259min edir v\u0259 g\u00f6zl\u0259rd\u0259 a\u011f\u0131rl\u0131q hissi yaratm\u0131r. T\u0259bii boz tonu h\u0259m a\u00e7\u0131q, h\u0259m d\u0259 t\u00fcnd g\u00f6z r\u0259ngl\u0259rind\u0259 estetik v\u0259 balansl\u0131 n\u0259tic\u0259 verir.<\/p>\n<p>G\u00fcnd\u0259lik istifad\u0259, x\u00fcsusi g\u00fcnl\u0259r, foto v\u0259 video \u00e7\u0259kili\u015fl\u0259r \u00fc\u00e7\u00fcn ideal se\u00e7imdir. Bax\u0131\u015flar\u0131nda f\u0259rq yaratmaq ist\u0259y\u0259nl\u0259r \u00fc\u00e7\u00fcn m\u00fck\u0259mm\u0259l alternativdir.<\/p>\n<p>\ud83d\udd38 \u0130stifad\u0259 Qaydas\u0131<\/p>\n<p>\u0130stifad\u0259d\u0259n \u0259vv\u0259l \u0259ll\u0259rinizi yuyun v\u0259 qurulay\u0131n. Linzan\u0131 linza m\u0259hlulu il\u0259 t\u0259mizl\u0259yib g\u00f6z\u0259 yerl\u0259\u015fdirin. Gec\u0259 yatmazdan \u0259vv\u0259l m\u00fctl\u0259q \u00e7\u0131xar\u0131n v\u0259 m\u0259hlulda saxlay\u0131n. Linzan\u0131 payla\u015fmay\u0131n. Q\u0131zart\u0131 v\u0259 narahatl\u0131q zaman\u0131 istifad\u0259ni dayand\u0131r\u0131n.<\/p>","protected":false},"excerpt":{"rendered":"<p>KSSEYE Blackspot Gray kontakt linza g\u00f6zl\u0259r\u0259 t\u0259bii boz r\u0259ng, d\u0259rin bax\u0131\u015f v\u0259 rahat istifad\u0259 imkan\u0131 yarad\u0131r. G\u00fcnd\u0259lik stil \u00fc\u00e7\u00fcn ideald\u0131r.<\/p>","protected":false},"featured_media":10278,"comment_status":"open","ping_status":"closed","template":"","meta":[],"pwb-brand":[469],"product_cat":[415],"product_tag":[439,422,440,459,420],"class_list":{"0":"post-10277","1":"product","2":"type-product","3":"status-publish","4":"has-post-thumbnail","6":"pwb-brand-ksseye","7":"product_cat-kosmetik-linza","8":"product_tag-cosmetics-lenses","9":"product_tag-gozlinzalari","10":"product_tag-kosmetik-lenslr","11":"product_tag-kosmetik-linzalar","12":"product_tag-linzasevgisi","15":"instock","16":"sale","17":"shipping-taxable","18":"purchasable","19":"product-type-simple"},"brands":[{"id":469,"name":"Ksseye","slug":"ksseye"}],"_links":{"self":[{"href":"https:\/\/axtarstore.com\/ru\/wp-json\/wp\/v2\/product\/10277"}],"collection":[{"href":"https:\/\/axtarstore.com\/ru\/wp-json\/wp\/v2\/product"}],"about":[{"href":"https:\/\/axtarstore.com\/ru\/wp-json\/wp\/v2\/types\/product"}],"replies":[{"embeddable":true,"href":"https:\/\/axtarstore.com\/ru\/wp-json\/wp\/v2\/comments?post=10277"}],"version-history":[{"count":3,"href":"https:\/\/axtarstore.com\/ru\/wp-json\/wp\/v2\/product\/10277\/revisions"}],"predecessor-version":[{"id":10921,"href":"https:\/\/axtarstore.com\/ru\/wp-json\/wp\/v2\/product\/10277\/revisions\/10921"}],"wp:featuredmedia":[{"embeddable":true,"href":"https:\/\/axtarstore.com\/ru\/wp-json\/wp\/v2\/media\/10278"}],"wp:attachment":[{"href":"https:\/\/axtarstore.com\/ru\/wp-json\/wp\/v2\/media?parent=10277"}],"wp:term":[{"taxonomy":"pwb-brand","embeddable":true,"href":"https:\/\/axtarstore.com\/ru\/wp-json\/wp\/v2\/pwb-brand?post=10277"},{"taxonomy":"product_cat","embeddable":true,"href":"https:\/\/axtarstore.com\/ru\/wp-json\/wp\/v2\/product_cat?post=10277"},{"taxonomy":"product_tag","embeddable":true,"href":"https:\/\/axtarstore.com\/ru\/wp-json\/wp\/v2\/product_tag?post=10277"}],"curies":[{"name":"wp","href":"https:\/\/api.w.org\/{rel}","templated":true}]}}