{"id":10271,"date":"2025-05-15T23:23:59","date_gmt":"2025-05-15T19:23:59","guid":{"rendered":"https:\/\/axtarstore.com\/?post_type=product&#038;p=10271"},"modified":"2026-01-26T23:26:59","modified_gmt":"2026-01-26T19:26:59","slug":"deadly-shark-power-14000-delay-spray","status":"publish","type":"product","link":"https:\/\/axtarstore.com\/ru\/product\/deadly-shark-power-14000-delay-spray\/","title":{"rendered":"Deadly Shark 14000 Delay Spray gecikdirici sprey &#8211; Uzunm\u00fcdd\u0259tli N\u0259zar\u0259t v\u0259 G\u00fcc!"},"content":{"rendered":"<p>Deadly Shark Power 14000 Delay Spray ki\u015fil\u0259r \u00fc\u00e7\u00fcn haz\u0131rlanm\u0131\u015f x\u00fcsusi bax\u0131m m\u0259hsuludur. Vitamin E il\u0259 z\u0259ngin t\u0259rkibi d\u0259rini qoruma\u011fa v\u0259 istifad\u0259ni daha komfortlu etm\u0259y\u0259 k\u00f6m\u0259k edir.<\/p>\n<p>Spray istifad\u0259si zaman\u0131 daha rahat n\u0259zar\u0259t hissi yaratma\u011f\u0131 v\u0259 performans\u0131 d\u0259st\u0259kl\u0259m\u0259yi h\u0259d\u0259fl\u0259yir. Y\u00fcng\u00fcl teksturas\u0131 tez hopur, yap\u0131\u015fqan hiss yaratm\u0131r v\u0259 istifad\u0259si asand\u0131r.<\/p>\n<p>\u00d6z\u00fcn\u0259 inam\u0131n\u0131 art\u0131rmaq v\u0259 daha rahat t\u0259cr\u00fcb\u0259 \u0259ld\u0259 etm\u0259k ist\u0259y\u0259nl\u0259r \u00fc\u00e7\u00fcn uy\u011fun se\u00e7imdir. Ev \u015f\u0259raitind\u0259 istifad\u0259 \u00fc\u00e7\u00fcn n\u0259z\u0259rd\u0259 tutulmu\u015fdur. 18+ istifad\u0259 \u00fc\u00e7\u00fcnd\u00fcr.<\/p>\n<p>\ud83d\udd38 \u0130stifad\u0259 Qaydas\u0131<\/p>\n<p>\u0130stifad\u0259d\u0259n \u0259vv\u0259l \u015f\u00fc\u015f\u0259ni y\u00fcng\u00fclc\u0259 \u00e7alxalay\u0131n. T\u0259miz v\u0259 quru d\u0259riy\u0259 1\u20133 p\u00fcsk\u00fcrtm\u0259 edin. 10\u201315 d\u0259qiq\u0259 g\u00f6zl\u0259dikd\u0259n sonra art\u0131q miqdar\u0131 yum\u015faq par\u00e7a il\u0259 silm\u0259k t\u00f6vsiy\u0259 olunur. \u0130stifad\u0259d\u0259n sonra \u0259ll\u0259rinizi yuyun. G\u00f6zl\u0259 t\u0259masdan qa\u00e7\u0131n\u0131n. H\u0259ssasl\u0131q yaranarsa istifad\u0259ni dayand\u0131r\u0131n.<\/p>","protected":false},"excerpt":{"rendered":"<p>Deadly Shark Delay Spray performans\u0131 d\u0259st\u0259kl\u0259m\u0259y\u0259 k\u00f6m\u0259k edir, uzunm\u00fcdd\u0259tli t\u0259sir v\u0259 daha rahat n\u0259zar\u0259t hissi yarad\u0131r.<\/p>","protected":false},"featured_media":10272,"comment_status":"open","ping_status":"closed","template":"","meta":[],"pwb-brand":[],"product_cat":[218,217],"product_tag":[435,468],"class_list":{"0":"post-10271","1":"product","2":"type-product","3":"status-publish","4":"has-post-thumbnail","6":"product_cat-gecikdirici-sprey","7":"product_cat-kisi-mhsullari","8":"product_tag-delay-spray","9":"product_tag-gecikdirici-sprey","10":"pa_size-40ml","13":"instock","14":"sale","15":"shipping-taxable","16":"purchasable","17":"product-type-simple"},"brands":[],"_links":{"self":[{"href":"https:\/\/axtarstore.com\/ru\/wp-json\/wp\/v2\/product\/10271"}],"collection":[{"href":"https:\/\/axtarstore.com\/ru\/wp-json\/wp\/v2\/product"}],"about":[{"href":"https:\/\/axtarstore.com\/ru\/wp-json\/wp\/v2\/types\/product"}],"replies":[{"embeddable":true,"href":"https:\/\/axtarstore.com\/ru\/wp-json\/wp\/v2\/comments?post=10271"}],"version-history":[{"count":3,"href":"https:\/\/axtarstore.com\/ru\/wp-json\/wp\/v2\/product\/10271\/revisions"}],"predecessor-version":[{"id":10923,"href":"https:\/\/axtarstore.com\/ru\/wp-json\/wp\/v2\/product\/10271\/revisions\/10923"}],"wp:featuredmedia":[{"embeddable":true,"href":"https:\/\/axtarstore.com\/ru\/wp-json\/wp\/v2\/media\/10272"}],"wp:attachment":[{"href":"https:\/\/axtarstore.com\/ru\/wp-json\/wp\/v2\/media?parent=10271"}],"wp:term":[{"taxonomy":"pwb-brand","embeddable":true,"href":"https:\/\/axtarstore.com\/ru\/wp-json\/wp\/v2\/pwb-brand?post=10271"},{"taxonomy":"product_cat","embeddable":true,"href":"https:\/\/axtarstore.com\/ru\/wp-json\/wp\/v2\/product_cat?post=10271"},{"taxonomy":"product_tag","embeddable":true,"href":"https:\/\/axtarstore.com\/ru\/wp-json\/wp\/v2\/product_tag?post=10271"}],"curies":[{"name":"wp","href":"https:\/\/api.w.org\/{rel}","templated":true}]}}