{"id":10267,"date":"2025-05-15T23:16:49","date_gmt":"2025-05-15T19:16:49","guid":{"rendered":"https:\/\/axtarstore.com\/?post_type=product&#038;p=10267"},"modified":"2026-01-26T23:29:17","modified_gmt":"2026-01-26T19:29:17","slug":"arena-gold-organics-chamomile-oil","status":"publish","type":"product","link":"https:\/\/axtarstore.com\/ru\/product\/arena-gold-organics-chamomile-oil\/","title":{"rendered":"Arena Gold Chamomile Oil &#8211; T\u0259bii D\u0259ri v\u0259 Sa\u00e7 Bax\u0131m\u0131!"},"content":{"rendered":"<p>Arena Gold Organics Chamomile Oil \u00e7obanyast\u0131\u011f\u0131 bitkisind\u0259n \u0259ld\u0259 edil\u0259n t\u0259bii bax\u0131m ya\u011f\u0131d\u0131r. Sakitl\u0259\u015fdirici v\u0259 yum\u015fald\u0131c\u0131 x\u00fcsusiyy\u0259tl\u0259ri say\u0259sind\u0259 x\u00fcsusil\u0259 h\u0259ssas v\u0259 quru d\u0259ri \u00fc\u00e7\u00fcn ideal se\u00e7imdir.<\/p>\n<p>D\u0259riy\u0259 t\u0259tbiq edildikd\u0259 q\u0131zart\u0131 v\u0259 quruluq hissini azaltma\u011fa, d\u0259rini rahatla\u015fd\u0131rma\u011fa v\u0259 daha balansl\u0131 g\u00f6r\u00fcn\u00fc\u015f qazand\u0131rma\u011fa k\u00f6m\u0259k edir. Sa\u00e7 \u00fc\u00e7\u00fcn istifad\u0259 zaman\u0131 sa\u00e7 tell\u0259rini yum\u015fald\u0131r, sa\u00e7 d\u0259risini rahatlad\u0131r v\u0259 sa\u00e7lara t\u0259bii parlaql\u0131q verir.<\/p>\n<p>Y\u00fcng\u00fcl teksturas\u0131 tez hopur v\u0259 g\u00fcnd\u0259lik istifad\u0259 \u00fc\u00e7\u00fcn uy\u011fundur. \u00dcz, b\u0259d\u0259n v\u0259 sa\u00e7 bax\u0131m\u0131nda istifad\u0259 oluna bil\u0259r. T\u0259bii v\u0259 z\u0259rif bax\u0131m\u0131 sev\u0259nl\u0259r \u00fc\u00e7\u00fcn m\u00fck\u0259mm\u0259l se\u00e7imdir.<\/p>\n<p>\ud83d\udd38 \u0130stifad\u0259 Qaydas\u0131<\/p>\n<p>T\u0259miz d\u0259ri v\u0259 ya sa\u00e7a bir ne\u00e7\u0259 damc\u0131 Chamomile Oil t\u0259tbiq edin. Yum\u015faq masaj h\u0259r\u0259k\u0259tl\u0259ri il\u0259 hopmas\u0131n\u0131 t\u0259min edin. \u00dcz v\u0259 b\u0259d\u0259n \u00fc\u00e7\u00fcn g\u00fcnd\u0259 1\u20132 d\u0259f\u0259, sa\u00e7 \u00fc\u00e7\u00fcn is\u0259 yuyulmadan \u0259vv\u0259l v\u0259 ya sonra bax\u0131m m\u0259qs\u0259dil\u0259 istifad\u0259 oluna bil\u0259r. H\u0259ssas d\u0259ril\u0259r \u00fc\u00e7\u00fcn ilk istifad\u0259d\u0259 ki\u00e7ik sah\u0259d\u0259 test edilm\u0259si t\u00f6vsiy\u0259 olunur.<\/p>","protected":false},"excerpt":{"rendered":"<p>Chamomile Oil d\u0259rini sakitl\u0259\u015fdirir, n\u0259ml\u0259ndirir v\u0259 sa\u00e7lara yum\u015faql\u0131q verir. H\u0259ssas d\u0259ri \u00fc\u00e7\u00fcn t\u0259bii bax\u0131m ya\u011f\u0131d\u0131r.<\/p>","protected":false},"featured_media":10268,"comment_status":"open","ping_status":"closed","template":"","meta":[],"pwb-brand":[163],"product_cat":[129,126,135,427,127,144],"product_tag":[300,333,293,308,331,437,431,442,418],"class_list":{"0":"post-10267","1":"product","2":"type-product","3":"status-publish","4":"has-post-thumbnail","6":"pwb-brand-arena-gold","7":"product_cat-beden-baximi","8":"product_cat-haircare","9":"product_cat-oil","10":"product_cat-tbii-yaglar","11":"product_cat-face-care","12":"product_cat-face-vitamins","13":"product_tag-bodycare","14":"product_tag-face-moisturiser","15":"product_tag-facecare","16":"product_tag-haircare","17":"product_tag-moisturizer","18":"product_tag-natural-oils","19":"product_tag-tbii-yaglar","20":"product_tag-uz","21":"product_tag-uzbaximi","22":"pa_size-30ml","25":"instock","26":"sale","27":"shipping-taxable","28":"purchasable","29":"product-type-simple"},"brands":[{"id":163,"name":"Arena Gold","slug":"arena-gold"}],"_links":{"self":[{"href":"https:\/\/axtarstore.com\/ru\/wp-json\/wp\/v2\/product\/10267"}],"collection":[{"href":"https:\/\/axtarstore.com\/ru\/wp-json\/wp\/v2\/product"}],"about":[{"href":"https:\/\/axtarstore.com\/ru\/wp-json\/wp\/v2\/types\/product"}],"replies":[{"embeddable":true,"href":"https:\/\/axtarstore.com\/ru\/wp-json\/wp\/v2\/comments?post=10267"}],"version-history":[{"count":3,"href":"https:\/\/axtarstore.com\/ru\/wp-json\/wp\/v2\/product\/10267\/revisions"}],"predecessor-version":[{"id":10925,"href":"https:\/\/axtarstore.com\/ru\/wp-json\/wp\/v2\/product\/10267\/revisions\/10925"}],"wp:featuredmedia":[{"embeddable":true,"href":"https:\/\/axtarstore.com\/ru\/wp-json\/wp\/v2\/media\/10268"}],"wp:attachment":[{"href":"https:\/\/axtarstore.com\/ru\/wp-json\/wp\/v2\/media?parent=10267"}],"wp:term":[{"taxonomy":"pwb-brand","embeddable":true,"href":"https:\/\/axtarstore.com\/ru\/wp-json\/wp\/v2\/pwb-brand?post=10267"},{"taxonomy":"product_cat","embeddable":true,"href":"https:\/\/axtarstore.com\/ru\/wp-json\/wp\/v2\/product_cat?post=10267"},{"taxonomy":"product_tag","embeddable":true,"href":"https:\/\/axtarstore.com\/ru\/wp-json\/wp\/v2\/product_tag?post=10267"}],"curies":[{"name":"wp","href":"https:\/\/api.w.org\/{rel}","templated":true}]}}