{"id":10254,"date":"2025-05-14T01:00:20","date_gmt":"2025-05-13T21:00:20","guid":{"rendered":"https:\/\/axtarstore.com\/?post_type=product&#038;p=10254"},"modified":"2026-01-26T23:55:16","modified_gmt":"2026-01-26T19:55:16","slug":"due-saffron-whitening-face-wash","status":"publish","type":"product","link":"https:\/\/axtarstore.com\/ru\/product\/due-saffron-whitening-face-wash\/","title":{"rendered":"Due Saffron Whitening Face Wash \u2013 Parlaq v\u0259 Sa\u011flam D\u0259ri \u00dc\u00e7\u00fcn"},"content":{"rendered":"<p>Due Saffron Whitening Face Wash z\u0259f\u0259ran (saffron) t\u0259rkibli x\u00fcsusi formulu il\u0259 d\u0259rini g\u00fcnd\u0259lik \u00e7irkl\u0259rd\u0259n v\u0259 art\u0131q ya\u011fdan t\u0259mizl\u0259m\u0259k \u00fc\u00e7\u00fcn haz\u0131rlanm\u0131\u015fd\u0131r. D\u0259rinin daha parlaq, t\u0259rav\u0259tli v\u0259 ayd\u0131n g\u00f6r\u00fcnm\u0259sin\u0259 k\u00f6m\u0259k edir.<\/p>\n<p>Yum\u015faq t\u0259mizl\u0259yici t\u0259siri d\u0259rinin t\u0259bii balans\u0131n\u0131 qoruyur, quruluq hissi yaratmadan t\u0259mizl\u0259m\u0259 t\u0259min edir. M\u00fcnt\u0259z\u0259m istifad\u0259 zaman\u0131 d\u0259ri tonu daha b\u0259rab\u0259r g\u00f6r\u00fcn\u00fcr, d\u0259ri daha canl\u0131 v\u0259 hamar hiss olunur.<\/p>\n<p>B\u00fct\u00fcn d\u0259ri tipl\u0259ri \u00fc\u00e7\u00fcn uy\u011fundur v\u0259 g\u00fcnd\u0259lik \u00fcz bax\u0131m rutinin\u0259 rahatl\u0131qla daxil edilir. Daha saf v\u0259 i\u015f\u0131ql\u0131 d\u0259ri ist\u0259y\u0259nl\u0259r \u00fc\u00e7\u00fcn ideal se\u00e7imdir.<\/p>\n<p>\ud83d\udd38 \u0130stifad\u0259 Qaydas\u0131<\/p>\n<p>Az miqdarda Face Wash-\u0131 n\u0259m \u00fcz d\u0259risin\u0259 t\u0259tbiq edin. Dair\u0259vi h\u0259r\u0259k\u0259tl\u0259rl\u0259 yum\u015faq masaj edin v\u0259 bol su il\u0259 yuyun. G\u00fcnd\u0259 1\u20132 d\u0259f\u0259, s\u0259h\u0259r v\u0259 ax\u015fam istifad\u0259 oluna bil\u0259r. G\u00f6zl\u0259 birba\u015fa t\u0259masdan qa\u00e7\u0131n\u0131n.<\/p>","protected":false},"excerpt":{"rendered":"<p>Saffron t\u0259rkibli face wash d\u0259rini d\u0259rind\u0259n t\u0259mizl\u0259yir, parlaql\u0131q verir v\u0259 daha ayd\u0131n, t\u0259rav\u0259tli d\u0259ri g\u00f6r\u00fcn\u00fc\u015f\u00fc yarad\u0131r.<\/p>","protected":false},"featured_media":10255,"comment_status":"open","ping_status":"closed","template":"","meta":[],"pwb-brand":[169],"product_cat":[149,127,147],"product_tag":[296,323,293,318,319,324,418,297],"class_list":{"0":"post-10254","1":"product","2":"type-product","3":"status-publish","4":"has-post-thumbnail","6":"pwb-brand-due","7":"product_cat-makeup-remover","8":"product_cat-face-care","9":"product_cat-face-wash","10":"product_tag-darkspots","11":"product_tag-face-wash","12":"product_tag-facecare","13":"product_tag-freckles","14":"product_tag-uz-lklri","15":"product_tag-uz-yuma-gell","16":"product_tag-uzbaximi","17":"product_tag-whitening","18":"pa_size-60ml","21":"instock","22":"sale","23":"shipping-taxable","24":"purchasable","25":"product-type-simple"},"brands":[{"id":169,"name":"Due","slug":"due"}],"_links":{"self":[{"href":"https:\/\/axtarstore.com\/ru\/wp-json\/wp\/v2\/product\/10254"}],"collection":[{"href":"https:\/\/axtarstore.com\/ru\/wp-json\/wp\/v2\/product"}],"about":[{"href":"https:\/\/axtarstore.com\/ru\/wp-json\/wp\/v2\/types\/product"}],"replies":[{"embeddable":true,"href":"https:\/\/axtarstore.com\/ru\/wp-json\/wp\/v2\/comments?post=10254"}],"version-history":[{"count":3,"href":"https:\/\/axtarstore.com\/ru\/wp-json\/wp\/v2\/product\/10254\/revisions"}],"predecessor-version":[{"id":10933,"href":"https:\/\/axtarstore.com\/ru\/wp-json\/wp\/v2\/product\/10254\/revisions\/10933"}],"wp:featuredmedia":[{"embeddable":true,"href":"https:\/\/axtarstore.com\/ru\/wp-json\/wp\/v2\/media\/10255"}],"wp:attachment":[{"href":"https:\/\/axtarstore.com\/ru\/wp-json\/wp\/v2\/media?parent=10254"}],"wp:term":[{"taxonomy":"pwb-brand","embeddable":true,"href":"https:\/\/axtarstore.com\/ru\/wp-json\/wp\/v2\/pwb-brand?post=10254"},{"taxonomy":"product_cat","embeddable":true,"href":"https:\/\/axtarstore.com\/ru\/wp-json\/wp\/v2\/product_cat?post=10254"},{"taxonomy":"product_tag","embeddable":true,"href":"https:\/\/axtarstore.com\/ru\/wp-json\/wp\/v2\/product_tag?post=10254"}],"curies":[{"name":"wp","href":"https:\/\/api.w.org\/{rel}","templated":true}]}}