{"id":10245,"date":"2025-05-14T00:43:28","date_gmt":"2025-05-13T20:43:28","guid":{"rendered":"https:\/\/axtarstore.com\/?post_type=product&#038;p=10245"},"modified":"2026-01-26T23:59:38","modified_gmt":"2026-01-26T19:59:38","slug":"arena-gold-organics-green-tea-oil","status":"publish","type":"product","link":"https:\/\/axtarstore.com\/ru\/product\/arena-gold-organics-green-tea-oil\/","title":{"rendered":"Arena Gold Green Tea Oil \u2013 T\u0259bii D\u0259ri v\u0259 Sa\u00e7 Bax\u0131m"},"content":{"rendered":"<p>Arena Gold Organics Green Tea Oil ya\u015f\u0131l \u00e7ay ekstrakt\u0131ndan \u0259ld\u0259 edil\u0259n t\u0259bii bax\u0131m ya\u011f\u0131d\u0131r. G\u00fccl\u00fc antioksidant t\u0259rkibi say\u0259sind\u0259 d\u0259rini xarici t\u0259sirl\u0259rd\u0259n qoruma\u011fa v\u0259 daha sa\u011flam g\u00f6r\u00fcn\u00fc\u015f qazand\u0131rma\u011fa k\u00f6m\u0259k edir.<\/p>\n<p>D\u0259riy\u0259 t\u0259tbiq edildikd\u0259 d\u0259rini sakitl\u0259\u015fdirir, ya\u011f balans\u0131n\u0131 qoruma\u011fa d\u0259st\u0259k olur v\u0259 daha t\u0259miz, canl\u0131 g\u00f6r\u00fcn\u00fc\u015f yarad\u0131r. Sa\u00e7 \u00fc\u00e7\u00fcn istifad\u0259 zaman\u0131 sa\u00e7 d\u0259risini qidaland\u0131r\u0131r, sa\u00e7 tell\u0259rini m\u00f6hk\u0259ml\u0259ndirm\u0259y\u0259 v\u0259 daha parlaq g\u00f6r\u00fcn\u00fc\u015f \u0259ld\u0259 etm\u0259y\u0259 k\u00f6m\u0259k edir.<\/p>\n<p>Y\u00fcng\u00fcl teksturas\u0131 tez hopur v\u0259 g\u00fcnd\u0259lik istifad\u0259 \u00fc\u00e7\u00fcn uy\u011fundur. \u00dcz, b\u0259d\u0259n v\u0259 sa\u00e7 bax\u0131m\u0131nda rahatl\u0131qla istifad\u0259 oluna bil\u0259r. T\u0259bii v\u0259 qoruyucu bax\u0131m\u0131 sev\u0259nl\u0259r \u00fc\u00e7\u00fcn ideal se\u00e7imdir.<\/p>\n<p>\ud83d\udd38 \u0130stifad\u0259 Qaydas\u0131<\/p>\n<p>T\u0259miz d\u0259ri v\u0259 ya sa\u00e7a bir ne\u00e7\u0259 damc\u0131 Green Tea Oil t\u0259tbiq edin. Yum\u015faq masaj h\u0259r\u0259k\u0259tl\u0259ri il\u0259 hopmas\u0131n\u0131 t\u0259min edin. \u00dcz v\u0259 b\u0259d\u0259n \u00fc\u00e7\u00fcn g\u00fcnd\u0259 1\u20132 d\u0259f\u0259, sa\u00e7 \u00fc\u00e7\u00fcn is\u0259 yuyulmadan \u0259vv\u0259l maska kimi v\u0259 ya yuyulduqdan sonra bax\u0131m m\u0259qs\u0259dil\u0259 istifad\u0259 oluna bil\u0259r. G\u00f6zl\u0259 t\u0259masdan qa\u00e7\u0131n\u0131n.<\/p>","protected":false},"excerpt":{"rendered":"<p>Green Tea Oil d\u0259rini v\u0259 sa\u00e7\u0131 qidaland\u0131r\u0131r, sakitl\u0259\u015fdirir v\u0259 daha balansl\u0131, sa\u011flam g\u00f6r\u00fcn\u00fc\u015f \u0259ld\u0259 etm\u0259y\u0259 k\u00f6m\u0259k edir.<\/p>","protected":false},"featured_media":10246,"comment_status":"open","ping_status":"closed","template":"","meta":[],"pwb-brand":[163],"product_cat":[129,126,138,135,427,127,144],"product_tag":[294,293,308,425,437,431,319,418],"class_list":{"0":"post-10245","1":"product","2":"type-product","3":"status-publish","4":"has-post-thumbnail","6":"pwb-brand-arena-gold","7":"product_cat-beden-baximi","8":"product_cat-haircare","9":"product_cat-vitamins","10":"product_cat-oil","11":"product_cat-tbii-yaglar","12":"product_cat-face-care","13":"product_cat-face-vitamins","14":"product_tag-face","15":"product_tag-facecare","16":"product_tag-haircare","17":"product_tag-healthyhair","18":"product_tag-natural-oils","19":"product_tag-tbii-yaglar","20":"product_tag-uz-lklri","21":"product_tag-uzbaximi","22":"pa_size-30ml","25":"instock","26":"sale","27":"shipping-taxable","28":"purchasable","29":"product-type-simple"},"brands":[{"id":163,"name":"Arena Gold","slug":"arena-gold"}],"_links":{"self":[{"href":"https:\/\/axtarstore.com\/ru\/wp-json\/wp\/v2\/product\/10245"}],"collection":[{"href":"https:\/\/axtarstore.com\/ru\/wp-json\/wp\/v2\/product"}],"about":[{"href":"https:\/\/axtarstore.com\/ru\/wp-json\/wp\/v2\/types\/product"}],"replies":[{"embeddable":true,"href":"https:\/\/axtarstore.com\/ru\/wp-json\/wp\/v2\/comments?post=10245"}],"version-history":[{"count":3,"href":"https:\/\/axtarstore.com\/ru\/wp-json\/wp\/v2\/product\/10245\/revisions"}],"predecessor-version":[{"id":10937,"href":"https:\/\/axtarstore.com\/ru\/wp-json\/wp\/v2\/product\/10245\/revisions\/10937"}],"wp:featuredmedia":[{"embeddable":true,"href":"https:\/\/axtarstore.com\/ru\/wp-json\/wp\/v2\/media\/10246"}],"wp:attachment":[{"href":"https:\/\/axtarstore.com\/ru\/wp-json\/wp\/v2\/media?parent=10245"}],"wp:term":[{"taxonomy":"pwb-brand","embeddable":true,"href":"https:\/\/axtarstore.com\/ru\/wp-json\/wp\/v2\/pwb-brand?post=10245"},{"taxonomy":"product_cat","embeddable":true,"href":"https:\/\/axtarstore.com\/ru\/wp-json\/wp\/v2\/product_cat?post=10245"},{"taxonomy":"product_tag","embeddable":true,"href":"https:\/\/axtarstore.com\/ru\/wp-json\/wp\/v2\/product_tag?post=10245"}],"curies":[{"name":"wp","href":"https:\/\/api.w.org\/{rel}","templated":true}]}}