{"id":10238,"date":"2025-05-14T00:24:34","date_gmt":"2025-05-13T20:24:34","guid":{"rendered":"https:\/\/axtarstore.com\/?post_type=product&#038;p=10238"},"modified":"2026-01-27T00:04:28","modified_gmt":"2026-01-26T20:04:28","slug":"ilham-fenugreek-natural-oil","status":"publish","type":"product","link":"https:\/\/axtarstore.com\/ru\/product\/ilham-fenugreek-natural-oil\/","title":{"rendered":"Ilham Fenugreek Natural Oil \u2013 T\u0259bii D\u0259ri v\u0259 Sa\u00e7 Bax\u0131m\u0131"},"content":{"rendered":"<p>Ilham Fenugreek Natural Oil hilb\u0259 toxumlar\u0131ndan \u0259ld\u0259 edil\u0259n t\u0259bii bax\u0131m ya\u011f\u0131d\u0131r. Qidaland\u0131r\u0131c\u0131 v\u0259 g\u00fccl\u0259ndirici x\u00fcsusiyy\u0259tl\u0259ri say\u0259sind\u0259 d\u0259rinin v\u0259 sa\u00e7\u0131n ehtiyac duydu\u011fu t\u0259bii bax\u0131m\u0131 t\u0259min etm\u0259y\u0259 k\u00f6m\u0259k edir.<\/p>\n<p>D\u0259riy\u0259 t\u0259tbiq edildikd\u0259 d\u0259rini yum\u015fald\u0131r, n\u0259ml\u0259ndirir v\u0259 daha balansl\u0131 g\u00f6r\u00fcn\u00fc\u015f qazand\u0131rma\u011fa d\u0259st\u0259k olur. Sa\u00e7 \u00fc\u00e7\u00fcn istifad\u0259 zaman\u0131 sa\u00e7 k\u00f6kl\u0259rini qidaland\u0131r\u0131r, sa\u00e7\u0131n daha g\u00fccl\u00fc, dol\u011fun v\u0259 sa\u011flam g\u00f6r\u00fcnm\u0259sin\u0259 k\u00f6m\u0259k edir.<\/p>\n<p>M\u00fcnt\u0259z\u0259m istifad\u0259 sa\u00e7 v\u0259 d\u0259ri bax\u0131m\u0131nda daha n\u0259z\u0259r\u0259\u00e7arpan n\u0259tic\u0259 \u0259ld\u0259 etm\u0259y\u0259 yard\u0131m edir. \u00dcz, b\u0259d\u0259n v\u0259 sa\u00e7 bax\u0131m\u0131 \u00fc\u00e7\u00fcn uy\u011fundur. T\u0259bii v\u0259 \u0259n\u0259n\u0259vi bax\u0131m\u0131 sev\u0259nl\u0259r \u00fc\u00e7\u00fcn ideal se\u00e7imdir.<\/p>\n<p>\ud83d\udd38 \u0130stifad\u0259 Qaydas\u0131<\/p>\n<p>T\u0259miz d\u0259ri v\u0259 ya sa\u00e7a bir ne\u00e7\u0259 damc\u0131 Fenugreek Oil t\u0259tbiq edin. Yum\u015faq masaj h\u0259r\u0259k\u0259tl\u0259ri il\u0259 hopmas\u0131n\u0131 t\u0259min edin. \u00dcz v\u0259 b\u0259d\u0259n \u00fc\u00e7\u00fcn g\u00fcnd\u0259 1\u20132 d\u0259f\u0259, sa\u00e7 \u00fc\u00e7\u00fcn is\u0259 yuyulmadan \u0259vv\u0259l maska kimi v\u0259 ya yuyulduqdan sonra bax\u0131m m\u0259qs\u0259dil\u0259 istifad\u0259 oluna bil\u0259r. G\u00f6zl\u0259 t\u0259masdan qa\u00e7\u0131n\u0131n.<\/p>","protected":false},"excerpt":{"rendered":"<p>Fenugreek Oil d\u0259rini v\u0259 sa\u00e7\u0131 qidaland\u0131r\u0131r, m\u00f6hk\u0259ml\u0259ndirir v\u0259 daha canl\u0131, sa\u011flam g\u00f6r\u00fcn\u00fc\u015f \u0259ld\u0259 etm\u0259y\u0259 k\u00f6m\u0259k edir. T\u0259bii bax\u0131m \u00fc\u00e7\u00fcn uy\u011fundur.<\/p>","protected":false},"featured_media":10239,"comment_status":"open","ping_status":"closed","template":"","meta":[],"pwb-brand":[181],"product_cat":[129,126,138,135,427,127,144],"product_tag":[333,293,331,437,417,421,431,418],"class_list":{"0":"post-10238","1":"product","2":"type-product","3":"status-publish","4":"has-post-thumbnail","6":"pwb-brand-ilham","7":"product_cat-beden-baximi","8":"product_cat-haircare","9":"product_cat-vitamins","10":"product_cat-oil","11":"product_cat-tbii-yaglar","12":"product_cat-face-care","13":"product_cat-face-vitamins","14":"product_tag-face-moisturiser","15":"product_tag-facecare","16":"product_tag-moisturizer","17":"product_tag-natural-oils","18":"product_tag-sacbaximi","19":"product_tag-sacqullugu","20":"product_tag-tbii-yaglar","21":"product_tag-uzbaximi","22":"pa_size-30ml","25":"instock","26":"sale","27":"shipping-taxable","28":"purchasable","29":"product-type-simple"},"brands":[{"id":181,"name":"\u0130lham","slug":"ilham"}],"_links":{"self":[{"href":"https:\/\/axtarstore.com\/ru\/wp-json\/wp\/v2\/product\/10238"}],"collection":[{"href":"https:\/\/axtarstore.com\/ru\/wp-json\/wp\/v2\/product"}],"about":[{"href":"https:\/\/axtarstore.com\/ru\/wp-json\/wp\/v2\/types\/product"}],"replies":[{"embeddable":true,"href":"https:\/\/axtarstore.com\/ru\/wp-json\/wp\/v2\/comments?post=10238"}],"version-history":[{"count":3,"href":"https:\/\/axtarstore.com\/ru\/wp-json\/wp\/v2\/product\/10238\/revisions"}],"predecessor-version":[{"id":10941,"href":"https:\/\/axtarstore.com\/ru\/wp-json\/wp\/v2\/product\/10238\/revisions\/10941"}],"wp:featuredmedia":[{"embeddable":true,"href":"https:\/\/axtarstore.com\/ru\/wp-json\/wp\/v2\/media\/10239"}],"wp:attachment":[{"href":"https:\/\/axtarstore.com\/ru\/wp-json\/wp\/v2\/media?parent=10238"}],"wp:term":[{"taxonomy":"pwb-brand","embeddable":true,"href":"https:\/\/axtarstore.com\/ru\/wp-json\/wp\/v2\/pwb-brand?post=10238"},{"taxonomy":"product_cat","embeddable":true,"href":"https:\/\/axtarstore.com\/ru\/wp-json\/wp\/v2\/product_cat?post=10238"},{"taxonomy":"product_tag","embeddable":true,"href":"https:\/\/axtarstore.com\/ru\/wp-json\/wp\/v2\/product_tag?post=10238"}],"curies":[{"name":"wp","href":"https:\/\/api.w.org\/{rel}","templated":true}]}}