{"id":10233,"date":"2025-05-14T00:19:44","date_gmt":"2025-05-13T20:19:44","guid":{"rendered":"https:\/\/axtarstore.com\/?post_type=product&#038;p=10233"},"modified":"2026-01-27T00:07:02","modified_gmt":"2026-01-26T20:07:02","slug":"arena-gold-organics-grapefruit-oil","status":"publish","type":"product","link":"https:\/\/axtarstore.com\/ru\/product\/arena-gold-organics-grapefruit-oil\/","title":{"rendered":"Arena Gold Grapefruit Oil \u2013 T\u0259bii D\u0259ri v\u0259 Sa\u00e7 Bax\u0131m\u0131"},"content":{"rendered":"<p>Arena Gold Organics Grapefruit Oil qreypfrut meyv\u0259sind\u0259n \u0259ld\u0259 edil\u0259n t\u0259bii bax\u0131m ya\u011f\u0131d\u0131r. Canland\u0131r\u0131c\u0131 v\u0259 t\u0259rav\u0259tl\u0259ndirici x\u00fcsusiyy\u0259tl\u0259ri say\u0259sind\u0259 d\u0259rinin v\u0259 sa\u00e7\u0131n g\u00fcnd\u0259lik bax\u0131m ehtiyaclar\u0131n\u0131 qar\u015f\u0131lama\u011fa k\u00f6m\u0259k edir.<\/p>\n<p>D\u0259riy\u0259 t\u0259tbiq edildikd\u0259 d\u0259rini t\u0259rav\u0259tl\u0259ndirir, ya\u011f balans\u0131n\u0131 qoruma\u011fa d\u0259st\u0259k olur v\u0259 daha ayd\u0131n d\u0259ri tonu \u0259ld\u0259 etm\u0259y\u0259 k\u00f6m\u0259k edir. Sa\u00e7 \u00fc\u00e7\u00fcn istifad\u0259 zaman\u0131 sa\u00e7 tell\u0259rini qidaland\u0131r\u0131r, sa\u00e7\u0131n daha parlaq v\u0259 canl\u0131 g\u00f6r\u00fcnm\u0259sin\u0259 d\u0259st\u0259k verir.<\/p>\n<p>T\u0259bii aromas\u0131 il\u0259 istifad\u0259 zaman\u0131 rahatlad\u0131c\u0131 v\u0259 enerji ver\u0259n hiss yarad\u0131r. \u00dcz, b\u0259d\u0259n v\u0259 sa\u00e7 bax\u0131m\u0131nda istifad\u0259 oluna bil\u0259r. Canl\u0131 v\u0259 t\u0259rav\u0259tli bax\u0131m\u0131 sev\u0259nl\u0259r \u00fc\u00e7\u00fcn ideal se\u00e7imdir.<\/p>\n<p>\ud83d\udd38 \u0130stifad\u0259 Qaydas\u0131<\/p>\n<p>T\u0259miz d\u0259ri v\u0259 ya sa\u00e7a bir ne\u00e7\u0259 damc\u0131 Grapefruit Oil t\u0259tbiq edin. Yum\u015faq masaj h\u0259r\u0259k\u0259tl\u0259ri il\u0259 hopmas\u0131n\u0131 t\u0259min edin. \u00dcz v\u0259 b\u0259d\u0259n \u00fc\u00e7\u00fcn g\u00fcnd\u0259 1 d\u0259f\u0259, sa\u00e7 \u00fc\u00e7\u00fcn is\u0259 yuyulmadan \u0259vv\u0259l maska kimi v\u0259 ya yuyulduqdan sonra bax\u0131m m\u0259qs\u0259dil\u0259 istifad\u0259 oluna bil\u0259r. G\u00fcn\u0259\u015f\u0259 \u00e7\u0131xmazdan \u0259vv\u0259l istifad\u0259 etm\u0259yin.<\/p>","protected":false},"excerpt":{"rendered":"<p>Grapefruit Oil d\u0259rini v\u0259 sa\u00e7\u0131 qidaland\u0131r\u0131r, canland\u0131r\u0131r v\u0259 daha t\u0259rav\u0259tli, parlaq g\u00f6r\u00fcn\u00fc\u015f \u0259ld\u0259 etm\u0259y\u0259 k\u00f6m\u0259k edir.<\/p>","protected":false},"featured_media":10234,"comment_status":"open","ping_status":"closed","template":"","meta":[],"pwb-brand":[163],"product_cat":[129,126,138,135,127,144],"product_tag":[308,425,437,417,421,431,319,332,418],"class_list":{"0":"post-10233","1":"product","2":"type-product","3":"status-publish","4":"has-post-thumbnail","6":"pwb-brand-arena-gold","7":"product_cat-beden-baximi","8":"product_cat-haircare","9":"product_cat-vitamins","10":"product_cat-oil","11":"product_cat-face-care","12":"product_cat-face-vitamins","13":"product_tag-haircare","14":"product_tag-healthyhair","15":"product_tag-natural-oils","16":"product_tag-sacbaximi","17":"product_tag-sacqullugu","18":"product_tag-tbii-yaglar","19":"product_tag-uz-lklri","20":"product_tag-uz-nmlndiricisi","21":"product_tag-uzbaximi","22":"pa_size-30ml","25":"instock","26":"sale","27":"shipping-taxable","28":"purchasable","29":"product-type-simple"},"brands":[{"id":163,"name":"Arena Gold","slug":"arena-gold"}],"_links":{"self":[{"href":"https:\/\/axtarstore.com\/ru\/wp-json\/wp\/v2\/product\/10233"}],"collection":[{"href":"https:\/\/axtarstore.com\/ru\/wp-json\/wp\/v2\/product"}],"about":[{"href":"https:\/\/axtarstore.com\/ru\/wp-json\/wp\/v2\/types\/product"}],"replies":[{"embeddable":true,"href":"https:\/\/axtarstore.com\/ru\/wp-json\/wp\/v2\/comments?post=10233"}],"version-history":[{"count":3,"href":"https:\/\/axtarstore.com\/ru\/wp-json\/wp\/v2\/product\/10233\/revisions"}],"predecessor-version":[{"id":10943,"href":"https:\/\/axtarstore.com\/ru\/wp-json\/wp\/v2\/product\/10233\/revisions\/10943"}],"wp:featuredmedia":[{"embeddable":true,"href":"https:\/\/axtarstore.com\/ru\/wp-json\/wp\/v2\/media\/10234"}],"wp:attachment":[{"href":"https:\/\/axtarstore.com\/ru\/wp-json\/wp\/v2\/media?parent=10233"}],"wp:term":[{"taxonomy":"pwb-brand","embeddable":true,"href":"https:\/\/axtarstore.com\/ru\/wp-json\/wp\/v2\/pwb-brand?post=10233"},{"taxonomy":"product_cat","embeddable":true,"href":"https:\/\/axtarstore.com\/ru\/wp-json\/wp\/v2\/product_cat?post=10233"},{"taxonomy":"product_tag","embeddable":true,"href":"https:\/\/axtarstore.com\/ru\/wp-json\/wp\/v2\/product_tag?post=10233"}],"curies":[{"name":"wp","href":"https:\/\/api.w.org\/{rel}","templated":true}]}}