{"id":10226,"date":"2025-05-14T00:03:30","date_gmt":"2025-05-13T20:03:30","guid":{"rendered":"https:\/\/axtarstore.com\/?post_type=product&#038;p=10226"},"modified":"2026-01-27T00:10:47","modified_gmt":"2026-01-26T20:10:47","slug":"arena-gold-organics-cocoa-butter-oil","status":"publish","type":"product","link":"https:\/\/axtarstore.com\/ru\/product\/arena-gold-organics-cocoa-butter-oil\/","title":{"rendered":"Arena Gold Kakao Ya\u011f\u0131 \u2013 D\u0259rin N\u0259ml\u0259ndirm\u0259 v\u0259 B\u0259rpa Edici Bax\u0131m"},"content":{"rendered":"<p>Arena Gold Organics Cocoa Butter Oil kakao paxlas\u0131ndan \u0259ld\u0259 edil\u0259n z\u0259ngin v\u0259 qidaland\u0131r\u0131c\u0131 t\u0259bii bax\u0131m ya\u011f\u0131d\u0131r. T\u0259rkibind\u0259ki faydal\u0131 ya\u011flar say\u0259sind\u0259 d\u0259rinin v\u0259 sa\u00e7\u0131n ehtiyac duydu\u011fu intensiv n\u0259ml\u0259ndirm\u0259ni t\u0259min etm\u0259y\u0259 k\u00f6m\u0259k edir.<\/p>\n<p>D\u0259riy\u0259 t\u0259tbiq edildikd\u0259 qurulu\u011fu azaltma\u011fa, d\u0259rini yum\u015faltma\u011fa v\u0259 elastikliyini qoruma\u011fa d\u0259st\u0259k olur. X\u00fcsusil\u0259 \u00e7ox quru v\u0259 mat d\u0259ril\u0259r \u00fc\u00e7\u00fcn ideal se\u00e7imdir. Sa\u00e7 \u00fc\u00e7\u00fcn istifad\u0259 zaman\u0131 sa\u00e7 tell\u0259rini qidaland\u0131r\u0131r, sa\u00e7\u0131n daha parlaq, yum\u015faq v\u0259 bax\u0131ml\u0131 g\u00f6r\u00fcnm\u0259sin\u0259 k\u00f6m\u0259k edir.<\/p>\n<p>Z\u0259ngin teksturas\u0131na baxmayaraq rahat yay\u0131l\u0131r v\u0259 g\u00fcnd\u0259lik bax\u0131m \u00fc\u00e7\u00fcn uy\u011fundur. \u00dcz, b\u0259d\u0259n v\u0259 sa\u00e7 bax\u0131m\u0131nda istifad\u0259 oluna bil\u0259r. T\u0259bii v\u0259 intensiv bax\u0131m\u0131 sev\u0259nl\u0259r \u00fc\u00e7\u00fcn m\u00fck\u0259mm\u0259l se\u00e7imdir.<\/p>\n<p>\ud83d\udd38 \u0130stifad\u0259 Qaydas\u0131<\/p>\n<p>T\u0259miz d\u0259ri v\u0259 ya sa\u00e7a bir ne\u00e7\u0259 damc\u0131 Cocoa Butter Oil t\u0259tbiq edin. Yum\u015faq masaj h\u0259r\u0259k\u0259tl\u0259ri il\u0259 hopmas\u0131n\u0131 t\u0259min edin. \u00dcz v\u0259 b\u0259d\u0259n \u00fc\u00e7\u00fcn g\u00fcnd\u0259 1\u20132 d\u0259f\u0259, sa\u00e7 \u00fc\u00e7\u00fcn is\u0259 yuyulmadan \u0259vv\u0259l maska kimi v\u0259 ya yuyulduqdan sonra bax\u0131m m\u0259qs\u0259dil\u0259 istifad\u0259 oluna bil\u0259r. G\u00f6zl\u0259 t\u0259masdan qa\u00e7\u0131n\u0131n.<\/p>","protected":false},"excerpt":{"rendered":"<p>Cocoa Butter Oil d\u0259rini v\u0259 sa\u00e7\u0131 intensiv n\u0259ml\u0259ndirir, qidaland\u0131r\u0131r v\u0259 daha yum\u015faq, elastik g\u00f6r\u00fcn\u00fc\u015f \u0259ld\u0259 etm\u0259y\u0259 k\u00f6m\u0259k edir.<\/p>","protected":false},"featured_media":10227,"comment_status":"open","ping_status":"closed","template":"","meta":[],"pwb-brand":[163],"product_cat":[129,126,135,427,127,144],"product_tag":[333,293,308,307,437,431,319,332,418],"class_list":{"0":"post-10226","1":"product","2":"type-product","3":"status-publish","4":"has-post-thumbnail","6":"pwb-brand-arena-gold","7":"product_cat-beden-baximi","8":"product_cat-haircare","9":"product_cat-oil","10":"product_cat-tbii-yaglar","11":"product_cat-face-care","12":"product_cat-face-vitamins","13":"product_tag-face-moisturiser","14":"product_tag-facecare","15":"product_tag-haircare","16":"product_tag-longstronghair","17":"product_tag-natural-oils","18":"product_tag-tbii-yaglar","19":"product_tag-uz-lklri","20":"product_tag-uz-nmlndiricisi","21":"product_tag-uzbaximi","22":"pa_size-30ml","25":"instock","26":"sale","27":"shipping-taxable","28":"purchasable","29":"product-type-simple"},"brands":[{"id":163,"name":"Arena Gold","slug":"arena-gold"}],"_links":{"self":[{"href":"https:\/\/axtarstore.com\/ru\/wp-json\/wp\/v2\/product\/10226"}],"collection":[{"href":"https:\/\/axtarstore.com\/ru\/wp-json\/wp\/v2\/product"}],"about":[{"href":"https:\/\/axtarstore.com\/ru\/wp-json\/wp\/v2\/types\/product"}],"replies":[{"embeddable":true,"href":"https:\/\/axtarstore.com\/ru\/wp-json\/wp\/v2\/comments?post=10226"}],"version-history":[{"count":3,"href":"https:\/\/axtarstore.com\/ru\/wp-json\/wp\/v2\/product\/10226\/revisions"}],"predecessor-version":[{"id":10947,"href":"https:\/\/axtarstore.com\/ru\/wp-json\/wp\/v2\/product\/10226\/revisions\/10947"}],"wp:featuredmedia":[{"embeddable":true,"href":"https:\/\/axtarstore.com\/ru\/wp-json\/wp\/v2\/media\/10227"}],"wp:attachment":[{"href":"https:\/\/axtarstore.com\/ru\/wp-json\/wp\/v2\/media?parent=10226"}],"wp:term":[{"taxonomy":"pwb-brand","embeddable":true,"href":"https:\/\/axtarstore.com\/ru\/wp-json\/wp\/v2\/pwb-brand?post=10226"},{"taxonomy":"product_cat","embeddable":true,"href":"https:\/\/axtarstore.com\/ru\/wp-json\/wp\/v2\/product_cat?post=10226"},{"taxonomy":"product_tag","embeddable":true,"href":"https:\/\/axtarstore.com\/ru\/wp-json\/wp\/v2\/product_tag?post=10226"}],"curies":[{"name":"wp","href":"https:\/\/api.w.org\/{rel}","templated":true}]}}