{"id":10222,"date":"2025-05-13T23:53:17","date_gmt":"2025-05-13T19:53:17","guid":{"rendered":"https:\/\/axtarstore.com\/?post_type=product&#038;p=10222"},"modified":"2026-01-27T23:01:17","modified_gmt":"2026-01-27T19:01:17","slug":"aloe-vera-mint-peel-off-mask-d%c9%99rin-temizlem","status":"publish","type":"product","link":"https:\/\/axtarstore.com\/ru\/product\/aloe-vera-mint-peel-off-mask-d%c9%99rin-temizlem\/","title":{"rendered":"Mark 30 Aloe Vera + Mint Peel-Off Mask \u2013 D\u0259rininiz \u00dc\u00e7\u00fcn Ani Par\u0131lt\u0131"},"content":{"rendered":"<p>D\u0259riniz g\u00fcn \u0259rzind\u0259 yorulur, n\u0259f\u0259s alma\u011fa ehtiyac duyur. Aloe Vera Mint Peel-Off Mask m\u0259hz bu ehtiyac \u00fc\u00e7\u00fcn yarad\u0131l\u0131b. Aloe Vera-n\u0131n sakitl\u0259\u015fdirici g\u00fcc\u00fc v\u0259 nan\u0259nin t\u0259rav\u0259tl\u0259ndirici t\u0259siri birl\u0259\u015f\u0259r\u0259k d\u0259rini d\u0259rin t\u0259mizl\u0259yir, qara n\u00f6qt\u0259l\u0259ri azald\u0131r v\u0259 m\u0259sam\u0259l\u0259ri n\u0259z\u0259r\u0259\u00e7arpacaq d\u0259r\u0259c\u0259d\u0259 s\u0131x\u0131r.<\/p>\n<p>Maska quruduqdan sonra soyularaq \u00e7\u0131xar\u0131ld\u0131\u011f\u0131 \u00fc\u00e7\u00fcn d\u0259rid\u0259 y\u0131\u011f\u0131lan \u00e7irk, art\u0131q ya\u011f v\u0259 \u00f6l\u00fc h\u00fcceyr\u0259l\u0259ri effektiv \u015f\u0259kild\u0259 t\u0259mizl\u0259yir. N\u0259tic\u0259d\u0259 d\u0259ri daha hamar, daha parlaq v\u0259 t\u0259rav\u0259tli g\u00f6r\u00fcn\u00fcr. X\u00fcsusil\u0259 ya\u011fl\u0131 v\u0259 qar\u0131\u015f\u0131q d\u0259ri tipl\u0259ri \u00fc\u00e7\u00fcn ideal se\u00e7imdir.<\/p>\n<p>\u2728 \u018fsas Faydalar:<\/p>\n<p>D\u0259rini d\u0259rin t\u0259mizl\u0259yir<\/p>\n<p>Qara n\u00f6qt\u0259l\u0259rin azalmas\u0131na k\u00f6m\u0259k edir<\/p>\n<p>M\u0259sam\u0259l\u0259ri s\u0131xla\u015fd\u0131r\u0131r<\/p>\n<p>Art\u0131q ya\u011flanman\u0131 balansla\u015fd\u0131r\u0131r<\/p>\n<p>D\u0259riy\u0259 t\u0259rav\u0259t v\u0259 canl\u0131l\u0131q verir<\/p>\n<p>Daha hamar v\u0259 t\u0259miz g\u00f6r\u00fcn\u00fc\u015f yarad\u0131r<\/p>\n<p>\ud83d\udfe2 \u0130ST\u0130FAD\u018f QAYDASI<\/p>\n<p>\u00dcz\u00fcn\u00fcz\u00fc yuyub qurulay\u0131n<\/p>\n<p>Maskan\u0131 nazik qatla \u00fcz\u0259 \u00e7\u0259kin (g\u00f6z v\u0259 dodaq \u0259traf\u0131ndan uzaq tutun)<\/p>\n<p>15\u201320 d\u0259qiq\u0259 qurumas\u0131n\u0131 g\u00f6zl\u0259yin<\/p>\n<p>A\u015fa\u011f\u0131dan yuxar\u0131 do\u011fru yum\u015faq \u015f\u0259kild\u0259 soyun<\/p>\n<p>H\u0259ft\u0259d\u0259 1\u20132 d\u0259f\u0259 istifad\u0259 edin<\/p>","protected":false},"excerpt":{"rendered":"<p>Aloe Vera Mint Peel-Off Mask d\u0259rini d\u0259rin t\u0259mizl\u0259yir, qara n\u00f6qt\u0259l\u0259ri azald\u0131r, m\u0259sam\u0259l\u0259ri s\u0131x\u0131r v\u0259 d\u0259riniz\u0259 t\u0259rav\u0259tli g\u00f6r\u00fcn\u00fc\u015f qazand\u0131r\u0131r.<\/p>","protected":false},"featured_media":10224,"comment_status":"open","ping_status":"closed","template":"","meta":[],"pwb-brand":[434],"product_cat":[130,127,145],"product_tag":[343,293,418],"class_list":{"0":"post-10222","1":"product","2":"type-product","3":"status-publish","4":"has-post-thumbnail","6":"pwb-brand-mark-30","7":"product_cat-salonbaxim","8":"product_cat-face-care","9":"product_cat-face-masks","10":"product_tag-face-mask","11":"product_tag-facecare","12":"product_tag-uzbaximi","15":"instock","16":"sale","17":"shipping-taxable","18":"purchasable","19":"product-type-simple"},"brands":[{"id":434,"name":"mark 30","slug":"mark-30"}],"_links":{"self":[{"href":"https:\/\/axtarstore.com\/ru\/wp-json\/wp\/v2\/product\/10222"}],"collection":[{"href":"https:\/\/axtarstore.com\/ru\/wp-json\/wp\/v2\/product"}],"about":[{"href":"https:\/\/axtarstore.com\/ru\/wp-json\/wp\/v2\/types\/product"}],"replies":[{"embeddable":true,"href":"https:\/\/axtarstore.com\/ru\/wp-json\/wp\/v2\/comments?post=10222"}],"version-history":[{"count":4,"href":"https:\/\/axtarstore.com\/ru\/wp-json\/wp\/v2\/product\/10222\/revisions"}],"predecessor-version":[{"id":10949,"href":"https:\/\/axtarstore.com\/ru\/wp-json\/wp\/v2\/product\/10222\/revisions\/10949"}],"wp:featuredmedia":[{"embeddable":true,"href":"https:\/\/axtarstore.com\/ru\/wp-json\/wp\/v2\/media\/10224"}],"wp:attachment":[{"href":"https:\/\/axtarstore.com\/ru\/wp-json\/wp\/v2\/media?parent=10222"}],"wp:term":[{"taxonomy":"pwb-brand","embeddable":true,"href":"https:\/\/axtarstore.com\/ru\/wp-json\/wp\/v2\/pwb-brand?post=10222"},{"taxonomy":"product_cat","embeddable":true,"href":"https:\/\/axtarstore.com\/ru\/wp-json\/wp\/v2\/product_cat?post=10222"},{"taxonomy":"product_tag","embeddable":true,"href":"https:\/\/axtarstore.com\/ru\/wp-json\/wp\/v2\/product_tag?post=10222"}],"curies":[{"name":"wp","href":"https:\/\/api.w.org\/{rel}","templated":true}]}}