{"id":10183,"date":"2025-05-02T01:12:55","date_gmt":"2025-05-01T21:12:55","guid":{"rendered":"https:\/\/axtarstore.com\/?post_type=product&#038;p=10183"},"modified":"2026-02-07T01:11:30","modified_gmt":"2026-02-06T21:11:30","slug":"dr-laila-aha-bha-kabak-lifli-sabun","status":"publish","type":"product","link":"https:\/\/axtarstore.com\/ru\/product\/dr-laila-aha-bha-kabak-lifli-sabun\/","title":{"rendered":"Dr. Laila Do\u011fal Kabak Lifli AHA + BHA \u00d6zl\u00fc Sabun il\u0259 T\u0259miz v\u0259 Parlaq D\u0259ri"},"content":{"rendered":"<h2 data-start=\"202\" data-end=\"252\">Dr Laila Do\u011fal Kabak Lifli AHA + BHA \u00d6zl\u00fc Sabun<\/h2>\n<p data-start=\"254\" data-end=\"656\">D\u0259rinin sa\u011flam v\u0259 bax\u0131ml\u0131 g\u00f6r\u00fcnm\u0259si \u00fc\u00e7\u00fcn d\u00fczg\u00fcn t\u0259mizl\u0259m\u0259 \u0259n vacib add\u0131mlardan biridir. G\u00fcn \u0259rzind\u0259 d\u0259ri s\u0259thind\u0259 toz, kir, art\u0131q ya\u011f v\u0259 makiyaj qal\u0131qlar\u0131 toplan\u0131r. Bu \u00e7irkl\u0259r vaxt\u0131nda v\u0259 d\u00fczg\u00fcn \u015f\u0259kild\u0259 t\u0259mizl\u0259nm\u0259dikd\u0259 m\u0259sam\u0259l\u0259rin dolmas\u0131na, qara n\u00f6qt\u0259l\u0259rin yaranmas\u0131na v\u0259 d\u0259rinin kobud g\u00f6r\u00fcnm\u0259sin\u0259 s\u0259b\u0259b olur. X\u00fcsusil\u0259 ya\u011fl\u0131 v\u0259 problemli d\u0259riy\u0259 sahib olanlar \u00fc\u00e7\u00fcn adi sabunlar \u00e7ox zaman kifay\u0259t etmir.<\/p>\n<p data-start=\"658\" data-end=\"954\"><strong data-start=\"658\" data-end=\"709\">Dr Laila Do\u011fal Kabak Lifli AHA + BHA \u00d6zl\u00fc Sabun<\/strong> d\u0259rinin ehtiyaclar\u0131na uy\u011fun haz\u0131rlanm\u0131\u015f, h\u0259m t\u0259mizl\u0259yici, h\u0259m d\u0259 bax\u0131m g\u00f6st\u0259r\u0259n x\u00fcsusi formulaya malikdir. Bu sabun d\u0259rini yaln\u0131z s\u0259thi deyil, eyni zamanda d\u0259rin qatlara q\u0259d\u0259r t\u0259mizl\u0259y\u0259r\u0259k daha sa\u011flam v\u0259 balansl\u0131 g\u00f6r\u00fcn\u00fc\u015f \u0259ld\u0259 etm\u0259y\u0259 k\u00f6m\u0259k edir.<\/p>\n<h3 data-start=\"956\" data-end=\"993\">D\u0259rin t\u0259mizl\u0259m\u0259 \u00fc\u00e7\u00fcn ikiqat t\u0259sir<\/h3>\n<p data-start=\"994\" data-end=\"1419\">Bu m\u0259hsulun \u0259sas \u00fcst\u00fcnl\u00fcy\u00fc t\u0259rkibind\u0259 <strong data-start=\"1032\" data-end=\"1060\">AHA (Alpha Hydroxy Acid)<\/strong> v\u0259 <strong data-start=\"1064\" data-end=\"1091\">BHA (Beta Hydroxy Acid)<\/strong> tur\u015fular\u0131n\u0131n birg\u0259 istifad\u0259 olunmas\u0131d\u0131r. AHA tur\u015fular\u0131 d\u0259rinin \u00fcst qat\u0131nda y\u0131\u011f\u0131lan \u00f6l\u00fc d\u0259ri h\u00fcceyr\u0259l\u0259rinin yum\u015faq \u015f\u0259kild\u0259 uzaqla\u015fd\u0131r\u0131lmas\u0131na k\u00f6m\u0259k edir v\u0259 d\u0259rinin daha parlaq g\u00f6r\u00fcnm\u0259sini t\u0259min edir. BHA is\u0259 ya\u011fda h\u0259ll olunan x\u00fcsusiyy\u0259ti say\u0259sind\u0259 m\u0259sam\u0259l\u0259rin i\u00e7in\u0259 n\u00fcfuz ed\u0259r\u0259k art\u0131q sebumu v\u0259 \u00e7irkl\u0259ri t\u0259mizl\u0259m\u0259y\u0259 d\u0259st\u0259k olur.<\/p>\n<p data-start=\"1421\" data-end=\"1727\">Bunlara \u0259lav\u0259 olaraq, sabunun t\u0259rkibind\u0259 olan <strong data-start=\"1467\" data-end=\"1487\">t\u0259bii kabak lifi<\/strong> fiziki pilinq effekti yarad\u0131r. Kabak lifi d\u0259rini z\u0259d\u0259l\u0259m\u0259d\u0259n, incitm\u0259d\u0259n \u00f6l\u00fc h\u00fcceyr\u0259l\u0259ri uzaqla\u015fd\u0131r\u0131r v\u0259 d\u0259rinin toxumas\u0131n\u0131 hamarla\u015fd\u0131r\u0131r. Kimy\u0259vi v\u0259 fiziki pilinqin birl\u0259\u015fm\u0259si n\u0259tic\u0259sind\u0259 d\u0259ri daha d\u0259rind\u0259n v\u0259 effektiv \u015f\u0259kild\u0259 t\u0259mizl\u0259nir.<\/p>\n<h3 data-start=\"1729\" data-end=\"1762\">D\u0259ri balans\u0131n\u0131 qoruyan formul<\/h3>\n<p data-start=\"1763\" data-end=\"2058\">Bir \u00e7ox t\u0259mizl\u0259yici m\u0259hsullar d\u0259rini h\u0259ddind\u0259n art\u0131q qurudur v\u0259 bu da uzunm\u00fcdd\u0259tli istifad\u0259d\u0259 narahatl\u0131q yarada bil\u0259r. <strong data-start=\"1882\" data-end=\"1922\">Dr Laila AHA + BHA Kabak Lifli Sabun<\/strong> is\u0259 d\u0259rini qurutmadan, t\u0259bii balans\u0131n\u0131 qoruyaraq t\u0259mizl\u0259yir. Daimi istifad\u0259 n\u0259tic\u0259sind\u0259 d\u0259ri daha t\u0259rav\u0259tli, yum\u015faq v\u0259 bax\u0131ml\u0131 g\u00f6r\u00fcn\u00fcr.<\/p>\n<p data-start=\"2060\" data-end=\"2076\">M\u0259hsul x\u00fcsusil\u0259:<\/p>\n<ul data-start=\"2077\" data-end=\"2172\">\n<li data-start=\"2077\" data-end=\"2089\">\n<p data-start=\"2079\" data-end=\"2089\">Ya\u011fl\u0131 d\u0259ri<\/p>\n<\/li>\n<li data-start=\"2090\" data-end=\"2104\">\n<p data-start=\"2092\" data-end=\"2104\">Qar\u0131\u015f\u0131q d\u0259ri<\/p>\n<\/li>\n<li data-start=\"2105\" data-end=\"2172\">\n<p data-start=\"2107\" data-end=\"2172\">Qara n\u00f6qt\u0259 v\u0259 geni\u015f m\u0259sam\u0259 problemi olan d\u0259ril\u0259r<br data-start=\"2155\" data-end=\"2158\" \/>\u00fc\u00e7\u00fcn uy\u011fundur.<\/p>\n<\/li>\n<\/ul>\n<h3 data-start=\"2174\" data-end=\"2206\">Daimi istifad\u0259nin n\u0259tic\u0259l\u0259ri<\/h3>\n<p data-start=\"2207\" data-end=\"2245\">M\u0259hsuldan m\u00fct\u0259madi istifad\u0259 edildikd\u0259:<\/p>\n<ul data-start=\"2246\" data-end=\"2386\">\n<li data-start=\"2246\" data-end=\"2277\">\n<p data-start=\"2248\" data-end=\"2277\">M\u0259sam\u0259l\u0259rin g\u00f6r\u00fcn\u00fc\u015f\u00fc azal\u0131r<\/p>\n<\/li>\n<li data-start=\"2278\" data-end=\"2317\">\n<p data-start=\"2280\" data-end=\"2317\">Qara n\u00f6qt\u0259l\u0259r daha az n\u0259z\u0259r\u0259 \u00e7arp\u0131r<\/p>\n<\/li>\n<li data-start=\"2318\" data-end=\"2348\">\n<p data-start=\"2320\" data-end=\"2348\">D\u0259ri toxumas\u0131 b\u0259rab\u0259rl\u0259\u015fir<\/p>\n<\/li>\n<li data-start=\"2349\" data-end=\"2386\">\n<p data-start=\"2351\" data-end=\"2386\">D\u0259ri daha t\u0259miz v\u0259 parlaq g\u00f6r\u00fcn\u00fcr<\/p>\n<\/li>\n<\/ul>\n<p data-start=\"2388\" data-end=\"2493\">Ev \u015f\u0259raitind\u0259 istifad\u0259 olunsa da, professional d\u0259ri bax\u0131m\u0131 effektin\u0259 yax\u0131n n\u0259tic\u0259 \u0259ld\u0259 etm\u0259y\u0259 k\u00f6m\u0259k edir.<\/p>\n<h3 data-start=\"2495\" data-end=\"2550\">Niy\u0259 Dr Laila Do\u011fal Kabak Lifli Sabun se\u00e7ilm\u0259lidir?<\/h3>\n<ul data-start=\"2551\" data-end=\"2822\">\n<li data-start=\"2551\" data-end=\"2596\">\n<p data-start=\"2553\" data-end=\"2596\">AHA + BHA il\u0259 d\u0259rin v\u0259 effektiv t\u0259mizl\u0259m\u0259<\/p>\n<\/li>\n<li data-start=\"2597\" data-end=\"2642\">\n<p data-start=\"2599\" data-end=\"2642\">T\u0259bii kabak lifi il\u0259 yum\u015faq pilinq t\u0259siri<\/p>\n<\/li>\n<li data-start=\"2643\" data-end=\"2679\">\n<p data-start=\"2645\" data-end=\"2679\">D\u0259rini qurutmadan balansl\u0131 bax\u0131m<\/p>\n<\/li>\n<li data-start=\"2680\" data-end=\"2721\">\n<p data-start=\"2682\" data-end=\"2721\">M\u0259sam\u0259l\u0259rin t\u0259mizl\u0259nm\u0259sin\u0259 k\u00f6m\u0259k edir<\/p>\n<\/li>\n<li data-start=\"2722\" data-end=\"2777\">\n<p data-start=\"2724\" data-end=\"2777\">D\u0259rinin daha hamar v\u0259 canl\u0131 g\u00f6r\u00fcnm\u0259sini d\u0259st\u0259kl\u0259yir<\/p>\n<\/li>\n<li data-start=\"2778\" data-end=\"2822\">\n<p data-start=\"2780\" data-end=\"2822\">G\u00fcnd\u0259lik v\u0259 m\u00fcnt\u0259z\u0259m istifad\u0259y\u0259 uy\u011fundur<\/p>\n<\/li>\n<\/ul>\n<h3 data-start=\"2824\" data-end=\"2844\">\u0130stifad\u0259 qaydas\u0131<\/h3>\n<p data-start=\"2845\" data-end=\"3084\">Sabunu n\u0259m \u00fcz v\u0259 ya b\u0259d\u0259n d\u0259risin\u0259 t\u0259tbiq edin. Dair\u0259vi h\u0259r\u0259k\u0259tl\u0259rl\u0259 yum\u015faq \u015f\u0259kild\u0259 masaj ed\u0259r\u0259k k\u00f6p\u00fcrd\u00fcn v\u0259 il\u0131q su il\u0259 yuyun. H\u0259ft\u0259d\u0259 2\u20133 d\u0259f\u0259 istifad\u0259 olunmas\u0131 t\u00f6vsiy\u0259 edilir. Daha h\u0259ssas d\u0259ril\u0259r \u00fc\u00e7\u00fcn istifad\u0259nin tezliyi azald\u0131la bil\u0259r.<\/p>\n<h3 data-start=\"3086\" data-end=\"3094\">Qeyd<\/h3>\n<p data-start=\"3095\" data-end=\"3226\">H\u0259ssas d\u0259ril\u0259r \u00fc\u00e7\u00fcn m\u0259hsulu ilk d\u0259f\u0259 istifad\u0259 etm\u0259zd\u0259n \u0259vv\u0259l ki\u00e7ik bir sah\u0259d\u0259 test edilm\u0259si t\u00f6vsiy\u0259 olunur. G\u00f6zl\u0259 t\u0259masdan qa\u00e7\u0131n\u0131n.<\/p>","protected":false},"excerpt":{"rendered":"<p>Dr Laila Do\u011fal Kabak Lifli AHA + BHA \u00d6zl\u00fc Sabun D\u0259rinin sa\u011flam v\u0259 bax\u0131ml\u0131 g\u00f6r\u00fcnm\u0259si \u00fc\u00e7\u00fcn d\u00fczg\u00fcn t\u0259mizl\u0259m\u0259 \u0259n vacib add\u0131mlardan biridir. G\u00fcn \u0259rzind\u0259 d\u0259ri s\u0259thind\u0259 toz, kir, art\u0131q ya\u011f v\u0259 makiyaj qal\u0131qlar\u0131 toplan\u0131r. Bu \u00e7irkl\u0259r vaxt\u0131nda v\u0259 d\u00fczg\u00fcn \u015f\u0259kild\u0259 t\u0259mizl\u0259nm\u0259dikd\u0259 m\u0259sam\u0259l\u0259rin dolmas\u0131na, qara n\u00f6qt\u0259l\u0259rin yaranmas\u0131na v\u0259 d\u0259rinin kobud g\u00f6r\u00fcnm\u0259sin\u0259 s\u0259b\u0259b olur. X\u00fcsusil\u0259 ya\u011fl\u0131 v\u0259 &hellip; <a href=\"https:\/\/axtarstore.com\/ru\/product\/dr-laila-aha-bha-kabak-lifli-sabun\/\" class=\"more-link\">Continue reading <span class=\"screen-reader-text\">Dr. Laila Do\u011fal Kabak Lifli AHA + BHA \u00d6zl\u00fc Sabun il\u0259 T\u0259miz v\u0259 Parlaq D\u0259ri<\/span><\/a><\/p>","protected":false},"featured_media":10185,"comment_status":"open","ping_status":"closed","template":"","meta":[],"pwb-brand":[162],"product_cat":[127,148,147],"product_tag":[294,323,293,334,335,442,418],"class_list":{"0":"post-10183","1":"product","2":"type-product","3":"status-publish","4":"has-post-thumbnail","6":"pwb-brand-dr-laila","7":"product_cat-face-care","8":"product_cat-face-soaps","9":"product_cat-face-wash","10":"product_tag-face","11":"product_tag-face-wash","12":"product_tag-facecare","13":"product_tag-natural-soap","14":"product_tag-tbii-sabun","15":"product_tag-uz","16":"product_tag-uzbaximi","17":"pa_size-120grm","20":"instock","21":"sale","22":"shipping-taxable","23":"purchasable","24":"product-type-simple"},"brands":[{"id":162,"name":"Dr Laila","slug":"dr-laila"}],"_links":{"self":[{"href":"https:\/\/axtarstore.com\/ru\/wp-json\/wp\/v2\/product\/10183"}],"collection":[{"href":"https:\/\/axtarstore.com\/ru\/wp-json\/wp\/v2\/product"}],"about":[{"href":"https:\/\/axtarstore.com\/ru\/wp-json\/wp\/v2\/types\/product"}],"replies":[{"embeddable":true,"href":"https:\/\/axtarstore.com\/ru\/wp-json\/wp\/v2\/comments?post=10183"}],"version-history":[{"count":4,"href":"https:\/\/axtarstore.com\/ru\/wp-json\/wp\/v2\/product\/10183\/revisions"}],"predecessor-version":[{"id":10969,"href":"https:\/\/axtarstore.com\/ru\/wp-json\/wp\/v2\/product\/10183\/revisions\/10969"}],"wp:featuredmedia":[{"embeddable":true,"href":"https:\/\/axtarstore.com\/ru\/wp-json\/wp\/v2\/media\/10185"}],"wp:attachment":[{"href":"https:\/\/axtarstore.com\/ru\/wp-json\/wp\/v2\/media?parent=10183"}],"wp:term":[{"taxonomy":"pwb-brand","embeddable":true,"href":"https:\/\/axtarstore.com\/ru\/wp-json\/wp\/v2\/pwb-brand?post=10183"},{"taxonomy":"product_cat","embeddable":true,"href":"https:\/\/axtarstore.com\/ru\/wp-json\/wp\/v2\/product_cat?post=10183"},{"taxonomy":"product_tag","embeddable":true,"href":"https:\/\/axtarstore.com\/ru\/wp-json\/wp\/v2\/product_tag?post=10183"}],"curies":[{"name":"wp","href":"https:\/\/api.w.org\/{rel}","templated":true}]}}