{"id":10177,"date":"2025-05-02T01:02:21","date_gmt":"2025-05-01T21:02:21","guid":{"rendered":"https:\/\/axtarstore.com\/?post_type=product&#038;p=10177"},"modified":"2026-02-07T23:28:42","modified_gmt":"2026-02-07T19:28:42","slug":"intim-yuma-geli-mark-30-v-wash-intimate","status":"publish","type":"product","link":"https:\/\/axtarstore.com\/ru\/product\/intim-yuma-geli-mark-30-v-wash-intimate\/","title":{"rendered":"Mark 30 V Wash Intimate il\u0259 T\u0259bii V\u0259 Gigiyenik Qulluq"},"content":{"rendered":"<h1 data-start=\"986\" data-end=\"1029\">Mark 30 V Wash Intimate \u2013 \u0130ntim Yuma Geli<\/h1>\n<p data-start=\"1031\" data-end=\"1380\">\u0130ntim nahiy\u0259nin d\u00fczg\u00fcn v\u0259 balansl\u0131 \u015f\u0259kild\u0259 t\u0259mizl\u0259nm\u0259si qad\u0131n sa\u011flaml\u0131\u011f\u0131 \u00fc\u00e7\u00fcn olduqca vacibdir. Adi sabun v\u0259 uy\u011fun olmayan t\u0259mizl\u0259yici m\u0259hsullar intim b\u00f6lg\u0259nin t\u0259bii qoruyucu baryerini z\u0259ifl\u0259d\u0259, quruluq, q\u0131c\u0131qlanma v\u0259 xo\u015fag\u0259lm\u0259z narahatl\u0131qlara s\u0259b\u0259b ola bil\u0259r. Bu s\u0259b\u0259bd\u0259n intim gigiyena \u00fc\u00e7\u00fcn x\u00fcsusi haz\u0131rlanm\u0131\u015f m\u0259hsullardan istifad\u0259 t\u00f6vsiy\u0259 olunur.<\/p>\n<h3 data-start=\"1382\" data-end=\"1395\">Problem<\/h3>\n<p data-start=\"1396\" data-end=\"1530\">\u0130ntim nahiy\u0259 dig\u0259r d\u0259ri sah\u0259l\u0259rin\u0259 nisb\u0259t\u0259n daha h\u0259ssasd\u0131r v\u0259 \u00f6z\u00fcn\u0259m\u0259xsus pH balans\u0131na malikdir. Uy\u011fun olmayan m\u0259hsullar\u0131n istifad\u0259si:<\/p>\n<ul data-start=\"1531\" data-end=\"1639\">\n<li data-start=\"1531\" data-end=\"1566\">\n<p data-start=\"1533\" data-end=\"1566\">T\u0259bii pH balans\u0131n\u0131n pozulmas\u0131na<\/p>\n<\/li>\n<li data-start=\"1567\" data-end=\"1594\">\n<p data-start=\"1569\" data-end=\"1594\">Quruluq v\u0259 q\u0131c\u0131qlanmaya<\/p>\n<\/li>\n<li data-start=\"1595\" data-end=\"1616\">\n<p data-start=\"1597\" data-end=\"1616\">Xo\u015fag\u0259lm\u0259z qoxuya<\/p>\n<\/li>\n<li data-start=\"1617\" data-end=\"1639\">\n<p data-start=\"1619\" data-end=\"1639\">Narahatl\u0131q hissin\u0259<\/p>\n<\/li>\n<\/ul>\n<p data-start=\"1641\" data-end=\"1756\">s\u0259b\u0259b ola bil\u0259r. Bir \u00e7ox istifad\u0259\u00e7i g\u00fcnd\u0259lik gigiyena zaman\u0131 t\u0259hl\u00fck\u0259siz v\u0259 balansl\u0131 m\u0259hsul tapmaqda \u00e7\u0259tinlik \u00e7\u0259kir.<\/p>\n<h3 data-start=\"1758\" data-end=\"1768\">H\u0259ll<\/h3>\n<p data-start=\"1769\" data-end=\"2042\"><strong data-start=\"1769\" data-end=\"1796\">Mark 30 V Wash Intimate<\/strong> intim gigiyena \u00fc\u00e7\u00fcn x\u00fcsusi olaraq haz\u0131rlanm\u0131\u015f formulaya malikdir. M\u0259hsul intim nahiy\u0259nin t\u0259bii balans\u0131n\u0131 qoruma\u011fa k\u00f6m\u0259k edir v\u0259 z\u0259rif t\u0259mizl\u0259m\u0259 t\u0259min edir. T\u0259rkibi d\u0259rini qurutmadan v\u0259 q\u0131c\u0131qland\u0131rmadan g\u00fcnd\u0259lik gigiyena ehtiyaclar\u0131n\u0131 qar\u015f\u0131lay\u0131r.<\/p>\n<p data-start=\"2044\" data-end=\"2222\">Y\u00fcng\u00fcl v\u0259 rahat istifad\u0259 olunan teksturas\u0131 say\u0259sind\u0259 m\u0259hsul d\u0259rid\u0259 xo\u015f t\u0259mizlik hissi yarad\u0131r. G\u00fcnd\u0259lik istifad\u0259y\u0259 uy\u011fun olmas\u0131 onu intim bax\u0131m rutinind\u0259 etibarl\u0131 se\u00e7im\u0259 \u00e7evirir.<\/p>\n<h3 data-start=\"2224\" data-end=\"2236\">N\u0259tic\u0259<\/h3>\n<p data-start=\"2237\" data-end=\"2262\">M\u00fcnt\u0259z\u0259m istifad\u0259 zaman\u0131:<\/p>\n<ul data-start=\"2263\" data-end=\"2428\">\n<li data-start=\"2263\" data-end=\"2304\">\n<p data-start=\"2265\" data-end=\"2304\">\u0130ntim nahiy\u0259nin t\u0259bii balans\u0131 qorunur<\/p>\n<\/li>\n<li data-start=\"2305\" data-end=\"2353\">\n<p data-start=\"2307\" data-end=\"2353\">Gigiyenik v\u0259 komfortlu t\u0259mizlik t\u0259min edilir<\/p>\n<\/li>\n<li data-start=\"2354\" data-end=\"2392\">\n<p data-start=\"2356\" data-end=\"2392\">Q\u0131c\u0131qlanma v\u0259 quruluq riski azal\u0131r<\/p>\n<\/li>\n<li data-start=\"2393\" data-end=\"2428\">\n<p data-start=\"2395\" data-end=\"2428\">G\u00fcn boyu rahatl\u0131q hissi yaran\u0131r<\/p>\n<\/li>\n<\/ul>\n<hr data-start=\"2430\" data-end=\"2433\" \/>\n<h2 data-start=\"2435\" data-end=\"2464\">Niy\u0259 bu m\u0259hsulu almal\u0131yam?<\/h2>\n<ul data-start=\"2466\" data-end=\"2769\">\n<li data-start=\"2466\" data-end=\"2546\">\n<p data-start=\"2468\" data-end=\"2546\"><strong data-start=\"2468\" data-end=\"2514\">\u0130ntim yuma geli kimi x\u00fcsusi haz\u0131rlanm\u0131\u015fd\u0131r<\/strong> \u2013 adi sabunlara alternativdir<\/p>\n<\/li>\n<li data-start=\"2547\" data-end=\"2620\">\n<p data-start=\"2549\" data-end=\"2620\"><strong data-start=\"2549\" data-end=\"2585\">pH balans\u0131n\u0131 qoruma\u011fa k\u00f6m\u0259k edir<\/strong> \u2013 h\u0259ssas nahiy\u0259l\u0259r \u00fc\u00e7\u00fcn uy\u011fundur<\/p>\n<\/li>\n<li data-start=\"2621\" data-end=\"2665\">\n<p data-start=\"2623\" data-end=\"2665\"><strong data-start=\"2623\" data-end=\"2663\">G\u00fcnd\u0259lik istifad\u0259 \u00fc\u00e7\u00fcn t\u0259hl\u00fck\u0259sizdir<\/strong><\/p>\n<\/li>\n<li data-start=\"2666\" data-end=\"2710\">\n<p data-start=\"2668\" data-end=\"2710\"><strong data-start=\"2668\" data-end=\"2708\">Y\u00fcng\u00fcl v\u0259 z\u0259rif t\u0259mizl\u0259m\u0259 t\u0259min edir<\/strong><\/p>\n<\/li>\n<li data-start=\"2711\" data-end=\"2769\">\n<p data-start=\"2713\" data-end=\"2769\"><strong data-start=\"2713\" data-end=\"2769\">Qad\u0131n intim gigiyenas\u0131 \u00fc\u00e7\u00fcn praktik h\u0259ll t\u0259qdim edir<\/strong><\/p>\n<\/li>\n<\/ul>\n<p data-start=\"2771\" data-end=\"2890\">Mark 30 V Wash Intimate h\u0259m gigiyena, h\u0259m d\u0259 komfortu \u00f6n planda tutan istifad\u0259\u00e7il\u0259r \u00fc\u00e7\u00fcn balansl\u0131 v\u0259 etibarl\u0131 se\u00e7imdir.<\/p>\n<hr data-start=\"2892\" data-end=\"2895\" \/>\n<h2 data-start=\"2897\" data-end=\"2918\">\u0130stifad\u0259 qaydas\u0131<\/h2>\n<p data-start=\"2919\" data-end=\"3056\">Kifay\u0259t q\u0259d\u0259r miqdarda m\u0259hsulu \u0259liniz\u0259 al\u0131n, xarici intim nahiy\u0259y\u0259 t\u0259tbiq edin v\u0259 su il\u0259 yax\u015f\u0131ca durulay\u0131n. G\u00fcnd\u0259lik istifad\u0259y\u0259 uy\u011fundur.<\/p>\n<hr data-start=\"3058\" data-end=\"3061\" \/>\n<h2 data-start=\"3063\" data-end=\"3072\">Qeyd<\/h2>\n<p data-start=\"3073\" data-end=\"3272\">Yaln\u0131z xarici istifad\u0259 \u00fc\u00e7\u00fcnd\u00fcr. G\u00f6zl\u0259 t\u0259masdan qa\u00e7\u0131n\u0131n. Q\u0131c\u0131qlanma v\u0259 ya allergik reaksiya m\u00fc\u015fahid\u0259 olunarsa istifad\u0259ni dayand\u0131r\u0131n v\u0259 m\u00fct\u0259x\u0259ssis\u0259 m\u00fcraci\u0259t edin. U\u015faqlar\u0131n \u0259li \u00e7atmayan yerd\u0259 saxlay\u0131n.<\/p>","protected":false},"excerpt":{"rendered":"<p data-start=\"816\" data-end=\"979\"><strong data-start=\"816\" data-end=\"843\">Mark 30 V Wash Intimate<\/strong> intim gigiyena \u00fc\u00e7\u00fcn x\u00fcsusi haz\u0131rlanm\u0131\u015f, d\u0259rinin t\u0259bii pH balans\u0131n\u0131 qoruma\u011fa k\u00f6m\u0259k ed\u0259n v\u0259 g\u00fcnd\u0259lik istifad\u0259y\u0259 uy\u011fun intim yuma gelidir.<\/p>","protected":false},"featured_media":10178,"comment_status":"open","ping_status":"closed","template":"","meta":[],"pwb-brand":[434],"product_cat":[129,452],"product_tag":[455,454],"class_list":{"0":"post-10177","1":"product","2":"type-product","3":"status-publish","4":"has-post-thumbnail","6":"pwb-brand-mark-30","7":"product_cat-beden-baximi","8":"product_cat-intim-baxim","9":"product_tag-intim-baxim","10":"product_tag-intim-care","11":"pa_size-120grm","14":"instock","15":"sale","16":"shipping-taxable","17":"purchasable","18":"product-type-simple"},"brands":[{"id":434,"name":"mark 30","slug":"mark-30"}],"_links":{"self":[{"href":"https:\/\/axtarstore.com\/ru\/wp-json\/wp\/v2\/product\/10177"}],"collection":[{"href":"https:\/\/axtarstore.com\/ru\/wp-json\/wp\/v2\/product"}],"about":[{"href":"https:\/\/axtarstore.com\/ru\/wp-json\/wp\/v2\/types\/product"}],"replies":[{"embeddable":true,"href":"https:\/\/axtarstore.com\/ru\/wp-json\/wp\/v2\/comments?post=10177"}],"version-history":[{"count":3,"href":"https:\/\/axtarstore.com\/ru\/wp-json\/wp\/v2\/product\/10177\/revisions"}],"predecessor-version":[{"id":10974,"href":"https:\/\/axtarstore.com\/ru\/wp-json\/wp\/v2\/product\/10177\/revisions\/10974"}],"wp:featuredmedia":[{"embeddable":true,"href":"https:\/\/axtarstore.com\/ru\/wp-json\/wp\/v2\/media\/10178"}],"wp:attachment":[{"href":"https:\/\/axtarstore.com\/ru\/wp-json\/wp\/v2\/media?parent=10177"}],"wp:term":[{"taxonomy":"pwb-brand","embeddable":true,"href":"https:\/\/axtarstore.com\/ru\/wp-json\/wp\/v2\/pwb-brand?post=10177"},{"taxonomy":"product_cat","embeddable":true,"href":"https:\/\/axtarstore.com\/ru\/wp-json\/wp\/v2\/product_cat?post=10177"},{"taxonomy":"product_tag","embeddable":true,"href":"https:\/\/axtarstore.com\/ru\/wp-json\/wp\/v2\/product_tag?post=10177"}],"curies":[{"name":"wp","href":"https:\/\/api.w.org\/{rel}","templated":true}]}}