{"id":10172,"date":"2025-05-02T00:56:28","date_gmt":"2025-05-01T20:56:28","guid":{"rendered":"https:\/\/axtarstore.com\/?post_type=product&#038;p=10172"},"modified":"2026-02-07T23:30:43","modified_gmt":"2026-02-07T19:30:43","slug":"aloe-vera-uz-serumu-aichun-beauty","status":"publish","type":"product","link":"https:\/\/axtarstore.com\/ru\/product\/aloe-vera-uz-serumu-aichun-beauty\/","title":{"rendered":"Aichun Beauty Aloe Vera Face Serum il\u0259 D\u0259rinin Parlaq v\u0259 Sa\u011flam G\u00f6r\u00fcn\u00fc\u015f\u00fc"},"content":{"rendered":"<h1 data-start=\"949\" data-end=\"985\">Aichun Beauty Aloe Vera Face Serum<\/h1>\n<p data-start=\"987\" data-end=\"1331\">D\u0259rinin sa\u011flam v\u0259 bax\u0131ml\u0131 g\u00f6r\u00fcnm\u0259si \u00fc\u00e7\u00fcn d\u00fczg\u00fcn se\u00e7ilmi\u015f serumlar g\u00fcnd\u0259lik d\u0259ri bax\u0131m\u0131n\u0131n \u0259sas m\u0259rh\u0259l\u0259l\u0259rind\u0259n biridir. X\u00fcsusil\u0259 quruluq, matl\u0131q v\u0259 yor\u011fun d\u0259ri g\u00f6r\u00fcn\u00fc\u015f\u00fc bir \u00e7ox insan\u0131n qar\u015f\u0131la\u015fd\u0131\u011f\u0131 \u00fcmumi probleml\u0259r s\u0131ras\u0131ndad\u0131r. Bu probleml\u0259rin aradan qald\u0131r\u0131lmas\u0131nda aloe vera t\u0259rkibli serumlar t\u0259bii v\u0259 effektiv h\u0259ll yolu kimi \u00f6n plana \u00e7\u0131x\u0131r.<\/p>\n<h3 data-start=\"1333\" data-end=\"1346\">Problem<\/h3>\n<p data-start=\"1347\" data-end=\"1458\">G\u00fcnl\u00fck stress, hava \u00e7irkliliyi, yanl\u0131\u015f kosmetik m\u0259hsul se\u00e7imi v\u0259 n\u0259ml\u0259ndirm\u0259nin kifay\u0259t q\u0259d\u0259r olmamas\u0131 d\u0259rinin:<\/p>\n<ul data-start=\"1459\" data-end=\"1571\">\n<li data-start=\"1459\" data-end=\"1473\">\n<p data-start=\"1461\" data-end=\"1473\">Qurumas\u0131na<\/p>\n<\/li>\n<li data-start=\"1474\" data-end=\"1503\">\n<p data-start=\"1476\" data-end=\"1503\">Mat v\u0259 cans\u0131z g\u00f6r\u00fcnm\u0259sin\u0259<\/p>\n<\/li>\n<li data-start=\"1504\" data-end=\"1538\">\n<p data-start=\"1506\" data-end=\"1538\">G\u0259rginlik hissinin yaranmas\u0131na<\/p>\n<\/li>\n<li data-start=\"1539\" data-end=\"1571\">\n<p data-start=\"1541\" data-end=\"1571\">D\u0259ri baryerinin z\u0259ifl\u0259m\u0259sin\u0259<\/p>\n<\/li>\n<\/ul>\n<p data-start=\"1573\" data-end=\"1675\">s\u0259b\u0259b ola bil\u0259r. Adi kreml\u0259r b\u0259zi hallarda d\u0259rinin d\u0259rin qatlar\u0131na kifay\u0259t q\u0259d\u0259r t\u0259sir g\u00f6st\u0259r\u0259 bilmir.<\/p>\n<h3 data-start=\"1677\" data-end=\"1687\">H\u0259ll<\/h3>\n<p data-start=\"1688\" data-end=\"1995\"><strong data-start=\"1688\" data-end=\"1726\">Aichun Beauty Aloe Vera Face Serum<\/strong> y\u00fcks\u0259k keyfiyy\u0259tli aloe vera ekstrakt\u0131 il\u0259 haz\u0131rlanm\u0131\u015fd\u0131r. Aloe vera d\u0259rinin n\u0259ml\u0259nm\u0259sin\u0259, sakitl\u0259\u015fm\u0259sin\u0259 v\u0259 b\u0259rpas\u0131na k\u00f6m\u0259k ed\u0259n t\u0259bii t\u0259rkib hiss\u0259si kimi tan\u0131n\u0131r. Serum y\u00fcng\u00fcl teksturas\u0131 say\u0259sind\u0259 d\u0259rinin alt qatlar\u0131na asanl\u0131qla n\u00fcfuz edir v\u0259 yap\u0131\u015fqan hiss yaratm\u0131r.<\/p>\n<p data-start=\"1997\" data-end=\"2180\">Bu \u00fcz serumu d\u0259rinin g\u00fcnd\u0259lik n\u0259ml\u0259ndirm\u0259 ehtiyac\u0131n\u0131 qar\u015f\u0131layaraq daha balansl\u0131 v\u0259 t\u0259rav\u0259tli g\u00f6r\u00fcn\u00fc\u015f \u0259ld\u0259 etm\u0259y\u0259 k\u00f6m\u0259k edir. M\u00fcnt\u0259z\u0259m istifad\u0259 zaman\u0131 d\u0259ri daha yum\u015faq v\u0259 elastik olur.<\/p>\n<h3 data-start=\"2182\" data-end=\"2194\">N\u0259tic\u0259<\/h3>\n<p data-start=\"2195\" data-end=\"2222\">Daimi istifad\u0259 n\u0259tic\u0259sind\u0259:<\/p>\n<ul data-start=\"2223\" data-end=\"2378\">\n<li data-start=\"2223\" data-end=\"2251\">\n<p data-start=\"2225\" data-end=\"2251\">D\u0259ri daha yax\u015f\u0131 n\u0259ml\u0259nir<\/p>\n<\/li>\n<li data-start=\"2252\" data-end=\"2289\">\n<p data-start=\"2254\" data-end=\"2289\">Quruluq v\u0259 g\u0259rginlik hissi azal\u0131r<\/p>\n<\/li>\n<li data-start=\"2290\" data-end=\"2331\">\n<p data-start=\"2292\" data-end=\"2331\">D\u0259rinin t\u0259bii parlaql\u0131\u011f\u0131 b\u0259rpa olunur<\/p>\n<\/li>\n<li data-start=\"2332\" data-end=\"2378\">\n<p data-start=\"2334\" data-end=\"2378\">Daha sa\u011flam v\u0259 bax\u0131ml\u0131 g\u00f6r\u00fcn\u00fc\u015f \u0259ld\u0259 edilir<\/p>\n<\/li>\n<\/ul>\n<hr data-start=\"2380\" data-end=\"2383\" \/>\n<h2 data-start=\"2385\" data-end=\"2414\">Niy\u0259 bu m\u0259hsulu almal\u0131yam?<\/h2>\n<ul data-start=\"2416\" data-end=\"2696\">\n<li data-start=\"2416\" data-end=\"2480\">\n<p data-start=\"2418\" data-end=\"2480\"><strong data-start=\"2418\" data-end=\"2441\">Aloe vera \u00fcz serumu<\/strong> \u2013 t\u0259bii t\u0259rkibli n\u0259ml\u0259ndirm\u0259 d\u0259st\u0259yi<\/p>\n<\/li>\n<li data-start=\"2481\" data-end=\"2550\">\n<p data-start=\"2483\" data-end=\"2550\"><strong data-start=\"2483\" data-end=\"2514\">Y\u00fcng\u00fcl v\u0259 tez hopan formula<\/strong> \u2013 g\u00fcnd\u0259lik istifad\u0259 \u00fc\u00e7\u00fcn rahatd\u0131r<\/p>\n<\/li>\n<li data-start=\"2551\" data-end=\"2592\">\n<p data-start=\"2553\" data-end=\"2592\"><strong data-start=\"2553\" data-end=\"2590\">D\u0259rini sakitl\u0259\u015fdirir v\u0259 yum\u015fald\u0131r<\/strong><\/p>\n<\/li>\n<li data-start=\"2593\" data-end=\"2633\">\n<p data-start=\"2595\" data-end=\"2633\"><strong data-start=\"2595\" data-end=\"2631\">B\u00fct\u00fcn d\u0259ri tipl\u0259ri \u00fc\u00e7\u00fcn uy\u011fundur<\/strong><\/p>\n<\/li>\n<li data-start=\"2634\" data-end=\"2696\">\n<p data-start=\"2636\" data-end=\"2696\"><strong data-start=\"2636\" data-end=\"2696\">D\u0259ri bax\u0131m rutinind\u0259 serum m\u0259rh\u0259l\u0259si \u00fc\u00e7\u00fcn ideal se\u00e7imdir<\/strong><\/p>\n<\/li>\n<\/ul>\n<p data-start=\"2698\" data-end=\"2833\">Aichun Beauty Aloe Vera Face Serum d\u0259rinin t\u0259bii balans\u0131n\u0131 qorumaq v\u0259 g\u00fcnd\u0259lik bax\u0131m\u0131n\u0131 g\u00fccl\u0259ndirm\u0259k ist\u0259y\u0259nl\u0259r \u00fc\u00e7\u00fcn etibarl\u0131 se\u00e7imdir.<\/p>\n<hr data-start=\"2835\" data-end=\"2838\" \/>\n<h2 data-start=\"2840\" data-end=\"2861\">\u0130stifad\u0259 qaydas\u0131<\/h2>\n<p data-start=\"2862\" data-end=\"3082\">T\u0259mizl\u0259nmi\u015f \u00fcz d\u0259risin\u0259 bir ne\u00e7\u0259 damc\u0131 serum t\u0259tbiq edin v\u0259 y\u00fcng\u00fcl masaj h\u0259r\u0259k\u0259tl\u0259ri il\u0259 d\u0259rid\u0259 yayaraq hopmas\u0131na k\u00f6m\u0259k edin. S\u0259h\u0259r v\u0259 ax\u015fam istifad\u0259 oluna bil\u0259r. Ard\u0131nca n\u0259ml\u0259ndirici krem t\u0259tbiq edilm\u0259si t\u00f6vsiy\u0259 olunur.<\/p>\n<hr data-start=\"3084\" data-end=\"3087\" \/>\n<h2 data-start=\"3089\" data-end=\"3098\">Qeyd<\/h2>\n<p data-start=\"3099\" data-end=\"3287\">Yaln\u0131z xarici istifad\u0259 \u00fc\u00e7\u00fcnd\u00fcr. G\u00f6zl\u0259 t\u0259masdan qa\u00e7\u0131n\u0131n. H\u0259ssas d\u0259riy\u0259 sahibsinizs\u0259, istifad\u0259d\u0259n \u0259vv\u0259l bil\u0259k nahiy\u0259sind\u0259 test edilm\u0259si t\u00f6vsiy\u0259 olunur. U\u015faqlar\u0131n \u0259li \u00e7atmayan yerd\u0259 saxlay\u0131n.<\/p>","protected":false},"excerpt":{"rendered":"<p data-start=\"770\" data-end=\"942\"><strong data-start=\"770\" data-end=\"808\">Aichun Beauty Aloe Vera Face Serum<\/strong> aloe vera ekstrakt\u0131 il\u0259 z\u0259nginl\u0259\u015fdirilmi\u015f, d\u0259rini intensiv n\u0259ml\u0259ndir\u0259n, sakitl\u0259\u015fdir\u0259n v\u0259 daha sa\u011flam g\u00f6r\u00fcn\u00fc\u015f qazand\u0131ran \u00fcz serumudur.<\/p>","protected":false},"featured_media":10173,"comment_status":"open","ping_status":"closed","template":"","meta":[],"pwb-brand":[173],"product_cat":[127,143,144],"product_tag":[294,353,293,423,442,332,418],"class_list":{"0":"post-10172","1":"product","2":"type-product","3":"status-publish","4":"has-post-thumbnail","6":"pwb-brand-aichun-beauty","7":"product_cat-face-care","8":"product_cat-face-serum","9":"product_cat-face-vitamins","10":"product_tag-face","11":"product_tag-face-serum","12":"product_tag-facecare","13":"product_tag-skincareroutine","14":"product_tag-uz","15":"product_tag-uz-nmlndiricisi","16":"product_tag-uzbaximi","17":"pa_size-30ml","20":"instock","21":"sale","22":"shipping-taxable","23":"purchasable","24":"product-type-simple"},"brands":[{"id":173,"name":"Aichun Beauty","slug":"aichun-beauty"}],"_links":{"self":[{"href":"https:\/\/axtarstore.com\/ru\/wp-json\/wp\/v2\/product\/10172"}],"collection":[{"href":"https:\/\/axtarstore.com\/ru\/wp-json\/wp\/v2\/product"}],"about":[{"href":"https:\/\/axtarstore.com\/ru\/wp-json\/wp\/v2\/types\/product"}],"replies":[{"embeddable":true,"href":"https:\/\/axtarstore.com\/ru\/wp-json\/wp\/v2\/comments?post=10172"}],"version-history":[{"count":3,"href":"https:\/\/axtarstore.com\/ru\/wp-json\/wp\/v2\/product\/10172\/revisions"}],"predecessor-version":[{"id":10976,"href":"https:\/\/axtarstore.com\/ru\/wp-json\/wp\/v2\/product\/10172\/revisions\/10976"}],"wp:featuredmedia":[{"embeddable":true,"href":"https:\/\/axtarstore.com\/ru\/wp-json\/wp\/v2\/media\/10173"}],"wp:attachment":[{"href":"https:\/\/axtarstore.com\/ru\/wp-json\/wp\/v2\/media?parent=10172"}],"wp:term":[{"taxonomy":"pwb-brand","embeddable":true,"href":"https:\/\/axtarstore.com\/ru\/wp-json\/wp\/v2\/pwb-brand?post=10172"},{"taxonomy":"product_cat","embeddable":true,"href":"https:\/\/axtarstore.com\/ru\/wp-json\/wp\/v2\/product_cat?post=10172"},{"taxonomy":"product_tag","embeddable":true,"href":"https:\/\/axtarstore.com\/ru\/wp-json\/wp\/v2\/product_tag?post=10172"}],"curies":[{"name":"wp","href":"https:\/\/api.w.org\/{rel}","templated":true}]}}