{"id":10169,"date":"2025-05-02T00:50:16","date_gmt":"2025-05-01T20:50:16","guid":{"rendered":"https:\/\/axtarstore.com\/?post_type=product&#038;p=10169"},"modified":"2026-02-07T23:34:08","modified_gmt":"2026-02-07T19:34:08","slug":"kakao-yagli-vazelin-adore-buttersoft","status":"publish","type":"product","link":"https:\/\/axtarstore.com\/ru\/product\/kakao-yagli-vazelin-adore-buttersoft\/","title":{"rendered":"Adore ButterSoft Cocoa Butter Petroleum Jelly il\u0259 T\u0259bii Qulluq"},"content":{"rendered":"<h1 data-start=\"994\" data-end=\"1041\">Adore ButterSoft Cocoa Butter Petroleum Jelly<\/h1>\n<p data-start=\"1043\" data-end=\"1342\">D\u0259rinin qurumas\u0131 v\u0259 elastikliyini itirm\u0259si g\u00fcnd\u0259lik h\u0259yat\u0131n \u0259n \u00e7ox rast g\u0259lin\u0259n d\u0259ri probleml\u0259rind\u0259n biridir. Soyuq hava, tez-tez \u0259l yuma, g\u00fcn\u0259\u015f v\u0259 \u0259traf m\u00fchit faktorlar\u0131 d\u0259rinin qoruyucu baryerini z\u0259ifl\u0259dir. Bu zaman d\u0259rinin ehtiyac\u0131 olan intensiv n\u0259ml\u0259ndirm\u0259ni t\u0259min ed\u0259n m\u0259hsullar \u00f6n plana \u00e7\u0131x\u0131r.<\/p>\n<h3 data-start=\"1344\" data-end=\"1357\">Problem<\/h3>\n<p data-start=\"1358\" data-end=\"1382\">Quru v\u0259 z\u0259d\u0259l\u0259nmi\u015f d\u0259ri:<\/p>\n<ul data-start=\"1383\" data-end=\"1516\">\n<li data-start=\"1383\" data-end=\"1423\">\n<p data-start=\"1385\" data-end=\"1423\">Dart\u0131lma v\u0259 narahatl\u0131q hissi yarad\u0131r<\/p>\n<\/li>\n<li data-start=\"1424\" data-end=\"1465\">\n<p data-start=\"1426\" data-end=\"1465\">\u00c7atlar v\u0259 kobud g\u00f6r\u00fcn\u00fc\u015f formala\u015fd\u0131r\u0131r<\/p>\n<\/li>\n<li data-start=\"1466\" data-end=\"1516\">\n<p data-start=\"1468\" data-end=\"1516\">D\u0259rinin sa\u011flam v\u0259 bax\u0131ml\u0131 g\u00f6r\u00fcn\u00fc\u015f\u00fcn\u00fc z\u0259ifl\u0259dir<\/p>\n<\/li>\n<\/ul>\n<p data-start=\"1518\" data-end=\"1638\">Adi n\u0259ml\u0259ndiricil\u0259r b\u0259zi hallarda kifay\u0259t q\u0259d\u0259r t\u0259sirli olmur v\u0259 d\u0259rinin d\u0259rin qatlar\u0131nda qoruyucu t\u0259b\u0259q\u0259 yarada bilmir.<\/p>\n<h3 data-start=\"1640\" data-end=\"1650\">H\u0259ll<\/h3>\n<p data-start=\"1651\" data-end=\"1998\"><strong data-start=\"1651\" data-end=\"1700\">Adore ButterSoft Cocoa Butter Petroleum Jelly<\/strong> t\u0259rkibind\u0259ki kakao ya\u011f\u0131 v\u0259 vazelin bazas\u0131 say\u0259sind\u0259 d\u0259rini intensiv \u015f\u0259kild\u0259 n\u0259ml\u0259ndirir v\u0259 n\u0259m itkisinin qar\u015f\u0131s\u0131n\u0131 alma\u011fa k\u00f6m\u0259k edir. Kakao ya\u011f\u0131 d\u0259rini yum\u015faldan v\u0259 qidaland\u0131ran x\u00fcsusiyy\u0259ti il\u0259 tan\u0131n\u0131r, vazelin is\u0259 d\u0259rinin \u00fcz\u0259rind\u0259 qoruyucu qat yaradaraq n\u0259min uzun m\u00fcdd\u0259t saxlanmas\u0131n\u0131 t\u0259min edir.<\/p>\n<p data-start=\"2000\" data-end=\"2218\">Bu m\u0259hsul x\u00fcsusil\u0259 quru d\u0259ri sah\u0259l\u0259ri \u00fc\u00e7\u00fcn uy\u011fundur v\u0259 d\u0259rid\u0259 ya\u011fl\u0131 yap\u0131\u015fqan hiss yaratmadan rahat istifad\u0259 imkan\u0131 verir. \u018fll\u0259r, ayaqlar, dodaqlar v\u0259 b\u0259d\u0259nin dig\u0259r quru nahiy\u0259l\u0259ri \u00fc\u00e7\u00fcn \u00e7oxm\u0259qs\u0259dli istifad\u0259 oluna bil\u0259r.<\/p>\n<h3 data-start=\"2220\" data-end=\"2232\">N\u0259tic\u0259<\/h3>\n<p data-start=\"2233\" data-end=\"2263\">M\u00fcnt\u0259z\u0259m istifad\u0259 n\u0259tic\u0259sind\u0259:<\/p>\n<ul data-start=\"2264\" data-end=\"2410\">\n<li data-start=\"2264\" data-end=\"2300\">\n<p data-start=\"2266\" data-end=\"2300\">D\u0259ri daha yum\u015faq v\u0259 elastik olur<\/p>\n<\/li>\n<li data-start=\"2301\" data-end=\"2330\">\n<p data-start=\"2303\" data-end=\"2330\">Quruluq v\u0259 \u00e7atlama azal\u0131r<\/p>\n<\/li>\n<li data-start=\"2331\" data-end=\"2368\">\n<p data-start=\"2333\" data-end=\"2368\">D\u0259rinin qoruyucu baryeri g\u00fccl\u0259nir<\/p>\n<\/li>\n<li data-start=\"2369\" data-end=\"2410\">\n<p data-start=\"2371\" data-end=\"2410\">Sa\u011flam v\u0259 bax\u0131ml\u0131 g\u00f6r\u00fcn\u00fc\u015f \u0259ld\u0259 edilir<\/p>\n<\/li>\n<\/ul>\n<hr data-start=\"2412\" data-end=\"2415\" \/>\n<h2 data-start=\"2417\" data-end=\"2446\">Niy\u0259 bu m\u0259hsulu almal\u0131yam?<\/h2>\n<ul data-start=\"2448\" data-end=\"2733\">\n<li data-start=\"2448\" data-end=\"2514\">\n<p data-start=\"2450\" data-end=\"2514\"><strong data-start=\"2450\" data-end=\"2473\">Kakao ya\u011fl\u0131 vazelin<\/strong> \u2013 intensiv v\u0259 uzunm\u00fcdd\u0259tli n\u0259ml\u0259ndirm\u0259<\/p>\n<\/li>\n<li data-start=\"2515\" data-end=\"2582\">\n<p data-start=\"2517\" data-end=\"2582\"><strong data-start=\"2517\" data-end=\"2542\">D\u0259rin t\u0259sirli formula<\/strong> \u2013 quru v\u0259 \u00e7atlam\u0131\u015f d\u0259ri \u00fc\u00e7\u00fcn uy\u011fundur<\/p>\n<\/li>\n<li data-start=\"2583\" data-end=\"2650\">\n<p data-start=\"2585\" data-end=\"2650\"><strong data-start=\"2585\" data-end=\"2616\">\u00c7oxm\u0259qs\u0259dli istifad\u0259 imkan\u0131<\/strong> \u2013 \u0259l, ayaq, dodaq v\u0259 b\u0259d\u0259n \u00fc\u00e7\u00fcn<\/p>\n<\/li>\n<li data-start=\"2651\" data-end=\"2686\">\n<p data-start=\"2653\" data-end=\"2686\"><strong data-start=\"2653\" data-end=\"2684\">D\u0259rini yum\u015fald\u0131r v\u0259 qoruyur<\/strong><\/p>\n<\/li>\n<li data-start=\"2687\" data-end=\"2733\">\n<p data-start=\"2689\" data-end=\"2733\"><strong data-start=\"2689\" data-end=\"2733\">G\u00fcnd\u0259lik istifad\u0259 \u00fc\u00e7\u00fcn praktik m\u0259hsuldur<\/strong><\/p>\n<\/li>\n<\/ul>\n<p data-start=\"2735\" data-end=\"2856\">Adore ButterSoft Cocoa Butter Petroleum Jelly d\u0259risini qorumaq v\u0259 intensiv n\u0259ml\u0259ndirm\u0259 axtaranlar \u00fc\u00e7\u00fcn etibarl\u0131 se\u00e7imdir.<\/p>\n<hr data-start=\"2858\" data-end=\"2861\" \/>\n<h2 data-start=\"2863\" data-end=\"2884\">\u0130stifad\u0259 qaydas\u0131<\/h2>\n<p data-start=\"2885\" data-end=\"3033\">Kifay\u0259t q\u0259d\u0259r miqdarda m\u0259hsulu t\u0259miz v\u0259 quru d\u0259riy\u0259 t\u0259tbiq edin. X\u00fcsusil\u0259 \u00e7ox quru v\u0259 \u00e7atlam\u0131\u015f nahiy\u0259l\u0259rd\u0259 g\u00fcnd\u0259 bir ne\u00e7\u0259 d\u0259f\u0259 istifad\u0259 oluna bil\u0259r.<\/p>\n<hr data-start=\"3035\" data-end=\"3038\" \/>\n<h2 data-start=\"3040\" data-end=\"3049\">Qeyd<\/h2>\n<p data-start=\"3050\" data-end=\"3203\">Yaln\u0131z xarici istifad\u0259 \u00fc\u00e7\u00fcnd\u00fcr. G\u00f6zl\u0259 birba\u015fa t\u0259masdan qa\u00e7\u0131n\u0131n. D\u0259rid\u0259 q\u0131c\u0131qlanma yaranarsa istifad\u0259ni dayand\u0131r\u0131n. U\u015faqlar\u0131n \u0259li \u00e7atmayan yerd\u0259 saxlay\u0131n.<\/p>","protected":false},"excerpt":{"rendered":"<p data-start=\"808\" data-end=\"987\"><strong data-start=\"808\" data-end=\"857\">Adore ButterSoft Cocoa Butter Petroleum Jelly<\/strong> kakao ya\u011f\u0131 il\u0259 z\u0259nginl\u0259\u015fdirilmi\u015f, d\u0259rini d\u0259rinl\u0259\u015fdir\u0259r\u0259k n\u0259ml\u0259ndir\u0259n v\u0259 uzunm\u00fcdd\u0259tli yum\u015faql\u0131q t\u0259min ed\u0259n \u00e7oxm\u0259qs\u0259dli vazelindir.<\/p>","protected":false},"featured_media":10170,"comment_status":"open","ping_status":"closed","template":"","meta":[],"pwb-brand":[],"product_cat":[129,127,144],"product_tag":[],"class_list":{"0":"post-10169","1":"product","2":"type-product","3":"status-publish","4":"has-post-thumbnail","6":"product_cat-beden-baximi","7":"product_cat-face-care","8":"product_cat-face-vitamins","9":"pa_size-150ml","12":"instock","13":"sale","14":"shipping-taxable","15":"purchasable","16":"product-type-simple"},"brands":[],"_links":{"self":[{"href":"https:\/\/axtarstore.com\/ru\/wp-json\/wp\/v2\/product\/10169"}],"collection":[{"href":"https:\/\/axtarstore.com\/ru\/wp-json\/wp\/v2\/product"}],"about":[{"href":"https:\/\/axtarstore.com\/ru\/wp-json\/wp\/v2\/types\/product"}],"replies":[{"embeddable":true,"href":"https:\/\/axtarstore.com\/ru\/wp-json\/wp\/v2\/comments?post=10169"}],"version-history":[{"count":3,"href":"https:\/\/axtarstore.com\/ru\/wp-json\/wp\/v2\/product\/10169\/revisions"}],"predecessor-version":[{"id":10978,"href":"https:\/\/axtarstore.com\/ru\/wp-json\/wp\/v2\/product\/10169\/revisions\/10978"}],"wp:featuredmedia":[{"embeddable":true,"href":"https:\/\/axtarstore.com\/ru\/wp-json\/wp\/v2\/media\/10170"}],"wp:attachment":[{"href":"https:\/\/axtarstore.com\/ru\/wp-json\/wp\/v2\/media?parent=10169"}],"wp:term":[{"taxonomy":"pwb-brand","embeddable":true,"href":"https:\/\/axtarstore.com\/ru\/wp-json\/wp\/v2\/pwb-brand?post=10169"},{"taxonomy":"product_cat","embeddable":true,"href":"https:\/\/axtarstore.com\/ru\/wp-json\/wp\/v2\/product_cat?post=10169"},{"taxonomy":"product_tag","embeddable":true,"href":"https:\/\/axtarstore.com\/ru\/wp-json\/wp\/v2\/product_tag?post=10169"}],"curies":[{"name":"wp","href":"https:\/\/api.w.org\/{rel}","templated":true}]}}