{"id":10159,"date":"2025-05-02T00:31:05","date_gmt":"2025-05-01T20:31:05","guid":{"rendered":"https:\/\/axtarstore.com\/?post_type=product&#038;p=10159"},"modified":"2026-02-07T23:40:05","modified_gmt":"2026-02-07T19:40:05","slug":"hialuron-tursulu-uz-temizleyici-mark-30","status":"publish","type":"product","link":"https:\/\/axtarstore.com\/ru\/product\/hialuron-tursulu-uz-temizleyici-mark-30\/","title":{"rendered":"Mark 30 Hyaluronic Acid Facial Mousse il\u0259 D\u0259rin T\u0259mizlik v\u0259 Par\u0131lt\u0131"},"content":{"rendered":"<h1 data-start=\"1029\" data-end=\"1068\">Mark 30 Hyaluronic Acid Facial Mousse<\/h1>\n<p data-start=\"1070\" data-end=\"1416\">D\u0259rinin d\u00fczg\u00fcn \u015f\u0259kild\u0259 t\u0259mizl\u0259nm\u0259si sa\u011flam v\u0259 bax\u0131ml\u0131 g\u00f6r\u00fcn\u00fc\u015f\u00fcn \u0259sas \u015f\u0259rtl\u0259rind\u0259n biridir. G\u00fcn \u0259rzind\u0259 d\u0259ri s\u0259thind\u0259 y\u0131\u011f\u0131lan kir, makiyaj qal\u0131qlar\u0131 v\u0259 art\u0131q ya\u011f m\u0259sam\u0259l\u0259rin tutulmas\u0131na v\u0259 d\u0259ri probleml\u0259rinin yaranmas\u0131na s\u0259b\u0259b ola bil\u0259r. Bu m\u0259rh\u0259l\u0259d\u0259 h\u0259m effektiv, h\u0259m d\u0259 z\u0259rif t\u0259sir g\u00f6st\u0259r\u0259n \u00fcz t\u0259mizl\u0259yici m\u0259hsul se\u00e7imi x\u00fcsusi \u0259h\u0259miyy\u0259t da\u015f\u0131y\u0131r.<\/p>\n<h3 data-start=\"1418\" data-end=\"1431\">Problem<\/h3>\n<p data-start=\"1432\" data-end=\"1540\">Bir \u00e7ox \u00fcz t\u0259mizl\u0259yici vasit\u0259l\u0259r d\u0259rini h\u0259ddind\u0259n art\u0131q qurudur v\u0259 t\u0259bii qoruyucu baryeri z\u0259ifl\u0259dir. Bu is\u0259:<\/p>\n<ul data-start=\"1541\" data-end=\"1641\">\n<li data-start=\"1541\" data-end=\"1560\">\n<p data-start=\"1543\" data-end=\"1560\">G\u0259rginlik hissi<\/p>\n<\/li>\n<li data-start=\"1561\" data-end=\"1583\">\n<p data-start=\"1563\" data-end=\"1583\">Quruluq v\u0259 soyulma<\/p>\n<\/li>\n<li data-start=\"1584\" data-end=\"1609\">\n<p data-start=\"1586\" data-end=\"1609\">D\u0259rinin mat g\u00f6r\u00fcnm\u0259si<\/p>\n<\/li>\n<li data-start=\"1610\" data-end=\"1641\">\n<p data-start=\"1612\" data-end=\"1641\">N\u0259mlik balans\u0131n\u0131n pozulmas\u0131<\/p>\n<\/li>\n<\/ul>\n<p data-start=\"1643\" data-end=\"1778\">kimi probleml\u0259r\u0259 yol a\u00e7a bil\u0259r. X\u00fcsusil\u0259 g\u00fcnd\u0259lik istifad\u0259 \u00fc\u00e7\u00fcn uy\u011fun olmayan m\u0259hsullar uzunm\u00fcdd\u0259tli bax\u0131mda m\u0259nfi t\u0259sir g\u00f6st\u0259r\u0259 bilir.<\/p>\n<h3 data-start=\"1780\" data-end=\"1790\">H\u0259ll<\/h3>\n<p data-start=\"1791\" data-end=\"2094\"><strong data-start=\"1791\" data-end=\"1832\">Mark 30 Hyaluronic Acid Facial Mousse<\/strong> hialuron tur\u015fusu il\u0259 z\u0259nginl\u0259\u015fdirilmi\u015f x\u00fcsusi formulaya malikdir. Hialuron tur\u015fusu d\u0259rinin n\u0259mi saxlama qabiliyy\u0259tini d\u0259st\u0259kl\u0259y\u0259n m\u00fch\u00fcm komponentdir. K\u00f6p\u00fck formal\u0131 teksturas\u0131 d\u0259rini mexaniki z\u0259d\u0259l\u0259m\u0259d\u0259n z\u0259rif \u015f\u0259kild\u0259 t\u0259mizl\u0259yir v\u0259 d\u0259rid\u0259 rahatl\u0131q hissi yarad\u0131r.<\/p>\n<p data-start=\"2096\" data-end=\"2272\">M\u0259hsul g\u00fcnd\u0259lik istifad\u0259 \u00fc\u00e7\u00fcn n\u0259z\u0259rd\u0259 tutulmu\u015fdur v\u0259 d\u0259rinin t\u0259bii balans\u0131n\u0131 pozmadan t\u0259mizl\u0259m\u0259 t\u0259min edir. \u00dcz d\u0259risi t\u0259mizl\u0259ndikd\u0259n sonra daha yum\u015faq v\u0259 t\u0259rav\u0259tli hiss olunur.<\/p>\n<h3 data-start=\"2274\" data-end=\"2286\">N\u0259tic\u0259<\/h3>\n<p data-start=\"2287\" data-end=\"2312\">M\u00fcnt\u0259z\u0259m istifad\u0259 zaman\u0131:<\/p>\n<ul data-start=\"2313\" data-end=\"2457\">\n<li data-start=\"2313\" data-end=\"2349\">\n<p data-start=\"2315\" data-end=\"2349\">D\u0259ri effektiv \u015f\u0259kild\u0259 t\u0259mizl\u0259nir<\/p>\n<\/li>\n<li data-start=\"2350\" data-end=\"2376\">\n<p data-start=\"2352\" data-end=\"2376\">N\u0259mlik balans\u0131 qorunur<\/p>\n<\/li>\n<li data-start=\"2377\" data-end=\"2414\">\n<p data-start=\"2379\" data-end=\"2414\">Quruluq v\u0259 g\u0259rginlik hissi azal\u0131r<\/p>\n<\/li>\n<li data-start=\"2415\" data-end=\"2457\">\n<p data-start=\"2417\" data-end=\"2457\">D\u0259ri daha t\u0259rav\u0259tli v\u0259 bax\u0131ml\u0131 g\u00f6r\u00fcn\u00fcr<\/p>\n<\/li>\n<\/ul>\n<hr data-start=\"2459\" data-end=\"2462\" \/>\n<h2 data-start=\"2464\" data-end=\"2493\">Niy\u0259 bu m\u0259hsulu almal\u0131yam?<\/h2>\n<ul data-start=\"2495\" data-end=\"2750\">\n<li data-start=\"2495\" data-end=\"2569\">\n<p data-start=\"2497\" data-end=\"2569\"><strong data-start=\"2497\" data-end=\"2532\">Hialuron tur\u015fulu \u00fcz t\u0259mizl\u0259yici<\/strong> \u2013 n\u0259ml\u0259ndirm\u0259 d\u0259st\u0259yi il\u0259 t\u0259mizlik<\/p>\n<\/li>\n<li data-start=\"2570\" data-end=\"2628\">\n<p data-start=\"2572\" data-end=\"2628\"><strong data-start=\"2572\" data-end=\"2592\">K\u00f6p\u00fck teksturas\u0131<\/strong> \u2013 d\u0259rini z\u0259rif \u015f\u0259kild\u0259 t\u0259mizl\u0259yir<\/p>\n<\/li>\n<li data-start=\"2629\" data-end=\"2668\">\n<p data-start=\"2631\" data-end=\"2668\"><strong data-start=\"2631\" data-end=\"2666\">G\u00fcnd\u0259lik istifad\u0259 \u00fc\u00e7\u00fcn uy\u011fundur<\/strong><\/p>\n<\/li>\n<li data-start=\"2669\" data-end=\"2705\">\n<p data-start=\"2671\" data-end=\"2705\"><strong data-start=\"2671\" data-end=\"2703\">D\u0259rini qurutmadan t\u0259mizl\u0259yir<\/strong><\/p>\n<\/li>\n<li data-start=\"2706\" data-end=\"2750\">\n<p data-start=\"2708\" data-end=\"2750\"><strong data-start=\"2708\" data-end=\"2750\">B\u00fct\u00fcn d\u0259ri tipl\u0259ri \u00fc\u00e7\u00fcn uy\u011fun se\u00e7imdir<\/strong><\/p>\n<\/li>\n<\/ul>\n<p data-start=\"2752\" data-end=\"2883\">Mark 30 Hyaluronic Acid Facial Mousse g\u00fcnd\u0259lik \u00fcz t\u0259mizl\u0259m\u0259 rutinind\u0259 balansl\u0131 v\u0259 t\u0259hl\u00fck\u0259siz m\u0259hsul axtaranlar \u00fc\u00e7\u00fcn ideal se\u00e7imdir.<\/p>\n<hr data-start=\"2885\" data-end=\"2888\" \/>\n<h2 data-start=\"2890\" data-end=\"2911\">\u0130stifad\u0259 qaydas\u0131<\/h2>\n<p data-start=\"2912\" data-end=\"3084\">N\u0259m \u00fcz d\u0259risin\u0259 kifay\u0259t q\u0259d\u0259r miqdarda m\u0259hsul t\u0259tbiq edin. Y\u00fcng\u00fcl masaj h\u0259r\u0259k\u0259tl\u0259ri il\u0259 d\u0259rid\u0259 yayaraq t\u0259mizl\u0259yin v\u0259 il\u0131q su il\u0259 yuyun. S\u0259h\u0259r v\u0259 ax\u015fam istifad\u0259 oluna bil\u0259r.<\/p>\n<hr data-start=\"3086\" data-end=\"3089\" \/>\n<h2 data-start=\"3091\" data-end=\"3100\">Qeyd<\/h2>\n<p data-start=\"3101\" data-end=\"3246\">Yaln\u0131z xarici istifad\u0259 \u00fc\u00e7\u00fcnd\u00fcr. G\u00f6zl\u0259 t\u0259masdan qa\u00e7\u0131n\u0131n. D\u0259rid\u0259 q\u0131c\u0131qlanma yaranarsa istifad\u0259ni dayand\u0131r\u0131n. U\u015faqlar\u0131n \u0259li \u00e7atmayan yerd\u0259 saxlay\u0131n.<\/p>","protected":false},"excerpt":{"rendered":"<p><strong data-start=\"849\" data-end=\"890\">Mark 30 Hyaluronic Acid Facial Mousse<\/strong> hialuron tur\u015fusu il\u0259 z\u0259nginl\u0259\u015fdirilmi\u015f, d\u0259rini qurutmadan t\u0259mizl\u0259y\u0259n v\u0259 n\u0259mlik balans\u0131n\u0131 qoruyan k\u00f6p\u00fck formal\u0131 \u00fcz yuma vasit\u0259sidir.<\/p>","protected":false},"featured_media":10160,"comment_status":"open","ping_status":"closed","template":"","meta":[],"pwb-brand":[434],"product_cat":[149,127,147],"product_tag":[294,323,293,442,324,418],"class_list":{"0":"post-10159","1":"product","2":"type-product","3":"status-publish","4":"has-post-thumbnail","6":"pwb-brand-mark-30","7":"product_cat-makeup-remover","8":"product_cat-face-care","9":"product_cat-face-wash","10":"product_tag-face","11":"product_tag-face-wash","12":"product_tag-facecare","13":"product_tag-uz","14":"product_tag-uz-yuma-gell","15":"product_tag-uzbaximi","16":"pa_size-120ml","19":"instock","20":"sale","21":"shipping-taxable","22":"purchasable","23":"product-type-simple"},"brands":[{"id":434,"name":"mark 30","slug":"mark-30"}],"_links":{"self":[{"href":"https:\/\/axtarstore.com\/ru\/wp-json\/wp\/v2\/product\/10159"}],"collection":[{"href":"https:\/\/axtarstore.com\/ru\/wp-json\/wp\/v2\/product"}],"about":[{"href":"https:\/\/axtarstore.com\/ru\/wp-json\/wp\/v2\/types\/product"}],"replies":[{"embeddable":true,"href":"https:\/\/axtarstore.com\/ru\/wp-json\/wp\/v2\/comments?post=10159"}],"version-history":[{"count":3,"href":"https:\/\/axtarstore.com\/ru\/wp-json\/wp\/v2\/product\/10159\/revisions"}],"predecessor-version":[{"id":10984,"href":"https:\/\/axtarstore.com\/ru\/wp-json\/wp\/v2\/product\/10159\/revisions\/10984"}],"wp:featuredmedia":[{"embeddable":true,"href":"https:\/\/axtarstore.com\/ru\/wp-json\/wp\/v2\/media\/10160"}],"wp:attachment":[{"href":"https:\/\/axtarstore.com\/ru\/wp-json\/wp\/v2\/media?parent=10159"}],"wp:term":[{"taxonomy":"pwb-brand","embeddable":true,"href":"https:\/\/axtarstore.com\/ru\/wp-json\/wp\/v2\/pwb-brand?post=10159"},{"taxonomy":"product_cat","embeddable":true,"href":"https:\/\/axtarstore.com\/ru\/wp-json\/wp\/v2\/product_cat?post=10159"},{"taxonomy":"product_tag","embeddable":true,"href":"https:\/\/axtarstore.com\/ru\/wp-json\/wp\/v2\/product_tag?post=10159"}],"curies":[{"name":"wp","href":"https:\/\/api.w.org\/{rel}","templated":true}]}}