{"id":10152,"date":"2025-05-02T00:19:44","date_gmt":"2025-05-01T20:19:44","guid":{"rendered":"https:\/\/axtarstore.com\/?post_type=product&#038;p=10152"},"modified":"2026-02-07T23:45:29","modified_gmt":"2026-02-07T19:45:29","slug":"encir-yagi-ilham-fig-natural-oil","status":"publish","type":"product","link":"https:\/\/axtarstore.com\/ru\/product\/encir-yagi-ilham-fig-natural-oil\/","title":{"rendered":"Ilham Fig (Anjeer) Natural Oil il\u0259 T\u0259bii v\u0259 Parlaq D\u0259ri v\u0259 Sa\u00e7lar"},"content":{"rendered":"<h1 data-start=\"954\" data-end=\"999\">Ilham Fig (Anjeer) Natural Oil \u2013 \u018fncir Ya\u011f\u0131<\/h1>\n<p data-start=\"1001\" data-end=\"1354\">D\u0259rinin qurumas\u0131, elastikliyini itirm\u0259si v\u0259 bax\u0131ms\u0131z g\u00f6r\u00fcnm\u0259si \u0259traf m\u00fchit faktorlar\u0131 v\u0259 d\u00fczg\u00fcn olmayan d\u0259ri bax\u0131m\u0131 n\u0259tic\u0259sind\u0259 tez-tez rast g\u0259lin\u0259n probleml\u0259rdir. X\u00fcsusil\u0259 qidaland\u0131r\u0131c\u0131 madd\u0259l\u0259rd\u0259n kasad qalan d\u0259ri zamanla \u00f6z canl\u0131l\u0131\u011f\u0131n\u0131 itirir. Bu m\u0259rh\u0259l\u0259d\u0259 t\u0259bii ya\u011flarla apar\u0131lan qulluq d\u0259rinin ehtiyaclar\u0131n\u0131 balansl\u0131 \u015f\u0259kild\u0259 qar\u015f\u0131lama\u011fa k\u00f6m\u0259k edir.<\/p>\n<h3 data-start=\"1356\" data-end=\"1369\">Problem<\/h3>\n<p data-start=\"1370\" data-end=\"1393\">Quru v\u0259 z\u0259ifl\u0259y\u0259n d\u0259ri:<\/p>\n<ul data-start=\"1394\" data-end=\"1509\">\n<li data-start=\"1394\" data-end=\"1434\">\n<p data-start=\"1396\" data-end=\"1434\">Dart\u0131lma v\u0259 narahatl\u0131q hissi yarad\u0131r<\/p>\n<\/li>\n<li data-start=\"1435\" data-end=\"1459\">\n<p data-start=\"1437\" data-end=\"1459\">Elastikliyini itirir<\/p>\n<\/li>\n<li data-start=\"1460\" data-end=\"1485\">\n<p data-start=\"1462\" data-end=\"1485\">Mat v\u0259 sol\u011fun g\u00f6r\u00fcn\u00fcr<\/p>\n<\/li>\n<li data-start=\"1486\" data-end=\"1509\">\n<p data-start=\"1488\" data-end=\"1509\">Daha tez q\u0131c\u0131qlan\u0131r<\/p>\n<\/li>\n<\/ul>\n<p data-start=\"1511\" data-end=\"1629\">Adi n\u0259ml\u0259ndiricil\u0259r b\u0259zi hallarda d\u0259rinin d\u0259rin qatlar\u0131na kifay\u0259t q\u0259d\u0259r t\u0259sir etmir v\u0259 qidaland\u0131r\u0131c\u0131 effekt z\u0259if olur.<\/p>\n<h3 data-start=\"1631\" data-end=\"1641\">H\u0259ll<\/h3>\n<p data-start=\"1642\" data-end=\"1927\"><strong data-start=\"1642\" data-end=\"1676\">Ilham Fig (Anjeer) Natural Oil<\/strong> \u0259ncir ekstrakt\u0131 il\u0259 z\u0259ngin t\u0259bii t\u0259rkib\u0259 malikdir. \u018fncir ya\u011f\u0131 d\u0259rini qidaland\u0131ran v\u0259 yum\u015faldan x\u00fcsusiyy\u0259tl\u0259ri il\u0259 tan\u0131n\u0131r. Ya\u011f\u0131n balansl\u0131 teksturas\u0131 d\u0259rid\u0259 asanl\u0131qla yay\u0131l\u0131r v\u0259 m\u00fcnt\u0259z\u0259m istifad\u0259d\u0259 d\u0259rinin \u00fcmumi v\u0259ziyy\u0259tinin yax\u015f\u0131la\u015fmas\u0131na k\u00f6m\u0259k edir.<\/p>\n<p data-start=\"1929\" data-end=\"2105\">M\u0259hsul d\u0259rinin t\u0259bii baryerini d\u0259st\u0259kl\u0259y\u0259r\u0259k daha sa\u011flam v\u0259 bax\u0131ml\u0131 g\u00f6r\u00fcn\u00fc\u015f formala\u015fd\u0131r\u0131r. T\u0259bii ya\u011flara \u00fcst\u00fcnl\u00fck ver\u0259nl\u0259r \u00fc\u00e7\u00fcn g\u00fcnd\u0259lik qulluqda rahat istifad\u0259 imkan\u0131 yarad\u0131r.<\/p>\n<h3 data-start=\"2107\" data-end=\"2119\">N\u0259tic\u0259<\/h3>\n<p data-start=\"2120\" data-end=\"2142\">Daimi istifad\u0259 zaman\u0131:<\/p>\n<ul data-start=\"2143\" data-end=\"2286\">\n<li data-start=\"2143\" data-end=\"2179\">\n<p data-start=\"2145\" data-end=\"2179\">D\u0259ri daha yum\u015faq v\u0259 elastik olur<\/p>\n<\/li>\n<li data-start=\"2180\" data-end=\"2204\">\n<p data-start=\"2182\" data-end=\"2204\">Quruluq hissi azal\u0131r<\/p>\n<\/li>\n<li data-start=\"2205\" data-end=\"2240\">\n<p data-start=\"2207\" data-end=\"2240\">D\u0259rinin qidalanmas\u0131 d\u0259st\u0259kl\u0259nir<\/p>\n<\/li>\n<li data-start=\"2241\" data-end=\"2286\">\n<p data-start=\"2243\" data-end=\"2286\">Daha sa\u011flam v\u0259 parlaq g\u00f6r\u00fcn\u00fc\u015f \u0259ld\u0259 edilir<\/p>\n<\/li>\n<\/ul>\n<hr data-start=\"2288\" data-end=\"2291\" \/>\n<h2 data-start=\"2293\" data-end=\"2322\">Niy\u0259 bu m\u0259hsulu almal\u0131yam?<\/h2>\n<ul data-start=\"2324\" data-end=\"2555\">\n<li data-start=\"2324\" data-end=\"2374\">\n<p data-start=\"2326\" data-end=\"2374\"><strong data-start=\"2326\" data-end=\"2340\">\u018fncir ya\u011f\u0131<\/strong> \u2013 t\u0259bii v\u0259 qidaland\u0131r\u0131c\u0131 t\u0259rkib<\/p>\n<\/li>\n<li data-start=\"2375\" data-end=\"2411\">\n<p data-start=\"2377\" data-end=\"2411\"><strong data-start=\"2377\" data-end=\"2409\">D\u0259rinin b\u0259rpas\u0131na k\u00f6m\u0259k edir<\/strong><\/p>\n<\/li>\n<li data-start=\"2412\" data-end=\"2454\">\n<p data-start=\"2414\" data-end=\"2454\"><strong data-start=\"2414\" data-end=\"2452\">Quruluq v\u0259 s\u0259rtlik hissini azald\u0131r<\/strong><\/p>\n<\/li>\n<li data-start=\"2455\" data-end=\"2504\">\n<p data-start=\"2457\" data-end=\"2504\"><strong data-start=\"2457\" data-end=\"2502\">D\u0259riy\u0259 yum\u015faql\u0131q v\u0259 elastiklik qazand\u0131r\u0131r<\/strong><\/p>\n<\/li>\n<li data-start=\"2505\" data-end=\"2555\">\n<p data-start=\"2507\" data-end=\"2555\"><strong data-start=\"2507\" data-end=\"2555\">T\u0259bii bax\u0131m m\u0259hsulu axtaranlar \u00fc\u00e7\u00fcn uy\u011fundur<\/strong><\/p>\n<\/li>\n<\/ul>\n<p data-start=\"2557\" data-end=\"2657\">Ilham Fig Natural Oil d\u0259risin\u0259 t\u0259bii qulluq g\u00f6st\u0259rm\u0259k ist\u0259y\u0259nl\u0259r \u00fc\u00e7\u00fcn balansl\u0131 v\u0259 etibarl\u0131 se\u00e7imdir.<\/p>\n<hr data-start=\"2659\" data-end=\"2662\" \/>\n<h2 data-start=\"2664\" data-end=\"2685\">\u0130stifad\u0259 qaydas\u0131<\/h2>\n<p data-start=\"2686\" data-end=\"2844\">Kifay\u0259t q\u0259d\u0259r miqdarda ya\u011f\u0131 t\u0259miz d\u0259riy\u0259 t\u0259tbiq edin v\u0259 y\u00fcng\u00fcl masaj h\u0259r\u0259k\u0259tl\u0259ri il\u0259 d\u0259rid\u0259 yayaraq hopmas\u0131n\u0131 t\u0259min edin. G\u00fcnd\u0259 1\u20132 d\u0259f\u0259 istifad\u0259 oluna bil\u0259r.<\/p>\n<hr data-start=\"2846\" data-end=\"2849\" \/>\n<h2 data-start=\"2851\" data-end=\"2860\">Qeyd<\/h2>\n<p data-start=\"2861\" data-end=\"3031\">Yaln\u0131z xarici istifad\u0259 \u00fc\u00e7\u00fcnd\u00fcr. G\u00f6zl\u0259 t\u0259masdan qa\u00e7\u0131n\u0131n. H\u0259ssas d\u0259riy\u0259 sahibsinizs\u0259, istifad\u0259d\u0259n \u0259vv\u0259l test edilm\u0259si t\u00f6vsiy\u0259 olunur. U\u015faqlar\u0131n \u0259li \u00e7atmayan yerd\u0259 saxlay\u0131n.<\/p>","protected":false},"excerpt":{"rendered":"<p data-start=\"795\" data-end=\"947\"><strong data-start=\"795\" data-end=\"829\">Ilham Fig (Anjeer) Natural Oil<\/strong> \u0259ncir ekstrakt\u0131 il\u0259 z\u0259nginl\u0259\u015fdirilmi\u015f, d\u0259rini qidaland\u0131rma\u011fa v\u0259 bax\u0131ml\u0131 g\u00f6r\u00fcn\u00fc\u015f qazand\u0131rma\u011fa k\u00f6m\u0259k ed\u0259n t\u0259bii ya\u011fd\u0131r.<\/p>","protected":false},"featured_media":10153,"comment_status":"open","ping_status":"closed","template":"","meta":[],"pwb-brand":[181],"product_cat":[129,159,126,138,135,427,127,144],"product_tag":[300,294,293,308,301,425,437,423,431],"class_list":{"0":"post-10152","1":"product","2":"type-product","3":"status-publish","4":"has-post-thumbnail","6":"pwb-brand-ilham","7":"product_cat-beden-baximi","8":"product_cat-body-massage","9":"product_cat-haircare","10":"product_cat-vitamins","11":"product_cat-oil","12":"product_cat-tbii-yaglar","13":"product_cat-face-care","14":"product_cat-face-vitamins","15":"product_tag-bodycare","16":"product_tag-face","17":"product_tag-facecare","18":"product_tag-haircare","19":"product_tag-hairfallsolution","20":"product_tag-healthyhair","21":"product_tag-natural-oils","22":"product_tag-skincareroutine","23":"product_tag-tbii-yaglar","24":"pa_size-30ml","27":"instock","28":"sale","29":"shipping-taxable","30":"purchasable","31":"product-type-simple"},"brands":[{"id":181,"name":"\u0130lham","slug":"ilham"}],"_links":{"self":[{"href":"https:\/\/axtarstore.com\/ru\/wp-json\/wp\/v2\/product\/10152"}],"collection":[{"href":"https:\/\/axtarstore.com\/ru\/wp-json\/wp\/v2\/product"}],"about":[{"href":"https:\/\/axtarstore.com\/ru\/wp-json\/wp\/v2\/types\/product"}],"replies":[{"embeddable":true,"href":"https:\/\/axtarstore.com\/ru\/wp-json\/wp\/v2\/comments?post=10152"}],"version-history":[{"count":3,"href":"https:\/\/axtarstore.com\/ru\/wp-json\/wp\/v2\/product\/10152\/revisions"}],"predecessor-version":[{"id":10988,"href":"https:\/\/axtarstore.com\/ru\/wp-json\/wp\/v2\/product\/10152\/revisions\/10988"}],"wp:featuredmedia":[{"embeddable":true,"href":"https:\/\/axtarstore.com\/ru\/wp-json\/wp\/v2\/media\/10153"}],"wp:attachment":[{"href":"https:\/\/axtarstore.com\/ru\/wp-json\/wp\/v2\/media?parent=10152"}],"wp:term":[{"taxonomy":"pwb-brand","embeddable":true,"href":"https:\/\/axtarstore.com\/ru\/wp-json\/wp\/v2\/pwb-brand?post=10152"},{"taxonomy":"product_cat","embeddable":true,"href":"https:\/\/axtarstore.com\/ru\/wp-json\/wp\/v2\/product_cat?post=10152"},{"taxonomy":"product_tag","embeddable":true,"href":"https:\/\/axtarstore.com\/ru\/wp-json\/wp\/v2\/product_tag?post=10152"}],"curies":[{"name":"wp","href":"https:\/\/api.w.org\/{rel}","templated":true}]}}