{"id":10149,"date":"2025-05-02T00:07:24","date_gmt":"2025-05-01T20:07:24","guid":{"rendered":"https:\/\/axtarstore.com\/?post_type=product&#038;p=10149"},"modified":"2026-02-07T23:47:07","modified_gmt":"2026-02-07T19:47:07","slug":"kalonji-masaj-yagi-sac-kalonji","status":"publish","type":"product","link":"https:\/\/axtarstore.com\/ru\/product\/kalonji-masaj-yagi-sac-kalonji\/","title":{"rendered":"Sac Kalonji Massage Oil il\u0259 B\u0259d\u0259n a\u011fr\u0131lar\u0131n\u0131 Azald\u0131n"},"content":{"rendered":"<h1 data-start=\"912\" data-end=\"958\">Sa\u00e7 Kalonji Massage Oil \u2013 Kalonji Masaj Ya\u011f\u0131<\/h1>\n<p data-start=\"960\" data-end=\"1354\">B\u0259d\u0259n v\u0259 \u0259z\u0259l\u0259 a\u011fr\u0131lar\u0131 g\u00fcnd\u0259lik h\u0259yat\u0131n \u0259n \u00e7ox rast g\u0259lin\u0259n narahatl\u0131qlar\u0131ndan biridir. Uzun m\u00fcdd\u0259t oturaq h\u0259yat t\u0259rzi, fiziki y\u00fckl\u0259nm\u0259, stress v\u0259 d\u00fczg\u00fcn olmayan duru\u015f \u0259z\u0259l\u0259l\u0259rd\u0259 g\u0259rginlik v\u0259 a\u011fr\u0131 hissinin yaranmas\u0131na s\u0259b\u0259b olur. Bu c\u00fcr hallarda masaj v\u0259 t\u0259bii ya\u011flarla apar\u0131lan qulluq rahatlad\u0131c\u0131 t\u0259siri il\u0259 \u00f6n plana \u00e7\u0131x\u0131r. <strong data-start=\"1286\" data-end=\"1308\">Kalonji masaj ya\u011f\u0131<\/strong> bu ehtiyaca cavab ver\u0259n m\u0259hsullardan biridir.<\/p>\n<h3 data-start=\"1356\" data-end=\"1369\">Problem<\/h3>\n<p data-start=\"1370\" data-end=\"1417\">\u018fz\u0259l\u0259 v\u0259 oynaq nahiy\u0259l\u0259rind\u0259 yaranan g\u0259rginlik:<\/p>\n<ul data-start=\"1418\" data-end=\"1574\">\n<li data-start=\"1418\" data-end=\"1449\">\n<p data-start=\"1420\" data-end=\"1449\">H\u0259r\u0259k\u0259t rahatl\u0131\u011f\u0131n\u0131 azald\u0131r<\/p>\n<\/li>\n<li data-start=\"1450\" data-end=\"1491\">\n<p data-start=\"1452\" data-end=\"1491\">G\u00fcnl\u00fck f\u0259aliyy\u0259td\u0259 narahatl\u0131q yarad\u0131r<\/p>\n<\/li>\n<li data-start=\"1492\" data-end=\"1529\">\n<p data-start=\"1494\" data-end=\"1529\">B\u0259d\u0259nd\u0259 yor\u011funluq hissini art\u0131r\u0131r<\/p>\n<\/li>\n<li data-start=\"1530\" data-end=\"1574\">\n<p data-start=\"1532\" data-end=\"1574\">Stress v\u0259 g\u0259rginliyi daha da g\u00fccl\u0259ndirir<\/p>\n<\/li>\n<\/ul>\n<p data-start=\"1576\" data-end=\"1718\">Sintetik t\u0259rkibli b\u0259zi m\u0259hsullar q\u0131sa m\u00fcdd\u0259tli t\u0259sir g\u00f6st\u0259rs\u0259 d\u0259, d\u0259rid\u0259 xo\u015fag\u0259lm\u0259z hiss yarada v\u0259 uzunm\u00fcdd\u0259tli istifad\u0259d\u0259 uy\u011fun olmaya bil\u0259r.<\/p>\n<h3 data-start=\"1720\" data-end=\"1730\">H\u0259ll<\/h3>\n<p data-start=\"1731\" data-end=\"2021\"><strong data-start=\"1731\" data-end=\"1758\">Sa\u00e7 Kalonji Massage Oil<\/strong> t\u0259rkibind\u0259ki qara k\u00fcnc\u00fct (kalonji) ya\u011f\u0131 il\u0259 tan\u0131nan t\u0259bii rahatlad\u0131c\u0131 x\u00fcsusiyy\u0259tl\u0259r\u0259 malikdir. Kalonji ya\u011f\u0131 masaj zaman\u0131 d\u0259rid\u0259 asanl\u0131qla yay\u0131l\u0131r v\u0259 \u0259z\u0259l\u0259l\u0259rin bo\u015falmas\u0131na k\u00f6m\u0259k edir. Ya\u011f\u0131n istil\u0259\u015fdirici v\u0259 rahatlad\u0131c\u0131 effekti masaj prosesini daha effektiv edir.<\/p>\n<p data-start=\"2023\" data-end=\"2211\">M\u0259hsul b\u0259d\u0259nin m\u00fcxt\u0259lif nahiy\u0259l\u0259rind\u0259 \u2013 bel, boyun, \u00e7iyin, diz v\u0259 ayaq \u0259z\u0259l\u0259l\u0259rind\u0259 istifad\u0259 \u00fc\u00e7\u00fcn uy\u011fundur. Y\u00fcng\u00fcl teksturas\u0131 say\u0259sind\u0259 d\u0259rid\u0259 yap\u0131\u015fqan hiss buraxmadan rahat t\u0259tbiq olunur.<\/p>\n<h3 data-start=\"2213\" data-end=\"2225\">N\u0259tic\u0259<\/h3>\n<p data-start=\"2226\" data-end=\"2251\">M\u00fcnt\u0259z\u0259m istifad\u0259 zaman\u0131:<\/p>\n<ul data-start=\"2252\" data-end=\"2404\">\n<li data-start=\"2252\" data-end=\"2288\">\n<p data-start=\"2254\" data-end=\"2288\">\u018fz\u0259l\u0259 v\u0259 b\u0259d\u0259n g\u0259rginliyi azal\u0131r<\/p>\n<\/li>\n<li data-start=\"2289\" data-end=\"2327\">\n<p data-start=\"2291\" data-end=\"2327\">Masaj zaman\u0131 rahatlama hissi art\u0131r<\/p>\n<\/li>\n<li data-start=\"2328\" data-end=\"2370\">\n<p data-start=\"2330\" data-end=\"2370\">B\u0259d\u0259n daha y\u00fcng\u00fcl v\u0259 rahat hiss olunur<\/p>\n<\/li>\n<li data-start=\"2371\" data-end=\"2404\">\n<p data-start=\"2373\" data-end=\"2404\">G\u00fcnl\u00fck stressin t\u0259siri azal\u0131r<\/p>\n<\/li>\n<\/ul>\n<hr data-start=\"2406\" data-end=\"2409\" \/>\n<h2 data-start=\"2411\" data-end=\"2440\">Niy\u0259 bu m\u0259hsulu almal\u0131yam?<\/h2>\n<ul data-start=\"2442\" data-end=\"2679\">\n<li data-start=\"2442\" data-end=\"2498\">\n<p data-start=\"2444\" data-end=\"2498\"><strong data-start=\"2444\" data-end=\"2466\">Kalonji masaj ya\u011f\u0131<\/strong> \u2013 t\u0259bii v\u0259 rahatlad\u0131c\u0131 t\u0259rkib<\/p>\n<\/li>\n<li data-start=\"2499\" data-end=\"2555\">\n<p data-start=\"2501\" data-end=\"2555\"><strong data-start=\"2501\" data-end=\"2553\">\u018fz\u0259l\u0259 v\u0259 b\u0259d\u0259n a\u011fr\u0131lar\u0131n\u0131n azalmas\u0131na k\u00f6m\u0259k edir<\/strong><\/p>\n<\/li>\n<li data-start=\"2556\" data-end=\"2589\">\n<p data-start=\"2558\" data-end=\"2589\"><strong data-start=\"2558\" data-end=\"2587\">Masaj \u00fc\u00e7\u00fcn ideal tekstura<\/strong><\/p>\n<\/li>\n<li data-start=\"2590\" data-end=\"2631\">\n<p data-start=\"2592\" data-end=\"2631\"><strong data-start=\"2592\" data-end=\"2629\">D\u0259rinin rahatlamas\u0131n\u0131 d\u0259st\u0259kl\u0259yir<\/strong><\/p>\n<\/li>\n<li data-start=\"2632\" data-end=\"2679\">\n<p data-start=\"2634\" data-end=\"2679\"><strong data-start=\"2634\" data-end=\"2679\">Ev \u015f\u0259raitind\u0259 masaj \u00fc\u00e7\u00fcn praktik se\u00e7imdir<\/strong><\/p>\n<\/li>\n<\/ul>\n<p data-start=\"2681\" data-end=\"2798\">Sa\u00e7 Kalonji Massage Oil b\u0259d\u0259n rahatl\u0131\u011f\u0131na \u00f6n\u0259m ver\u0259n v\u0259 t\u0259bii masaj ya\u011flar\u0131na \u00fcst\u00fcnl\u00fck ver\u0259nl\u0259r \u00fc\u00e7\u00fcn uy\u011fun m\u0259hsuldur.<\/p>\n<hr data-start=\"2800\" data-end=\"2803\" \/>\n<h2 data-start=\"2805\" data-end=\"2826\">\u0130stifad\u0259 qaydas\u0131<\/h2>\n<p data-start=\"2827\" data-end=\"3018\">Kifay\u0259t q\u0259d\u0259r miqdarda ya\u011f\u0131 a\u011fr\u0131 v\u0259 ya g\u0259rginlik hiss olunan nahiy\u0259y\u0259 t\u0259tbiq edin. Y\u00fcng\u00fcl masaj h\u0259r\u0259k\u0259tl\u0259ri il\u0259 d\u0259rid\u0259 yayaraq hopmas\u0131n\u0131 t\u0259min edin. G\u00fcn \u0259rzind\u0259 1\u20132 d\u0259f\u0259 istifad\u0259 oluna bil\u0259r.<\/p>\n<hr data-start=\"3020\" data-end=\"3023\" \/>\n<h2 data-start=\"3025\" data-end=\"3034\">Qeyd<\/h2>\n<p data-start=\"3035\" data-end=\"3205\">Yaln\u0131z xarici istifad\u0259 \u00fc\u00e7\u00fcnd\u00fcr. G\u00f6zl\u0259 t\u0259masdan qa\u00e7\u0131n\u0131n. H\u0259ssas d\u0259riy\u0259 sahibsinizs\u0259, istifad\u0259d\u0259n \u0259vv\u0259l test edilm\u0259si t\u00f6vsiy\u0259 olunur. U\u015faqlar\u0131n \u0259li \u00e7atmayan yerd\u0259 saxlay\u0131n.<\/p>","protected":false},"excerpt":{"rendered":"<p><strong data-start=\"769\" data-end=\"796\">Sa\u00e7 Kalonji Massage Oil<\/strong> qara k\u00fcnc\u00fct (kalonji) ya\u011f\u0131 \u0259sas\u0131nda haz\u0131rlanm\u0131\u015f, b\u0259d\u0259n v\u0259 \u0259z\u0259l\u0259l\u0259rin rahatlamas\u0131na k\u00f6m\u0259k ed\u0259n masaj ya\u011f\u0131d\u0131r.<\/p>","protected":false},"featured_media":10150,"comment_status":"open","ping_status":"closed","template":"","meta":[],"pwb-brand":[180],"product_cat":[430,129,158],"product_tag":[457,458],"class_list":{"0":"post-10149","1":"product","2":"type-product","3":"status-publish","4":"has-post-thumbnail","6":"pwb-brand-sac-s-amden","7":"product_cat-bdn-agri-ksici-mhsullar","8":"product_cat-beden-baximi","9":"product_cat-body-lotions","10":"product_tag-agri-ksici-mhsullar","11":"product_tag-pain-relief-products","12":"pa_size-6ml","15":"instock","16":"sale","17":"shipping-taxable","18":"purchasable","19":"product-type-simple"},"brands":[{"id":180,"name":"Sac S-Amden","slug":"sac-s-amden"}],"_links":{"self":[{"href":"https:\/\/axtarstore.com\/ru\/wp-json\/wp\/v2\/product\/10149"}],"collection":[{"href":"https:\/\/axtarstore.com\/ru\/wp-json\/wp\/v2\/product"}],"about":[{"href":"https:\/\/axtarstore.com\/ru\/wp-json\/wp\/v2\/types\/product"}],"replies":[{"embeddable":true,"href":"https:\/\/axtarstore.com\/ru\/wp-json\/wp\/v2\/comments?post=10149"}],"version-history":[{"count":3,"href":"https:\/\/axtarstore.com\/ru\/wp-json\/wp\/v2\/product\/10149\/revisions"}],"predecessor-version":[{"id":10990,"href":"https:\/\/axtarstore.com\/ru\/wp-json\/wp\/v2\/product\/10149\/revisions\/10990"}],"wp:featuredmedia":[{"embeddable":true,"href":"https:\/\/axtarstore.com\/ru\/wp-json\/wp\/v2\/media\/10150"}],"wp:attachment":[{"href":"https:\/\/axtarstore.com\/ru\/wp-json\/wp\/v2\/media?parent=10149"}],"wp:term":[{"taxonomy":"pwb-brand","embeddable":true,"href":"https:\/\/axtarstore.com\/ru\/wp-json\/wp\/v2\/pwb-brand?post=10149"},{"taxonomy":"product_cat","embeddable":true,"href":"https:\/\/axtarstore.com\/ru\/wp-json\/wp\/v2\/product_cat?post=10149"},{"taxonomy":"product_tag","embeddable":true,"href":"https:\/\/axtarstore.com\/ru\/wp-json\/wp\/v2\/product_tag?post=10149"}],"curies":[{"name":"wp","href":"https:\/\/api.w.org\/{rel}","templated":true}]}}