{"id":10140,"date":"2025-05-01T23:50:11","date_gmt":"2025-05-01T19:50:11","guid":{"rendered":"https:\/\/axtarstore.com\/?post_type=product&#038;p=10140"},"modified":"2026-02-07T23:52:16","modified_gmt":"2026-02-07T19:52:16","slug":"neem-sabunu-arenagold-neem-bar-soap","status":"publish","type":"product","link":"https:\/\/axtarstore.com\/ru\/product\/neem-sabunu-arenagold-neem-bar-soap\/","title":{"rendered":"ArenaGold Neem Bar Soap il\u0259 Ayd\u0131n v\u0259 Sa\u011flam D\u0259ri"},"content":{"rendered":"<h1 data-start=\"941\" data-end=\"980\">ArenaGold Neem Bar Soap \u2013 Neem Sabunu<\/h1>\n<p data-start=\"982\" data-end=\"1409\">D\u0259rinin sa\u011flam v\u0259 bax\u0131ml\u0131 qalmas\u0131 \u00fc\u00e7\u00fcn d\u00fczg\u00fcn t\u0259mizl\u0259m\u0259 \u0259sas \u015f\u0259rtl\u0259rd\u0259n biridir. G\u00fcn \u0259rzind\u0259 d\u0259rinin s\u0259thind\u0259 y\u0131\u011f\u0131lan ya\u011f, kir v\u0259 bakteriyalar m\u0259sam\u0259l\u0259rin tutulmas\u0131na, s\u0131zanaq v\u0259 dig\u0259r d\u0259ri probleml\u0259rinin yaranmas\u0131na s\u0259b\u0259b ola bil\u0259r. X\u00fcsusil\u0259 ya\u011fl\u0131 v\u0259 problemli d\u0259ri tipin\u0259 sahib olan \u015f\u0259xsl\u0259r \u00fc\u00e7\u00fcn uy\u011fun sabun se\u00e7imi b\u00f6y\u00fck \u0259h\u0259miyy\u0259t da\u015f\u0131y\u0131r. Bu n\u00f6qt\u0259d\u0259 <strong data-start=\"1335\" data-end=\"1350\">neem sabunu<\/strong> t\u0259bii t\u0259rkibi il\u0259 effektiv alternativ kimi \u00f6n plana \u00e7\u0131x\u0131r.<\/p>\n<h3 data-start=\"1411\" data-end=\"1424\">Problem<\/h3>\n<p data-start=\"1425\" data-end=\"1481\">Problemli v\u0259 ya\u011fl\u0131 d\u0259ri a\u015fa\u011f\u0131dak\u0131 \u00e7\u0259tinlikl\u0259rl\u0259 \u00fczl\u0259\u015fir:<\/p>\n<ul data-start=\"1482\" data-end=\"1611\">\n<li data-start=\"1482\" data-end=\"1502\">\n<p data-start=\"1484\" data-end=\"1502\">Art\u0131q ya\u011f ifraz\u0131<\/p>\n<\/li>\n<li data-start=\"1503\" data-end=\"1537\">\n<p data-start=\"1505\" data-end=\"1537\">S\u0131zanaq v\u0259 iltihabl\u0131 nahiy\u0259l\u0259r<\/p>\n<\/li>\n<li data-start=\"1538\" data-end=\"1569\">\n<p data-start=\"1540\" data-end=\"1569\">Geni\u015f v\u0259 t\u0131xanm\u0131\u015f m\u0259sam\u0259l\u0259r<\/p>\n<\/li>\n<li data-start=\"1570\" data-end=\"1611\">\n<p data-start=\"1572\" data-end=\"1611\">D\u0259rinin mat v\u0259 qeyri-b\u0259rab\u0259r g\u00f6r\u00fcn\u00fc\u015f\u00fc<\/p>\n<\/li>\n<\/ul>\n<p data-start=\"1613\" data-end=\"1758\">Adi sabunlar d\u0259rini h\u0259ddind\u0259n art\u0131q quruda v\u0259 ya kifay\u0259t q\u0259d\u0259r d\u0259rin t\u0259mizlik t\u0259min etm\u0259y\u0259 bil\u0259r. Bu is\u0259 probleml\u0259rin t\u0259krarlanmas\u0131na s\u0259b\u0259b olur.<\/p>\n<h3 data-start=\"1760\" data-end=\"1770\">H\u0259ll<\/h3>\n<p data-start=\"1771\" data-end=\"2061\"><strong data-start=\"1771\" data-end=\"1798\">ArenaGold Neem Bar Soap<\/strong> neem ya\u011f\u0131 il\u0259 z\u0259ngin t\u0259rkibi say\u0259sind\u0259 d\u0259rini d\u0259rin t\u0259mizl\u0259m\u0259y\u0259 k\u00f6m\u0259k edir. Neem ya\u011f\u0131 t\u0259mizl\u0259yici v\u0259 tarazlay\u0131c\u0131 x\u00fcsusiyy\u0259tl\u0259ri il\u0259 tan\u0131n\u0131r v\u0259 d\u0259rinin \u00fcmumi v\u0259ziyy\u0259tinin yax\u015f\u0131la\u015fmas\u0131na d\u0259st\u0259k olur. Sabunun balansl\u0131 formulu d\u0259rini qurutmadan t\u0259mizl\u0259m\u0259 t\u0259min edir.<\/p>\n<p data-start=\"2063\" data-end=\"2205\">M\u0259hsul h\u0259m \u00fcz, h\u0259m d\u0259 b\u0259d\u0259n d\u0259risind\u0259 istifad\u0259 \u00fc\u00e7\u00fcn uy\u011fundur. M\u00fcnt\u0259z\u0259m istifad\u0259d\u0259 d\u0259rinin daha ayd\u0131n, t\u0259miz v\u0259 bax\u0131ml\u0131 g\u00f6r\u00fcnm\u0259sin\u0259 k\u00f6m\u0259k edir.<\/p>\n<h3 data-start=\"2207\" data-end=\"2219\">N\u0259tic\u0259<\/h3>\n<p data-start=\"2220\" data-end=\"2242\">Daimi istifad\u0259 zaman\u0131:<\/p>\n<ul data-start=\"2243\" data-end=\"2387\">\n<li data-start=\"2243\" data-end=\"2279\">\n<p data-start=\"2245\" data-end=\"2279\">D\u0259ri daha t\u0259miz v\u0259 balansl\u0131 olur<\/p>\n<\/li>\n<li data-start=\"2280\" data-end=\"2305\">\n<p data-start=\"2282\" data-end=\"2305\">Art\u0131q ya\u011flanma azal\u0131r<\/p>\n<\/li>\n<li data-start=\"2306\" data-end=\"2338\">\n<p data-start=\"2308\" data-end=\"2338\">M\u0259sam\u0259l\u0259r daha ayd\u0131n g\u00f6r\u00fcn\u00fcr<\/p>\n<\/li>\n<li data-start=\"2339\" data-end=\"2387\">\n<p data-start=\"2341\" data-end=\"2387\">\u00dcz d\u0259risi sa\u011flam v\u0259 t\u0259rav\u0259tli effekt qazan\u0131r<\/p>\n<\/li>\n<\/ul>\n<hr data-start=\"2389\" data-end=\"2392\" \/>\n<h2 data-start=\"2394\" data-end=\"2423\">Niy\u0259 bu m\u0259hsulu almal\u0131yam?<\/h2>\n<ul data-start=\"2425\" data-end=\"2675\">\n<li data-start=\"2425\" data-end=\"2471\">\n<p data-start=\"2427\" data-end=\"2471\"><strong data-start=\"2427\" data-end=\"2442\">Neem sabunu<\/strong> \u2013 t\u0259bii v\u0259 g\u00fccl\u00fc t\u0259mizl\u0259m\u0259<\/p>\n<\/li>\n<li data-start=\"2472\" data-end=\"2517\">\n<p data-start=\"2474\" data-end=\"2517\"><strong data-start=\"2474\" data-end=\"2515\">Ya\u011fl\u0131 v\u0259 problemli d\u0259ri \u00fc\u00e7\u00fcn uy\u011fundur<\/strong><\/p>\n<\/li>\n<li data-start=\"2518\" data-end=\"2563\">\n<p data-start=\"2520\" data-end=\"2563\"><strong data-start=\"2520\" data-end=\"2561\">D\u0259rin t\u0259mizlik v\u0259 tarazl\u0131q t\u0259min edir<\/strong><\/p>\n<\/li>\n<li data-start=\"2564\" data-end=\"2622\">\n<p data-start=\"2566\" data-end=\"2622\"><strong data-start=\"2566\" data-end=\"2620\">\u00dcz v\u0259 b\u0259d\u0259n \u00fc\u00e7\u00fcn \u00e7oxm\u0259qs\u0259dli istifad\u0259 imkan\u0131 verir<\/strong><\/p>\n<\/li>\n<li data-start=\"2623\" data-end=\"2675\">\n<p data-start=\"2625\" data-end=\"2675\"><strong data-start=\"2625\" data-end=\"2675\">G\u00fcnd\u0259lik v\u0259 ya periodik istifad\u0259 \u00fc\u00e7\u00fcn ideald\u0131r<\/strong><\/p>\n<\/li>\n<\/ul>\n<p data-start=\"2677\" data-end=\"2782\">ArenaGold Neem Bar Soap problemli d\u0259riy\u0259 qar\u015f\u0131 balansl\u0131 v\u0259 davaml\u0131 qulluq axtaranlar \u00fc\u00e7\u00fcn uy\u011fun se\u00e7imdir.<\/p>\n<hr data-start=\"2784\" data-end=\"2787\" \/>\n<h2 data-start=\"2789\" data-end=\"2810\">\u0130stifad\u0259 qaydas\u0131<\/h2>\n<p data-start=\"2811\" data-end=\"2955\">Sabunu n\u0259m \u00fcz v\u0259 ya b\u0259d\u0259n d\u0259risin\u0259 t\u0259tbiq edin. Y\u00fcng\u00fcl masaj h\u0259r\u0259k\u0259tl\u0259ri il\u0259 k\u00f6p\u00fcrd\u00fcn v\u0259 il\u0131q su il\u0259 yuyun. G\u00fcnd\u0259 1\u20132 d\u0259f\u0259 istifad\u0259 oluna bil\u0259r.<\/p>\n<hr data-start=\"2957\" data-end=\"2960\" \/>\n<h2 data-start=\"2962\" data-end=\"2971\">Qeyd<\/h2>\n<p data-start=\"2972\" data-end=\"3134\">Yaln\u0131z xarici istifad\u0259 \u00fc\u00e7\u00fcnd\u00fcr. G\u00f6zl\u0259 t\u0259masdan qa\u00e7\u0131n\u0131n. H\u0259ssas d\u0259rid\u0259 istifad\u0259 etm\u0259zd\u0259n \u0259vv\u0259l test edilm\u0259si t\u00f6vsiy\u0259 olunur. U\u015faqlar\u0131n \u0259li \u00e7atmayan yerd\u0259 saxlay\u0131n.<\/p>","protected":false},"excerpt":{"rendered":"<p data-start=\"780\" data-end=\"934\"><strong data-start=\"780\" data-end=\"807\">ArenaGold Neem Bar Soap<\/strong> neem ya\u011f\u0131 il\u0259 z\u0259nginl\u0259\u015fdirilmi\u015f, d\u0259rini d\u0259rin t\u0259mizl\u0259m\u0259y\u0259 v\u0259 daha sa\u011flam g\u00f6r\u00fcn\u00fc\u015f qazand\u0131rma\u011fa k\u00f6m\u0259k ed\u0259n t\u0259mizl\u0259yici sabundur.<\/p>","protected":false},"featured_media":10141,"comment_status":"open","ping_status":"closed","template":"","meta":[],"pwb-brand":[163],"product_cat":[127,148,147],"product_tag":[294,293,334,335,442,418],"class_list":{"0":"post-10140","1":"product","2":"type-product","3":"status-publish","4":"has-post-thumbnail","6":"pwb-brand-arena-gold","7":"product_cat-face-care","8":"product_cat-face-soaps","9":"product_cat-face-wash","10":"product_tag-face","11":"product_tag-facecare","12":"product_tag-natural-soap","13":"product_tag-tbii-sabun","14":"product_tag-uz","15":"product_tag-uzbaximi","16":"pa_size-120grm","19":"instock","20":"sale","21":"shipping-taxable","22":"purchasable","23":"product-type-simple"},"brands":[{"id":163,"name":"Arena Gold","slug":"arena-gold"}],"_links":{"self":[{"href":"https:\/\/axtarstore.com\/ru\/wp-json\/wp\/v2\/product\/10140"}],"collection":[{"href":"https:\/\/axtarstore.com\/ru\/wp-json\/wp\/v2\/product"}],"about":[{"href":"https:\/\/axtarstore.com\/ru\/wp-json\/wp\/v2\/types\/product"}],"replies":[{"embeddable":true,"href":"https:\/\/axtarstore.com\/ru\/wp-json\/wp\/v2\/comments?post=10140"}],"version-history":[{"count":3,"href":"https:\/\/axtarstore.com\/ru\/wp-json\/wp\/v2\/product\/10140\/revisions"}],"predecessor-version":[{"id":10996,"href":"https:\/\/axtarstore.com\/ru\/wp-json\/wp\/v2\/product\/10140\/revisions\/10996"}],"wp:featuredmedia":[{"embeddable":true,"href":"https:\/\/axtarstore.com\/ru\/wp-json\/wp\/v2\/media\/10141"}],"wp:attachment":[{"href":"https:\/\/axtarstore.com\/ru\/wp-json\/wp\/v2\/media?parent=10140"}],"wp:term":[{"taxonomy":"pwb-brand","embeddable":true,"href":"https:\/\/axtarstore.com\/ru\/wp-json\/wp\/v2\/pwb-brand?post=10140"},{"taxonomy":"product_cat","embeddable":true,"href":"https:\/\/axtarstore.com\/ru\/wp-json\/wp\/v2\/product_cat?post=10140"},{"taxonomy":"product_tag","embeddable":true,"href":"https:\/\/axtarstore.com\/ru\/wp-json\/wp\/v2\/product_tag?post=10140"}],"curies":[{"name":"wp","href":"https:\/\/api.w.org\/{rel}","templated":true}]}}