{"id":10127,"date":"2025-05-01T23:30:58","date_gmt":"2025-05-01T19:30:58","guid":{"rendered":"https:\/\/axtarstore.com\/?post_type=product&#038;p=10127"},"modified":"2026-02-08T00:12:48","modified_gmt":"2026-02-07T20:12:48","slug":"duyu-ekstraktli-uz-temizleyici-mousse-mark-30","status":"publish","type":"product","link":"https:\/\/axtarstore.com\/ru\/product\/duyu-ekstraktli-uz-temizleyici-mousse-mark-30\/","title":{"rendered":"Mark 30 Raw Rice Essence Facial Mousse il\u0259 T\u0259bii Par\u0131lt\u0131 v\u0259 Canl\u0131l\u0131q"},"content":{"rendered":"<h1 data-start=\"1031\" data-end=\"1111\">Mark 30 Raw Rice Essence Facial Mousse \u2013 D\u00fcy\u00fc Ekstraktl\u0131 \u00dcz T\u0259mizl\u0259yici Mousse<\/h1>\n<p data-start=\"1113\" data-end=\"1549\">D\u0259rinin sa\u011flam v\u0259 bax\u0131ml\u0131 qalmas\u0131 \u00fc\u00e7\u00fcn g\u00fcnd\u0259lik t\u0259mizl\u0259m\u0259 d\u00fczg\u00fcn se\u00e7ilmi\u015f m\u0259hsullarla apar\u0131lmal\u0131d\u0131r. G\u00fcn \u0259rzind\u0259 d\u0259rinin \u00fcz\u0259rind\u0259 toplanan kir, ya\u011f, makiyaj qal\u0131qlar\u0131 v\u0259 \u0259traf m\u00fchit t\u0259sirl\u0259ri m\u0259sam\u0259l\u0259rin tutulmas\u0131na v\u0259 d\u0259rinin sol\u011fun g\u00f6r\u00fcnm\u0259sin\u0259 s\u0259b\u0259b ola bil\u0259r. Bu s\u0259b\u0259bd\u0259n d\u0259rini h\u0259m effektiv, h\u0259m d\u0259 z\u0259rif \u015f\u0259kild\u0259 t\u0259mizl\u0259y\u0259n m\u0259hsullara ehtiyac yaran\u0131r. <strong data-start=\"1469\" data-end=\"1510\">D\u00fcy\u00fc ekstraktl\u0131 \u00fcz t\u0259mizl\u0259yici mousse<\/strong> bu bax\u0131mdan ideal se\u00e7iml\u0259rd\u0259n biridir.<\/p>\n<h3 data-start=\"1551\" data-end=\"1564\">Problem<\/h3>\n<p data-start=\"1565\" data-end=\"1634\">Yanl\u0131\u015f v\u0259 ya s\u0259rt t\u0259mizl\u0259yicil\u0259r a\u015fa\u011f\u0131dak\u0131 probleml\u0259r\u0259 yol a\u00e7a bil\u0259r:<\/p>\n<ul data-start=\"1635\" data-end=\"1767\">\n<li data-start=\"1635\" data-end=\"1669\">\n<p data-start=\"1637\" data-end=\"1669\">D\u0259rinin qurumas\u0131 v\u0259 dart\u0131lmas\u0131<\/p>\n<\/li>\n<li data-start=\"1670\" data-end=\"1707\">\n<p data-start=\"1672\" data-end=\"1707\">T\u0259bii n\u0259mlik balans\u0131n\u0131n pozulmas\u0131<\/p>\n<\/li>\n<li data-start=\"1708\" data-end=\"1743\">\n<p data-start=\"1710\" data-end=\"1743\">D\u0259rinin mat v\u0259 cans\u0131z g\u00f6r\u00fcnm\u0259si<\/p>\n<\/li>\n<li data-start=\"1744\" data-end=\"1767\">\n<p data-start=\"1746\" data-end=\"1767\">H\u0259ssasl\u0131\u011f\u0131n artmas\u0131<\/p>\n<\/li>\n<\/ul>\n<p data-start=\"1769\" data-end=\"1885\">X\u00fcsusil\u0259 g\u00fcnd\u0259lik istifad\u0259 \u00fc\u00e7\u00fcn uy\u011fun olmayan m\u0259hsullar d\u0259rinin uzunm\u00fcdd\u0259tli sa\u011flaml\u0131\u011f\u0131na m\u0259nfi t\u0259sir g\u00f6st\u0259r\u0259 bil\u0259r.<\/p>\n<h3 data-start=\"1887\" data-end=\"1897\">H\u0259ll<\/h3>\n<p data-start=\"1898\" data-end=\"2200\"><strong data-start=\"1898\" data-end=\"1940\">Mark 30 Raw Rice Essence Facial Mousse<\/strong> y\u00fcng\u00fcl v\u0259 k\u00f6p\u00fckl\u00fc teksturas\u0131 il\u0259 d\u0259rini z\u0259rif \u015f\u0259kild\u0259 t\u0259mizl\u0259m\u0259k \u00fc\u00e7\u00fcn haz\u0131rlanm\u0131\u015fd\u0131r. D\u00fcy\u00fc ekstrakt\u0131 d\u0259rini t\u0259mizl\u0259m\u0259kl\u0259 yana\u015f\u0131, ona daha ayd\u0131n v\u0259 parlaq g\u00f6r\u00fcn\u00fc\u015f qazand\u0131rma\u011fa k\u00f6m\u0259k edir. Mousse formas\u0131 d\u0259rid\u0259 asan yay\u0131l\u0131r v\u0259 t\u0259mizl\u0259m\u0259 prosesini rahatla\u015fd\u0131r\u0131r.<\/p>\n<p data-start=\"2202\" data-end=\"2408\">M\u0259hsul d\u0259rini h\u0259ddind\u0259n art\u0131q qurutmadan t\u0259mizl\u0259yir v\u0259 g\u00fcnd\u0259lik istifad\u0259 \u00fc\u00e7\u00fcn uy\u011fundur. D\u00fcy\u00fc ekstraktl\u0131 \u00fcz t\u0259mizl\u0259yici mousse d\u0259rinin t\u0259bii balans\u0131n\u0131 qoruma\u011fa v\u0259 daha bax\u0131ml\u0131 effekt \u0259ld\u0259 etm\u0259y\u0259 d\u0259st\u0259k olur.<\/p>\n<h3 data-start=\"2410\" data-end=\"2422\">N\u0259tic\u0259<\/h3>\n<p data-start=\"2423\" data-end=\"2448\">M\u00fcnt\u0259z\u0259m istifad\u0259 zaman\u0131:<\/p>\n<ul data-start=\"2449\" data-end=\"2600\">\n<li data-start=\"2449\" data-end=\"2489\">\n<p data-start=\"2451\" data-end=\"2489\">D\u0259ri daha t\u0259miz v\u0259 t\u0259rav\u0259tli g\u00f6r\u00fcn\u00fcr<\/p>\n<\/li>\n<li data-start=\"2490\" data-end=\"2523\">\n<p data-start=\"2492\" data-end=\"2523\">D\u0259rinin s\u0259thi daha hamar olur<\/p>\n<\/li>\n<li data-start=\"2524\" data-end=\"2549\">\n<p data-start=\"2526\" data-end=\"2549\">Sol\u011fun g\u00f6r\u00fcn\u00fc\u015f azal\u0131r<\/p>\n<\/li>\n<li data-start=\"2550\" data-end=\"2600\">\n<p data-start=\"2552\" data-end=\"2600\">\u00dcz d\u0259risi daha ayd\u0131n v\u0259 bax\u0131ml\u0131 effekt qazan\u0131r<\/p>\n<\/li>\n<\/ul>\n<hr data-start=\"2602\" data-end=\"2605\" \/>\n<h2 data-start=\"2607\" data-end=\"2636\">Niy\u0259 bu m\u0259hsulu almal\u0131yam?<\/h2>\n<ul data-start=\"2638\" data-end=\"2880\">\n<li data-start=\"2638\" data-end=\"2712\">\n<p data-start=\"2640\" data-end=\"2712\"><strong data-start=\"2640\" data-end=\"2681\">D\u00fcy\u00fc ekstraktl\u0131 \u00fcz t\u0259mizl\u0259yici mousse<\/strong> \u2013 z\u0259rif v\u0259 effektiv t\u0259mizlik<\/p>\n<\/li>\n<li data-start=\"2713\" data-end=\"2752\">\n<p data-start=\"2715\" data-end=\"2752\"><strong data-start=\"2715\" data-end=\"2750\">G\u00fcnd\u0259lik istifad\u0259 \u00fc\u00e7\u00fcn uy\u011fundur<\/strong><\/p>\n<\/li>\n<li data-start=\"2753\" data-end=\"2789\">\n<p data-start=\"2755\" data-end=\"2789\"><strong data-start=\"2755\" data-end=\"2787\">D\u0259rini qurutmadan t\u0259mizl\u0259yir<\/strong><\/p>\n<\/li>\n<li data-start=\"2790\" data-end=\"2838\">\n<p data-start=\"2792\" data-end=\"2838\"><strong data-start=\"2792\" data-end=\"2836\">T\u0259bii parlaql\u0131\u011f\u0131n qorunmas\u0131na k\u00f6m\u0259k edir<\/strong><\/p>\n<\/li>\n<li data-start=\"2839\" data-end=\"2880\">\n<p data-start=\"2841\" data-end=\"2880\"><strong data-start=\"2841\" data-end=\"2880\">Y\u00fcng\u00fcl v\u0259 rahat teksturaya malikdir<\/strong><\/p>\n<\/li>\n<\/ul>\n<p data-start=\"2882\" data-end=\"3005\">Mark 30 Raw Rice Essence Facial Mousse g\u00fcnd\u0259lik \u00fcz t\u0259mizliyind\u0259 balansl\u0131 v\u0259 etibarl\u0131 m\u0259hsul axtaranlar \u00fc\u00e7\u00fcn do\u011fru se\u00e7imdir.<\/p>\n<hr data-start=\"3007\" data-end=\"3010\" \/>\n<h2 data-start=\"3012\" data-end=\"3033\">\u0130stifad\u0259 qaydas\u0131<\/h2>\n<p data-start=\"3034\" data-end=\"3187\">N\u0259m \u00fcz d\u0259risin\u0259 kifay\u0259t q\u0259d\u0259r mousse t\u0259tbiq edin. Y\u00fcng\u00fcl masaj h\u0259r\u0259k\u0259tl\u0259ri il\u0259 d\u0259rid\u0259 k\u00f6p\u00fcrd\u00fcn v\u0259 il\u0131q su il\u0259 yuyun. S\u0259h\u0259r v\u0259 ax\u015fam istifad\u0259 oluna bil\u0259r.<\/p>\n<hr data-start=\"3189\" data-end=\"3192\" \/>\n<h2 data-start=\"3194\" data-end=\"3203\">Qeyd<\/h2>\n<p data-start=\"3204\" data-end=\"3366\">Yaln\u0131z xarici istifad\u0259 \u00fc\u00e7\u00fcnd\u00fcr. G\u00f6zl\u0259 t\u0259masdan qa\u00e7\u0131n\u0131n. H\u0259ssas d\u0259rid\u0259 istifad\u0259 etm\u0259zd\u0259n \u0259vv\u0259l test edilm\u0259si t\u00f6vsiy\u0259 olunur. U\u015faqlar\u0131n \u0259li \u00e7atmayan yerd\u0259 saxlay\u0131n.<\/p>","protected":false},"excerpt":{"rendered":"<p><strong data-start=\"851\" data-end=\"893\">Mark 30 Raw Rice Essence Facial Mousse<\/strong> d\u00fcy\u00fc ekstrakt\u0131 il\u0259 z\u0259ngin, d\u0259rini z\u0259rif \u015f\u0259kild\u0259 t\u0259mizl\u0259y\u0259n v\u0259 daha ayd\u0131n g\u00f6r\u00fcn\u00fc\u015f qazand\u0131rma\u011fa k\u00f6m\u0259k ed\u0259n \u00fcz t\u0259mizl\u0259yici moussedur.<\/p>","protected":false},"featured_media":10128,"comment_status":"open","ping_status":"closed","template":"","meta":[],"pwb-brand":[434],"product_cat":[149,127,147],"product_tag":[294,293,423,442,319,324,418],"class_list":{"0":"post-10127","1":"product","2":"type-product","3":"status-publish","4":"has-post-thumbnail","6":"pwb-brand-mark-30","7":"product_cat-makeup-remover","8":"product_cat-face-care","9":"product_cat-face-wash","10":"product_tag-face","11":"product_tag-facecare","12":"product_tag-skincareroutine","13":"product_tag-uz","14":"product_tag-uz-lklri","15":"product_tag-uz-yuma-gell","16":"product_tag-uzbaximi","17":"pa_size-120ml","20":"instock","21":"sale","22":"shipping-taxable","23":"purchasable","24":"product-type-simple"},"brands":[{"id":434,"name":"mark 30","slug":"mark-30"}],"_links":{"self":[{"href":"https:\/\/axtarstore.com\/ru\/wp-json\/wp\/v2\/product\/10127"}],"collection":[{"href":"https:\/\/axtarstore.com\/ru\/wp-json\/wp\/v2\/product"}],"about":[{"href":"https:\/\/axtarstore.com\/ru\/wp-json\/wp\/v2\/types\/product"}],"replies":[{"embeddable":true,"href":"https:\/\/axtarstore.com\/ru\/wp-json\/wp\/v2\/comments?post=10127"}],"version-history":[{"count":3,"href":"https:\/\/axtarstore.com\/ru\/wp-json\/wp\/v2\/product\/10127\/revisions"}],"predecessor-version":[{"id":11004,"href":"https:\/\/axtarstore.com\/ru\/wp-json\/wp\/v2\/product\/10127\/revisions\/11004"}],"wp:featuredmedia":[{"embeddable":true,"href":"https:\/\/axtarstore.com\/ru\/wp-json\/wp\/v2\/media\/10128"}],"wp:attachment":[{"href":"https:\/\/axtarstore.com\/ru\/wp-json\/wp\/v2\/media?parent=10127"}],"wp:term":[{"taxonomy":"pwb-brand","embeddable":true,"href":"https:\/\/axtarstore.com\/ru\/wp-json\/wp\/v2\/pwb-brand?post=10127"},{"taxonomy":"product_cat","embeddable":true,"href":"https:\/\/axtarstore.com\/ru\/wp-json\/wp\/v2\/product_cat?post=10127"},{"taxonomy":"product_tag","embeddable":true,"href":"https:\/\/axtarstore.com\/ru\/wp-json\/wp\/v2\/product_tag?post=10127"}],"curies":[{"name":"wp","href":"https:\/\/api.w.org\/{rel}","templated":true}]}}