{"id":10124,"date":"2025-05-01T23:26:04","date_gmt":"2025-05-01T19:26:04","guid":{"rendered":"https:\/\/axtarstore.com\/?post_type=product&#038;p=10124"},"modified":"2026-02-08T00:15:12","modified_gmt":"2026-02-07T20:15:12","slug":"qizil-peel-off-maska-mark-30-24k-gold","status":"publish","type":"product","link":"https:\/\/axtarstore.com\/ru\/product\/qizil-peel-off-maska-mark-30-24k-gold\/","title":{"rendered":"Mark 30 24K Gold Sparkling Peel-Off Mask il\u0259 L\u00fcks G\u00f6z\u0259llik T\u0259cr\u00fcb\u0259si"},"content":{"rendered":"<h1 data-start=\"951\" data-end=\"1016\">Mark 30 24K Gold Sparkling Peel-Off Mask \u2013 Q\u0131z\u0131l Peel Off Maska<\/h1>\n<p data-start=\"1018\" data-end=\"1459\">D\u0259rinin sa\u011flam, parlaq v\u0259 bax\u0131ml\u0131 g\u00f6r\u00fcnm\u0259si m\u00fcnt\u0259z\u0259m v\u0259 d\u00fczg\u00fcn qulluqdan as\u0131l\u0131d\u0131r. G\u00fcn \u0259rzind\u0259 d\u0259ri s\u0259thind\u0259 toplanan kir, ya\u011f v\u0259 makiyaj qal\u0131qlar\u0131 m\u0259sam\u0259l\u0259rin tutulmas\u0131na, d\u0259rinin sol\u011fun v\u0259 yor\u011fun g\u00f6r\u00fcnm\u0259sin\u0259 s\u0259b\u0259b ola bil\u0259r. X\u00fcsusil\u0259 \u015f\u0259h\u0259r m\u00fchitind\u0259 ya\u015fayan \u015f\u0259xsl\u0259r \u00fc\u00e7\u00fcn d\u0259rinin d\u0259rin t\u0259mizl\u0259nm\u0259si v\u0259 canland\u0131r\u0131lmas\u0131 vacib m\u0259rh\u0259l\u0259l\u0259rd\u0259n biridir. Bu m\u0259rh\u0259l\u0259d\u0259 <strong data-start=\"1379\" data-end=\"1403\">q\u0131z\u0131l peel off maska<\/strong> kimi x\u00fcsusi bax\u0131m m\u0259hsullar\u0131 effektiv h\u0259ll t\u0259qdim edir.<\/p>\n<h3 data-start=\"1461\" data-end=\"1474\">Problem<\/h3>\n<p data-start=\"1475\" data-end=\"1549\">D\u0259rin t\u0259mizl\u0259m\u0259 apar\u0131lmad\u0131qda d\u0259ri a\u015fa\u011f\u0131dak\u0131 probleml\u0259rl\u0259 qar\u015f\u0131la\u015fa bil\u0259r:<\/p>\n<ul data-start=\"1550\" data-end=\"1667\">\n<li data-start=\"1550\" data-end=\"1575\">\n<p data-start=\"1552\" data-end=\"1575\">M\u0259sam\u0259l\u0259rin t\u0131xanmas\u0131<\/p>\n<\/li>\n<li data-start=\"1576\" data-end=\"1611\">\n<p data-start=\"1578\" data-end=\"1611\">D\u0259rinin mat v\u0259 cans\u0131z g\u00f6r\u00fcnm\u0259si<\/p>\n<\/li>\n<li data-start=\"1612\" data-end=\"1641\">\n<p data-start=\"1614\" data-end=\"1641\">Qara n\u00f6qt\u0259l\u0259rin yaranmas\u0131<\/p>\n<\/li>\n<li data-start=\"1642\" data-end=\"1667\">\n<p data-start=\"1644\" data-end=\"1667\">Bax\u0131ms\u0131z d\u0259ri effekti<\/p>\n<\/li>\n<\/ul>\n<p data-start=\"1669\" data-end=\"1804\">Adi t\u0259mizl\u0259yici vasit\u0259l\u0259r b\u0259zi hallarda d\u0259rinin d\u0259rin qatlar\u0131na kifay\u0259t q\u0259d\u0259r t\u0259sir etmir v\u0259 ist\u0259nil\u0259n parlaql\u0131q effektini t\u0259min etmir.<\/p>\n<h3 data-start=\"1806\" data-end=\"1816\">H\u0259ll<\/h3>\n<p data-start=\"1817\" data-end=\"2110\"><strong data-start=\"1817\" data-end=\"1861\">Mark 30 24K Gold Sparkling Peel-Off Mask<\/strong> q\u0131z\u0131l t\u0259rkibli x\u00fcsusi formulu il\u0259 d\u0259rinin s\u0259thind\u0259ki \u00e7irkl\u0259ri v\u0259 \u00f6l\u00fc d\u0259ri h\u00fcceyr\u0259l\u0259rini peel-off \u00fcsulu il\u0259 aradan qald\u0131rma\u011fa k\u00f6m\u0259k edir. Maskan\u0131n teksturas\u0131 d\u0259rid\u0259 quruyaraq nazik qat \u0259m\u0259l\u0259 g\u0259tirir v\u0259 soyulduqda d\u0259rini daha t\u0259miz v\u0259 ayd\u0131n g\u00f6st\u0259rir.<\/p>\n<p data-start=\"2112\" data-end=\"2365\">Q\u0131z\u0131l t\u0259rkibi il\u0259 z\u0259ngin maska d\u0259rinin daha parlaq v\u0259 canl\u0131 g\u00f6r\u00fcnm\u0259sin\u0259 d\u0259st\u0259k olur. Peel-off t\u0259siri say\u0259sind\u0259 m\u0259sam\u0259l\u0259r vizual olaraq daha t\u0259miz g\u00f6r\u00fcn\u00fcr v\u0259 d\u0259ri s\u0259thi hamarla\u015f\u0131r. M\u0259hsul x\u00fcsusi bax\u0131m g\u00fcnl\u0259ri v\u0259 ya h\u0259ft\u0259lik d\u0259rin t\u0259mizl\u0259m\u0259 \u00fc\u00e7\u00fcn uy\u011fundur.<\/p>\n<h3 data-start=\"2367\" data-end=\"2379\">N\u0259tic\u0259<\/h3>\n<p data-start=\"2380\" data-end=\"2405\">M\u00fcnt\u0259z\u0259m istifad\u0259 zaman\u0131:<\/p>\n<ul data-start=\"2406\" data-end=\"2552\">\n<li data-start=\"2406\" data-end=\"2443\">\n<p data-start=\"2408\" data-end=\"2443\">D\u0259ri daha t\u0259miz v\u0259 parlaq g\u00f6r\u00fcn\u00fcr<\/p>\n<\/li>\n<li data-start=\"2444\" data-end=\"2481\">\n<p data-start=\"2446\" data-end=\"2481\">M\u0259sam\u0259l\u0259r daha ayd\u0131n g\u00f6r\u00fcn\u00fc\u015f al\u0131r<\/p>\n<\/li>\n<li data-start=\"2482\" data-end=\"2502\">\n<p data-start=\"2484\" data-end=\"2502\">Sol\u011funluq azal\u0131r<\/p>\n<\/li>\n<li data-start=\"2503\" data-end=\"2552\">\n<p data-start=\"2505\" data-end=\"2552\">\u00dcz d\u0259risi t\u0259rav\u0259tli v\u0259 bax\u0131ml\u0131 effekt qazan\u0131r<\/p>\n<\/li>\n<\/ul>\n<hr data-start=\"2554\" data-end=\"2557\" \/>\n<h2 data-start=\"2559\" data-end=\"2588\">Niy\u0259 bu m\u0259hsulu almal\u0131yam?<\/h2>\n<ul data-start=\"2590\" data-end=\"2836\">\n<li data-start=\"2590\" data-end=\"2647\">\n<p data-start=\"2592\" data-end=\"2647\"><strong data-start=\"2592\" data-end=\"2616\">Q\u0131z\u0131l peel off maska<\/strong> \u2013 d\u0259rin v\u0259 effektiv t\u0259mizlik<\/p>\n<\/li>\n<li data-start=\"2648\" data-end=\"2699\">\n<p data-start=\"2650\" data-end=\"2699\"><strong data-start=\"2650\" data-end=\"2697\">Parlaql\u0131q v\u0259 canl\u0131l\u0131q effektini d\u0259st\u0259kl\u0259yir<\/strong><\/p>\n<\/li>\n<li data-start=\"2700\" data-end=\"2751\">\n<p data-start=\"2702\" data-end=\"2751\"><strong data-start=\"2702\" data-end=\"2749\">Peel-off texnologiyas\u0131 il\u0259 praktik istifad\u0259<\/strong><\/p>\n<\/li>\n<li data-start=\"2752\" data-end=\"2794\">\n<p data-start=\"2754\" data-end=\"2794\"><strong data-start=\"2754\" data-end=\"2792\">X\u00fcsusi v\u0259 l\u00fcks bax\u0131m hissi yarad\u0131r<\/strong><\/p>\n<\/li>\n<li data-start=\"2795\" data-end=\"2836\">\n<p data-start=\"2797\" data-end=\"2836\"><strong data-start=\"2797\" data-end=\"2836\">H\u0259ft\u0259lik d\u0259ri qullu\u011fu \u00fc\u00e7\u00fcn ideald\u0131r<\/strong><\/p>\n<\/li>\n<\/ul>\n<p data-start=\"2838\" data-end=\"2962\">Mark 30 24K Gold Sparkling Peel-Off Mask d\u0259risin\u0259 daha bax\u0131ml\u0131 v\u0259 parlaq g\u00f6r\u00fcn\u00fc\u015f qazand\u0131rmaq ist\u0259y\u0259nl\u0259r \u00fc\u00e7\u00fcn ideal se\u00e7imdir.<\/p>\n<hr data-start=\"2964\" data-end=\"2967\" \/>\n<h2 data-start=\"2969\" data-end=\"2990\">\u0130stifad\u0259 qaydas\u0131<\/h2>\n<p data-start=\"2991\" data-end=\"3194\">T\u0259miz v\u0259 quru \u00fcz d\u0259risin\u0259 nazik qat \u015f\u0259klind\u0259 \u00e7\u0259kin. G\u00f6z v\u0259 dodaq \u0259traf\u0131ndan qa\u00e7\u0131n\u0131n. Tam quruduqdan sonra maskan\u0131 a\u015fa\u011f\u0131dan yuxar\u0131 do\u011fru soyaraq \u00e7\u0131xar\u0131n. H\u0259ft\u0259d\u0259 1\u20132 d\u0259f\u0259 istifad\u0259 edilm\u0259si t\u00f6vsiy\u0259 olunur.<\/p>\n<hr data-start=\"3196\" data-end=\"3199\" \/>\n<h2 data-start=\"3201\" data-end=\"3210\">Qeyd<\/h2>\n<p data-start=\"3211\" data-end=\"3387\">Yaln\u0131z xarici istifad\u0259 \u00fc\u00e7\u00fcnd\u00fcr. G\u00f6zl\u0259 t\u0259masdan qa\u00e7\u0131n\u0131n. H\u0259ssas v\u0259 z\u0259d\u0259l\u0259nmi\u015f d\u0259rid\u0259 istifad\u0259 etm\u0259zd\u0259n \u0259vv\u0259l test edilm\u0259si t\u00f6vsiy\u0259 olunur. U\u015faqlar\u0131n \u0259li \u00e7atmayan yerd\u0259 saxlay\u0131n.<\/p>","protected":false},"excerpt":{"rendered":"<p data-start=\"788\" data-end=\"944\"><strong data-start=\"788\" data-end=\"832\">Mark 30 24K Gold Sparkling Peel-Off Mask<\/strong> q\u0131z\u0131l t\u0259rkibli, d\u0259rini d\u0259rin t\u0259mizl\u0259m\u0259y\u0259 v\u0259 daha parlaq g\u00f6r\u00fcn\u00fc\u015f qazand\u0131rma\u011fa k\u00f6m\u0259k ed\u0259n peel-off \u00fcz maskas\u0131d\u0131r.<\/p>","protected":false},"featured_media":10125,"comment_status":"open","ping_status":"closed","template":"","meta":[],"pwb-brand":[434],"product_cat":[127,145],"product_tag":[294,343,293,418],"class_list":{"0":"post-10124","1":"product","2":"type-product","3":"status-publish","4":"has-post-thumbnail","6":"pwb-brand-mark-30","7":"product_cat-face-care","8":"product_cat-face-masks","9":"product_tag-face","10":"product_tag-face-mask","11":"product_tag-facecare","12":"product_tag-uzbaximi","13":"pa_size-100grm","16":"instock","17":"sale","18":"shipping-taxable","19":"purchasable","20":"product-type-simple"},"brands":[{"id":434,"name":"mark 30","slug":"mark-30"}],"_links":{"self":[{"href":"https:\/\/axtarstore.com\/ru\/wp-json\/wp\/v2\/product\/10124"}],"collection":[{"href":"https:\/\/axtarstore.com\/ru\/wp-json\/wp\/v2\/product"}],"about":[{"href":"https:\/\/axtarstore.com\/ru\/wp-json\/wp\/v2\/types\/product"}],"replies":[{"embeddable":true,"href":"https:\/\/axtarstore.com\/ru\/wp-json\/wp\/v2\/comments?post=10124"}],"version-history":[{"count":3,"href":"https:\/\/axtarstore.com\/ru\/wp-json\/wp\/v2\/product\/10124\/revisions"}],"predecessor-version":[{"id":11006,"href":"https:\/\/axtarstore.com\/ru\/wp-json\/wp\/v2\/product\/10124\/revisions\/11006"}],"wp:featuredmedia":[{"embeddable":true,"href":"https:\/\/axtarstore.com\/ru\/wp-json\/wp\/v2\/media\/10125"}],"wp:attachment":[{"href":"https:\/\/axtarstore.com\/ru\/wp-json\/wp\/v2\/media?parent=10124"}],"wp:term":[{"taxonomy":"pwb-brand","embeddable":true,"href":"https:\/\/axtarstore.com\/ru\/wp-json\/wp\/v2\/pwb-brand?post=10124"},{"taxonomy":"product_cat","embeddable":true,"href":"https:\/\/axtarstore.com\/ru\/wp-json\/wp\/v2\/product_cat?post=10124"},{"taxonomy":"product_tag","embeddable":true,"href":"https:\/\/axtarstore.com\/ru\/wp-json\/wp\/v2\/product_tag?post=10124"}],"curies":[{"name":"wp","href":"https:\/\/api.w.org\/{rel}","templated":true}]}}