{"id":10102,"date":"2025-05-01T22:39:04","date_gmt":"2025-05-01T18:39:04","guid":{"rendered":"https:\/\/axtarstore.com\/?post_type=product&#038;p=10102"},"modified":"2026-02-08T00:32:46","modified_gmt":"2026-02-07T20:32:46","slug":"yeddi-herbal-sac-yagi-seven-herbal","status":"publish","type":"product","link":"https:\/\/axtarstore.com\/ru\/product\/yeddi-herbal-sac-yagi-seven-herbal\/","title":{"rendered":"SEVEN HERBAL HAIR OIL 100 ML Yeddi Herbal Sa\u00e7 Ya\u011f\u0131 il\u0259 G\u00f6z\u0259l v\u0259 Sa\u011flam Sa\u00e7lara Qovu\u015fun"},"content":{"rendered":"<h1 data-start=\"989\" data-end=\"1036\">Seven Herbal Hair Oil \u2013 Yeddi Herbal Sa\u00e7 Ya\u011f\u0131<\/h1>\n<p data-start=\"1038\" data-end=\"1473\">Sa\u00e7lar\u0131n sa\u011flam, g\u00fccl\u00fc v\u0259 parlaq g\u00f6r\u00fcnm\u0259si d\u00fczg\u00fcn v\u0259 davaml\u0131 bax\u0131mdan as\u0131l\u0131d\u0131r. Stress, hormonal d\u0259yi\u015fiklikl\u0259r, \u0259traf m\u00fchitin t\u0259siri v\u0259 yanl\u0131\u015f sa\u00e7 bax\u0131m\u0131 zamanla sa\u00e7 t\u00f6k\u00fclm\u0259si, quruluq v\u0259 z\u0259ifl\u0259m\u0259 kimi probleml\u0259r\u0259 s\u0259b\u0259b ola bil\u0259r. Bu c\u00fcr hallarda sa\u00e7 k\u00f6kl\u0259rini qidaland\u0131ran v\u0259 sa\u00e7 d\u0259risini d\u0259st\u0259kl\u0259y\u0259n t\u0259bii ya\u011flar\u0131n istifad\u0259si m\u00fch\u00fcm rol oynay\u0131r. <strong data-start=\"1385\" data-end=\"1410\">Yeddi herbal sa\u00e7 ya\u011f\u0131<\/strong> bu ehtiyaca cavab ver\u0259n kompleks bax\u0131m m\u0259hsullar\u0131ndan biridir.<\/p>\n<h3 data-start=\"1475\" data-end=\"1488\">Problem<\/h3>\n<p data-start=\"1489\" data-end=\"1544\">Sa\u00e7 probleml\u0259ri a\u015fa\u011f\u0131dak\u0131 hallarla \u00f6z\u00fcn\u00fc g\u00f6st\u0259r\u0259 bil\u0259r:<\/p>\n<ul data-start=\"1545\" data-end=\"1680\">\n<li data-start=\"1545\" data-end=\"1577\">\n<p data-start=\"1547\" data-end=\"1577\">Sa\u00e7 t\u00f6k\u00fclm\u0259si v\u0259 seyr\u0259kl\u0259\u015fm\u0259<\/p>\n<\/li>\n<li data-start=\"1578\" data-end=\"1617\">\n<p data-start=\"1580\" data-end=\"1617\">Sa\u00e7lar\u0131n cans\u0131z v\u0259 sol\u011fun g\u00f6r\u00fcnm\u0259si<\/p>\n<\/li>\n<li data-start=\"1618\" data-end=\"1644\">\n<p data-start=\"1620\" data-end=\"1644\">Sa\u00e7 d\u0259risinin qurumas\u0131<\/p>\n<\/li>\n<li data-start=\"1645\" data-end=\"1680\">\n<p data-start=\"1647\" data-end=\"1680\">Z\u0259if v\u0259 tez q\u0131r\u0131lan sa\u00e7 tell\u0259ri<\/p>\n<\/li>\n<\/ul>\n<p data-start=\"1682\" data-end=\"1807\">Adi sa\u00e7 bax\u0131m m\u0259hsullar\u0131 b\u0259zi hallarda yaln\u0131z s\u0259thi t\u0259sir g\u00f6st\u0259rir v\u0259 sa\u00e7 k\u00f6kl\u0259rinin ehtiyac duydu\u011fu qidalanman\u0131 t\u0259min etmir.<\/p>\n<h3 data-start=\"1809\" data-end=\"1819\">H\u0259ll<\/h3>\n<p data-start=\"1820\" data-end=\"2130\"><strong data-start=\"1820\" data-end=\"1845\">Seven Herbal Hair Oil<\/strong> t\u0259rkibind\u0259ki yeddi f\u0259rqli bitki ekstrakt\u0131 il\u0259 sa\u00e7 d\u0259risini v\u0259 sa\u00e7 k\u00f6kl\u0259rini qidaland\u0131rma\u011fa k\u00f6m\u0259k edir. Bitki ya\u011flar\u0131n\u0131n sinerjisi sa\u00e7lara daha g\u00fccl\u00fc v\u0259 sa\u011flam g\u00f6r\u00fcn\u00fc\u015f qazand\u0131rma\u011fa d\u0259st\u0259k olur. Ya\u011f\u0131n y\u00fcng\u00fcl teksturas\u0131 sa\u00e7 d\u0259risin\u0259 asanl\u0131qla yay\u0131l\u0131r v\u0259 masaj zaman\u0131 rahat t\u0259tbiq olunur.<\/p>\n<p data-start=\"2132\" data-end=\"2403\">M\u0259hsul sa\u00e7 bax\u0131m\u0131 rutinind\u0259 ya\u011f m\u0259rh\u0259l\u0259si \u00fc\u00e7\u00fcn n\u0259z\u0259rd\u0259 tutulmu\u015fdur. M\u00fcnt\u0259z\u0259m istifad\u0259 sa\u00e7lar\u0131n daha elastik, parlaq v\u0259 bax\u0131ml\u0131 g\u00f6r\u00fcnm\u0259sin\u0259 k\u00f6m\u0259k edir. <strong data-start=\"2283\" data-end=\"2308\">Yeddi herbal sa\u00e7 ya\u011f\u0131<\/strong> b\u00fct\u00fcn sa\u00e7 tipl\u0259ri \u00fc\u00e7\u00fcn uy\u011fundur v\u0259 x\u00fcsusil\u0259 z\u0259ifl\u0259mi\u015f sa\u00e7lar \u00fc\u00e7\u00fcn effektiv d\u0259st\u0259k t\u0259qdim edir.<\/p>\n<h3 data-start=\"2405\" data-end=\"2417\">N\u0259tic\u0259<\/h3>\n<p data-start=\"2418\" data-end=\"2440\">Daimi istifad\u0259 zaman\u0131:<\/p>\n<ul data-start=\"2441\" data-end=\"2592\">\n<li data-start=\"2441\" data-end=\"2479\">\n<p data-start=\"2443\" data-end=\"2479\">Sa\u00e7 k\u00f6kl\u0259ri daha g\u00fccl\u00fc hiss olunur<\/p>\n<\/li>\n<li data-start=\"2480\" data-end=\"2518\">\n<p data-start=\"2482\" data-end=\"2518\">Sa\u00e7 t\u00f6k\u00fclm\u0259si vizual olaraq azal\u0131r<\/p>\n<\/li>\n<li data-start=\"2519\" data-end=\"2558\">\n<p data-start=\"2521\" data-end=\"2558\">Sa\u00e7lar daha parlaq v\u0259 canl\u0131 g\u00f6r\u00fcn\u00fcr<\/p>\n<\/li>\n<li data-start=\"2559\" data-end=\"2592\">\n<p data-start=\"2561\" data-end=\"2592\">Sa\u00e7 d\u0259risi daha balansl\u0131 olur<\/p>\n<\/li>\n<\/ul>\n<hr data-start=\"2594\" data-end=\"2597\" \/>\n<h2 data-start=\"2599\" data-end=\"2628\">Niy\u0259 bu m\u0259hsulu almal\u0131yam?<\/h2>\n<ul data-start=\"2630\" data-end=\"2875\">\n<li data-start=\"2630\" data-end=\"2690\">\n<p data-start=\"2632\" data-end=\"2690\"><strong data-start=\"2632\" data-end=\"2657\">Yeddi herbal sa\u00e7 ya\u011f\u0131<\/strong> \u2013 bitki \u0259sasl\u0131 kompleks qulluq<\/p>\n<\/li>\n<li data-start=\"2691\" data-end=\"2738\">\n<p data-start=\"2693\" data-end=\"2738\"><strong data-start=\"2693\" data-end=\"2736\">Sa\u00e7 k\u00f6kl\u0259rini qidaland\u0131rma\u011fa k\u00f6m\u0259k edir<\/strong><\/p>\n<\/li>\n<li data-start=\"2739\" data-end=\"2784\">\n<p data-start=\"2741\" data-end=\"2784\"><strong data-start=\"2741\" data-end=\"2782\">Sa\u00e7 t\u00f6k\u00fclm\u0259sin\u0259 qar\u015f\u0131 d\u0259st\u0259k g\u00f6st\u0259rir<\/strong><\/p>\n<\/li>\n<li data-start=\"2785\" data-end=\"2822\">\n<p data-start=\"2787\" data-end=\"2822\"><strong data-start=\"2787\" data-end=\"2820\">Sa\u00e7lara t\u0259bii parlaql\u0131q verir<\/strong><\/p>\n<\/li>\n<li data-start=\"2823\" data-end=\"2875\">\n<p data-start=\"2825\" data-end=\"2875\"><strong data-start=\"2825\" data-end=\"2875\">G\u00fcnd\u0259lik v\u0259 ya periodik istifad\u0259 \u00fc\u00e7\u00fcn uy\u011fundur<\/strong><\/p>\n<\/li>\n<\/ul>\n<p data-start=\"2877\" data-end=\"2971\">Seven Herbal Hair Oil sa\u00e7lar\u0131na t\u0259bii v\u0259 balansl\u0131 qulluq etm\u0259k ist\u0259y\u0259nl\u0259r \u00fc\u00e7\u00fcn ideal se\u00e7imdir.<\/p>\n<hr data-start=\"2973\" data-end=\"2976\" \/>\n<h2 data-start=\"2978\" data-end=\"2999\">\u0130stifad\u0259 qaydas\u0131<\/h2>\n<p data-start=\"3000\" data-end=\"3214\">Kifay\u0259t q\u0259d\u0259r miqdarda ya\u011f\u0131 sa\u00e7 d\u0259risin\u0259 v\u0259 sa\u00e7 tell\u0259rin\u0259 t\u0259tbiq edin. Y\u00fcng\u00fcl masaj h\u0259r\u0259k\u0259tl\u0259ri il\u0259 yayaraq hopmas\u0131n\u0131 t\u0259min edin. 30\u201360 d\u0259qiq\u0259 saxlad\u0131qdan sonra sa\u00e7lar\u0131 yuyun. H\u0259ft\u0259d\u0259 2\u20133 d\u0259f\u0259 istifad\u0259 oluna bil\u0259r.<\/p>\n<hr data-start=\"3216\" data-end=\"3219\" \/>\n<h2 data-start=\"3221\" data-end=\"3230\">Qeyd<\/h2>\n<p data-start=\"3231\" data-end=\"3396\">Yaln\u0131z xarici istifad\u0259 \u00fc\u00e7\u00fcnd\u00fcr. G\u00f6zl\u0259 t\u0259masdan qa\u00e7\u0131n\u0131n. H\u0259ssas sa\u00e7 d\u0259risi \u00fc\u00e7\u00fcn istifad\u0259d\u0259n \u0259vv\u0259l test edilm\u0259si t\u00f6vsiy\u0259 olunur. U\u015faqlar\u0131n \u0259li \u00e7atmayan yerd\u0259 saxlay\u0131n.<\/p>","protected":false},"excerpt":{"rendered":"<p data-start=\"809\" data-end=\"982\"><strong data-start=\"809\" data-end=\"841\">Seven Herbal Hair Oil 100 ml<\/strong> yeddi f\u0259rqli bitki ekstrakt\u0131 il\u0259 z\u0259nginl\u0259\u015fdirilmi\u015f, sa\u00e7 k\u00f6kl\u0259rini qidaland\u0131rma\u011fa v\u0259 sa\u00e7lar\u0131n daha sa\u011flam g\u00f6r\u00fcnm\u0259sin\u0259 k\u00f6m\u0259k ed\u0259n sa\u00e7 ya\u011f\u0131d\u0131r.<\/p>","protected":false},"featured_media":10103,"comment_status":"open","ping_status":"closed","template":"","meta":[],"pwb-brand":[170],"product_cat":[126,138,135],"product_tag":[308,301,310,425,307,417,421],"class_list":{"0":"post-10102","1":"product","2":"type-product","3":"status-publish","4":"has-post-thumbnail","6":"pwb-brand-seven-herbal","7":"product_cat-haircare","8":"product_cat-vitamins","9":"product_cat-oil","10":"product_tag-haircare","11":"product_tag-hairfallsolution","12":"product_tag-hairregrowth","13":"product_tag-healthyhair","14":"product_tag-longstronghair","15":"product_tag-sacbaximi","16":"product_tag-sacqullugu","17":"pa_size-100ml","20":"instock","21":"sale","22":"shipping-taxable","23":"purchasable","24":"product-type-simple"},"brands":[{"id":170,"name":"Seven Herbal","slug":"seven-herbal"}],"_links":{"self":[{"href":"https:\/\/axtarstore.com\/ru\/wp-json\/wp\/v2\/product\/10102"}],"collection":[{"href":"https:\/\/axtarstore.com\/ru\/wp-json\/wp\/v2\/product"}],"about":[{"href":"https:\/\/axtarstore.com\/ru\/wp-json\/wp\/v2\/types\/product"}],"replies":[{"embeddable":true,"href":"https:\/\/axtarstore.com\/ru\/wp-json\/wp\/v2\/comments?post=10102"}],"version-history":[{"count":3,"href":"https:\/\/axtarstore.com\/ru\/wp-json\/wp\/v2\/product\/10102\/revisions"}],"predecessor-version":[{"id":11012,"href":"https:\/\/axtarstore.com\/ru\/wp-json\/wp\/v2\/product\/10102\/revisions\/11012"}],"wp:featuredmedia":[{"embeddable":true,"href":"https:\/\/axtarstore.com\/ru\/wp-json\/wp\/v2\/media\/10103"}],"wp:attachment":[{"href":"https:\/\/axtarstore.com\/ru\/wp-json\/wp\/v2\/media?parent=10102"}],"wp:term":[{"taxonomy":"pwb-brand","embeddable":true,"href":"https:\/\/axtarstore.com\/ru\/wp-json\/wp\/v2\/pwb-brand?post=10102"},{"taxonomy":"product_cat","embeddable":true,"href":"https:\/\/axtarstore.com\/ru\/wp-json\/wp\/v2\/product_cat?post=10102"},{"taxonomy":"product_tag","embeddable":true,"href":"https:\/\/axtarstore.com\/ru\/wp-json\/wp\/v2\/product_tag?post=10102"}],"curies":[{"name":"wp","href":"https:\/\/api.w.org\/{rel}","templated":true}]}}