{"id":10093,"date":"2025-04-29T00:57:22","date_gmt":"2025-04-28T20:57:22","guid":{"rendered":"https:\/\/axtarstore.com\/?post_type=product&#038;p=10093"},"modified":"2026-02-09T21:33:36","modified_gmt":"2026-02-09T17:33:36","slug":"dr-laila-kabak-lifli-shea-butter-sabun","status":"publish","type":"product","link":"https:\/\/axtarstore.com\/ru\/product\/dr-laila-kabak-lifli-shea-butter-sabun\/","title":{"rendered":"Dr. Laila Do\u011fal Kabak Lifli Shea Butter \u00d6zl\u00fcy\u00fc Sabun &#8211; T\u0259bii G\u00f6z\u0259llik v\u0259 Qulluq"},"content":{"rendered":"<h3 data-start=\"920\" data-end=\"952\">D\u0259riy\u0259 qulluqda \u0259sas problem<\/h3>\n<p data-start=\"953\" data-end=\"1304\">G\u00fcnd\u0259lik istifad\u0259 olunan adi sabunlar d\u0259rini yaln\u0131z s\u0259thi \u015f\u0259kild\u0259 t\u0259mizl\u0259yir v\u0259 \u00e7ox zaman d\u0259rinin t\u0259bii balans\u0131n\u0131 pozur. \u00d6l\u00fc h\u00fcceyr\u0259l\u0259rin y\u0131\u011f\u0131lmas\u0131, quruluq, kobud toxuma v\u0259 cans\u0131z g\u00f6r\u00fcn\u00fc\u015f bu m\u0259hsullar\u0131n \u0259n \u00e7ox rast g\u0259lin\u0259n m\u0259nfi t\u0259sirl\u0259rind\u0259ndir. X\u00fcsusil\u0259 b\u0259d\u0259n d\u0259risi zamanla elastikliyini itirir, hamar g\u00f6r\u00fcn\u00fc\u015f\u00fcn\u00fc itirir v\u0259 \u0259lav\u0259 qulluq t\u0259l\u0259b edir.<\/p>\n<h3 data-start=\"1306\" data-end=\"1350\">H\u0259ll: T\u0259bii t\u0259mizl\u0259m\u0259 v\u0259 balansl\u0131 qulluq<\/h3>\n<p data-start=\"1351\" data-end=\"1741\">Dr. Laila Do\u011fal Kabak Lifli Shea Butter \u00d6zl\u00fc Sabun bu probleml\u0259r\u0259 qar\u015f\u0131 kompleks v\u0259 balansl\u0131 bir h\u0259ll t\u0259qdim edir. T\u0259rkibind\u0259ki <strong data-start=\"1479\" data-end=\"1499\">t\u0259bii kabak lifi<\/strong> d\u0259rini mexaniki olaraq, lakin z\u0259rif \u015f\u0259kild\u0259 t\u0259mizl\u0259y\u0259r\u0259k \u00f6l\u00fc h\u00fcceyr\u0259l\u0259rin uzaqla\u015fd\u0131r\u0131lmas\u0131na k\u00f6m\u0259k edir. Eyni zamanda <strong data-start=\"1618\" data-end=\"1633\">shea butter<\/strong> d\u0259rinin qurumas\u0131n\u0131n qar\u015f\u0131s\u0131n\u0131 al\u0131r, d\u0259rin n\u0259ml\u0259ndirm\u0259 t\u0259min edir v\u0259 d\u0259rinin qoruyucu baryerini g\u00fccl\u0259ndirir.<\/p>\n<p data-start=\"1743\" data-end=\"1886\">Bu sabun yaln\u0131z t\u0259mizl\u0259m\u0259 funksiyas\u0131 da\u015f\u0131m\u0131r, h\u0259m d\u0259 m\u00fcnt\u0259z\u0259m istifad\u0259 zaman\u0131 d\u0259rinin \u00fcmumi g\u00f6r\u00fcn\u00fc\u015f\u00fcn\u00fc v\u0259 teksturas\u0131n\u0131 yax\u015f\u0131la\u015fd\u0131rma\u011fa y\u00f6n\u0259lib.<\/p>\n<h3 data-start=\"1888\" data-end=\"1928\">N\u0259tic\u0259: T\u0259miz, hamar v\u0259 bax\u0131ml\u0131 d\u0259ri<\/h3>\n<p data-start=\"1929\" data-end=\"1974\">M\u0259hsulun davaml\u0131 istifad\u0259si n\u0259tic\u0259sind\u0259 d\u0259ri:<\/p>\n<ul data-start=\"1975\" data-end=\"2107\">\n<li data-start=\"1975\" data-end=\"2004\">\n<p data-start=\"1977\" data-end=\"2004\">Daha hamar v\u0259 yum\u015faq olur<\/p>\n<\/li>\n<li data-start=\"2005\" data-end=\"2037\">\n<p data-start=\"2007\" data-end=\"2037\">\u00d6l\u00fc h\u00fcceyr\u0259l\u0259rd\u0259n t\u0259mizl\u0259nir<\/p>\n<\/li>\n<li data-start=\"2038\" data-end=\"2078\">\n<p data-start=\"2040\" data-end=\"2078\">Daha canl\u0131 v\u0259 sa\u011flam g\u00f6r\u00fcn\u00fc\u015f qazan\u0131r<\/p>\n<\/li>\n<li data-start=\"2079\" data-end=\"2107\">\n<p data-start=\"2081\" data-end=\"2107\">N\u0259mlik balans\u0131n\u0131 qoruyur<\/p>\n<\/li>\n<\/ul>\n<p data-start=\"2109\" data-end=\"2233\">X\u00fcsusil\u0259 b\u0259d\u0259n d\u0259risi \u00fc\u00e7\u00fcn uy\u011fun olan bu sabun du\u015f zaman\u0131 effektiv peeling t\u0259siri g\u00f6st\u0259r\u0259r\u0259k \u0259lav\u0259 m\u0259hsula ehtiyac\u0131 azald\u0131r.<\/p>\n<hr data-start=\"2235\" data-end=\"2238\" \/>\n<h2 data-start=\"2240\" data-end=\"2271\">Niy\u0259 bu m\u0259hsulu almal\u0131s\u0131n\u0131z?<\/h2>\n<ul data-start=\"2272\" data-end=\"2570\">\n<li data-start=\"2272\" data-end=\"2336\">\n<p data-start=\"2274\" data-end=\"2336\">T\u0259bii kabak lifi il\u0259 effektiv, amma aqressiv olmayan peeling<\/p>\n<\/li>\n<li data-start=\"2337\" data-end=\"2391\">\n<p data-start=\"2339\" data-end=\"2391\">Shea butter say\u0259sind\u0259 quruluq yaratmadan t\u0259mizl\u0259m\u0259<\/p>\n<\/li>\n<li data-start=\"2392\" data-end=\"2444\">\n<p data-start=\"2394\" data-end=\"2444\">G\u00fcnd\u0259lik v\u0259 m\u00fcnt\u0259z\u0259m istifad\u0259 \u00fc\u00e7\u00fcn uy\u011fun formula<\/p>\n<\/li>\n<li data-start=\"2445\" data-end=\"2507\">\n<p data-start=\"2447\" data-end=\"2507\">B\u0259d\u0259n d\u0259risinin teksturas\u0131n\u0131 yax\u015f\u0131la\u015fd\u0131rma\u011fa y\u00f6n\u0259lik t\u0259sir<\/p>\n<\/li>\n<li data-start=\"2508\" data-end=\"2570\">\n<p data-start=\"2510\" data-end=\"2570\">Kimy\u0259vi peeling m\u0259hsullar\u0131na alternativ olaraq t\u0259bii se\u00e7im<\/p>\n<\/li>\n<\/ul>\n<p data-start=\"2572\" data-end=\"2663\">Bu m\u0259hsul d\u0259risin\u0259 ciddi v\u0259 davaml\u0131 qulluq etm\u0259k ist\u0259y\u0259n istifad\u0259\u00e7il\u0259r \u00fc\u00e7\u00fcn haz\u0131rlanm\u0131\u015fd\u0131r.<\/p>\n<hr data-start=\"2665\" data-end=\"2668\" \/>\n<h2 data-start=\"2670\" data-end=\"2689\">\u0130stifad\u0259 qaydas\u0131<\/h2>\n<p data-start=\"2690\" data-end=\"2927\">Sabunu il\u0131q su il\u0259 islad\u0131n. Dair\u0259vi h\u0259r\u0259k\u0259tl\u0259rl\u0259 d\u0259riniz\u0259 masaj ed\u0259r\u0259k t\u0259tbiq edin. X\u00fcsusil\u0259 diz, dirs\u0259k v\u0259 topuq kimi kobud nahiy\u0259l\u0259rd\u0259 diqq\u0259tli istifad\u0259 edin. Daha sonra bol su il\u0259 yaxalay\u0131n. H\u0259ft\u0259d\u0259 2\u20134 d\u0259f\u0259 istifad\u0259si t\u00f6vsiy\u0259 olunur.<\/p>\n<hr data-start=\"2929\" data-end=\"2932\" \/>\n<h2 data-start=\"2934\" data-end=\"2941\">Qeyd<\/h2>\n<p data-start=\"2942\" data-end=\"3072\">H\u0259ssas d\u0259ri tipin\u0259 malik istifad\u0259\u00e7il\u0259r ilk istifad\u0259d\u0259n \u0259vv\u0259l d\u0259rinin ki\u00e7ik bir hiss\u0259sind\u0259 s\u0131naq etm\u0259lidir. G\u00f6zl\u0259 t\u0259masdan \u00e7\u0259kinin.<\/p>","protected":false},"excerpt":{"rendered":"<p>Do\u011fal kabak lifinin peeling t\u0259siri v\u0259 shea butter-in intensiv n\u0259ml\u0259ndirici x\u00fcsusiyy\u0259ti il\u0259 haz\u0131rlanm\u0131\u015f sabun. D\u0259rini t\u0259mizl\u0259yir, canland\u0131r\u0131r v\u0259 yum\u015faql\u0131q hissi yarad\u0131r.<\/p>","protected":false},"featured_media":10094,"comment_status":"open","ping_status":"closed","template":"","meta":[],"pwb-brand":[162],"product_cat":[129,156,127,148],"product_tag":[294,333,293,331,334,423,297],"class_list":{"0":"post-10093","1":"product","2":"type-product","3":"status-publish","4":"has-post-thumbnail","6":"pwb-brand-dr-laila","7":"product_cat-beden-baximi","8":"product_cat-beden-yuma","9":"product_cat-face-care","10":"product_cat-face-soaps","11":"product_tag-face","12":"product_tag-face-moisturiser","13":"product_tag-facecare","14":"product_tag-moisturizer","15":"product_tag-natural-soap","16":"product_tag-skincareroutine","17":"product_tag-whitening","18":"pa_size-120grm","21":"instock","22":"sale","23":"shipping-taxable","24":"purchasable","25":"product-type-simple"},"brands":[{"id":162,"name":"Dr Laila","slug":"dr-laila"}],"_links":{"self":[{"href":"https:\/\/axtarstore.com\/ru\/wp-json\/wp\/v2\/product\/10093"}],"collection":[{"href":"https:\/\/axtarstore.com\/ru\/wp-json\/wp\/v2\/product"}],"about":[{"href":"https:\/\/axtarstore.com\/ru\/wp-json\/wp\/v2\/types\/product"}],"replies":[{"embeddable":true,"href":"https:\/\/axtarstore.com\/ru\/wp-json\/wp\/v2\/comments?post=10093"}],"version-history":[{"count":3,"href":"https:\/\/axtarstore.com\/ru\/wp-json\/wp\/v2\/product\/10093\/revisions"}],"predecessor-version":[{"id":11034,"href":"https:\/\/axtarstore.com\/ru\/wp-json\/wp\/v2\/product\/10093\/revisions\/11034"}],"wp:featuredmedia":[{"embeddable":true,"href":"https:\/\/axtarstore.com\/ru\/wp-json\/wp\/v2\/media\/10094"}],"wp:attachment":[{"href":"https:\/\/axtarstore.com\/ru\/wp-json\/wp\/v2\/media?parent=10093"}],"wp:term":[{"taxonomy":"pwb-brand","embeddable":true,"href":"https:\/\/axtarstore.com\/ru\/wp-json\/wp\/v2\/pwb-brand?post=10093"},{"taxonomy":"product_cat","embeddable":true,"href":"https:\/\/axtarstore.com\/ru\/wp-json\/wp\/v2\/product_cat?post=10093"},{"taxonomy":"product_tag","embeddable":true,"href":"https:\/\/axtarstore.com\/ru\/wp-json\/wp\/v2\/product_tag?post=10093"}],"curies":[{"name":"wp","href":"https:\/\/api.w.org\/{rel}","templated":true}]}}