{"id":10078,"date":"2025-04-29T00:45:33","date_gmt":"2025-04-28T20:45:33","guid":{"rendered":"https:\/\/axtarstore.com\/?post_type=product&#038;p=10078"},"modified":"2026-02-08T00:44:19","modified_gmt":"2026-02-07T20:44:19","slug":"defne-yarpagi-yagi-ilham-laurel-oil","status":"publish","type":"product","link":"https:\/\/axtarstore.com\/ru\/product\/defne-yarpagi-yagi-ilham-laurel-oil\/","title":{"rendered":"\u0130lham D\u0259fn\u0259 Yarpa\u011f\u0131 Ya\u011f\u0131 Laurel Leaves Oil &#8211; T\u0259bii v\u0259 Effektiv T\u0259bii Qulluq"},"content":{"rendered":"<h3 data-start=\"930\" data-end=\"941\">Problem<\/h3>\n<p data-start=\"942\" data-end=\"1346\">Sa\u00e7 t\u00f6k\u00fclm\u0259si, z\u0259if sa\u00e7 k\u00f6kl\u0259ri, ba\u015f d\u0259risind\u0259 quruluq v\u0259 cans\u0131z g\u00f6r\u00fcn\u00fc\u015f bir \u00e7ox insan\u0131n qar\u015f\u0131la\u015fd\u0131\u011f\u0131 probleml\u0259r aras\u0131ndad\u0131r. Kimy\u0259vi t\u0259rkibli m\u0259hsullar q\u0131sa m\u00fcdd\u0259tli n\u0259tic\u0259 vers\u0259 d\u0259, uzunm\u00fcdd\u0259tli istifad\u0259d\u0259 sa\u00e7 v\u0259 d\u0259rinin balans\u0131n\u0131 poza bil\u0259r. Eyni zamanda d\u0259rinin t\u0259bii ya\u011f balans\u0131n\u0131n pozulmas\u0131 qa\u015f\u0131nma, k\u0259p\u0259k v\u0259 h\u0259ssasl\u0131q yarad\u0131r. Bu probleml\u0259r \u00fc\u00e7\u00fcn t\u0259bii v\u0259 t\u0259hl\u00fck\u0259siz h\u0259ll yollar\u0131na ehtiyac yaran\u0131r.<\/p>\n<h3 data-start=\"1348\" data-end=\"1356\">H\u0259ll<\/h3>\n<p data-start=\"1357\" data-end=\"1698\"><strong data-start=\"1357\" data-end=\"1405\">\u0130lham D\u0259fn\u0259 Yarpa\u011f\u0131 Ya\u011f\u0131 (Laurel Leaves Oil)<\/strong> t\u0259bi\u0259tin g\u00fcc\u00fcn\u00fc \u00f6z\u00fcnd\u0259 birl\u0259\u015fdir\u0259n effektiv bax\u0131m ya\u011flar\u0131ndan biridir. D\u0259fn\u0259 yarpa\u011f\u0131ndan \u0259ld\u0259 edil\u0259n bu ya\u011f sa\u00e7 v\u0259 d\u0259ri \u00fc\u00e7\u00fcn istifad\u0259 olunan \u0259n\u0259n\u0259vi t\u0259bii vasit\u0259l\u0259rd\u0259ndir. T\u0259rkibind\u0259 olan aktiv madd\u0259l\u0259r sa\u00e7 d\u0259risini qidaland\u0131r\u0131r, sa\u00e7 k\u00f6kl\u0259rini g\u00fccl\u0259ndirir v\u0259 d\u0259rinin sa\u011flaml\u0131\u011f\u0131n\u0131 d\u0259st\u0259kl\u0259yir.<\/p>\n<p data-start=\"1700\" data-end=\"1968\">Defne yarpagi yagi ba\u015f d\u0259risin\u0259 masaj edil\u0259r\u0259k istifad\u0259 edildikd\u0259 qan d\u00f6vran\u0131n\u0131 stimulla\u015fd\u0131rma\u011fa k\u00f6m\u0259k edir. Bu is\u0259 sa\u00e7lar\u0131n daha g\u00fccl\u00fc v\u0259 sa\u011flam uzanmas\u0131na \u015f\u0259rait yarad\u0131r. Eyni zamanda d\u0259riy\u0259 t\u0259tbiq edildikd\u0259 qurulu\u011fun qar\u015f\u0131s\u0131n\u0131 al\u0131r v\u0259 d\u0259rinin elastikliyini qoruyur.<\/p>\n<h3 data-start=\"1970\" data-end=\"1980\">N\u0259tic\u0259<\/h3>\n<p data-start=\"1981\" data-end=\"2006\">M\u00fcnt\u0259z\u0259m istifad\u0259 zaman\u0131:<\/p>\n<ul data-start=\"2007\" data-end=\"2148\">\n<li data-start=\"2007\" data-end=\"2031\">\n<p data-start=\"2009\" data-end=\"2031\">Sa\u00e7 k\u00f6kl\u0259ri g\u00fccl\u0259nir<\/p>\n<\/li>\n<li data-start=\"2032\" data-end=\"2077\">\n<p data-start=\"2034\" data-end=\"2077\">Sa\u00e7lar\u0131n daha canl\u0131 g\u00f6r\u00fcnm\u0259si d\u0259st\u0259kl\u0259nir<\/p>\n<\/li>\n<li data-start=\"2078\" data-end=\"2110\">\n<p data-start=\"2080\" data-end=\"2110\">Ba\u015f d\u0259risind\u0259 quruluq azal\u0131r<\/p>\n<\/li>\n<li data-start=\"2111\" data-end=\"2148\">\n<p data-start=\"2113\" data-end=\"2148\">D\u0259ri daha yum\u015faq v\u0259 balansl\u0131 olur<\/p>\n<\/li>\n<\/ul>\n<p data-start=\"2150\" data-end=\"2258\">\u0130lham Laurel Leaves Oil g\u00fcnd\u0259lik v\u0259 ya h\u0259ft\u0259lik bax\u0131m rutinin\u0259 rahatl\u0131qla \u0259lav\u0259 edil\u0259 bil\u0259n t\u0259bii m\u0259hsuldur.<\/p>\n<hr data-start=\"2260\" data-end=\"2263\" \/>\n<h2 data-start=\"2265\" data-end=\"2297\">\ud83d\udd39 Niy\u0259 bu m\u0259hsulu almal\u0131yam?<\/h2>\n<ul data-start=\"2298\" data-end=\"2528\">\n<li data-start=\"2298\" data-end=\"2345\">\n<p data-start=\"2300\" data-end=\"2345\"><strong data-start=\"2300\" data-end=\"2322\">D\u0259fn\u0259 yarpa\u011f\u0131 ya\u011f\u0131<\/strong> fokuslu t\u0259bii t\u0259rkib<\/p>\n<\/li>\n<li data-start=\"2346\" data-end=\"2390\">\n<p data-start=\"2348\" data-end=\"2390\">Sa\u00e7 v\u0259 d\u0259ri \u00fc\u00e7\u00fcn \u00e7oxistiqam\u0259tli istifad\u0259<\/p>\n<\/li>\n<li data-start=\"2391\" data-end=\"2418\">\n<p data-start=\"2393\" data-end=\"2418\">Kimy\u0259vi qatq\u0131s\u0131z formul<\/p>\n<\/li>\n<li data-start=\"2419\" data-end=\"2453\">\n<p data-start=\"2421\" data-end=\"2453\">Aromaterapiya \u00fc\u00e7\u00fcn d\u0259 uy\u011fundur<\/p>\n<\/li>\n<li data-start=\"2454\" data-end=\"2484\">\n<p data-start=\"2456\" data-end=\"2484\">Ev \u015f\u0259raitind\u0259 rahat t\u0259tbiq<\/p>\n<\/li>\n<li data-start=\"2485\" data-end=\"2528\">\n<p data-start=\"2487\" data-end=\"2528\">B\u00fct\u00fcn sa\u00e7 v\u0259 d\u0259ri tipl\u0259ri \u00fc\u00e7\u00fcn uy\u011fundur<\/p>\n<\/li>\n<\/ul>\n<p data-start=\"2530\" data-end=\"2594\">Bu m\u0259hsul t\u0259bii bax\u0131ma \u00fcst\u00fcnl\u00fck ver\u0259nl\u0259r \u00fc\u00e7\u00fcn etibarl\u0131 se\u00e7imdir.<\/p>\n<hr data-start=\"2596\" data-end=\"2599\" \/>\n<h2 data-start=\"2601\" data-end=\"2623\">\ud83d\udd39 \u0130stifad\u0259 Qaydas\u0131<\/h2>\n<ul data-start=\"2624\" data-end=\"2854\">\n<li data-start=\"2624\" data-end=\"2721\">\n<p data-start=\"2626\" data-end=\"2721\"><strong data-start=\"2626\" data-end=\"2639\">Sa\u00e7 \u00fc\u00e7\u00fcn:<\/strong> Az miqdarda ya\u011f\u0131 ba\u015f d\u0259risin\u0259 masaj edin, 30\u201360 d\u0259qiq\u0259 saxlay\u0131n v\u0259 sonra yuyun.<\/p>\n<\/li>\n<li data-start=\"2722\" data-end=\"2792\">\n<p data-start=\"2724\" data-end=\"2792\"><strong data-start=\"2724\" data-end=\"2738\">D\u0259ri \u00fc\u00e7\u00fcn:<\/strong> T\u0259miz d\u0259riy\u0259 nazik qatla t\u0259tbiq edin v\u0259 masaj edin.<\/p>\n<\/li>\n<li data-start=\"2793\" data-end=\"2854\">\n<p data-start=\"2795\" data-end=\"2854\"><strong data-start=\"2795\" data-end=\"2813\">Aromaterapiya:<\/strong> Bir ne\u00e7\u0259 damc\u0131 ya\u011f istifad\u0259 oluna bil\u0259r.<\/p>\n<\/li>\n<\/ul>\n<p data-start=\"2856\" data-end=\"2897\">H\u0259ft\u0259d\u0259 2\u20133 d\u0259f\u0259 istifad\u0259 t\u00f6vsiy\u0259 olunur.<\/p>\n<hr data-start=\"2899\" data-end=\"2902\" \/>\n<h2 data-start=\"2904\" data-end=\"2914\">\ud83d\udd39 Qeyd<\/h2>\n<ul data-start=\"2915\" data-end=\"3063\">\n<li data-start=\"2915\" data-end=\"2950\">\n<p data-start=\"2917\" data-end=\"2950\">Yaln\u0131z xarici istifad\u0259 \u00fc\u00e7\u00fcnd\u00fcr.<\/p>\n<\/li>\n<li data-start=\"2951\" data-end=\"2978\">\n<p data-start=\"2953\" data-end=\"2978\">G\u00f6zl\u0259 t\u0259masdan qa\u00e7\u0131n\u0131n.<\/p>\n<\/li>\n<li data-start=\"2979\" data-end=\"3031\">\n<p data-start=\"2981\" data-end=\"3031\">H\u0259ssas d\u0259ri \u00fc\u00e7\u00fcn \u0259vv\u0259lc\u0259d\u0259n test t\u00f6vsiy\u0259 olunur.<\/p>\n<\/li>\n<li data-start=\"3032\" data-end=\"3063\">\n<p data-start=\"3034\" data-end=\"3063\">S\u0259rin v\u0259 quru yerd\u0259 saxlay\u0131n.<\/p>\n<\/li>\n<\/ul>","protected":false},"excerpt":{"rendered":"<p data-start=\"748\" data-end=\"893\">\u0130lham D\u0259fn\u0259 Yarpa\u011f\u0131 Ya\u011f\u0131 sa\u00e7 v\u0259 d\u0259ri \u00fc\u00e7\u00fcn istifad\u0259 olunan t\u0259bii ya\u011fd\u0131r. Sa\u00e7 k\u00f6kl\u0259rini g\u00fccl\u0259ndirir, d\u0259rini qidaland\u0131r\u0131r v\u0259 t\u0259bii bax\u0131m t\u0259min edir.<\/p>","protected":false},"featured_media":10079,"comment_status":"open","ping_status":"closed","template":"","meta":[],"pwb-brand":[181],"product_cat":[129,159],"product_tag":[293,308,301,310,437,423,431,418],"class_list":{"0":"post-10078","1":"product","2":"type-product","3":"status-publish","4":"has-post-thumbnail","6":"pwb-brand-ilham","7":"product_cat-beden-baximi","8":"product_cat-body-massage","9":"product_tag-facecare","10":"product_tag-haircare","11":"product_tag-hairfallsolution","12":"product_tag-hairregrowth","13":"product_tag-natural-oils","14":"product_tag-skincareroutine","15":"product_tag-tbii-yaglar","16":"product_tag-uzbaximi","17":"pa_size-30ml","20":"instock","21":"sale","22":"shipping-taxable","23":"purchasable","24":"product-type-simple"},"brands":[{"id":181,"name":"\u0130lham","slug":"ilham"}],"_links":{"self":[{"href":"https:\/\/axtarstore.com\/ru\/wp-json\/wp\/v2\/product\/10078"}],"collection":[{"href":"https:\/\/axtarstore.com\/ru\/wp-json\/wp\/v2\/product"}],"about":[{"href":"https:\/\/axtarstore.com\/ru\/wp-json\/wp\/v2\/types\/product"}],"replies":[{"embeddable":true,"href":"https:\/\/axtarstore.com\/ru\/wp-json\/wp\/v2\/comments?post=10078"}],"version-history":[{"count":3,"href":"https:\/\/axtarstore.com\/ru\/wp-json\/wp\/v2\/product\/10078\/revisions"}],"predecessor-version":[{"id":11019,"href":"https:\/\/axtarstore.com\/ru\/wp-json\/wp\/v2\/product\/10078\/revisions\/11019"}],"wp:featuredmedia":[{"embeddable":true,"href":"https:\/\/axtarstore.com\/ru\/wp-json\/wp\/v2\/media\/10079"}],"wp:attachment":[{"href":"https:\/\/axtarstore.com\/ru\/wp-json\/wp\/v2\/media?parent=10078"}],"wp:term":[{"taxonomy":"pwb-brand","embeddable":true,"href":"https:\/\/axtarstore.com\/ru\/wp-json\/wp\/v2\/pwb-brand?post=10078"},{"taxonomy":"product_cat","embeddable":true,"href":"https:\/\/axtarstore.com\/ru\/wp-json\/wp\/v2\/product_cat?post=10078"},{"taxonomy":"product_tag","embeddable":true,"href":"https:\/\/axtarstore.com\/ru\/wp-json\/wp\/v2\/product_tag?post=10078"}],"curies":[{"name":"wp","href":"https:\/\/api.w.org\/{rel}","templated":true}]}}