{"id":10066,"date":"2025-04-28T23:41:17","date_gmt":"2025-04-28T19:41:17","guid":{"rendered":"https:\/\/axtarstore.com\/?post_type=product&#038;p=10066"},"modified":"2026-02-08T00:50:15","modified_gmt":"2026-02-07T20:50:15","slug":"arabica-coffee-slimming-cream","status":"publish","type":"product","link":"https:\/\/axtarstore.com\/ru\/product\/arabica-coffee-slimming-cream\/","title":{"rendered":"Arabica Coffee Slimming Cream &#8211; T\u0259bii v\u0259 Effektiv \u0130nc\u0259lm\u0259 H\u0259lli"},"content":{"rendered":"<h2 data-start=\"991\" data-end=\"1001\">Problem<\/h2>\n<p data-start=\"1002\" data-end=\"1333\">B\u0259d\u0259n formas\u0131 il\u0259 ba\u011fl\u0131 narahatl\u0131qlar, x\u00fcsusil\u0259 qar\u0131n, bud v\u0259 bel nahiy\u0259sind\u0259 yaranan qeyri-b\u0259rab\u0259r g\u00f6r\u00fcn\u00fc\u015f bir \u00e7ox insan \u00fc\u00e7\u00fcn aktual problemdir. Oturaq h\u0259yat t\u0259rzi, qeyri-d\u00fczg\u00fcn qidalanma v\u0259 stress d\u0259rinin elastikliyinin azalmas\u0131na s\u0259b\u0259b ola bil\u0259r. Bu zaman yaln\u0131z idman v\u0259 p\u0259hriz kifay\u0259t etmir, d\u0259riy\u0259 xarici bax\u0131m da vacib olur.<\/p>\n<p data-start=\"1335\" data-end=\"1508\">Bazarda m\u00f6vcud olan bir \u00e7ox m\u0259hsul ya kimy\u0259vi t\u0259rkibli olur, ya da d\u0259rid\u0259 q\u0131c\u0131qlanma yarad\u0131r. Buna g\u00f6r\u0259 d\u0259 h\u0259m effektiv, h\u0259m d\u0259 d\u0259riy\u0259 uy\u011fun bax\u0131m m\u0259hsuluna ehtiyac yaran\u0131r.<\/p>\n<h2 data-start=\"1510\" data-end=\"1517\">H\u0259ll<\/h2>\n<p data-start=\"1518\" data-end=\"1820\"><strong data-start=\"1518\" data-end=\"1551\">Arabica Coffee Slimming Cream<\/strong> b\u0259d\u0259n bax\u0131m\u0131 \u00fc\u00e7\u00fcn x\u00fcsusi haz\u0131rlanm\u0131\u015f kremdir. T\u0259rkibind\u0259 yer alan Arabica q\u0259hv\u0259si ekstrakt\u0131 d\u0259rinin daha canl\u0131 v\u0259 tonlanm\u0131\u015f g\u00f6r\u00fcnm\u0259sin\u0259 k\u00f6m\u0259k edir. Q\u0259hv\u0259nin t\u0259bii aktiv madd\u0259l\u0259ri d\u0259rini stimulla\u015fd\u0131raraq masaj zaman\u0131 daha effektiv n\u0259tic\u0259 \u0259ld\u0259 olunmas\u0131na \u015f\u0259rait yarad\u0131r.<\/p>\n<p data-start=\"1822\" data-end=\"2094\">Arabica coffee slimming cream m\u00fcnt\u0259z\u0259m istifad\u0259 edildikd\u0259 d\u0259rinin teksturas\u0131n\u0131 yax\u015f\u0131la\u015fd\u0131rma\u011fa v\u0259 daha s\u0131x g\u00f6r\u00fcn\u00fc\u015f formala\u015fd\u0131rma\u011fa k\u00f6m\u0259k edir. Krem y\u00fcng\u00fcl qurulu\u015fa malikdir, d\u0259riy\u0259 asan hopur v\u0259 yap\u0131\u015fqan hiss yaratm\u0131r. G\u00fcnd\u0259lik bax\u0131m rutinin\u0259 rahatl\u0131qla \u0259lav\u0259 oluna bil\u0259r.<\/p>\n<h2 data-start=\"2096\" data-end=\"2105\">N\u0259tic\u0259<\/h2>\n<p data-start=\"2106\" data-end=\"2128\">Daimi istifad\u0259 zaman\u0131:<\/p>\n<ul data-start=\"2129\" data-end=\"2297\">\n<li data-start=\"2129\" data-end=\"2156\">\n<p data-start=\"2131\" data-end=\"2156\">D\u0259ri daha hamar g\u00f6r\u00fcn\u00fcr<\/p>\n<\/li>\n<li data-start=\"2157\" data-end=\"2209\">\n<p data-start=\"2159\" data-end=\"2209\">B\u0259d\u0259n konturlar\u0131 daha formala\u015fm\u0131\u015f effekt yarad\u0131r<\/p>\n<\/li>\n<li data-start=\"2210\" data-end=\"2248\">\n<p data-start=\"2212\" data-end=\"2248\">Masajla birlikd\u0259 istifad\u0259 rahatd\u0131r<\/p>\n<\/li>\n<li data-start=\"2249\" data-end=\"2297\">\n<p data-start=\"2251\" data-end=\"2297\">D\u0259ri elastikliyinin qorunmas\u0131na d\u0259st\u0259k verir<\/p>\n<\/li>\n<\/ul>\n<p data-start=\"2299\" data-end=\"2395\">Arabica Coffee Slimming Cream b\u0259d\u0259n bax\u0131m\u0131na diqq\u0259t ed\u0259nl\u0259r \u00fc\u00e7\u00fcn praktik v\u0259 funksional se\u00e7imdir.<\/p>\n<hr data-start=\"2397\" data-end=\"2400\" \/>\n<h2 data-start=\"2402\" data-end=\"2434\">\ud83d\udd39 Niy\u0259 bu m\u0259hsulu almal\u0131yam?<\/h2>\n<ul data-start=\"2435\" data-end=\"2672\">\n<li data-start=\"2435\" data-end=\"2487\">\n<p data-start=\"2437\" data-end=\"2487\"><strong data-start=\"2437\" data-end=\"2470\">Arabica coffee slimming cream<\/strong> fokuslu t\u0259rkib<\/p>\n<\/li>\n<li data-start=\"2488\" data-end=\"2528\">\n<p data-start=\"2490\" data-end=\"2528\">B\u0259d\u0259n \u00fc\u00e7\u00fcn x\u00fcsusi haz\u0131rlanm\u0131\u015f formul<\/p>\n<\/li>\n<li data-start=\"2529\" data-end=\"2558\">\n<p data-start=\"2531\" data-end=\"2558\">Masaj \u00fc\u00e7\u00fcn uy\u011fun tekstura<\/p>\n<\/li>\n<li data-start=\"2559\" data-end=\"2591\">\n<p data-start=\"2561\" data-end=\"2591\">D\u0259rini qurutmadan bax\u0131m edir<\/p>\n<\/li>\n<li data-start=\"2592\" data-end=\"2624\">\n<p data-start=\"2594\" data-end=\"2624\">Ev \u015f\u0259raitind\u0259 rahat istifad\u0259<\/p>\n<\/li>\n<li data-start=\"2625\" data-end=\"2672\">\n<p data-start=\"2627\" data-end=\"2672\">Kimy\u0259vi a\u011f\u0131r qoxu v\u0259 yap\u0131\u015fqan hiss yaratm\u0131r<\/p>\n<\/li>\n<\/ul>\n<p data-start=\"2674\" data-end=\"2751\">Bu krem b\u0259d\u0259n bax\u0131m\u0131n\u0131 kompleks \u015f\u0259kild\u0259 d\u0259st\u0259kl\u0259m\u0259k ist\u0259y\u0259nl\u0259r \u00fc\u00e7\u00fcn uy\u011fundur.<\/p>\n<hr data-start=\"2753\" data-end=\"2756\" \/>\n<h2 data-start=\"2758\" data-end=\"2780\">\ud83d\udd39 \u0130stifad\u0259 Qaydas\u0131<\/h2>\n<ul data-start=\"2781\" data-end=\"2967\">\n<li data-start=\"2781\" data-end=\"2817\">\n<p data-start=\"2783\" data-end=\"2817\">T\u0259miz v\u0259 quru d\u0259riy\u0259 t\u0259tbiq edin<\/p>\n<\/li>\n<li data-start=\"2818\" data-end=\"2872\">\n<p data-start=\"2820\" data-end=\"2872\">\u0130st\u0259nil\u0259n nahiy\u0259y\u0259 dair\u0259vi h\u0259r\u0259k\u0259tl\u0259rl\u0259 masaj edin<\/p>\n<\/li>\n<li data-start=\"2873\" data-end=\"2915\">\n<p data-start=\"2875\" data-end=\"2915\">G\u00fcnd\u0259 1\u20132 d\u0259f\u0259 istifad\u0259 t\u00f6vsiy\u0259 olunur<\/p>\n<\/li>\n<li data-start=\"2916\" data-end=\"2967\">\n<p data-start=\"2918\" data-end=\"2967\">\u0130dman v\u0259 ya du\u015fdan sonra istifad\u0259 daha uy\u011fundur<\/p>\n<\/li>\n<\/ul>\n<hr data-start=\"2969\" data-end=\"2972\" \/>\n<h2 data-start=\"2974\" data-end=\"2984\">\ud83d\udd39 Qeyd<\/h2>\n<ul data-start=\"2985\" data-end=\"3137\">\n<li data-start=\"2985\" data-end=\"3019\">\n<p data-start=\"2987\" data-end=\"3019\">Yaln\u0131z xarici istifad\u0259 \u00fc\u00e7\u00fcnd\u00fcr<\/p>\n<\/li>\n<li data-start=\"3020\" data-end=\"3052\">\n<p data-start=\"3022\" data-end=\"3052\">A\u00e7\u0131q yaralara t\u0259tbiq etm\u0259yin<\/p>\n<\/li>\n<li data-start=\"3053\" data-end=\"3104\">\n<p data-start=\"3055\" data-end=\"3104\">H\u0259ssas d\u0259ri \u00fc\u00e7\u00fcn \u0259vv\u0259lc\u0259 ki\u00e7ik sah\u0259d\u0259 test edin<\/p>\n<\/li>\n<li data-start=\"3105\" data-end=\"3137\">\n<p data-start=\"3107\" data-end=\"3137\">S\u0259rin v\u0259 quru yerd\u0259 saxlay\u0131n<\/p>\n<\/li>\n<\/ul>","protected":false},"excerpt":{"rendered":"<p>Arabica Coffee Slimming Cream b\u0259d\u0259n \u00fc\u00e7\u00fcn n\u0259z\u0259rd\u0259 tutulmu\u015f formala\u015fd\u0131r\u0131c\u0131 v\u0259 bax\u0131m kremidir. Arabica q\u0259hv\u0259si il\u0259 z\u0259ngin t\u0259rkibi d\u0259rinin daha hamar g\u00f6r\u00fcnm\u0259sin\u0259 k\u00f6m\u0259k edir.<\/p>","protected":false},"featured_media":10067,"comment_status":"open","ping_status":"closed","template":"","meta":[],"pwb-brand":[],"product_cat":[460,129],"product_tag":[],"class_list":{"0":"post-10066","1":"product","2":"type-product","3":"status-publish","4":"has-post-thumbnail","6":"product_cat-ariqlama-mhsullari","7":"product_cat-beden-baximi","8":"pa_size-120grm","11":"instock","12":"sale","13":"shipping-taxable","14":"purchasable","15":"product-type-simple"},"brands":[],"_links":{"self":[{"href":"https:\/\/axtarstore.com\/ru\/wp-json\/wp\/v2\/product\/10066"}],"collection":[{"href":"https:\/\/axtarstore.com\/ru\/wp-json\/wp\/v2\/product"}],"about":[{"href":"https:\/\/axtarstore.com\/ru\/wp-json\/wp\/v2\/types\/product"}],"replies":[{"embeddable":true,"href":"https:\/\/axtarstore.com\/ru\/wp-json\/wp\/v2\/comments?post=10066"}],"version-history":[{"count":3,"href":"https:\/\/axtarstore.com\/ru\/wp-json\/wp\/v2\/product\/10066\/revisions"}],"predecessor-version":[{"id":11023,"href":"https:\/\/axtarstore.com\/ru\/wp-json\/wp\/v2\/product\/10066\/revisions\/11023"}],"wp:featuredmedia":[{"embeddable":true,"href":"https:\/\/axtarstore.com\/ru\/wp-json\/wp\/v2\/media\/10067"}],"wp:attachment":[{"href":"https:\/\/axtarstore.com\/ru\/wp-json\/wp\/v2\/media?parent=10066"}],"wp:term":[{"taxonomy":"pwb-brand","embeddable":true,"href":"https:\/\/axtarstore.com\/ru\/wp-json\/wp\/v2\/pwb-brand?post=10066"},{"taxonomy":"product_cat","embeddable":true,"href":"https:\/\/axtarstore.com\/ru\/wp-json\/wp\/v2\/product_cat?post=10066"},{"taxonomy":"product_tag","embeddable":true,"href":"https:\/\/axtarstore.com\/ru\/wp-json\/wp\/v2\/product_tag?post=10066"}],"curies":[{"name":"wp","href":"https:\/\/api.w.org\/{rel}","templated":true}]}}