{"id":10059,"date":"2025-04-28T23:24:52","date_gmt":"2025-04-28T19:24:52","guid":{"rendered":"https:\/\/axtarstore.com\/?post_type=product&#038;p=10059"},"modified":"2026-04-01T05:34:51","modified_gmt":"2026-04-01T01:34:51","slug":"magic-c-beauty-cream","status":"publish","type":"product","link":"https:\/\/axtarstore.com\/ru\/product\/magic-c-beauty-cream\/","title":{"rendered":"Magic C Beauty Cream &#8211; 3X Daha S\u00fcr\u0259tli Beyazlatma v\u0259 Uzunm\u00fcdd\u0259tli G\u00fcn\u0259\u015f Qorumas\u0131"},"content":{"rendered":"<h2 data-start=\"980\" data-end=\"990\">Problem<\/h2>\n<p data-start=\"991\" data-end=\"1295\">D\u0259ri tonunun qeyri-b\u0259rab\u0259rliyi, sol\u011fun g\u00f6r\u00fcn\u00fc\u015f v\u0259 yor\u011fun ifad\u0259 bir \u00e7ox insan\u0131n g\u00fcnd\u0259lik qar\u015f\u0131la\u015fd\u0131\u011f\u0131 probleml\u0259r s\u0131ras\u0131ndad\u0131r. G\u00fcn\u0259\u015f \u015f\u00fcalar\u0131, hava \u00e7irkliliyi, stress v\u0259 d\u00fczg\u00fcn olmayan d\u0259ri bax\u0131m\u0131 d\u0259rinin parlaql\u0131\u011f\u0131n\u0131 azalda bil\u0259r. Bu c\u00fcr probleml\u0259r zamanla d\u0259rinin sa\u011flam g\u00f6r\u00fcn\u00fc\u015f\u00fcn\u00fc itirm\u0259sin\u0259 s\u0259b\u0259b olur.<\/p>\n<p data-start=\"1297\" data-end=\"1519\">Bazarda m\u00f6vcud olan b\u0259zi m\u0259hsullar d\u0259rini m\u00fcv\u0259qq\u0259ti effektl\u0259 \u00f6rt\u00fcr, lakin uzunm\u00fcdd\u0259tli bax\u0131m t\u0259min etmir. Buna g\u00f6r\u0259 d\u0259 d\u0259rini qidaland\u0131ran, tonunu b\u0259rab\u0259rl\u0259\u015fdir\u0259n v\u0259 g\u00fcnd\u0259lik istifad\u0259 \u00fc\u00e7\u00fcn uy\u011fun olan krem\u0259 ehtiyac yaran\u0131r.<\/p>\n<h2 data-start=\"1521\" data-end=\"1528\">H\u0259ll<\/h2>\n<p data-start=\"1529\" data-end=\"1806\"><strong data-start=\"1529\" data-end=\"1553\">Magic C Beauty Cream<\/strong> g\u00fcnd\u0259lik \u00fcz bax\u0131m\u0131 \u00fc\u00e7\u00fcn n\u0259z\u0259rd\u0259 tutulmu\u015f funksional kremdir. X\u00fcsusi se\u00e7ilmi\u015f t\u0259rkibi say\u0259sind\u0259 d\u0259riy\u0259 balansl\u0131 bax\u0131m g\u00f6st\u0259rir v\u0259 daha parlaq g\u00f6r\u00fcn\u00fc\u015f \u0259ld\u0259 etm\u0259y\u0259 k\u00f6m\u0259k edir. Avokado v\u0259 s\u00fcd ekstraktlar\u0131 il\u0259 z\u0259ngin formul d\u0259rini qidaland\u0131r\u0131r v\u0259 yum\u015fald\u0131r.<\/p>\n<p data-start=\"1808\" data-end=\"2041\">Magic c beauty cream y\u00fcng\u00fcl teksturas\u0131 say\u0259sind\u0259 d\u0259rid\u0259 a\u011f\u0131rl\u0131q yaratm\u0131r v\u0259 tez hopur. D\u0259rinin s\u0259thind\u0259 ya\u011fl\u0131 hiss buraxmadan bax\u0131ml\u0131 g\u00f6r\u00fcn\u00fc\u015f formala\u015fd\u0131r\u0131r. M\u00fcnt\u0259z\u0259m istifad\u0259 zaman\u0131 d\u0259ri tonunun daha b\u0259rab\u0259r g\u00f6r\u00fcnm\u0259sin\u0259 d\u0259st\u0259k verir.<\/p>\n<h2 data-start=\"2043\" data-end=\"2052\">N\u0259tic\u0259<\/h2>\n<p data-start=\"2053\" data-end=\"2080\">Daimi istifad\u0259 n\u0259tic\u0259sind\u0259:<\/p>\n<ul data-start=\"2081\" data-end=\"2231\">\n<li data-start=\"2081\" data-end=\"2118\">\n<p data-start=\"2083\" data-end=\"2118\">D\u0259ri daha canl\u0131 v\u0259 parlaq g\u00f6r\u00fcn\u00fcr<\/p>\n<\/li>\n<li data-start=\"2119\" data-end=\"2156\">\n<p data-start=\"2121\" data-end=\"2156\">Ton f\u0259rql\u0259ri vizual olaraq azal\u0131r<\/p>\n<\/li>\n<li data-start=\"2157\" data-end=\"2194\">\n<p data-start=\"2159\" data-end=\"2194\">D\u0259ri s\u0259thi daha hamar hiss olunur<\/p>\n<\/li>\n<li data-start=\"2195\" data-end=\"2231\">\n<p data-start=\"2197\" data-end=\"2231\">G\u00fcnd\u0259lik bax\u0131m rutini tamamlan\u0131r<\/p>\n<\/li>\n<\/ul>\n<p data-start=\"2233\" data-end=\"2326\">Magic C Beauty Cream makiyajdan \u0259vv\u0259l v\u0259 ya m\u00fcst\u0259qil bax\u0131m m\u0259hsulu kimi istifad\u0259 oluna bil\u0259r.<\/p>\n<hr data-start=\"2328\" data-end=\"2331\" \/>\n<h2 data-start=\"2333\" data-end=\"2365\">\ud83d\udd39 Niy\u0259 bu m\u0259hsulu almal\u0131yam?<\/h2>\n<ul data-start=\"2366\" data-end=\"2588\">\n<li data-start=\"2366\" data-end=\"2416\">\n<p data-start=\"2368\" data-end=\"2416\"><strong data-start=\"2368\" data-end=\"2392\">Magic c beauty cream<\/strong> fokuslu bax\u0131m m\u0259hsulu<\/p>\n<\/li>\n<li data-start=\"2417\" data-end=\"2456\">\n<p data-start=\"2419\" data-end=\"2456\">G\u00fcnd\u0259lik istifad\u0259 \u00fc\u00e7\u00fcn uy\u011fun formul<\/p>\n<\/li>\n<li data-start=\"2457\" data-end=\"2489\">\n<p data-start=\"2459\" data-end=\"2489\">Y\u00fcng\u00fcl v\u0259 tez hopan tekstura<\/p>\n<\/li>\n<li data-start=\"2490\" data-end=\"2522\">\n<p data-start=\"2492\" data-end=\"2522\">D\u0259rini qurutmadan bax\u0131m edir<\/p>\n<\/li>\n<li data-start=\"2523\" data-end=\"2555\">\n<p data-start=\"2525\" data-end=\"2555\">\u00dcz bax\u0131m\u0131 \u00fc\u00e7\u00fcn praktik se\u00e7im<\/p>\n<\/li>\n<li data-start=\"2556\" data-end=\"2588\">\n<p data-start=\"2558\" data-end=\"2588\">Ev \u015f\u0259raitind\u0259 rahat istifad\u0259<\/p>\n<\/li>\n<\/ul>\n<p data-start=\"2590\" data-end=\"2663\">Bu krem t\u0259bii v\u0259 s\u0259liq\u0259li g\u00f6r\u00fcn\u00fc\u015f\u0259 \u00fcst\u00fcnl\u00fck ver\u0259nl\u0259r \u00fc\u00e7\u00fcn ideal se\u00e7imdir.<\/p>\n<hr data-start=\"2665\" data-end=\"2668\" \/>\n<h2 data-start=\"2670\" data-end=\"2692\">\ud83d\udd39 \u0130stifad\u0259 Qaydas\u0131<\/h2>\n<ul data-start=\"2693\" data-end=\"2866\">\n<li data-start=\"2693\" data-end=\"2738\">\n<p data-start=\"2695\" data-end=\"2738\">T\u0259miz \u00fcz d\u0259risin\u0259 nazik qatla t\u0259tbiq edin<\/p>\n<\/li>\n<li data-start=\"2739\" data-end=\"2778\">\n<p data-start=\"2741\" data-end=\"2778\">S\u0259h\u0259r v\u0259 ax\u015fam istifad\u0259 oluna bil\u0259r<\/p>\n<\/li>\n<li data-start=\"2779\" data-end=\"2822\">\n<p data-start=\"2781\" data-end=\"2822\">Dair\u0259vi h\u0259r\u0259k\u0259tl\u0259rl\u0259 masaj ed\u0259r\u0259k yay\u0131n<\/p>\n<\/li>\n<li data-start=\"2823\" data-end=\"2866\">\n<p data-start=\"2825\" data-end=\"2866\">Makiyajdan \u0259vv\u0259l istifad\u0259 \u00fc\u00e7\u00fcn uy\u011fundur<\/p>\n<\/li>\n<\/ul>\n<hr data-start=\"2868\" data-end=\"2871\" \/>\n<h2 data-start=\"2873\" data-end=\"2883\">\ud83d\udd39 Qeyd<\/h2>\n<ul data-start=\"2884\" data-end=\"3028\">\n<li data-start=\"2884\" data-end=\"2918\">\n<p data-start=\"2886\" data-end=\"2918\">Yaln\u0131z xarici istifad\u0259 \u00fc\u00e7\u00fcnd\u00fcr<\/p>\n<\/li>\n<li data-start=\"2919\" data-end=\"2953\">\n<p data-start=\"2921\" data-end=\"2953\">G\u00f6zl\u0259 birba\u015fa t\u0259masdan qa\u00e7\u0131n\u0131n<\/p>\n<\/li>\n<li data-start=\"2954\" data-end=\"2995\">\n<p data-start=\"2956\" data-end=\"2995\">H\u0259ssas d\u0259ri \u00fc\u00e7\u00fcn \u0259vv\u0259lc\u0259d\u0259n test edin<\/p>\n<\/li>\n<li data-start=\"2996\" data-end=\"3028\">\n<p data-start=\"2998\" data-end=\"3028\">S\u0259rin v\u0259 quru yerd\u0259 saxlay\u0131n<\/p>\n<\/li>\n<\/ul>","protected":false},"excerpt":{"rendered":"<p>Magic C Beauty Cream d\u0259rinin daha parlaq, b\u0259rab\u0259r tonlu v\u0259 bax\u0131ml\u0131 g\u00f6r\u00fcnm\u0259sin\u0259 k\u00f6m\u0259k ed\u0259n g\u00fcnd\u0259lik \u00fcz kremidir. Y\u00fcng\u00fcl tekstural\u0131d\u0131r v\u0259 tez hopur.<\/p>","protected":false},"featured_media":10061,"comment_status":"open","ping_status":"closed","template":"","meta":[],"pwb-brand":[164],"product_cat":[127,142],"product_tag":[294,293,423,442,428,319,418],"class_list":{"0":"post-10059","1":"product","2":"type-product","3":"status-publish","4":"has-post-thumbnail","6":"pwb-brand-nisa","7":"product_cat-face-care","8":"product_cat-face-creams","9":"product_tag-face","10":"product_tag-facecare","11":"product_tag-skincareroutine","12":"product_tag-uz","13":"product_tag-uz-kremi","14":"product_tag-uz-lklri","15":"product_tag-uzbaximi","16":"pa_size-15grm","19":"instock","20":"sale","21":"shipping-taxable","22":"purchasable","23":"product-type-simple"},"brands":[{"id":164,"name":"Nisa","slug":"nisa"}],"_links":{"self":[{"href":"https:\/\/axtarstore.com\/ru\/wp-json\/wp\/v2\/product\/10059"}],"collection":[{"href":"https:\/\/axtarstore.com\/ru\/wp-json\/wp\/v2\/product"}],"about":[{"href":"https:\/\/axtarstore.com\/ru\/wp-json\/wp\/v2\/types\/product"}],"replies":[{"embeddable":true,"href":"https:\/\/axtarstore.com\/ru\/wp-json\/wp\/v2\/comments?post=10059"}],"version-history":[{"count":3,"href":"https:\/\/axtarstore.com\/ru\/wp-json\/wp\/v2\/product\/10059\/revisions"}],"predecessor-version":[{"id":11025,"href":"https:\/\/axtarstore.com\/ru\/wp-json\/wp\/v2\/product\/10059\/revisions\/11025"}],"wp:featuredmedia":[{"embeddable":true,"href":"https:\/\/axtarstore.com\/ru\/wp-json\/wp\/v2\/media\/10061"}],"wp:attachment":[{"href":"https:\/\/axtarstore.com\/ru\/wp-json\/wp\/v2\/media?parent=10059"}],"wp:term":[{"taxonomy":"pwb-brand","embeddable":true,"href":"https:\/\/axtarstore.com\/ru\/wp-json\/wp\/v2\/pwb-brand?post=10059"},{"taxonomy":"product_cat","embeddable":true,"href":"https:\/\/axtarstore.com\/ru\/wp-json\/wp\/v2\/product_cat?post=10059"},{"taxonomy":"product_tag","embeddable":true,"href":"https:\/\/axtarstore.com\/ru\/wp-json\/wp\/v2\/product_tag?post=10059"}],"curies":[{"name":"wp","href":"https:\/\/api.w.org\/{rel}","templated":true}]}}