{"id":10029,"date":"2025-04-28T22:30:48","date_gmt":"2025-04-28T18:30:48","guid":{"rendered":"https:\/\/axtarstore.com\/?post_type=product&#038;p=10029"},"modified":"2026-02-09T21:52:31","modified_gmt":"2026-02-09T17:52:31","slug":"ilham-saftali-yagi-tebii-qulluq-ve-parlaqli","status":"publish","type":"product","link":"https:\/\/axtarstore.com\/ru\/product\/ilham-saftali-yagi-tebii-qulluq-ve-parlaqli\/","title":{"rendered":"\u0130lham Apricot (\u015eaftal\u0131) Ya\u011f\u0131 &#8211; T\u0259bii Qulluq v\u0259 Par\u0131lt\u0131"},"content":{"rendered":"<p data-start=\"1449\" data-end=\"1705\">Quru v\u0259 h\u0259ssas d\u0259ri, cans\u0131z v\u0259 k\u00f6vr\u0259k sa\u00e7lar g\u00fcnd\u0259lik qulluqda \u0259n \u00e7ox rast g\u0259lin\u0259n probleml\u0259rdir. Kimy\u0259vi t\u0259rkibli m\u0259hsullar q\u0131sa m\u00fcdd\u0259tli effekt vers\u0259 d\u0259, uzunm\u00fcdd\u0259tli istifad\u0259 zaman\u0131 d\u0259rinin qoruyucu qat\u0131n\u0131 z\u0259ifl\u0259d\u0259 v\u0259 sa\u00e7\u0131n strukturuna z\u0259r\u0259r ver\u0259 bil\u0259r.<\/p>\n<h3 data-start=\"1707\" data-end=\"1715\">H\u0259ll<\/h3>\n<p data-start=\"1716\" data-end=\"1940\">\u0130lham \u015eaftal\u0131 Ya\u011f\u0131 t\u0259rkibind\u0259ki t\u0259bii ya\u011f tur\u015fular\u0131 v\u0259 vitaminl\u0259r say\u0259sind\u0259 d\u0259rinin v\u0259 sa\u00e7\u0131n ehtiyac duydu\u011fu n\u0259mi b\u0259rpa edir. Y\u00fcng\u00fcl formulu say\u0259sind\u0259 m\u0259sam\u0259l\u0259ri t\u0131xam\u0131r, d\u0259rid\u0259 ya\u011fl\u0131 hiss yaratm\u0131r v\u0259 sa\u00e7lara a\u011f\u0131rl\u0131q vermir.<\/p>\n<h3 data-start=\"1942\" data-end=\"1952\">N\u0259tic\u0259<\/h3>\n<p data-start=\"1953\" data-end=\"2159\">Daimi istifad\u0259 zaman\u0131 d\u0259ri daha yum\u015faq, elastik v\u0259 sa\u011flam g\u00f6r\u00fcn\u00fcr, sa\u00e7lar is\u0259 daha parlaq, asan daranan v\u0259 canl\u0131 olur. T\u0259bii qulluq say\u0259sind\u0259 kosmetik g\u00f6r\u00fcn\u00fc\u015f stabill\u0259\u015fir v\u0259 uzunm\u00fcdd\u0259tli effekt \u0259ld\u0259 edilir.<\/p>\n<hr data-start=\"2161\" data-end=\"2164\" \/>\n<h2 data-start=\"2166\" data-end=\"2198\">\ud83d\udd39 Niy\u0259 bu m\u0259hsulu almal\u0131yam?<\/h2>\n<ul data-start=\"2200\" data-end=\"2502\">\n<li data-start=\"2200\" data-end=\"2252\">\n<p data-start=\"2202\" data-end=\"2252\">100% t\u0259bii \u015faftal\u0131 \u00e7\u0259yird\u0259yi ya\u011f\u0131ndan haz\u0131rlan\u0131b<\/p>\n<\/li>\n<li data-start=\"2253\" data-end=\"2303\">\n<p data-start=\"2255\" data-end=\"2303\">D\u0259ri v\u0259 sa\u00e7 \u00fc\u00e7\u00fcn universal istifad\u0259y\u0259 uy\u011fundur<\/p>\n<\/li>\n<li data-start=\"2304\" data-end=\"2341\">\n<p data-start=\"2306\" data-end=\"2341\">Y\u00fcng\u00fcl tekstura, tez hopan formul<\/p>\n<\/li>\n<li data-start=\"2342\" data-end=\"2395\">\n<p data-start=\"2344\" data-end=\"2395\">Quruluq v\u0259 matl\u0131q problemini azaltma\u011fa k\u00f6m\u0259k edir<\/p>\n<\/li>\n<li data-start=\"2396\" data-end=\"2438\">\n<p data-start=\"2398\" data-end=\"2438\">G\u00fcnd\u0259lik kosmetik qulluq \u00fc\u00e7\u00fcn uy\u011fundur<\/p>\n<\/li>\n<li data-start=\"2439\" data-end=\"2502\">\n<p data-start=\"2441\" data-end=\"2502\">Ki\u00e7ik h\u0259cmli qabla\u015fd\u0131rma \u2013 da\u015f\u0131nmas\u0131 v\u0259 istifad\u0259si rahatd\u0131r<\/p>\n<\/li>\n<\/ul>\n<p data-start=\"2504\" data-end=\"2637\">Bu m\u0259hsul t\u0259bii v\u0259 effektiv qulluq axtaran, eyni zamanda d\u0259risin\u0259 v\u0259 sa\u00e7\u0131na z\u0259r\u0259r verm\u0259k ist\u0259m\u0259y\u0259n istifad\u0259\u00e7il\u0259r \u00fc\u00e7\u00fcn ideal se\u00e7imdir.<\/p>\n<hr data-start=\"2639\" data-end=\"2642\" \/>\n<h2 data-start=\"2644\" data-end=\"2666\">\ud83d\udd39 \u0130stifad\u0259 Qaydas\u0131<\/h2>\n<p data-start=\"2668\" data-end=\"2814\"><strong data-start=\"2668\" data-end=\"2682\">D\u0259ri \u00fc\u00e7\u00fcn:<\/strong><br data-start=\"2682\" data-end=\"2685\" \/>T\u0259miz d\u0259riy\u0259 2\u20133 damc\u0131 \u015faftal\u0131 ya\u011f\u0131 \u00e7\u0259kin v\u0259 y\u00fcng\u00fcl masaj h\u0259r\u0259k\u0259tl\u0259ri il\u0259 hopdurun. \u00dcz, boyun v\u0259 b\u0259d\u0259n \u00fc\u00e7\u00fcn istifad\u0259 oluna bil\u0259r.<\/p>\n<p data-start=\"2816\" data-end=\"2971\"><strong data-start=\"2816\" data-end=\"2829\">Sa\u00e7 \u00fc\u00e7\u00fcn:<\/strong><br data-start=\"2829\" data-end=\"2832\" \/>Sa\u00e7 uclar\u0131na v\u0259 ya sa\u00e7 d\u0259risin\u0259 az miqdarda t\u0259tbiq edin. Yuma \u00f6nc\u0259si maska kimi v\u0259 ya yuyulduqdan sonra sa\u00e7 uclar\u0131nda istifad\u0259 edil\u0259 bil\u0259r.<\/p>\n<p data-start=\"2973\" data-end=\"3079\"><strong data-start=\"2973\" data-end=\"2988\">Masaj \u00fc\u00e7\u00fcn:<\/strong><br data-start=\"2988\" data-end=\"2991\" \/>Rahatlad\u0131c\u0131 masajlarda t\u0259kba\u015f\u0131na v\u0259 ya dig\u0259r ya\u011flarla birlikd\u0259 istifad\u0259 etm\u0259k m\u00fcmk\u00fcnd\u00fcr.<\/p>\n<hr data-start=\"3081\" data-end=\"3084\" \/>\n<h2 data-start=\"3086\" data-end=\"3096\">\ud83d\udd39 Qeyd<\/h2>\n<ul data-start=\"3098\" data-end=\"3274\">\n<li data-start=\"3098\" data-end=\"3125\">\n<p data-start=\"3100\" data-end=\"3125\">Xarici istifad\u0259 \u00fc\u00e7\u00fcnd\u00fcr<\/p>\n<\/li>\n<li data-start=\"3126\" data-end=\"3152\">\n<p data-start=\"3128\" data-end=\"3152\">G\u00f6zl\u0259 t\u0259masdan qa\u00e7\u0131n\u0131n<\/p>\n<\/li>\n<li data-start=\"3153\" data-end=\"3225\">\n<p data-start=\"3155\" data-end=\"3225\">H\u0259r hans\u0131 allergik reaksiya m\u00fc\u015fahid\u0259 olunarsa, istifad\u0259ni dayand\u0131r\u0131n<\/p>\n<\/li>\n<li data-start=\"3226\" data-end=\"3274\">\n<p data-start=\"3228\" data-end=\"3274\">S\u0259rin v\u0259 g\u00fcn\u0259\u015f i\u015f\u0131\u011f\u0131ndan uzaq yerd\u0259 saxlay\u0131n<\/p>\n<\/li>\n<\/ul>","protected":false},"excerpt":{"rendered":"<p>Quru v\u0259 h\u0259ssas d\u0259ri, cans\u0131z v\u0259 k\u00f6vr\u0259k sa\u00e7lar g\u00fcnd\u0259lik qulluqda \u0259n \u00e7ox rast g\u0259lin\u0259n probleml\u0259rdir. Kimy\u0259vi t\u0259rkibli m\u0259hsullar q\u0131sa m\u00fcdd\u0259tli effekt vers\u0259 d\u0259, uzunm\u00fcdd\u0259tli istifad\u0259 zaman\u0131 d\u0259rinin qoruyucu qat\u0131n\u0131 z\u0259ifl\u0259d\u0259 v\u0259 sa\u00e7\u0131n strukturuna z\u0259r\u0259r ver\u0259 bil\u0259r. H\u0259ll \u0130lham \u015eaftal\u0131 Ya\u011f\u0131 t\u0259rkibind\u0259ki t\u0259bii ya\u011f tur\u015fular\u0131 v\u0259 vitaminl\u0259r say\u0259sind\u0259 d\u0259rinin v\u0259 sa\u00e7\u0131n ehtiyac duydu\u011fu n\u0259mi b\u0259rpa edir. &hellip; <a href=\"https:\/\/axtarstore.com\/ru\/product\/ilham-saftali-yagi-tebii-qulluq-ve-parlaqli\/\" class=\"more-link\">Continue reading <span class=\"screen-reader-text\">\u0130lham Apricot (\u015eaftal\u0131) Ya\u011f\u0131 &#8211; T\u0259bii Qulluq v\u0259 Par\u0131lt\u0131<\/span><\/a><\/p>","protected":false},"featured_media":10030,"comment_status":"open","ping_status":"closed","template":"","meta":[],"pwb-brand":[181],"product_cat":[126,138,135,427,127,144],"product_tag":[300,294,293,308,425,423,418],"class_list":{"0":"post-10029","1":"product","2":"type-product","3":"status-publish","4":"has-post-thumbnail","6":"pwb-brand-ilham","7":"product_cat-haircare","8":"product_cat-vitamins","9":"product_cat-oil","10":"product_cat-tbii-yaglar","11":"product_cat-face-care","12":"product_cat-face-vitamins","13":"product_tag-bodycare","14":"product_tag-face","15":"product_tag-facecare","16":"product_tag-haircare","17":"product_tag-healthyhair","18":"product_tag-skincareroutine","19":"product_tag-uzbaximi","20":"pa_size-30ml","23":"instock","24":"sale","25":"shipping-taxable","26":"purchasable","27":"product-type-simple"},"brands":[{"id":181,"name":"\u0130lham","slug":"ilham"}],"_links":{"self":[{"href":"https:\/\/axtarstore.com\/ru\/wp-json\/wp\/v2\/product\/10029"}],"collection":[{"href":"https:\/\/axtarstore.com\/ru\/wp-json\/wp\/v2\/product"}],"about":[{"href":"https:\/\/axtarstore.com\/ru\/wp-json\/wp\/v2\/types\/product"}],"replies":[{"embeddable":true,"href":"https:\/\/axtarstore.com\/ru\/wp-json\/wp\/v2\/comments?post=10029"}],"version-history":[{"count":3,"href":"https:\/\/axtarstore.com\/ru\/wp-json\/wp\/v2\/product\/10029\/revisions"}],"predecessor-version":[{"id":11038,"href":"https:\/\/axtarstore.com\/ru\/wp-json\/wp\/v2\/product\/10029\/revisions\/11038"}],"wp:featuredmedia":[{"embeddable":true,"href":"https:\/\/axtarstore.com\/ru\/wp-json\/wp\/v2\/media\/10030"}],"wp:attachment":[{"href":"https:\/\/axtarstore.com\/ru\/wp-json\/wp\/v2\/media?parent=10029"}],"wp:term":[{"taxonomy":"pwb-brand","embeddable":true,"href":"https:\/\/axtarstore.com\/ru\/wp-json\/wp\/v2\/pwb-brand?post=10029"},{"taxonomy":"product_cat","embeddable":true,"href":"https:\/\/axtarstore.com\/ru\/wp-json\/wp\/v2\/product_cat?post=10029"},{"taxonomy":"product_tag","embeddable":true,"href":"https:\/\/axtarstore.com\/ru\/wp-json\/wp\/v2\/product_tag?post=10029"}],"curies":[{"name":"wp","href":"https:\/\/api.w.org\/{rel}","templated":true}]}}