{"id":10018,"date":"2025-04-28T22:09:40","date_gmt":"2025-04-28T18:09:40","guid":{"rendered":"https:\/\/axtarstore.com\/?post_type=product&#038;p=10018"},"modified":"2026-02-09T22:09:26","modified_gmt":"2026-02-09T18:09:26","slug":"seven-herbal-sac-yagi-7-probleme-tebii-hell","status":"publish","type":"product","link":"https:\/\/axtarstore.com\/ru\/product\/seven-herbal-sac-yagi-7-probleme-tebii-hell\/","title":{"rendered":"Seven Herbal Sa\u00e7 Ya\u011f\u0131 &#8211; 7 Problem\u0259, Bir H\u0259ll"},"content":{"rendered":"<p>Seven Herbal Sa\u00e7 Ya\u011f\u0131, b\u00fct\u00fcn sa\u00e7 probleml\u0259riniz\u0259 tam h\u0259ll t\u0259qdim ed\u0259n \u0259n m\u00fck\u0259mm\u0259l sa\u00e7 bax\u0131m m\u0259hsuludur. Zeytun v\u0259 Vitamin E il\u0259 z\u0259nginl\u0259\u015fdirilmi\u015f bu qeyri-yap\u0131\u015fqan sa\u00e7 ya\u011f\u0131, 7 yolla qoruma v\u0259 tam t\u0259mir t\u0259klif edir. Z\u0259d\u0259l\u0259nmi\u015f sa\u00e7lar \u00fc\u00e7\u00fcn ideal olan bu m\u0259hsul, sa\u00e7\u0131n\u0131z\u0131 k\u00f6kd\u0259n uca q\u0259d\u0259r yenil\u0259yir v\u0259 qidaland\u0131r\u0131r.<\/p>\n<p>\u041a\u043b\u044e\u0447\u0435\u0432\u044b\u0435 \u043f\u0440\u0435\u0438\u043c\u0443\u0449\u0435\u0441\u0442\u0432\u0430:<br \/>\n\u2022 7 Yolla Qoruma: Quru, uclar\u0131n \u00e7atlamas\u0131 v\u0259 sa\u00e7 t\u00f6k\u00fclm\u0259si kimi 7 \u0259sas problemi effektiv \u015f\u0259kild\u0259 aradan qald\u0131r\u0131r.<br \/>\n\u2022 Yap\u0131\u015fqans\u0131z Formula: Ya\u011fl\u0131 izl\u0259r buraxmadan t\u0259miz v\u0259 hamar bir n\u0259tic\u0259 t\u0259min edir.<br \/>\n\u2022 Tam Sa\u00e7 H\u0259lli: Sa\u00e7\u0131 qidaland\u0131r\u0131r, g\u00fccl\u0259ndirir v\u0259 z\u0259d\u0259l\u0259nm\u0259l\u0259rd\u0259n qoruyur.<br \/>\n\u2022 Zeytun Ya\u011f\u0131 il\u0259 Z\u0259nginl\u0259\u015fdirilmi\u015f: Sa\u00e7\u0131 n\u0259ml\u0259ndirir, yum\u015fald\u0131r v\u0259 t\u0259bii parlaql\u0131q t\u0259min edir.<br \/>\n\u2022 Z\u0259d\u0259l\u0259nmi\u015f Sa\u00e7\u0131 B\u0259rpa Edir: Sa\u00e7lar\u0131 t\u0259mir edir v\u0259 canland\u0131r\u0131r, sa\u011flam v\u0259 parlaq edir.<br \/>\n\u2022 Vitamin E il\u0259: Sa\u00e7 b\u00f6y\u00fcm\u0259sini d\u0259st\u0259kl\u0259yir v\u0259 ba\u015f d\u0259risini g\u00fccl\u0259ndirir.<\/p>\n<p>Seven Herbal Sa\u00e7 Ya\u011f\u0131 il\u0259 sa\u00e7\u0131n\u0131z\u0131 yenil\u0259yin, daha g\u00fccl\u00fc, sa\u011flam v\u0259 parlaq sa\u00e7lara sahib olun!<\/p>","protected":false},"excerpt":{"rendered":"<p>Seven Herbal Sa\u00e7 Ya\u011f\u0131 bitki t\u0259rkibli formulu il\u0259 sa\u00e7 v\u0259 sa\u00e7 d\u0259risin\u0259 kompleks qulluq g\u00f6st\u0259rir. Sa\u00e7 probleml\u0259rinin azalmas\u0131na v\u0259 daha sa\u011flam g\u00f6r\u00fcn\u00fc\u015f\u00fcn \u0259ld\u0259 edilm\u0259sin\u0259 k\u00f6m\u0259k edir.<\/p>","protected":false},"featured_media":10021,"comment_status":"open","ping_status":"closed","template":"","meta":[],"pwb-brand":[170],"product_cat":[126,135],"product_tag":[306,308,301,310,425,307,417,421],"class_list":{"0":"post-10018","1":"product","2":"type-product","3":"status-publish","4":"has-post-thumbnail","6":"pwb-brand-seven-herbal","7":"product_cat-haircare","8":"product_cat-oil","9":"product_tag-antihairloss","10":"product_tag-haircare","11":"product_tag-hairfallsolution","12":"product_tag-hairregrowth","13":"product_tag-healthyhair","14":"product_tag-longstronghair","15":"product_tag-sacbaximi","16":"product_tag-sacqullugu","17":"pa_size-100ml","18":"pa_size-200ml","21":"instock","22":"sale","23":"shipping-taxable","24":"purchasable","25":"product-type-variable"},"brands":[{"id":170,"name":"Seven Herbal","slug":"seven-herbal"}],"_links":{"self":[{"href":"https:\/\/axtarstore.com\/ru\/wp-json\/wp\/v2\/product\/10018"}],"collection":[{"href":"https:\/\/axtarstore.com\/ru\/wp-json\/wp\/v2\/product"}],"about":[{"href":"https:\/\/axtarstore.com\/ru\/wp-json\/wp\/v2\/types\/product"}],"replies":[{"embeddable":true,"href":"https:\/\/axtarstore.com\/ru\/wp-json\/wp\/v2\/comments?post=10018"}],"version-history":[{"count":3,"href":"https:\/\/axtarstore.com\/ru\/wp-json\/wp\/v2\/product\/10018\/revisions"}],"predecessor-version":[{"id":11044,"href":"https:\/\/axtarstore.com\/ru\/wp-json\/wp\/v2\/product\/10018\/revisions\/11044"}],"wp:featuredmedia":[{"embeddable":true,"href":"https:\/\/axtarstore.com\/ru\/wp-json\/wp\/v2\/media\/10021"}],"wp:attachment":[{"href":"https:\/\/axtarstore.com\/ru\/wp-json\/wp\/v2\/media?parent=10018"}],"wp:term":[{"taxonomy":"pwb-brand","embeddable":true,"href":"https:\/\/axtarstore.com\/ru\/wp-json\/wp\/v2\/pwb-brand?post=10018"},{"taxonomy":"product_cat","embeddable":true,"href":"https:\/\/axtarstore.com\/ru\/wp-json\/wp\/v2\/product_cat?post=10018"},{"taxonomy":"product_tag","embeddable":true,"href":"https:\/\/axtarstore.com\/ru\/wp-json\/wp\/v2\/product_tag?post=10018"}],"curies":[{"name":"wp","href":"https:\/\/api.w.org\/{rel}","templated":true}]}}