{"id":10014,"date":"2025-04-28T21:48:39","date_gmt":"2025-04-28T17:48:39","guid":{"rendered":"https:\/\/axtarstore.com\/?post_type=product&#038;p=10014"},"modified":"2026-02-09T22:14:14","modified_gmt":"2026-02-09T18:14:14","slug":"ilham-uzum-cekirdeyi-yagi-tebii-yag","status":"publish","type":"product","link":"https:\/\/axtarstore.com\/ru\/product\/ilham-uzum-cekirdeyi-yagi-tebii-yag\/","title":{"rendered":"\u0130lham \u00dcz\u00fcm \u00c7\u0259kirdeyi Ya\u011f\u0131 &#8211; T\u0259bii Ya\u011f"},"content":{"rendered":"<p data-start=\"995\" data-end=\"1336\">D\u0259ri v\u0259 sa\u00e7 bax\u0131m\u0131nda \u0259n \u00e7ox rast g\u0259lin\u0259n probleml\u0259rd\u0259n biri d\u00fczg\u00fcn m\u0259hsul se\u00e7ilm\u0259m\u0259sidir. Bir \u00e7ox ya\u011flar a\u011f\u0131r teksturaya malik olur, d\u0259rid\u0259 ya\u011fl\u0131 hiss burax\u0131r v\u0259 sa\u00e7da a\u011f\u0131rl\u0131q yarad\u0131r. Bu da m\u0259hsulun davaml\u0131 istifad\u0259sini \u00e7\u0259tinl\u0259\u015fdirir. X\u00fcsusil\u0259 ya\u011fl\u0131 v\u0259 qar\u0131\u015f\u0131q d\u0259ri tipin\u0259 sahib olan \u015f\u0259xsl\u0259r \u00fc\u00e7\u00fcn uy\u011fun t\u0259bii ya\u011f tapmaq daha da \u00e7\u0259tinl\u0259\u015fir.<\/p>\n<p data-start=\"1338\" data-end=\"1579\">Eyni zamanda sa\u00e7lar \u0259traf m\u00fchit faktorlar\u0131, istilikl\u0259 formala\u015fd\u0131rma v\u0259 yanl\u0131\u015f m\u0259hsullar s\u0259b\u0259bind\u0259n z\u0259ifl\u0259yir, parlaql\u0131\u011f\u0131n\u0131 itirir v\u0259 bax\u0131ms\u0131z g\u00f6r\u00fcn\u00fcr. Bu m\u0259rh\u0259l\u0259d\u0259 h\u0259m d\u0259ri, h\u0259m d\u0259 sa\u00e7 \u00fc\u00e7\u00fcn balansl\u0131 v\u0259 y\u00fcng\u00fcl bir ya\u011f\u0131n istifad\u0259si vacib olur.<\/p>\n<h3 data-start=\"1581\" data-end=\"1589\">H\u0259ll<\/h3>\n<p data-start=\"1590\" data-end=\"1842\"><strong data-start=\"1590\" data-end=\"1619\">\u0130lham \u00dcz\u00fcm \u00c7\u0259kirdeyi Ya\u011f\u0131<\/strong> bu ehtiyaclara cavab ver\u0259n t\u0259bii bax\u0131m m\u0259hsuludur. \u00dcz\u00fcm \u00e7\u0259kirdeyind\u0259n \u0259ld\u0259 edil\u0259n bu ya\u011f y\u00fcng\u00fcl teksturas\u0131 il\u0259 se\u00e7ilir v\u0259 d\u0259rid\u0259 tez hopur. Ya\u011fl\u0131l\u0131q hissi yaratmadan d\u0259rinin daha balansl\u0131 v\u0259 bax\u0131ml\u0131 g\u00f6r\u00fcnm\u0259sin\u0259 k\u00f6m\u0259k edir.<\/p>\n<p data-start=\"1844\" data-end=\"2164\">\u00dcz\u00fcm \u00e7\u0259kirdeyi ya\u011f\u0131 h\u0259m \u00fcz, h\u0259m b\u0259d\u0259n, h\u0259m d\u0259 sa\u00e7 bax\u0131m\u0131nda istifad\u0259 oluna bil\u0259n \u00e7oxfunksiyal\u0131 m\u0259hsuldur. D\u0259riy\u0259 t\u0259tbiq edildikd\u0259 yum\u015faql\u0131q hissi yarad\u0131r, qurulu\u011fun azalmas\u0131na k\u00f6m\u0259k edir v\u0259 d\u0259rinin \u00fcmumi g\u00f6r\u00fcn\u00fc\u015f\u00fcn\u00fc d\u0259st\u0259kl\u0259yir. Sa\u00e7lara t\u0259tbiq edildikd\u0259 is\u0259 sa\u00e7 tell\u0259rinin daha canl\u0131 v\u0259 bax\u0131ml\u0131 g\u00f6r\u00fcnm\u0259sin\u0259 yard\u0131m\u00e7\u0131 olur.<\/p>\n<p data-start=\"2166\" data-end=\"2360\">\u0130lham \u00fcz\u00fcm \u00e7\u0259kirdeyi ya\u011f\u0131 g\u00fcnd\u0259lik bax\u0131m rutinind\u0259 rahatl\u0131qla istifad\u0259 edil\u0259 bil\u0259n, sad\u0259 v\u0259 effektiv formul t\u0259qdim edir. T\u0259bii t\u0259rkibi say\u0259sind\u0259 h\u0259m qad\u0131nlar, h\u0259m d\u0259 ki\u015fil\u0259r \u00fc\u00e7\u00fcn uy\u011fun se\u00e7imdir.<\/p>\n<h3 data-start=\"2362\" data-end=\"2372\">N\u0259tic\u0259<\/h3>\n<p data-start=\"2373\" data-end=\"2658\">M\u00fcnt\u0259z\u0259m istifad\u0259 zaman\u0131 d\u0259ri daha hamar v\u0259 balansl\u0131 g\u00f6r\u00fcn\u00fcr, sa\u00e7lar is\u0259 daha yum\u015faq v\u0259 bax\u0131ml\u0131 hiss olunur. \u00dcz\u00fcm \u00e7\u0259kirdeyi ya\u011f\u0131 d\u0259rinin v\u0259 sa\u00e7\u0131n t\u0259bii bax\u0131m\u0131n\u0131 d\u0259st\u0259kl\u0259y\u0259r\u0259k daha sa\u011flam g\u00f6r\u00fcn\u00fc\u015f \u0259ld\u0259 etm\u0259y\u0259 k\u00f6m\u0259k edir. Y\u00fcng\u00fcl teksturas\u0131 say\u0259sind\u0259 g\u00fcnd\u0259lik istifad\u0259 \u00fc\u00e7\u00fcn ideal se\u00e7imdir.<\/p>\n<hr data-start=\"2660\" data-end=\"2663\" \/>\n<h2 data-start=\"2665\" data-end=\"2694\">Niy\u0259 bu m\u0259hsulu almal\u0131yam?<\/h2>\n<ul data-start=\"2695\" data-end=\"2968\">\n<li data-start=\"2695\" data-end=\"2738\">\n<p data-start=\"2697\" data-end=\"2738\">Y\u00fcng\u00fcl v\u0259 tez hopan \u00fcz\u00fcm \u00e7\u0259kirdeyi ya\u011f\u0131<\/p>\n<\/li>\n<li data-start=\"2739\" data-end=\"2782\">\n<p data-start=\"2741\" data-end=\"2782\">D\u0259ri v\u0259 sa\u00e7 \u00fc\u00e7\u00fcn \u00e7oxfunksiyal\u0131 istifad\u0259<\/p>\n<\/li>\n<li data-start=\"2783\" data-end=\"2821\">\n<p data-start=\"2785\" data-end=\"2821\">Ya\u011fl\u0131l\u0131q hissi yaratmayan tekstura<\/p>\n<\/li>\n<li data-start=\"2822\" data-end=\"2864\">\n<p data-start=\"2824\" data-end=\"2864\">G\u00fcnd\u0259lik bax\u0131m \u00fc\u00e7\u00fcn uy\u011fun t\u0259bii formul<\/p>\n<\/li>\n<li data-start=\"2865\" data-end=\"2920\">\n<p data-start=\"2867\" data-end=\"2920\">Sa\u00e7 v\u0259 d\u0259rinin daha bax\u0131ml\u0131 g\u00f6r\u00fcnm\u0259sini d\u0259st\u0259kl\u0259yir<\/p>\n<\/li>\n<li data-start=\"2921\" data-end=\"2968\">\n<p data-start=\"2923\" data-end=\"2968\">\u0130lham brendinin keyfiyy\u0259tli t\u0259bii ya\u011f m\u0259hsulu<\/p>\n<\/li>\n<\/ul>\n<hr data-start=\"2970\" data-end=\"2973\" \/>\n<h2 data-start=\"2975\" data-end=\"2994\">\u0130stifad\u0259 Qaydas\u0131<\/h2>\n<p data-start=\"2995\" data-end=\"3206\">D\u0259ri bax\u0131m\u0131 \u00fc\u00e7\u00fcn t\u0259miz d\u0259riy\u0259 bir ne\u00e7\u0259 damc\u0131 \u00fcz\u00fcm \u00e7\u0259kirdeyi ya\u011f\u0131 masaj ed\u0259r\u0259k t\u0259tbiq edin. Sa\u00e7 bax\u0131m\u0131 \u00fc\u00e7\u00fcn sa\u00e7 uclar\u0131na v\u0259 ya sa\u00e7 d\u0259risin\u0259 az miqdarda s\u00fcrt\u00fcn. G\u00fcnd\u0259lik v\u0259 ya ehtiyac olduqda istifad\u0259 edil\u0259 bil\u0259r.<\/p>\n<hr data-start=\"3208\" data-end=\"3211\" \/>\n<h2 data-start=\"3213\" data-end=\"3220\">Qeyd<\/h2>\n<p data-start=\"3221\" data-end=\"3369\">Yaln\u0131z xarici istifad\u0259 \u00fc\u00e7\u00fcnd\u00fcr. G\u00f6zl\u0259 t\u0259masdan qa\u00e7\u0131n\u0131n. H\u0259ssas d\u0259riy\u0259 sahibsinizs\u0259, ilk istifad\u0259d\u0259n \u0259vv\u0259l ki\u00e7ik sah\u0259d\u0259 test edilm\u0259si t\u00f6vsiy\u0259 olunur<\/p>","protected":false},"excerpt":{"rendered":"<p>\u0130lham \u00fcz\u00fcm \u00e7\u0259kirdeyi ya\u011f\u0131 d\u0259rinin v\u0259 sa\u00e7\u0131n g\u00fcnd\u0259lik bax\u0131m\u0131 \u00fc\u00e7\u00fcn n\u0259z\u0259rd\u0259 tutulmu\u015f t\u0259bii ya\u011fd\u0131r. Y\u00fcng\u00fcl teksturas\u0131 il\u0259 tez hopur, bax\u0131ml\u0131 v\u0259 sa\u011flam g\u00f6r\u00fcn\u00fc\u015f\u00fcn qorunmas\u0131na k\u00f6m\u0259k edir.<\/p>","protected":false},"featured_media":10015,"comment_status":"open","ping_status":"closed","template":"","meta":[],"pwb-brand":[181],"product_cat":[135,427,127,144],"product_tag":[294,293,308,417,421,423,319,418],"class_list":{"0":"post-10014","1":"product","2":"type-product","3":"status-publish","4":"has-post-thumbnail","6":"pwb-brand-ilham","7":"product_cat-oil","8":"product_cat-tbii-yaglar","9":"product_cat-face-care","10":"product_cat-face-vitamins","11":"product_tag-face","12":"product_tag-facecare","13":"product_tag-haircare","14":"product_tag-sacbaximi","15":"product_tag-sacqullugu","16":"product_tag-skincareroutine","17":"product_tag-uz-lklri","18":"product_tag-uzbaximi","19":"pa_size-30ml","22":"instock","23":"sale","24":"shipping-taxable","25":"purchasable","26":"product-type-simple"},"brands":[{"id":181,"name":"\u0130lham","slug":"ilham"}],"_links":{"self":[{"href":"https:\/\/axtarstore.com\/ru\/wp-json\/wp\/v2\/product\/10014"}],"collection":[{"href":"https:\/\/axtarstore.com\/ru\/wp-json\/wp\/v2\/product"}],"about":[{"href":"https:\/\/axtarstore.com\/ru\/wp-json\/wp\/v2\/types\/product"}],"replies":[{"embeddable":true,"href":"https:\/\/axtarstore.com\/ru\/wp-json\/wp\/v2\/comments?post=10014"}],"version-history":[{"count":3,"href":"https:\/\/axtarstore.com\/ru\/wp-json\/wp\/v2\/product\/10014\/revisions"}],"predecessor-version":[{"id":11046,"href":"https:\/\/axtarstore.com\/ru\/wp-json\/wp\/v2\/product\/10014\/revisions\/11046"}],"wp:featuredmedia":[{"embeddable":true,"href":"https:\/\/axtarstore.com\/ru\/wp-json\/wp\/v2\/media\/10015"}],"wp:attachment":[{"href":"https:\/\/axtarstore.com\/ru\/wp-json\/wp\/v2\/media?parent=10014"}],"wp:term":[{"taxonomy":"pwb-brand","embeddable":true,"href":"https:\/\/axtarstore.com\/ru\/wp-json\/wp\/v2\/pwb-brand?post=10014"},{"taxonomy":"product_cat","embeddable":true,"href":"https:\/\/axtarstore.com\/ru\/wp-json\/wp\/v2\/product_cat?post=10014"},{"taxonomy":"product_tag","embeddable":true,"href":"https:\/\/axtarstore.com\/ru\/wp-json\/wp\/v2\/product_tag?post=10014"}],"curies":[{"name":"wp","href":"https:\/\/api.w.org\/{rel}","templated":true}]}}