{"id":572,"date":"2021-10-21T07:28:42","date_gmt":"2021-10-21T07:28:42","guid":{"rendered":"https:\/\/hara.thembaydev.com\/?page_id=572"},"modified":"2021-10-21T07:28:42","modified_gmt":"2021-10-21T07:28:42","slug":"product-elements","status":"publish","type":"page","link":"https:\/\/axtarstore.com\/ru\/product-elements\/","title":{"rendered":"Product Elements"},"content":{"rendered":"<div data-elementor-type=\"wp-page\" data-elementor-id=\"572\" class=\"elementor elementor-572\">\n\t\t\t\t\t\t<section class=\"elementor-section elementor-top-section elementor-element elementor-element-981c8f3 elementor-section-stretched elementor-section-boxed elementor-section-height-default elementor-section-height-default\" data-id=\"981c8f3\" data-element_type=\"section\" data-settings=\"{&quot;stretch_section&quot;:&quot;section-stretched&quot;}\">\n\t\t\t\t\t\t<div class=\"elementor-container elementor-column-gap-default\">\n\t\t\t\t\t<div class=\"elementor-column elementor-col-100 elementor-top-column elementor-element elementor-element-962d7e4\" data-id=\"962d7e4\" data-element_type=\"column\">\n\t\t\t<div class=\"elementor-widget-wrap elementor-element-populated\">\n\t\t\t\t\t\t<div class=\"elementor-element elementor-element-31f25e7 elementor-product-v1 elementor-widget elementor-widget-tbay-product-flash-sales\" data-id=\"31f25e7\" data-element_type=\"widget\" data-widget_type=\"tbay-product-flash-sales.default\">\n\t\t\t\t<div class=\"elementor-widget-container\">\n\t\t\t\t\t\r\n<div class=\"tbay-element tbay-element-product-flash-sales v1 product-flash-sales-main deal-ended\">\r\n                <div class=\"top-flash-sale-wrapper\">\r\n                \t\t\t<h3 class=\"heading-tbay-title\">\r\n                \r\n                \t\t\t\t\t<span class=\"subtitle\">Daily updates of all special deals. Bookmark this page & come back often so you don't miss it!<\/span>\r\n\t\t\t\t \r\n\r\n\t\t\t\t\t\t\t\t\t<span class=\"title\">Shop Flash Deals<\/span>\r\n\t\t\t\t\t    \t\r\n\r\n                \r\n                \r\n\t\t\t<\/h3>\r\n                            <div class=\"flash-sales-date\">\r\n                                    \r\n                                    <div class=\"date-title\">Deal ended.<\/div>\r\n                             \r\n            <\/div> \r\n         \r\n                    <\/div>\r\n                \r\n    \r\n<\/div>\t\t\t\t<\/div>\n\t\t\t\t<\/div>\n\t\t\t\t\t<\/div>\n\t\t<\/div>\n\t\t\t\t\t<\/div>\n\t\t<\/section>\n\t\t\t\t<section class=\"elementor-section elementor-top-section elementor-element elementor-element-30c31d0 elementor-section-stretched elementor-section-boxed elementor-section-height-default elementor-section-height-default\" data-id=\"30c31d0\" data-element_type=\"section\" data-settings=\"{&quot;stretch_section&quot;:&quot;section-stretched&quot;}\">\n\t\t\t\t\t\t<div class=\"elementor-container elementor-column-gap-default\">\n\t\t\t\t\t<div class=\"elementor-column elementor-col-100 elementor-top-column elementor-element elementor-element-b7e65ab\" data-id=\"b7e65ab\" data-element_type=\"column\">\n\t\t\t<div class=\"elementor-widget-wrap elementor-element-populated\">\n\t\t\t\t\t\t<div class=\"elementor-element elementor-element-17aefd2 elementor-product-v1 elementor-widget elementor-widget-tbay-products\" data-id=\"17aefd2\" data-element_type=\"widget\" data-widget_type=\"tbay-products.default\">\n\t\t\t\t<div class=\"elementor-widget-container\">\n\t\t\t\t\t\r\n<div class=\"tbay-element tbay-element-products\">\r\n\r\n                    <div class=\"wrapper-title-heading\">\r\n                                                <h3 class=\"heading-tbay-title\">\r\n                                                                    <span class=\"title\">Grid Product<\/span>\r\n                                \t    \t\r\n                                                                    <span class=\"subtitle\">lorem ipsum dolar sit amet<\/span>\r\n                                                            <\/h3>\r\n                                        <\/div>\r\n            \r\n    <div class=\"products row grid products\" data-xlgdesktop=\"4\" data-desktop=\"4\" data-desktopsmall=\"4\" data-tablet=\"3\" data-landscape=\"2\" data-mobile=\"2\">\r\n\r\n     \r\n\r\n    <\/div>        \r\n<\/div>\t\t\t\t<\/div>\n\t\t\t\t<\/div>\n\t\t\t\t\t<\/div>\n\t\t<\/div>\n\t\t\t\t\t<\/div>\n\t\t<\/section>\n\t\t\t\t<section class=\"elementor-section elementor-top-section elementor-element elementor-element-0e4ec58 elementor-section-stretched elementor-section-boxed elementor-section-height-default elementor-section-height-default\" data-id=\"0e4ec58\" data-element_type=\"section\" data-settings=\"{&quot;stretch_section&quot;:&quot;section-stretched&quot;}\">\n\t\t\t\t\t\t<div class=\"elementor-container elementor-column-gap-default\">\n\t\t\t\t\t<div class=\"elementor-column elementor-col-100 elementor-top-column elementor-element elementor-element-a47fc84\" data-id=\"a47fc84\" data-element_type=\"column\">\n\t\t\t<div class=\"elementor-widget-wrap elementor-element-populated\">\n\t\t\t\t\t\t<div class=\"elementor-element elementor-element-36776f3 elementor-product-v1 elementor-widget elementor-widget-tbay-products\" data-id=\"36776f3\" data-element_type=\"widget\" data-widget_type=\"tbay-products.default\">\n\t\t\t\t<div class=\"elementor-widget-container\">\n\t\t\t\t\t\r\n<div class=\"tbay-element tbay-element-products\">\r\n\r\n                    <div class=\"wrapper-title-heading\">\r\n                                                <h3 class=\"heading-tbay-title\">\r\n                                                                    <span class=\"title\">Carousel Product<\/span>\r\n                                \t    \t\r\n                                                                    <span class=\"subtitle\">lorem ipsum dolar sit amet<\/span>\r\n                                                            <\/h3>\r\n                                        <\/div>\r\n            \r\n    <div class=\"products rows-1 owl-carousel scroll-init products\" data-carousel=\"owl\" data-items=\"4\" data-desktopslick=\"4\" data-desktopsmallslick=\"3\" data-tabletslick=\"3\" data-landscapeslick=\"2\" data-mobileslick=\"2\" data-rows=\"1\" data-speed=\"500\" data-nav=\"1\" data-pagination=\"\" data-loop=\"\" data-auto=\"\" data-unslick=\"\">\r\n\r\n     \r\n\r\n    <\/div>        \r\n<\/div>\t\t\t\t<\/div>\n\t\t\t\t<\/div>\n\t\t\t\t\t<\/div>\n\t\t<\/div>\n\t\t\t\t\t<\/div>\n\t\t<\/section>\n\t\t\t\t<section class=\"elementor-section elementor-top-section elementor-element elementor-element-434bb85 elementor-section-stretched elementor-section-boxed elementor-section-height-default elementor-section-height-default\" data-id=\"434bb85\" data-element_type=\"section\" data-settings=\"{&quot;stretch_section&quot;:&quot;section-stretched&quot;}\">\n\t\t\t\t\t\t<div class=\"elementor-container elementor-column-gap-default\">\n\t\t\t\t\t<div class=\"elementor-column elementor-col-100 elementor-top-column elementor-element elementor-element-a85d661\" data-id=\"a85d661\" data-element_type=\"column\">\n\t\t\t<div class=\"elementor-widget-wrap elementor-element-populated\">\n\t\t\t\t\t\t<div class=\"elementor-element elementor-element-e51a56a elementor-widget elementor-widget-tbay-heading\" data-id=\"e51a56a\" data-element_type=\"widget\" data-widget_type=\"tbay-heading.default\">\n\t\t\t\t<div class=\"elementor-widget-container\">\n\t\t\t\t\t\r\n<div class=\"tbay-element tbay-element-heading\">\r\n\t\t\t\t<h3 class=\"heading-tbay-title style-1\">\r\n                \r\n                 \r\n\r\n\t\t\t\t\t\t\t\t\t<span class=\"title\">Grid Product Vertical<\/span>\r\n\t\t\t\t\t    \t\r\n\r\n                \t\t\t\t\t<span class=\"description\">lorem ipsum dolar sit amet<\/span>  \r\n\t\t\t\t\r\n                <i aria-hidden=\"true\" class=\"tb-icon tb-icon-check-circle\"><\/i>\r\n\t\t\t<\/h3>\r\n        <\/div>\t\t\t\t<\/div>\n\t\t\t\t<\/div>\n\t\t\t\t<div class=\"elementor-element elementor-element-da106c6 elementor-product-vertical-v1 elementor-widget elementor-widget-tbay-products\" data-id=\"da106c6\" data-element_type=\"widget\" data-widget_type=\"tbay-products.default\">\n\t\t\t\t<div class=\"elementor-widget-container\">\n\t\t\t\t\t\r\n<div class=\"tbay-element tbay-element-products\">\r\n\r\n    \r\n    <div class=\"products row grid products\" data-xlgdesktop=\"4\" data-desktop=\"4\" data-desktopsmall=\"3\" data-tablet=\"3\" data-landscape=\"2\" data-mobile=\"1\">\r\n\r\n     \r\n\r\n    <\/div>        \r\n<\/div>\t\t\t\t<\/div>\n\t\t\t\t<\/div>\n\t\t\t\t\t<\/div>\n\t\t<\/div>\n\t\t\t\t\t<\/div>\n\t\t<\/section>\n\t\t\t\t<section class=\"elementor-section elementor-top-section elementor-element elementor-element-507bab7 elementor-section-stretched elementor-section-boxed elementor-section-height-default elementor-section-height-default\" data-id=\"507bab7\" data-element_type=\"section\" data-settings=\"{&quot;stretch_section&quot;:&quot;section-stretched&quot;}\">\n\t\t\t\t\t\t<div class=\"elementor-container elementor-column-gap-default\">\n\t\t\t\t\t<div class=\"elementor-column elementor-col-100 elementor-top-column elementor-element elementor-element-fdf639d\" data-id=\"fdf639d\" data-element_type=\"column\">\n\t\t\t<div class=\"elementor-widget-wrap elementor-element-populated\">\n\t\t\t\t\t\t<div class=\"elementor-element elementor-element-24510b1 elementor-product-vertical-v1 elementor-widget elementor-widget-tbay-products\" data-id=\"24510b1\" data-element_type=\"widget\" data-widget_type=\"tbay-products.default\">\n\t\t\t\t<div class=\"elementor-widget-container\">\n\t\t\t\t\t\r\n<div class=\"tbay-element tbay-element-products\">\r\n\r\n                    <div class=\"wrapper-title-heading\">\r\n                                                <h3 class=\"heading-tbay-title\">\r\n                                                                    <span class=\"title\">Carousel Product Vertical<\/span>\r\n                                \t    \t\r\n                                                                    <span class=\"subtitle\">lorem ipsum dolar sit amet<\/span>\r\n                                                            <\/h3>\r\n                                        <\/div>\r\n            \r\n    <div class=\"products rows-1 owl-carousel scroll-init products\" data-carousel=\"owl\" data-items=\"4\" data-desktopslick=\"4\" data-desktopsmallslick=\"3\" data-tabletslick=\"2\" data-landscapeslick=\"2\" data-mobileslick=\"1\" data-rows=\"1\" data-speed=\"500\" data-nav=\"1\" data-pagination=\"\" data-loop=\"\" data-auto=\"\" data-unslick=\"\">\r\n\r\n     \r\n\r\n    <\/div>        \r\n<\/div>\t\t\t\t<\/div>\n\t\t\t\t<\/div>\n\t\t\t\t\t<\/div>\n\t\t<\/div>\n\t\t\t\t\t<\/div>\n\t\t<\/section>\n\t\t\t\t<section class=\"elementor-section elementor-top-section elementor-element elementor-element-f26012b elementor-section-stretched elementor-section-boxed elementor-section-height-default elementor-section-height-default\" data-id=\"f26012b\" data-element_type=\"section\" data-settings=\"{&quot;stretch_section&quot;:&quot;section-stretched&quot;}\">\n\t\t\t\t\t\t<div class=\"elementor-container elementor-column-gap-default\">\n\t\t\t\t\t<div class=\"elementor-column elementor-col-100 elementor-top-column elementor-element elementor-element-8d3910a\" data-id=\"8d3910a\" data-element_type=\"column\">\n\t\t\t<div class=\"elementor-widget-wrap elementor-element-populated\">\n\t\t\t\t\t\t<div class=\"elementor-element elementor-element-e44ee73 elementor-product-v1 heading-tab-style-block elementor-widget elementor-widget-tbay-product-tabs\" data-id=\"e44ee73\" data-element_type=\"widget\" data-widget_type=\"tbay-product-tabs.default\">\n\t\t\t\t<div class=\"elementor-widget-container\">\n\t\t\t\t\t\r\n<div class=\"tbay-element tbay-element-product-tabs ajax-active\">\r\n    \r\n    <div class=\"wrapper-heading-tab\">\r\n                <ul class=\"product-tabs-title tabs-list nav nav-tabs\" data-atts=\"{&quot;categories&quot;:[&quot;cream-blush&quot;],&quot;cat_operator&quot;:&quot;IN&quot;,&quot;limit&quot;:8,&quot;orderby&quot;:&quot;date&quot;,&quot;order&quot;:&quot;asc&quot;,&quot;product_style&quot;:&quot;v1&quot;,&quot;attr_row&quot;:&quot;class=\\&quot;product-tabs row grid products\\&quot; data-xlgdesktop=\\&quot;4\\&quot; data-desktop=\\&quot;4\\&quot; data-desktopsmall=\\&quot;4\\&quot; data-tablet=\\&quot;3\\&quot; data-landscape=\\&quot;2\\&quot; data-mobile=\\&quot;2\\&quot;&quot;}\">\r\n                                        <li>\r\n                <a href=\"javascript:void(0)\"  data-bs-toggle=\"pill\" data-bs-target=\"#newest-DoOfi-1c260e0\" data-value=\"newest\" class=\"active\">Newest Products<\/a>\r\n            <\/li>\r\n\r\n                   <li>\r\n                <a href=\"javascript:void(0)\"  data-bs-toggle=\"pill\" data-bs-target=\"#best_selling-DoOfi-d8f8952\" data-value=\"best_selling\" class=\"\">Best Selling<\/a>\r\n            <\/li>\r\n\r\n                   <li>\r\n                <a href=\"javascript:void(0)\"  data-bs-toggle=\"pill\" data-bs-target=\"#top_rated-DoOfi-5977cf3\" data-value=\"top_rated\" class=\"\">Top Rated<\/a>\r\n            <\/li>\r\n\r\n               <\/ul>\r\n    <\/div>\r\n    \r\n            <div class=\"tbay-addon-content tab-content woocommerce\">\r\n                                            <div class=\"tab-pane active active-content current\" id=\"newest-DoOfi-1c260e0\">\r\n                     \r\n\r\n        <div class=\"product-tabs row grid products product-tabs products\" data-xlgdesktop=\"4\" data-desktop=\"4\" data-desktopsmall=\"4\" data-tablet=\"3\" data-landscape=\"2\" data-mobile=\"2\">\r\n\r\n     \r\n\r\n    <\/div>\r\n                            <\/div>\r\n                                        <div class=\"tab-pane\" id=\"best_selling-DoOfi-d8f8952\">\r\n                                        <\/div>\r\n                                        <div class=\"tab-pane\" id=\"top_rated-DoOfi-5977cf3\">\r\n                                        <\/div>\r\n                            <\/div>\r\n        \r\n<\/div>\t\t\t\t<\/div>\n\t\t\t\t<\/div>\n\t\t\t\t\t<\/div>\n\t\t<\/div>\n\t\t\t\t\t<\/div>\n\t\t<\/section>\n\t\t\t\t<\/div>","protected":false},"excerpt":{"rendered":"<p>Daily updates of all special deals. Bookmark this page &#038; come back often so you don&#8217;t miss it! Shop Flash Deals Ends in: Add to wishlist Add to compare Quick View Add to cart Sold: 12\/57 -6% Armani Beauty Coty Airspun Loose Face 302.00&#36; 285.00&#36; Browse wishlist Add to compare Quick View Add to cart &hellip; <a href=\"https:\/\/axtarstore.com\/ru\/product\/malika-beauty-cream-serum\/\" class=\"more-link\">Continue reading <span class=\"screen-reader-text\">Malika Whitening Serum &#038; Beauty Cream \u2013 Parlaq v\u0259 G\u00f6z\u0259l D\u0259ri \u00dc\u00e7\u00fcn<\/span><\/a><\/p>","protected":false},"author":1,"featured_media":0,"parent":0,"menu_order":0,"comment_status":"closed","ping_status":"closed","template":"","meta":{"footnotes":""},"class_list":["post-572","page","type-page","status-publish","hentry"],"_links":{"self":[{"href":"https:\/\/axtarstore.com\/ru\/wp-json\/wp\/v2\/pages\/572"}],"collection":[{"href":"https:\/\/axtarstore.com\/ru\/wp-json\/wp\/v2\/pages"}],"about":[{"href":"https:\/\/axtarstore.com\/ru\/wp-json\/wp\/v2\/types\/page"}],"author":[{"embeddable":true,"href":"https:\/\/axtarstore.com\/ru\/wp-json\/wp\/v2\/users\/1"}],"replies":[{"embeddable":true,"href":"https:\/\/axtarstore.com\/ru\/wp-json\/wp\/v2\/comments?post=572"}],"version-history":[{"count":0,"href":"https:\/\/axtarstore.com\/ru\/wp-json\/wp\/v2\/pages\/572\/revisions"}],"wp:attachment":[{"href":"https:\/\/axtarstore.com\/ru\/wp-json\/wp\/v2\/media?parent=572"}],"curies":[{"name":"wp","href":"https:\/\/api.w.org\/{rel}","templated":true}]}}