{"id":25,"date":"2021-10-19T03:51:01","date_gmt":"2021-10-19T03:51:01","guid":{"rendered":"https:\/\/hara.thembaydev.com\/?page_id=25"},"modified":"2024-08-11T14:09:57","modified_gmt":"2024-08-11T10:09:57","slug":"contact-us","status":"publish","type":"page","link":"https:\/\/axtarstore.com\/ru\/contact-us\/","title":{"rendered":""},"content":{"rendered":"<div data-elementor-type=\"wp-page\" data-elementor-id=\"25\" class=\"elementor elementor-25\">\n\t\t\t\t\t\t<section class=\"elementor-section elementor-top-section elementor-element elementor-element-46257dda elementor-section-stretched elementor-section-boxed elementor-section-height-default elementor-section-height-default\" data-id=\"46257dda\" data-element_type=\"section\" data-settings=\"{&quot;stretch_section&quot;:&quot;section-stretched&quot;}\">\n\t\t\t\t\t\t<div class=\"elementor-container elementor-column-gap-default\">\n\t\t\t\t\t<div class=\"elementor-column elementor-col-33 elementor-top-column elementor-element elementor-element-4059fe95\" data-id=\"4059fe95\" data-element_type=\"column\">\n\t\t\t<div class=\"elementor-widget-wrap\">\n\t\t\t\t\t\t\t<\/div>\n\t\t<\/div>\n\t\t\t\t<div class=\"elementor-column elementor-col-33 elementor-top-column elementor-element elementor-element-8c123db\" data-id=\"8c123db\" data-element_type=\"column\">\n\t\t\t<div class=\"elementor-widget-wrap elementor-element-populated\">\n\t\t\t\t\t\t<div class=\"elementor-element elementor-element-57685801 elementor-widget elementor-widget-tbay-heading\" data-id=\"57685801\" data-element_type=\"widget\" data-widget_type=\"tbay-heading.default\">\n\t\t\t\t<div class=\"elementor-widget-container\">\n\t\t\t\t\t\r\n<div class=\"tbay-element tbay-element-heading\">\r\n\t\t\t\t<h3 class=\"heading-tbay-title style-1\">\r\n                \r\n                 \r\n\r\n\t\t\t\t\t\t\t\t\t<span class=\"title\">Biziml\u0259 \u0259laq\u0259 saxlay\u0131n<\/span>\r\n\t\t\t\t\t    \t\r\n\r\n                \t\t\t\t\t<span class=\"description\">G\u00f6z\u0259llik v\u0259 sa\u011flaml\u0131q - b\u0259li bu iki m\u00f6vzu bizim \u00fc\u00e7\u00fcn i\u015fimizin \u0259n vacib hiss\u0259sidir. Siz d\u0259 bu hiss\u0259nin bir par\u00e7as\u0131 olmaq ist\u0259yirsizs\u0259 \u0259laq\u0259 saxlay\u0131n.<\/span>  \r\n\t\t\t\t\r\n                <i aria-hidden=\"true\" class=\"tb-icon tb-icon-wave\"><\/i>\r\n\t\t\t<\/h3>\r\n        <\/div>\t\t\t\t<\/div>\n\t\t\t\t<\/div>\n\t\t\t\t\t<\/div>\n\t\t<\/div>\n\t\t\t\t<div class=\"elementor-column elementor-col-33 elementor-top-column elementor-element elementor-element-7a0a37c2\" data-id=\"7a0a37c2\" data-element_type=\"column\">\n\t\t\t<div class=\"elementor-widget-wrap\">\n\t\t\t\t\t\t\t<\/div>\n\t\t<\/div>\n\t\t\t\t\t<\/div>\n\t\t<\/section>\n\t\t\t\t<section class=\"elementor-section elementor-top-section elementor-element elementor-element-176667d5 elementor-section-stretched elementor-section-boxed elementor-section-height-default elementor-section-height-default\" data-id=\"176667d5\" data-element_type=\"section\" data-settings=\"{&quot;stretch_section&quot;:&quot;section-stretched&quot;}\">\n\t\t\t\t\t\t<div class=\"elementor-container elementor-column-gap-default\">\n\t\t\t\t\t<div class=\"elementor-column elementor-col-33 elementor-top-column elementor-element elementor-element-394437c3\" data-id=\"394437c3\" data-element_type=\"column\">\n\t\t\t<div class=\"elementor-widget-wrap elementor-element-populated\">\n\t\t\t\t\t\t<div class=\"elementor-element elementor-element-b262cf9 elementor-view-stacked elementor-shape-circle elementor-widget elementor-widget-icon\" data-id=\"b262cf9\" data-element_type=\"widget\" data-widget_type=\"icon.default\">\n\t\t\t\t<div class=\"elementor-widget-container\">\n\t\t\t\t\t\t\t<div class=\"elementor-icon-wrapper\">\n\t\t\t<div class=\"elementor-icon\">\n\t\t\t<i aria-hidden=\"true\" class=\"tb-icon tb-icon-zu-location\"><\/i>\t\t\t<\/div>\n\t\t<\/div>\n\t\t\t\t\t\t<\/div>\n\t\t\t\t<\/div>\n\t\t\t\t<div class=\"elementor-element elementor-element-1235f8e5 elementor-widget elementor-widget-tbay-heading\" data-id=\"1235f8e5\" data-element_type=\"widget\" data-widget_type=\"tbay-heading.default\">\n\t\t\t\t<div class=\"elementor-widget-container\">\n\t\t\t\t\t\r\n<div class=\"tbay-element tbay-element-heading\">\r\n\t\t\t\t<h3 class=\"heading-tbay-title style-1\">\r\n                \r\n                 \r\n\r\n\t\t\t\t\t\t\t\t\t<span class=\"title\">\u00dcnvan :<\/span>\r\n\t\t\t\t\t    \t\r\n\r\n                \t\t\t\t\t<span class=\"description\">Bak\u0131 \u015f\u0259h\u0259ri, Az\u0259rbaycan<\/span>  \r\n\t\t\t\t\r\n                <i aria-hidden=\"true\" class=\"tb-icon tb-icon-check-circle\"><\/i>\r\n\t\t\t<\/h3>\r\n        <\/div>\t\t\t\t<\/div>\n\t\t\t\t<\/div>\n\t\t\t\t\t<\/div>\n\t\t<\/div>\n\t\t\t\t<div class=\"elementor-column elementor-col-33 elementor-top-column elementor-element elementor-element-3b821a78\" data-id=\"3b821a78\" data-element_type=\"column\">\n\t\t\t<div class=\"elementor-widget-wrap elementor-element-populated\">\n\t\t\t\t\t\t<div class=\"elementor-element elementor-element-0d45dff elementor-view-stacked elementor-shape-circle elementor-widget elementor-widget-icon\" data-id=\"0d45dff\" data-element_type=\"widget\" data-widget_type=\"icon.default\">\n\t\t\t\t<div class=\"elementor-widget-container\">\n\t\t\t\t\t\t\t<div class=\"elementor-icon-wrapper\">\n\t\t\t<div class=\"elementor-icon\">\n\t\t\t<i aria-hidden=\"true\" class=\"tb-icon tb-icon-zu-call\"><\/i>\t\t\t<\/div>\n\t\t<\/div>\n\t\t\t\t\t\t<\/div>\n\t\t\t\t<\/div>\n\t\t\t\t<div class=\"elementor-element elementor-element-798a7b18 elementor-widget elementor-widget-tbay-heading\" data-id=\"798a7b18\" data-element_type=\"widget\" data-widget_type=\"tbay-heading.default\">\n\t\t\t\t<div class=\"elementor-widget-container\">\n\t\t\t\t\t\r\n<div class=\"tbay-element tbay-element-heading\">\r\n\t\t\t\t<h3 class=\"heading-tbay-title style-1\">\r\n                \r\n                 \r\n\r\n\t\t\t\t\t\t\t\t\t<span class=\"title\">\u018flaq\u0259 :<\/span>\r\n\t\t\t\t\t    \t\r\n\r\n                \r\n                <i aria-hidden=\"true\" class=\"tb-icon tb-icon-check-circle\"><\/i>\r\n\t\t\t<\/h3>\r\n        <\/div>\t\t\t\t<\/div>\n\t\t\t\t<\/div>\n\t\t\t\t<div class=\"elementor-element elementor-element-7e7b695f elementor-widget elementor-widget-text-editor\" data-id=\"7e7b695f\" data-element_type=\"widget\" data-widget_type=\"text-editor.default\">\n\t\t\t\t<div class=\"elementor-widget-container\">\n\t\t\t\t\t\t\t\t\t<p>Tel: +994(70) 741-42-46<\/p>\t\t\t\t\t\t\t\t<\/div>\n\t\t\t\t<\/div>\n\t\t\t\t<div class=\"elementor-element elementor-element-51a66135 elementor-widget elementor-widget-text-editor\" data-id=\"51a66135\" data-element_type=\"widget\" data-widget_type=\"text-editor.default\">\n\t\t\t\t<div class=\"elementor-widget-container\">\n\t\t\t\t\t\t\t\t\t<p>E-mail: <span style=\"color: #555555;\"><a style=\"color: #555555;\" href=\"mailto:info@harashop.com\">info@axtarstore.com<\/a><\/span><\/p>\t\t\t\t\t\t\t\t<\/div>\n\t\t\t\t<\/div>\n\t\t\t\t\t<\/div>\n\t\t<\/div>\n\t\t\t\t<div class=\"elementor-column elementor-col-33 elementor-top-column elementor-element elementor-element-1eb3e4f4\" data-id=\"1eb3e4f4\" data-element_type=\"column\">\n\t\t\t<div class=\"elementor-widget-wrap elementor-element-populated\">\n\t\t\t\t\t\t<div class=\"elementor-element elementor-element-1621c6b elementor-view-stacked elementor-shape-circle elementor-widget elementor-widget-icon\" data-id=\"1621c6b\" data-element_type=\"widget\" data-widget_type=\"icon.default\">\n\t\t\t\t<div class=\"elementor-widget-container\">\n\t\t\t\t\t\t\t<div class=\"elementor-icon-wrapper\">\n\t\t\t<div class=\"elementor-icon\">\n\t\t\t<i aria-hidden=\"true\" class=\"zmdi zmdi-time\"><\/i>\t\t\t<\/div>\n\t\t<\/div>\n\t\t\t\t\t\t<\/div>\n\t\t\t\t<\/div>\n\t\t\t\t<div class=\"elementor-element elementor-element-755112fd elementor-widget elementor-widget-tbay-heading\" data-id=\"755112fd\" data-element_type=\"widget\" data-widget_type=\"tbay-heading.default\">\n\t\t\t\t<div class=\"elementor-widget-container\">\n\t\t\t\t\t\r\n<div class=\"tbay-element tbay-element-heading\">\r\n\t\t\t\t<h3 class=\"heading-tbay-title style-1\">\r\n                \r\n                 \r\n\r\n\t\t\t\t\t\t\t\t\t<span class=\"title\">\u0130\u015f Saat\u0131 :<\/span>\r\n\t\t\t\t\t    \t\r\n\r\n                \r\n                <i aria-hidden=\"true\" class=\"tb-icon tb-icon-check-circle\"><\/i>\r\n\t\t\t<\/h3>\r\n        <\/div>\t\t\t\t<\/div>\n\t\t\t\t<\/div>\n\t\t\t\t<div class=\"elementor-element elementor-element-713f8b4e elementor-widget elementor-widget-text-editor\" data-id=\"713f8b4e\" data-element_type=\"widget\" data-widget_type=\"text-editor.default\">\n\t\t\t\t<div class=\"elementor-widget-container\">\n\t\t\t\t\t\t\t\t\t<p>Saat : 09:00 &#8211; 23:00<\/p>\t\t\t\t\t\t\t\t<\/div>\n\t\t\t\t<\/div>\n\t\t\t\t\t<\/div>\n\t\t<\/div>\n\t\t\t\t\t<\/div>\n\t\t<\/section>\n\t\t\t\t<section class=\"elementor-section elementor-top-section elementor-element elementor-element-2392a887 elementor-section-stretched elementor-section-boxed elementor-section-height-default elementor-section-height-default\" data-id=\"2392a887\" data-element_type=\"section\" data-settings=\"{&quot;stretch_section&quot;:&quot;section-stretched&quot;}\">\n\t\t\t\t\t\t<div class=\"elementor-container elementor-column-gap-default\">\n\t\t\t\t\t<div class=\"elementor-column elementor-col-100 elementor-top-column elementor-element elementor-element-4425adf7\" data-id=\"4425adf7\" data-element_type=\"column\">\n\t\t\t<div class=\"elementor-widget-wrap elementor-element-populated\">\n\t\t\t\t\t\t<div class=\"elementor-element elementor-element-5efc7d2d elementor-widget elementor-widget-google_maps\" data-id=\"5efc7d2d\" data-element_type=\"widget\" data-widget_type=\"google_maps.default\">\n\t\t\t\t<div class=\"elementor-widget-container\">\n\t\t\t\t\t\t\t<div class=\"elementor-custom-embed\">\n\t\t\t<iframe loading=\"lazy\"\n\t\t\t\t\tsrc=\"https:\/\/maps.google.com\/maps?q=Baku%2CAzerbaijan&#038;t=m&#038;z=10&#038;output=embed&#038;iwloc=near\"\n\t\t\t\t\ttitle=\"Baku,Azerbaijan\"\n\t\t\t\t\taria-label=\"Baku,Azerbaijan\"\n\t\t\t><\/iframe>\n\t\t<\/div>\n\t\t\t\t\t\t<\/div>\n\t\t\t\t<\/div>\n\t\t\t\t\t<\/div>\n\t\t<\/div>\n\t\t\t\t\t<\/div>\n\t\t<\/section>\n\t\t<div class=\"elementor-element elementor-element-24ef5a1 e-flex e-con-boxed e-con e-parent\" data-id=\"24ef5a1\" data-element_type=\"container\">\n\t\t\t\t\t<div class=\"e-con-inner\">\n\t\t\t\t\t<\/div>\n\t\t\t\t<\/div>\n\t\t\t\t<\/div>","protected":false},"excerpt":{"rendered":"<p>Biziml\u0259 \u0259laq\u0259 saxlay\u0131n G\u00f6z\u0259llik v\u0259 sa\u011flaml\u0131q &#8211; b\u0259li bu iki m\u00f6vzu bizim \u00fc\u00e7\u00fcn i\u015fimizin \u0259n vacib hiss\u0259sidir. Siz d\u0259 bu hiss\u0259nin bir par\u00e7as\u0131 olmaq ist\u0259yirsizs\u0259 \u0259laq\u0259 saxlay\u0131n. \u00dcnvan : Bak\u0131 \u015f\u0259h\u0259ri, Az\u0259rbaycan \u018flaq\u0259 : Tel: +994(70) 741-42-46 E-mail: info@axtarstore.com \u0130\u015f Saat\u0131 : Saat : 09:00 &#8211; 23:00<\/p>","protected":false},"author":1,"featured_media":0,"parent":0,"menu_order":0,"comment_status":"closed","ping_status":"closed","template":"","meta":{"footnotes":""},"class_list":["post-25","page","type-page","status-publish","hentry"],"_links":{"self":[{"href":"https:\/\/axtarstore.com\/ru\/wp-json\/wp\/v2\/pages\/25"}],"collection":[{"href":"https:\/\/axtarstore.com\/ru\/wp-json\/wp\/v2\/pages"}],"about":[{"href":"https:\/\/axtarstore.com\/ru\/wp-json\/wp\/v2\/types\/page"}],"author":[{"embeddable":true,"href":"https:\/\/axtarstore.com\/ru\/wp-json\/wp\/v2\/users\/1"}],"replies":[{"embeddable":true,"href":"https:\/\/axtarstore.com\/ru\/wp-json\/wp\/v2\/comments?post=25"}],"version-history":[{"count":35,"href":"https:\/\/axtarstore.com\/ru\/wp-json\/wp\/v2\/pages\/25\/revisions"}],"predecessor-version":[{"id":6351,"href":"https:\/\/axtarstore.com\/ru\/wp-json\/wp\/v2\/pages\/25\/revisions\/6351"}],"wp:attachment":[{"href":"https:\/\/axtarstore.com\/ru\/wp-json\/wp\/v2\/media?parent=25"}],"curies":[{"name":"wp","href":"https:\/\/api.w.org\/{rel}","templated":true}]}}